{"id":7614,"date":"2023-02-23T16:15:24","date_gmt":"2023-02-23T22:15:24","guid":{"rendered":"https:\/\/tecsecmty.com\/index.php\/producto\/bosch-v_dip73888hd-dispositivo-de-gestion-2u-8x8tb-3a-gen-hasta-256-canales-con-licencia-adicional\/"},"modified":"2023-03-22T23:21:46","modified_gmt":"2023-03-23T05:21:46","slug":"bosch-v_dip73888hd-dispositivo-de-gestion-2u-8x8tb-3a-gen-hasta-256-canales-con-licencia-adicional","status":"publish","type":"product","link":"https:\/\/tecsecmty.com\/index.php\/producto\/bosch-v_dip73888hd-dispositivo-de-gestion-2u-8x8tb-3a-gen-hasta-256-canales-con-licencia-adicional\/","title":{"rendered":"BOSCH V_DIP73888HD- Dispositivo de gesti\u00f3n 2U 8X8TB 3\u00aa gen\/ Hasta 256 canales con licencia adicional"},"content":{"rendered":"<div class=\"row aling-items-center padding-bottom-2x\">\n<div class=\"col-lg-12\">\n<h5 class=\"card-title text-center\">DIP73888HD- Dispositivo de gesti\u00f3n 2U 8X8TB 3\u00aa gen\/ Hasta 256 canales con licencia adicional<\/h5>\n<p><strong>INCLUYE 8 DISCOS DUROS DE 8 TB CADA UNO<\/strong><\/p>\n<p>La familia DIVAR\u00a0IP\u00a0all-in-one\u00a07000 es una soluci\u00f3n asequible, simple y fiable, todo en uno de grabaci\u00f3n, visualizaci\u00f3n y gesti\u00f3n para sistemas de vigilancia de red de hasta 256 canales (con 8 canales prelicenciados).<\/p>\n<p>El DIVAR\u00a0IP\u00a0all-in-one\u00a07000\u00a02U es una unidad con montaje en rack 2U que combina gesti\u00f3n avanzada y gesti\u00f3n de grabaciones de vanguardia en un \u00fanico dispositivo de grabaci\u00f3n IP Plug and Play rentable dise\u00f1ado para clientes que buscan soluciones de TI.<\/p>\n<p><img decoding=\"async\" class=\"overview-center-img-web\" src=\"https:\/\/tvc.mx\/media\/538679\/BANNER-CCTV-BOSCH-TVCENLINEA-1.png\" alt=\"\" \/><\/div>\n<\/div>\n<div class=\"row align-items-center padding-bottom-2x\">\n<div class=\"col-md-5 order-md-2\"><img decoding=\"async\" class=\"d-block m-auto img-thumbnail\" src=\"https:\/\/tvc.mx\/media\/538699\/logo-400x300-de-125-zoom-PDF.png\" alt=\" \" \/><\/div>\n<div class=\"col-md-7 order-md-1 text-md-left text-center\">\n<h2>Descripci\u00f3n general<\/h2>\n<p class=\"text-muted\">\n<ul>\n<li>Soluci\u00f3n de gesti\u00f3n de v\u00eddeo todo en uno con protecci\u00f3n RAID-5 (configuraci\u00f3n est\u00e1ndar) para un m\u00e1ximo de 256\u00a0canales<\/li>\n<li>Soluci\u00f3n de gesti\u00f3n de v\u00eddeo IP lista para usar con una capacidad de almacenamiento de 96\u00a0TB<\/li>\n<li>Acceso inmediato a lo que se est\u00e1 buscando<\/li>\n<li>Gesti\u00f3n avanzada de alarmas y usuarios<\/li>\n<li>Garant\u00eda de 3 a\u00f1os sobre hardware que incluye asistencia al siguiente d\u00eda laborable<\/li>\n<\/ul>\n<p>&nbsp;<\/p>\n<\/div>\n<\/div>\n<hr class=\"padding-bottom-2x\" \/>\n<div class=\"row aling-items-center padding-bottom-2x\">\n<div class=\"col-lg-12\">\n<h5 class=\"card-title text-center\">Descripci\u00f3n del Sistema<\/h5>\n<p>La familia DIVAR\u00a0IP\u00a0all-in-one\u00a07000 utiliza un dise\u00f1o integrado con uso eficiente de la energ\u00eda que reduce los posibles puntos de fallo y ofrece la calidad total de Bosch. El uso de discos duros de altas prestaciones en configuraci\u00f3n RAID-5 con tolerancia a fallos, interfaz de red Gigabit Ethernet de dos puertos, memoria del sistema de 16 GB y un procesador Intel Xeon Hexa Core permite al dispositivo proporcionar un rendimiento de gama alta a un precio muy razonable.<\/p>\n<p>El sistema, f\u00e1cil de instalar y usar, se puede configurar con un asistente y dispone de configuraci\u00f3n centralizada. El sistema DIVAR\u00a0IP\u00a0all-in-one\u00a07000 est\u00e1 listo para empezar a grabar desde el primer momento, solo tiene que conectarlo a la red y encenderlo. BVMS gestiona enteramente todos los sistemas de audio y v\u00eddeo digitales e IP, adem\u00e1s de todos los datos de seguridad que se transmiten a trav\u00e9s de su red IP. Combina perfectamente c\u00e1maras IP y codificadores, proporciona gesti\u00f3n de alarmas y eventos del sistema, control del estado del sistema y gesti\u00f3n de prioridad y usuario.<\/p>\n<p><img decoding=\"async\" class=\"overview-center-img-web\" src=\"https:\/\/tvc.mx\/media\/538711\/encabezado-1920x400.png\" alt=\"\" \/><\/div>\n<\/div>\n<div class=\"row aling-items-center padding-bottom-2x\">\n<div class=\"col-lg-12\">\n<h5 class=\"card-title text-center\">Funciones<\/h5>\n<p>Las unidades DIVAR\u00a0IP\u00a0all-in-one\u00a07000\u00a02U disponen de fuentes de alimentaci\u00f3n intercambiables en caliente y redundantes de alta eficiencia energ\u00e9tica, as\u00ed como de discos duros SATA-3 intercambiables en la parte delantera, que proporcionan hasta 96\u00a0TB de capacidad de almacenamiento bruta. Las unidades DIVAR\u00a0IP\u00a0all-in-one\u00a07000\u00a02U utilizan Microsoft Windows Server IoT 2019 for Storage Standard.<\/p>\n<p><strong>Acceso inmediato en tiempo real a v\u00eddeo<\/strong><\/p>\n<p>Disfrute de v\u00eddeo HD de alta calidad e incluso de v\u00eddeo UHD aunque la conexi\u00f3n tenga un ancho de banda bajo o limitado. La tecnolog\u00eda Dynamic\u00a0Transcoding garantiza que puede ver sus v\u00eddeos de inmediato, en cualquier momento y en cualquier lugar. El transcodificador integrado admite hasta 2 flujos de v\u00eddeo de resoluci\u00f3n UHD en paralelo.<\/p>\n<p><strong>Gesti\u00f3n<\/strong><\/p>\n<p>DIVAR IP Software Center proporciona una interfaz de usuario central para la configuraci\u00f3n del software, la selecci\u00f3n del modo de actualizaci\u00f3n y funcionamiento, lo que reduce los requisitos de instalaci\u00f3n y formaci\u00f3n y mantiene bajos los costes de gesti\u00f3n del sistema.<\/p>\n<p><strong>Visualizaci\u00f3n remota<\/strong><\/p>\n<p>Para la visualizaci\u00f3n remota de un solo sistema DIVAR\u00a0IP\u00a0all-in-one\u00a07000, se incluye BVMS Operator Client. Si tiene varios sistemas, agr\u00e9guelos a BVMS Enterprise Management Server. Tambi\u00e9n puede utilizar Video\u00a0Security\u00a0Client para la visualizaci\u00f3n de v\u00eddeo en una estaci\u00f3n de trabajo independiente o un dispositivo m\u00f3vil.<\/p>\n<p><strong>Gesti\u00f3n de TI<\/strong><\/p>\n<p>Microsoft Windows Server IoT 2019 for Storage Standard proporciona una interfaz de usuario sencilla e intuitiva para configurar el sistema y gestionar el dispositivo de forma unificada. Los administradores y profesionales de TI apreciar\u00e1n la capacidad de gestionar los sistemas DIVAR\u00a0IP\u00a0all-in-one\u00a07000 utilizando la aplicaci\u00f3n Microsoft Windows Admin Center integrada. La capacidad de utilizar una herramienta central para configurar y gestionar operaciones reduce los requisitos de instalaci\u00f3n y formaci\u00f3n, y ayuda a mantener unos costes bajos para la gesti\u00f3n del sistema.<\/p>\n<p>Adem\u00e1s, el sistema DIVAR\u00a0IP\u00a0all-in-one\u00a07000 ofrece opciones avanzadas de gesti\u00f3n y control a trav\u00e9s de Intelligent Platform Management Interface (IPMI).<\/p>\n<p><strong>Control<\/strong><\/p>\n<p>La familia DIVAR\u00a0IP\u00a0all-in-one\u00a07000 proporciona compatibilidad con SNMP, escritorio remoto y control HTTP para el hardware del sistema y para las aplicaciones de gesti\u00f3n de v\u00eddeo.<\/p>\n<p>La mayor fiabilidad del hardware de alta disponibilidad, el dise\u00f1o integrado y el control y la gesti\u00f3n de todo el sistema garantizan el m\u00e1ximo tiempo de funcionamiento.<\/p>\n<p><img decoding=\"async\" class=\"overview-center-img-web\" src=\"https:\/\/tvc.mx\/media\/538723\/encabezado-1920x400.png\" alt=\"\" \/><\/div>\n<\/div>\n<div class=\"row align-items-center padding-bottom-2x\">\n<div class=\"col-md-5 order-md-2\"><img decoding=\"async\" class=\"d-block m-auto img-thumbnail\" src=\"https:\/\/tvc.mx\/media\/538731\/regulatory-information-400x300-de-110-zoom-PDF.png\" alt=\" \" \/><\/div>\n<div class=\"col-md-7 order-md-1 text-md-left text-center\">\n<h2>Regulatory information<\/h2>\n<p class=\"text-muted\">\n<p>Regulatory information<\/p>\n<p>&nbsp;<\/p>\n<\/div>\n<\/div>\n<hr class=\"padding-bottom-2x\" \/>\n<div class=\"row aling-items-center padding-bottom-2x\">\n<div class=\"col-lg-12\">\n<h5 class=\"card-title text-center\">Notas de configuraci\u00f3n\/instalaci\u00f3n<\/h5>\n<p><strong>Aviso<\/strong><\/p>\n<p><strong>Condiciones ambientales<\/strong><\/p>\n<p>Instale el sistema en una zona limpia, sin polvo, seca y protegida de las condiciones meteorol\u00f3gicas que est\u00e9 bien ventilada. Evite las zonas donde se genere calor, ruido el\u00e9ctrico y campos electromagn\u00e9ticos.La garant\u00eda est\u00e1ndar que acompa\u00f1a al sistema se anular\u00e1 si se observa que el sistema se ha expuesto a condiciones que contradicen las condiciones ambientales mencionadas aqu\u00ed.<\/p>\n<p><strong>Estado del sistema<\/strong><\/p>\n<p>Las unidades DIVAR\u00a0IP\u00a0all-in-one\u00a07000 se entregan completamente cargadas y plenamente funcionales con sistema operativo de Microsoft y DIVAR IP Software Center.<\/p>\n<p><strong>Discos duros de otros fabricantes<\/strong><\/p>\n<p>Las unidades DIVAR\u00a0IP\u00a0all-in-one\u00a07000 sin discos duros preinstalados:<\/p>\n<p>La configuraci\u00f3n RAID de unidades de disco duro de datos de terceros se debe realizar manualmente mediante la utilidad de gesti\u00f3n RAID preinstalada. Es necesario realizar esta configuraci\u00f3n RAID manual para que el sistema DIVAR\u00a0IP\u00a0all-in-one\u00a07000 est\u00e9 totalmente operativo.<\/p>\n<p><img decoding=\"async\" class=\"overview-center-img-web\" src=\"https:\/\/tvc.mx\/media\/538735\/encabezado-1920x400.png\" alt=\"\" \/><\/div>\n<\/div>\n<div class=\"row align-items-center padding-bottom-2x\">\n<div class=\"col-md-5 order-md-2\"><img decoding=\"async\" class=\"d-block m-auto img-thumbnail\" src=\"https:\/\/tvc.mx\/media\/538743\/raid-5-400x300-en-zoom-110-de-PDF.png\" alt=\" \" \/><\/div>\n<div class=\"col-md-7 order-md-1 text-md-left text-center\">\n<h2>Configuraci\u00f3n de RAID<\/h2>\n<p class=\"text-muted\">\n<p>Las unidades DIVAR\u00a0IP\u00a0all-in-one\u00a07000\u00a02U se suministran preconfiguradas con una configuraci\u00f3n est\u00e1ndar RAID-5 con LUN iSCSI (solo en sistemas con todos sus discos) y ofrecen las siguientes especificaciones:<\/p>\n<p>Estos valores hacen referencia al motor de grabaci\u00f3n BVMS; la capacidad neta para una configuraci\u00f3n RAID-5 sin disco duro de reserva; 256 c\u00e1maras IP conectadas indican el n\u00famero de c\u00e1maras de grabaci\u00f3n simult\u00e1neas m\u00e1s 8 sesiones para reproducci\u00f3n.<\/p>\n<p>&nbsp;<\/p>\n<\/div>\n<\/div>\n<hr class=\"padding-bottom-2x\" \/>\n<div class=\"row align-items-center padding-bottom-2x\">\n<div class=\"col-md-5 order-md-2\"><img decoding=\"async\" class=\"d-block m-auto img-thumbnail\" src=\"https:\/\/tvc.mx\/media\/538755\/raid-5-y-reserva-400x300-de-zoom-110-del-PDF.png\" alt=\" \" \/><\/div>\n<div class=\"col-md-7 order-md-1 text-md-left text-center\">\n<h2>Configuraciones RAID opcionales<\/h2>\n<p class=\"text-muted\">\n<p>Las configuraciones de RAID opcionales admitidas son RAID\u20115 con un disco duro de reserva o RAID\u20116 sin disco duro de reserva. Las configuraciones de RAID opcionales no vienen preconfiguradas, aunque se deben configurar manualmente mediante la utilidad de configuraci\u00f3n de RAID preinstalada.<\/p>\n<p>&nbsp;<\/p>\n<\/div>\n<\/div>\n<hr class=\"padding-bottom-2x\" \/>\n<div class=\"row align-items-center padding-bottom-2x\">\n<div class=\"col-md-5 order-md-2\"><img decoding=\"async\" class=\"d-block m-auto img-thumbnail\" src=\"https:\/\/tvc.mx\/media\/538759\/raid-6-400x300-con-zoom-110-de-PDF.png\" alt=\" \" \/><\/div>\n<div class=\"col-md-7 order-md-1 text-md-left text-center\">\n<h2>Configuraci\u00f3n RAID-6<\/h2>\n<p class=\"text-muted\">\n<p>Configuraci\u00f3n RAID-6<\/p>\n<p>&nbsp;<\/p>\n<\/div>\n<\/div>\n<hr class=\"padding-bottom-2x\" \/>\n<div class=\"row aling-items-center padding-bottom-2x\">\n<div class=\"col-lg-12\">\n<h5 class=\"card-title text-center\">Modos de funcionamiento<\/h5>\n<p>Las unidades DIVAR\u00a0IP\u00a0all-in-one\u00a07000 pueden funcionar en tres modos diferentes:<\/p>\n<p>\u2022 Sistema de gesti\u00f3n y grabaci\u00f3n de v\u00eddeo completo que utiliza los componentes y servicios clave de BVMS y Video\u00a0Recording\u00a0Manager. Este modo permite utilizar funciones avanzadas de gesti\u00f3n de v\u00eddeo, como la gesti\u00f3n de alarmas y eventos. Incluye licencia b\u00e1sica con 8 canales de c\u00e1mara. Se puede ampliar el sistema hasta 32 canales con una licencia MBV-BPLU-DIP y hasta 256 canales con licencias de 1 canal adicionales. Los flujos de v\u00eddeo grabados deben configurarse de forma que no se supere el ancho de banda m\u00e1ximo del sistema (sistema b\u00e1sico BVMS\/ Video\u00a0Recording\u00a0Manager m\u00e1s las ampliaciones de almacenamiento iSCSI).<\/p>\n<p>\u2022 Sistema de grabaci\u00f3n de v\u00eddeo simple que utiliza los componentes y servicios clave de Video\u00a0Recording\u00a0Manager. En este modo, 64 canales de grabaci\u00f3n de c\u00e1mara del Video\u00a0Recording\u00a0Manager ya disponen de licencias previas. Puede ampliar el sistema hasta 256 canales. Las secuencias de v\u00eddeo grabadas deben configurarse de forma que no se supere el ancho de banda m\u00e1ximo del sistema (sistema b\u00e1sico BVMS\/ Video\u00a0Recording\u00a0Manager m\u00e1s las expansiones de almacenamiento iSCSI).<\/p>\n<p>\u2022 Ampliaci\u00f3n de almacenamiento iSCSI para un sistema BVMS o Video\u00a0Recording\u00a0Manager que se ejecuta en un hardware diferente. Se pueden a\u00f1adir hasta cuatro de estas ampliaciones de almacenamiento iSCSI a un sistema BVMS o Video\u00a0Recording\u00a0Manager que se ejecuta en una unidad DIVAR\u00a0IP\u00a0all-in-one\u00a07000.<\/p>\n<p><img decoding=\"async\" class=\"overview-center-img-web\" src=\"https:\/\/tvc.mx\/media\/538763\/encabezado-1920x400.png\" alt=\"\" \/><\/div>\n<\/div>\n<div class=\"row align-items-center padding-bottom-2x\">\n<div class=\"col-md-5 order-md-2\"><img decoding=\"async\" class=\"d-block m-auto img-thumbnail\" src=\"https:\/\/tvc.mx\/media\/538771\/licencias-400x300-con-zoom-110-de-PDF-y-juntas-2-tablas.png\" alt=\" \" \/><\/div>\n<div class=\"col-md-7 order-md-1 text-md-left text-center\">\n<h2>Limitaciones de la licencia<\/h2>\n<p class=\"text-muted\">\n<p>En las licencias de BVMS aplicadas en unidades DIVAR\u00a0IP\u00a0all-in-one\u00a07000, tenga en cuenta el l\u00edmite m\u00e1ximo de cada una:<\/p>\n<p>&nbsp;<\/p>\n<\/div>\n<\/div>\n<hr class=\"padding-bottom-2x\" \/>\n<div class=\"row aling-items-center padding-bottom-2x\">\n<div class=\"col-lg-12\">\n<h5 class=\"card-title text-center\">Especificaciones t\u00e9cnicas<\/h5>\n<p>Especificaciones t\u00e9cnicas<\/p>\n<p><img decoding=\"async\" class=\"overview-center-img-web\" src=\"https:\/\/tvc.mx\/media\/538775\/especificaciones-t%C3%A9cnicas-1de2-1920x400-con-110-zoom-de-PDF-rojo.png\" alt=\"\" \/><\/div>\n<\/div>\n<div class=\"row aling-items-center padding-bottom-2x\">\n<div class=\"col-lg-12\">\n<h5 class=\"card-title text-center\">Especificaciones t\u00e9cnicas (continuaci\u00f3n)<\/h5>\n<p>Especificaciones t\u00e9cnicas (continuaci\u00f3n)<\/p>\n<p><img decoding=\"async\" class=\"overview-center-img-web\" src=\"https:\/\/tvc.mx\/media\/538779\/especificaciones-t%C3%A9cnicas-2de2-1920x400-con-110-zoom-de-PDF.png\" alt=\"\" \/><\/div>\n<\/div>\n","protected":false},"excerpt":{"rendered":"<p>DIP73888HD- Dispositivo de gesti\u00f3n 2U 8X8TB 3\u00aa gen\/ Hasta 256 canales con licencia adicional INCLUYE 8 DISCOS DUROS DE 8 TB CADA UNO La familia DIVAR\u00a0IP\u00a0all-in-one\u00a07000 es una soluci\u00f3n asequible, simple y fiable, todo en uno de grabaci\u00f3n, visualizaci\u00f3n y gesti\u00f3n para sistemas de vigilancia&hellip;<\/p>\n","protected":false},"featured_media":7613,"comment_status":"open","ping_status":"closed","template":"","meta":{"om_disable_all_campaigns":false,"_monsterinsights_skip_tracking":false,"_monsterinsights_sitenote_active":false,"_monsterinsights_sitenote_note":"","_monsterinsights_sitenote_category":0},"product_brand":[],"product_cat":[691],"product_tag":[613,611,612,616,615,610,614,617],"class_list":{"0":"post-7614","1":"product","2":"type-product","3":"status-publish","4":"has-post-thumbnail","6":"product_cat-nvrs-mayores-a-32-canales-nvrs-bosch-video-vigilancia","7":"product_tag-bosch","8":"product_tag-manhattan","9":"product_tag-saxxon","10":"product_tag-surveon","11":"product_tag-utepo","12":"product_tag-videovigilancia","13":"product_tag-vivotek","14":"product_tag-zteco","16":"first","17":"instock","18":"sale","19":"taxable","20":"shipping-taxable","21":"purchasable","22":"product-type-simple"},"aioseo_notices":[],"_links":{"self":[{"href":"https:\/\/tecsecmty.com\/index.php\/wp-json\/wp\/v2\/product\/7614","targetHints":{"allow":["GET"]}}],"collection":[{"href":"https:\/\/tecsecmty.com\/index.php\/wp-json\/wp\/v2\/product"}],"about":[{"href":"https:\/\/tecsecmty.com\/index.php\/wp-json\/wp\/v2\/types\/product"}],"replies":[{"embeddable":true,"href":"https:\/\/tecsecmty.com\/index.php\/wp-json\/wp\/v2\/comments?post=7614"}],"version-history":[{"count":0,"href":"https:\/\/tecsecmty.com\/index.php\/wp-json\/wp\/v2\/product\/7614\/revisions"}],"wp:featuredmedia":[{"embeddable":true,"href":"https:\/\/tecsecmty.com\/index.php\/wp-json\/wp\/v2\/media\/7613"}],"wp:attachment":[{"href":"https:\/\/tecsecmty.com\/index.php\/wp-json\/wp\/v2\/media?parent=7614"}],"wp:term":[{"taxonomy":"product_brand","embeddable":true,"href":"https:\/\/tecsecmty.com\/index.php\/wp-json\/wp\/v2\/product_brand?post=7614"},{"taxonomy":"product_cat","embeddable":true,"href":"https:\/\/tecsecmty.com\/index.php\/wp-json\/wp\/v2\/product_cat?post=7614"},{"taxonomy":"product_tag","embeddable":true,"href":"https:\/\/tecsecmty.com\/index.php\/wp-json\/wp\/v2\/product_tag?post=7614"}],"curies":[{"name":"wp","href":"https:\/\/api.w.org\/{rel}","templated":true}]}}