{"id":7620,"date":"2023-02-23T16:15:29","date_gmt":"2023-02-23T22:15:29","guid":{"rendered":"https:\/\/tecsecmty.com\/index.php\/producto\/vivotek-nr9782-v2-nvr-128-canales-16-bahias-sata-hasta-160-tb-salida-hdmi-dp-dvi-h265-onvif-dual-lan-energia-redundante-ndaa\/"},"modified":"2023-03-22T23:24:47","modified_gmt":"2023-03-23T05:24:47","slug":"vivotek-nr9782-v2-nvr-128-canales-16-bahias-sata-hasta-160-tb-salida-hdmi-dp-dvi-h265-onvif-dual-lan-energia-redundante-ndaa","status":"publish","type":"product","link":"https:\/\/tecsecmty.com\/index.php\/producto\/vivotek-nr9782-v2-nvr-128-canales-16-bahias-sata-hasta-160-tb-salida-hdmi-dp-dvi-h265-onvif-dual-lan-energia-redundante-ndaa\/","title":{"rendered":"VIVOTEK NR9782-v2 &#8211; NVR 128 Canales \/ 16 Bahias SATA \/ Hasta 160 TB \/ Salida HDMI DP DVI \/ H265 \/ ONVIF \/ Dual LAN \/ Energia redundante\/ NDAA"},"content":{"rendered":"<div class=\"row aling-items-center padding-bottom-2x\">\n<div class=\"col-lg-12\">\n<h5 class=\"card-title text-center\">Conozca m\u00e1s de este producto<\/h5>\n<p class=\"ql-align-justify\">El modelo NR9782-v2 de VIVOTEK es un NVR de alto rendimiento con todas las funciones de videovigilancia.\u00a0Esta equipado con un dise\u00f1o en rack 3U de 16 bahias y de 128 canales, compatible con sistemas RAID, y c\u00f3dec de compresi\u00f3n de video H.265, la capacidad total de almacenamiento del NVR tambi\u00e9n le confiere escalabilidad y flexibilidad al NR9782, lo que lo hace perfecto para aplicaciones industriales o de transporte a gran escala. As\u00ed como espacios p\u00fablicos como los campus.<\/p>\n<p class=\"ql-align-justify\">La configuraci\u00f3n de RAID 0\/1\/5\/6\/10 proporciona una mayor seguridad de los datos en el raro caso de que falle un disco duro.\u00a0Adem\u00e1s, el NR9782 cuenta con un sistema DOM que ha dado como resultado una confiabilidad y estabilidad m\u00e1s all\u00e1 del alcance de otros NVR.<\/p>\n<p class=\"ql-align-justify\">Adem\u00e1s, el NR9782-v2 es compatible con el estandar ONVIF y una configuraci\u00f3n escalable, con VAST 2 CMS permite a los usuarios configurar y administrar sistemas avanzados de vigilancia IP con facilidad.\u00a0El NR9782 tambi\u00e9n admite el acceso remoto y m\u00f3vil a trav\u00e9s de la aplicaci\u00f3n iViewer, tanto para dispositivos moviles iOS como para Android.\u00a0El NR9782-V2 representa un gran avance en el campo de la videovigilancia, brindando a los usuarios un NVR compatible con otras marcas, inteligente y sin problemas para satisfacer las demandas del mercado.<\/p>\n<p class=\"ql-align-justify\"><strong>Caracteristicas principales:<\/strong><\/p>\n<ul>\n<li>Tecnolog\u00eda de compresi\u00f3n H.265\/H.264<\/li>\n<li>Grabaci\u00f3n de 128 Canales, Visualizaci\u00f3n de 64<\/li>\n<li>Admite HDMI, puerto de visualizaci\u00f3n y salida DVI simult\u00e1nea<\/li>\n<li>Bandeja de 16 HDD intercambiables en caliente<\/li>\n<li>Soporte de almacenamiento RAID 0\/1\/5\/6\/10<\/li>\n<li>alimentaci\u00f3n redundante<\/li>\n<li>Dos puertos de red LAN de giga<\/li>\n<li>Soporta M\u00faltiples Dewarp de Ojo de Pez<\/li>\n<li>VIVOTEK VAST 2 CMS Interior<\/li>\n<li>B\u00fasqueda inteligente II<\/li>\n<li>Smart VCA\/B\u00fasqueda de eventos con Smart 360 VCA<\/li>\n<li>Solucion de gestion de ciberseguridad<\/li>\n<li class=\"ql-align-justify\">Soporte integral de la soluci\u00f3n VIVOTEK<\/li>\n<\/ul>\n<p><img decoding=\"async\" class=\"overview-center-img-web\" src=\"https:\/\/tvc.mx\/media\/385679\/VIVOTEK-NR9782-v2-Grabador-NVR-128-Canales-16-bahias-de-disco-2-puertos-GE-RJ45-VAST-2-integrado-Smart-Search-II-Gesti%C3%B3n-de-Ciberseguridad-Salida-HDMI-Grabaci%C3%B3n-de-512Mbps-banner.png\" alt=\"\" \/><\/div>\n<\/div>\n<div class=\"row align-items-center padding-bottom-2x\">\n<div class=\"col-md-5 order-md-2\"><img decoding=\"async\" class=\"d-block m-auto img-thumbnail\" src=\"https:\/\/tvc.mx\/media\/385779\/vivotek-grabador-de-video-en-red-basado-en-windows-128-canales-nr9782-v2-interfaz-de-usuario-intuitiva.png\" alt=\" \" \/><\/div>\n<div class=\"col-md-7 order-md-1 text-md-left text-center\">\n<h2>Interfaz de usuario intuitiva<\/h2>\n<p class=\"text-muted\">\n<p>Ajuste de disposici\u00f3n de visualizaci\u00f3n personalizada y control ROI de ojo de pez para una mejor experiencia de administraci\u00f3n de la seguridad.<\/p>\n<p>&nbsp;<\/p>\n<\/div>\n<\/div>\n<hr class=\"padding-bottom-2x\" \/>\n<div class=\"row align-items-center padding-bottom-2x\">\n<div class=\"col-md-5\"><img decoding=\"async\" class=\"d-block m-auto img-thumbnail\" src=\"https:\/\/tvc.mx\/media\/385783\/vivotek-grabador-de-video-en-red-basado-en-windows-128-canales-nr9782-v2-data-magnet-.png\" alt=\" \" \/><\/div>\n<div class=\"col-md-7 text-md-left text-center\">\n<h2>Im\u00e1n de datos<\/h2>\n<p class=\"text-muted\">\n<p class=\"ql-align-justify\">Data Magnet ofrece la capacidad de integrar datos de terceros en VAST 2, lo que permite un acceso r\u00e1pido a los datos junto con el video.\u00a0Esto permite la visualizaci\u00f3n simult\u00e1nea con el monitoreo de eventos en vivo.\u00a0Todos los eventos quedan almacenados para b\u00fasquedas posteriores.<\/p>\n<p>&nbsp;<\/p>\n<\/div>\n<\/div>\n<hr class=\"padding-bottom-2x\" \/>\n<div class=\"row align-items-center padding-bottom-2x\">\n<div class=\"col-md-5\"><img decoding=\"async\" class=\"d-block m-auto img-thumbnail\" src=\"https:\/\/tvc.mx\/media\/385787\/vivotek-grabador-de-video-en-red-basado-en-windows-128-canales-nr9782-visualizaci%C3%B3n-con-emapa-2.-png.PNG\" alt=\" \" \/><\/div>\n<div class=\"col-md-7 text-md-left text-center\">\n<h2>Visualizaci\u00f3n con eMap 2.5D<\/h2>\n<p class=\"text-muted\">\n<p>Las m\u00faltiples capas y las vistas FOV de la c\u00e1mara permiten a los usuarios identificarse instant\u00e1neamente con una c\u00e1mara seleccionada y su ubicaci\u00f3n en el mapa.<\/p>\n<p>&nbsp;<\/p>\n<\/div>\n<\/div>\n<hr class=\"padding-bottom-2x\" \/>\n<div class=\"row align-items-center padding-bottom-2x\">\n<div class=\"col-md-5 order-md-2\"><img decoding=\"async\" class=\"d-block m-auto img-thumbnail\" src=\"https:\/\/tvc.mx\/media\/385791\/vivotek-grabador-de-video-en-red-basado-en-windows-128-canales-nr9782-v2-busqueda-de-eventos-administraci%C3%B3n-de-ciberseguridad.png\" alt=\" \" \/><\/div>\n<div class=\"col-md-7 order-md-1 text-md-left text-center\">\n<h2>Solucion de gestion de ciberseguridad<\/h2>\n<p class=\"text-muted\">\n<p class=\"ql-align-justify\">Permite integrar los eventos de ataques de ciberseguridad desde las c\u00e1maras y NVRs de VIVOTEK a la administraci\u00f3n de alarmas de VAST 2. Adem\u00e1s de la activaci\u00f3n y notificaci\u00f3n de alarmas, VAST 2 se convierte en el sitio de administraci\u00f3n central para reconocer las tendencias de ataques y estados, as\u00ed como para obtener informaci\u00f3n sobre los ataques.<\/p>\n<p>&nbsp;<\/p>\n<\/div>\n<\/div>\n<hr class=\"padding-bottom-2x\" \/>\n<div class=\"row align-items-center padding-bottom-2x\">\n<div class=\"col-md-5\"><img decoding=\"async\" class=\"d-block m-auto img-thumbnail\" src=\"https:\/\/tvc.mx\/media\/385843\/vivotek-grabador-de-video-en-red-basado-en-windows-128-canales-nr9782-smart-search-II.png\" alt=\" \" \/><\/div>\n<div class=\"col-md-7 text-md-left text-center\">\n<h2>B\u00fasqueda inteligente II<\/h2>\n<p class=\"text-muted\">\n<p class=\"ql-align-justify\">Permite a los usuarios buscar o videos relacionados con personas de acuerdo con los metadatos del VCA (An\u00e1lisis de contenido de video) de los videos de la c\u00e1mara.\u00a0Permite seleccionar r\u00e1pidamente grandes cantidades de evidencias para encontrar con precisi\u00f3n lo que se necesita.<\/p>\n<p>&nbsp;<\/p>\n<\/div>\n<\/div>\n<hr class=\"padding-bottom-2x\" \/>\n<div class=\"row align-items-center padding-bottom-2x\">\n<div class=\"col-md-5 order-md-2\"><img decoding=\"async\" class=\"d-block m-auto img-thumbnail\" src=\"https:\/\/tvc.mx\/media\/385847\/vivotek-grabador-de-video-en-red-basado-en-windows-128-canales-nr9782-v2-busqueda-de-eventos-smart-search.png\" alt=\" \" \/><\/div>\n<div class=\"col-md-7 order-md-1 text-md-left text-center\">\n<h2>B\u00fasqueda de eventos con Smart VCA<\/h2>\n<p class=\"text-muted\">\n<p class=\"ql-align-justify\">Los NVR son compatibles con la administraci\u00f3n de alarmas y la b\u00fasqueda de eventos con la tecnolog\u00eda deep-learning de VIVOTEK, Smart VCA y Smart 360 VCA.\u00a0Las reglas e informaci\u00f3n de VCA, como el seguimiento de personas y la detecci\u00f3n de movimiento, se pueden mostrar tanto en video en vivo, como en reproducci\u00f3n en el monitor del NVR.\u00a0El usuario puede buscar por uno o varios tipos de eventos, reproducir eventos de alarmas y tambi\u00e9n exportar los videos de la busqueda.<\/p>\n<p>&nbsp;<\/p>\n<\/div>\n<\/div>\n<hr class=\"padding-bottom-2x\" \/>\n<div class=\"row align-items-center padding-bottom-2x\">\n<div class=\"col-md-5\"><img decoding=\"async\" class=\"d-block m-auto img-thumbnail\" src=\"https:\/\/tvc.mx\/media\/385851\/vivotek-grabador-de-video-en-red-basado-en-windows-128-canales-NR9782-v2-bloqueo-exportaci%C3%B3n-de-evidencias.png\" alt=\" \" \/><\/div>\n<div class=\"col-md-7 text-md-left text-center\">\n<h2>Bloqueo y exportacion de evidencias<\/h2>\n<p class=\"text-muted\">\n<p>Permite la ampliaci\u00f3n manual del tiempo de retenci\u00f3n para las grabaciones de v\u00eddeo y la administraci\u00f3n de un gran n\u00famero de escenarios de investigaci\u00f3n.\u00a0F\u00e1cil exportaci\u00f3n de m\u00faltiples grabaciones de video con disposiciones de visualizaci\u00f3n personalizadas en un per\u00edodo de tiempo espec\u00edfico o de forma instant\u00e1nea con un solo clic.<\/p>\n<p>&nbsp;<\/p>\n<\/div>\n<\/div>\n<hr class=\"padding-bottom-2x\" \/>\n<div class=\"row aling-items-center padding-bottom-2x\">\n<div class=\"col-lg-12\">\n<h5 class=\"card-title text-center\">Estructura del sistema<\/h5>\n<p>El NVR NR9581-V2 asi como otros m\u00e1s, puede ser gestionados de una forma central a trav\u00e9s del software central VAST 2 mediante una arquitectura cliente servidor de forma gratuita.<\/p>\n<p><img decoding=\"async\" class=\"overview-center-img-web\" src=\"https:\/\/tvc.mx\/media\/386111\/VIVOTEK-NR9581-v2-Grabador-NVR-32-Canales-8-bahias-de-disco-2-puertos-GE-RJ45-VAST-2-integrado-Smart-Search-II-Gesti%C3%B3n-de-Ciberseguridad-Salida-HDMI-Grabaci%C3%B3n-de-512Mbps-estructura.png\" alt=\"\" \/><\/div>\n<\/div>\n<div class=\"row align-items-center padding-bottom-2x\">\n<div class=\"col-md-5 order-md-2\"><img decoding=\"async\" class=\"d-block m-auto img-thumbnail\" src=\"https:\/\/tvc.mx\/media\/386119\/VIVOTEK-NR9782-v2-Grabador-NVR-128-Canales-16-bahias-de-disco-2-puertos-GE-RJ45-VAST-2-integrado-Smart-Search-II-Gesti%C3%B3n-de-Ciberseguridad-Salida-HDMI-Grabaci%C3%B3n-de-512Mbps-contenido.png\" alt=\" \" \/><\/div>\n<div class=\"col-md-7 order-md-1 text-md-left text-center\">\n<h2>Incluye<\/h2>\n<p class=\"text-muted\">\n<ul>\n<li>Par de rieles<\/li>\n<li>Mouse<\/li>\n<li>Dos cables para alimentaci\u00f3n<\/li>\n<li>Gu\u00eda r\u00e1pida de instalaci\u00f3n<\/li>\n<li>P\u00f3liza de garant\u00eda<\/li>\n<li>Orejas de montaje en rack<\/li>\n<li>Paquete de rornillos<\/li>\n<li>16 case para disco duros<\/li>\n<\/ul>\n<p>&nbsp;<\/p>\n<\/div>\n<\/div>\n<hr class=\"padding-bottom-2x\" \/>\n<div class=\"row align-items-center padding-bottom-2x\">\n<div class=\"col-md-5 order-md-2\"><img decoding=\"async\" class=\"d-block m-auto img-thumbnail\" src=\"https:\/\/tvc.mx\/media\/489142\/vivotek-grabador-de-video-en-red-128-canales-16-bahias-NR9782-v2.png\" alt=\" \" \/><\/div>\n<div class=\"col-md-7 order-md-1 text-md-left text-center\">\n<h2>Especificaciones tecnicas<\/h2>\n<p class=\"text-muted\">\n<ul>\n<li>128 canales IP<\/li>\n<li>16 bahias para HDD 3.5&#8243;<\/li>\n<li>Salida de video\u00a0HDMI: 1920 x 1080<\/li>\n<li>Triple codec de compresi\u00f3n H.265, H.264, MJPEG<\/li>\n<li>Resoluci\u00f3n de grabaci\u00f3n\u00a08192&#215;8192\u00a0pixeles por canal<\/li>\n<li>Rendimiento de visualizacion H.264: 1920&#215;1080 @ 540 fps, H.265: 1920&#215;1080 @ 270 fps<\/li>\n<li>Rendimiento de grabaci\u00f3n 512 Mbps<\/li>\n<li>Rendimiento cliente remoto 400 Mbps<\/li>\n<li>Rendimiento de monitoreo en red x2 Ethernet 10\/100\/1000Mbps Ethernet (RJ-45)<\/li>\n<li>Seguridad de datos RAID 0, 1, 5, 6, 10<\/li>\n<\/ul>\n<\/div>\n<\/div>\n","protected":false},"excerpt":{"rendered":"<p>Conozca m\u00e1s de este producto El modelo NR9782-v2 de VIVOTEK es un NVR de alto rendimiento con todas las funciones de videovigilancia.\u00a0Esta equipado con un dise\u00f1o en rack 3U de 16 bahias y de 128 canales, compatible con sistemas RAID, y c\u00f3dec de compresi\u00f3n de&hellip;<\/p>\n","protected":false},"featured_media":7619,"comment_status":"open","ping_status":"closed","template":"","meta":{"om_disable_all_campaigns":false,"_monsterinsights_skip_tracking":false,"_monsterinsights_sitenote_active":false,"_monsterinsights_sitenote_note":"","_monsterinsights_sitenote_category":0},"product_brand":[],"product_cat":[693],"product_tag":[613,611,612,616,615,610,614,617],"class_list":{"0":"post-7620","1":"product","2":"type-product","3":"status-publish","4":"has-post-thumbnail","6":"product_cat-nvrs-mayores-a-32-canales-nvrs-vivotek-video-vigilancia","7":"product_tag-bosch","8":"product_tag-manhattan","9":"product_tag-saxxon","10":"product_tag-surveon","11":"product_tag-utepo","12":"product_tag-videovigilancia","13":"product_tag-vivotek","14":"product_tag-zteco","16":"first","17":"instock","18":"sale","19":"taxable","20":"shipping-taxable","21":"purchasable","22":"product-type-simple"},"aioseo_notices":[],"_links":{"self":[{"href":"https:\/\/tecsecmty.com\/index.php\/wp-json\/wp\/v2\/product\/7620","targetHints":{"allow":["GET"]}}],"collection":[{"href":"https:\/\/tecsecmty.com\/index.php\/wp-json\/wp\/v2\/product"}],"about":[{"href":"https:\/\/tecsecmty.com\/index.php\/wp-json\/wp\/v2\/types\/product"}],"replies":[{"embeddable":true,"href":"https:\/\/tecsecmty.com\/index.php\/wp-json\/wp\/v2\/comments?post=7620"}],"version-history":[{"count":0,"href":"https:\/\/tecsecmty.com\/index.php\/wp-json\/wp\/v2\/product\/7620\/revisions"}],"wp:featuredmedia":[{"embeddable":true,"href":"https:\/\/tecsecmty.com\/index.php\/wp-json\/wp\/v2\/media\/7619"}],"wp:attachment":[{"href":"https:\/\/tecsecmty.com\/index.php\/wp-json\/wp\/v2\/media?parent=7620"}],"wp:term":[{"taxonomy":"product_brand","embeddable":true,"href":"https:\/\/tecsecmty.com\/index.php\/wp-json\/wp\/v2\/product_brand?post=7620"},{"taxonomy":"product_cat","embeddable":true,"href":"https:\/\/tecsecmty.com\/index.php\/wp-json\/wp\/v2\/product_cat?post=7620"},{"taxonomy":"product_tag","embeddable":true,"href":"https:\/\/tecsecmty.com\/index.php\/wp-json\/wp\/v2\/product_tag?post=7620"}],"curies":[{"name":"wp","href":"https:\/\/api.w.org\/{rel}","templated":true}]}}