{"id":7622,"date":"2023-02-23T16:15:32","date_gmt":"2023-02-23T22:15:32","guid":{"rendered":"https:\/\/tecsecmty.com\/index.php\/producto\/vivotek-nv9311prj45-nvr-movil-8-canales-h264-h265-1-bahia-2-5-1-uplink-rj45-gb-8-poe-af-at-wifi-gps-4g-hdmi-vga\/"},"modified":"2023-03-22T23:24:47","modified_gmt":"2023-03-23T05:24:47","slug":"vivotek-nv9311prj45-nvr-movil-8-canales-h264-h265-1-bahia-2-5-1-uplink-rj45-gb-8-poe-af-at-wifi-gps-4g-hdmi-vga","status":"publish","type":"product","link":"https:\/\/tecsecmty.com\/index.php\/producto\/vivotek-nv9311prj45-nvr-movil-8-canales-h264-h265-1-bahia-2-5-1-uplink-rj45-gb-8-poe-af-at-wifi-gps-4g-hdmi-vga\/","title":{"rendered":"VIVOTEK NV9311PRJ45 &#8211; NVR Movil 8 canales \/ H264 &amp; H265 \/ 1 Bahia 2.5 \/ 1 UPLINK RJ45 GB \/ 8 PoE AF \/ AT \/ WiFi \/ GPS \/ 4G \/ HDMI &amp; VGA"},"content":{"rendered":"<div class=\"row aling-items-center padding-bottom-2x\">\n<div class=\"col-lg-12\">\n<h5 class=\"card-title text-center\">Informaci\u00f3n general<\/h5>\n<p class=\"ql-align-justify\">El nuevo modelo NV9311P de VIVOTEK es un NVR m\u00f3vil dise\u00f1ado para vigilancia de transporte, ofrece una visualizaci\u00f3n en vivo en tiempo real de de 8 canales a 1080p con eficiencia de grabaci\u00f3n utilizando la avanzada tecnolog\u00eda de compresi\u00f3n de video H.265.\u00a0Los 8 puertos 802.3at \/ af PoE proporcionan conexiones de red y alimentaci\u00f3n a las c\u00e1maras de red.\u00a0El NVR m\u00f3vil proporcionar\u00e1 protecci\u00f3n duradera y robusta para todo tipo de movimiento de veh\u00edculos ya que cuenta con un dise\u00f1o resistente cumpliendo con las EN50155 y MIL-STD-810G.<\/p>\n<p class=\"ql-align-justify\">El modelo NV9311P integra un sensor G y un m\u00f3dulo GNSS para proporcionar informaci\u00f3n como eventos del sensor G, eventos de velocidad y adem\u00e1s ofrecer m\u00faltiples interfaces de red como LAN, WiFi y LTE para diferentes requisitos de conexi\u00f3n de red.\u00a0Al implementar el software VAST 2 de VIVOTEK, las ubicaciones de rastreo GPS se muestran instant\u00e1neamente en Google Maps.\u00a0Tambi\u00e9n se pueden mostrar de forma remota los videos en vivo , lo que permite un acceso instant\u00e1neo para un control de seguridad completo.<\/p>\n<p class=\"ql-align-justify\">Cuando se instala en veh\u00edculos, el NVR m\u00f3vil admite la activaci\u00f3n \/ desactivaci\u00f3n del retardo de alimentaci\u00f3n del sistema y la protecci\u00f3n de bajo voltaje para una mejor confiabilidad del sistema.\u00a0El NVR tambi\u00e9n cuenta con una amplia gama de entradas de alimentaci\u00f3n, un chasis de aluminio, un calentador incorporado, protecci\u00f3n contra sobretensiones y protecci\u00f3n contra golpes y vibraciones.\u00a0Con un dise\u00f1o f\u00e1cil de instalar, as\u00ed como una operaci\u00f3n simple y caracter\u00edsticas completas, el NV9311P ofrece m\u00e1s posibilidades para las aplicaciones de seguridad vehicular.<\/p>\n<p class=\"ql-align-justify\">Nota:<\/p>\n<p><img decoding=\"async\" class=\"overview-center-img-web\" src=\"https:\/\/tvc.mx\/media\/27421\/Sin-t%C3%ADtulo.jpg\" alt=\"\" \/><\/div>\n<\/div>\n<div class=\"row aling-items-center padding-bottom-2x\">\n<div class=\"col-lg-12\">\n<h5 class=\"card-title text-center\">Pantalla en vivo en tiempo real H.265 1080P<\/h5>\n<p class=\"ql-align-justify\">Con un potente SoC multin\u00facleo para proporcionar una visualizaci\u00f3n en vivo en tiempo real de 1080p (1920&#215;1080) para que los usuarios no pierdan ninguna informaci\u00f3n durante el monitoreo, los NVR tambi\u00e9n proporcionan H.265 y la tecnolog\u00eda Smart Stream de VIVOTEK para ayudar a ahorrar en gran medida la capacidad de grabaci\u00f3n que el sistema H.264 normal.<\/p>\n<p><img decoding=\"async\" class=\"overview-center-img-web\" src=\"https:\/\/tvc.mx\/media\/27423\/nv9311p-h265-1080p.jpg\" alt=\"\" \/><\/div>\n<\/div>\n<div class=\"row aling-items-center padding-bottom-2x\">\n<div class=\"col-lg-12\">\n<h5 class=\"card-title text-center\">Opciones de conexi\u00f3n WiFi y LTE<\/h5>\n<p>La transmisi\u00f3n de video y los datos de los NVR m\u00f3viles se transmitir\u00e1n al centro de control de forma remota para su monitoreo a trav\u00e9s de WiFi 802.11a \/ b \/ g \/ n \/ ac o conexi\u00f3n LTE.<\/p>\n<p><img decoding=\"async\" class=\"overview-center-img-web\" src=\"https:\/\/tvc.mx\/media\/27424\/conexi%C3%B3n-LTE.jpg\" alt=\"\" \/><\/div>\n<\/div>\n<div class=\"row aling-items-center padding-bottom-2x\">\n<div class=\"col-lg-12\">\n<h5 class=\"card-title text-center\">Sensor G incorporado<\/h5>\n<p>Sensor G incorporado para control de seguridad del variador.\u00a0Los usuarios pueden establecer el nivel de sensibilidad y el sensor G se activar\u00e1 en caso de accidente o cuando ocurran vibraciones extremas.<\/p>\n<p><strong>Nota:<\/strong>\u00a0Para enviar o recibir una notificaci\u00f3n del sensor G hacia la estacion requiere una conexi\u00f3n a internet por medio del modulo LTE con su SIM Card.<\/p>\n<p><img decoding=\"async\" class=\"overview-center-img-web\" src=\"https:\/\/tvc.mx\/media\/27430\/sensor_G.jpg\" alt=\"\" \/><\/div>\n<\/div>\n<div class=\"row aling-items-center padding-bottom-2x\">\n<div class=\"col-lg-12\">\n<h5 class=\"card-title text-center\">Tecnolog\u00eda de imagen dewarp para divisi\u00f3n de imagen en c\u00e1mara fisheye<\/h5>\n<p>El NVR de VIVOTEK ofrece modos LiveView y Playback para una c\u00e1mara IP fisheye simult\u00e1neamente.\u00a0Tambi\u00e9n proporcionan m\u00faltiples modos de visualizaci\u00f3n dewarp fisheye, incluidos 1O, 1P, 1R, 1O3R, 1O8R, lo que permite a los usuarios monitorear cualquier \u00e1ngulo o disfrutar de im\u00e1genes detalladas precisas para una experiencia de vigilancia total.<\/p>\n<p><img decoding=\"async\" class=\"overview-center-img-web\" src=\"https:\/\/tvc.mx\/media\/27426\/nv9311p-fisheye-dewarp-.jpg\" alt=\"\" \/><\/div>\n<\/div>\n<div class=\"row aling-items-center padding-bottom-2x\">\n<div class=\"col-lg-12\">\n<h5 class=\"card-title text-center\">Rastreo vehicular por medio de GPS en Google Maps<\/h5>\n<p>El receptor GNSS incorporado admite sistemas GPS, GALILEO y GLONASS para diferentes aplicaciones de \u00e1rea.\u00a0Mediante el uso remoto de VAST 2 VMS, permite a los usuarios tener tanto visualizaci\u00f3n de video en vivo como rastreo GPS desde Google Maps.<\/p>\n<h5><strong>Nota:<\/strong>\u00a0Para poder obtener la visualizaci\u00f3n del mapa de google map, requiere una licencia de API para poder obtener la funci\u00f3n de seguimiento de recorrido del veh\u00edculo en tiempo real.<\/h5>\n<p><img decoding=\"async\" class=\"overview-center-img-web\" src=\"https:\/\/tvc.mx\/media\/27429\/nv9311p-gps_.jpg\" alt=\"\" \/><\/div>\n<\/div>\n<div class=\"row aling-items-center padding-bottom-2x\">\n<div class=\"col-lg-12\">\n<h5 class=\"card-title text-center\">Dise\u00f1o robusto para vigilancia m\u00f3vil<\/h5>\n<p>Cumplimiento de las normas de transporte EN50155 y MIL-STD-810G, que garantiza el cumplimiento de los requisitos antivibraci\u00f3n y antichoque, y operable en condiciones dif\u00edciles como temperaturas extremadamente bajas, alta humedad e incluso protecci\u00f3n contra sobretensiones.<\/p>\n<p><img decoding=\"async\" class=\"overview-center-img-web\" src=\"https:\/\/tvc.mx\/media\/27428\/nv9311p-mobile_.jpg\" alt=\"\" \/><\/div>\n<\/div>\n<div class=\"row aling-items-center padding-bottom-2x\">\n<div class=\"col-lg-12\">\n<h5 class=\"card-title text-center\">Diagrama del sistema NVR movil de VIVOTEK<\/h5>\n<p>* 1: Disponible cuando Mobile NVR est\u00e1 en una direcci\u00f3n IP est\u00e1tica.<\/p>\n<p>* 2: Disponible cuando Mobile NVR en direcci\u00f3n IP est\u00e1tica o VAST 2 en direcci\u00f3n IP est\u00e1tica (modo VPN).<\/p>\n<p><img decoding=\"async\" class=\"overview-center-img-web\" src=\"https:\/\/tvc.mx\/media\/27431\/diagrama_del_sistema.jpg\" alt=\"\" \/><\/div>\n<\/div>\n<div class=\"row aling-items-center padding-bottom-2x\">\n<div class=\"col-lg-12\">\n<h5 class=\"card-title text-center\">Protecci\u00f3n por bloqueo de panel exterior y bloqueo de bah\u00eda interna<\/h5>\n<p>Bloqueo de bisel principal, y bloqueo de bah\u00eda de disco interno por medio de llave.<\/p>\n<p><img decoding=\"async\" class=\"overview-center-img-web\" src=\"https:\/\/tvc.mx\/media\/27448\/doble_proteccion_hdd.jpg\" alt=\"\" \/><\/div>\n<\/div>\n<div class=\"row aling-items-center padding-bottom-2x\">\n<div class=\"col-lg-12\">\n<h5 class=\"card-title text-center\">Principales caracter\u00edsticas<\/h5>\n<ul>\n<li>Pantalla en vivo en tiempo real H.265 1080p 8-CH<\/li>\n<li>Smart Stream II de VIVOTEK para optimizar la eficiencia del ancho de banda<\/li>\n<li>Pantalla 4K para monitoreo claro y detallado<\/li>\n<li>LAN \/ Wi-Fi \/ LTE M\u00faltiples conexiones de red\u00a0(Los modulos para conexion inalambrica se venden por separado)<\/li>\n<li>Puerto PoE x8 compatible con 802.3at \/ af con eficiencia de gesti\u00f3n<\/li>\n<li>Sensor G incorporado para alertas de vibraci\u00f3n del veh\u00edculo<\/li>\n<li>Rastreo GPS en Google Maps\u00a0(Requiere adquirir licencia de gogole maps)\u00a0con VAST 2 VMS<\/li>\n<li>Retraso de arranque \/ apagado de energ\u00eda y protecci\u00f3n de bajo voltaje<\/li>\n<li>Calentador incorporado para temperaturas extremas (-40 \u00b0 C ~ 55 \u00b0 C)<\/li>\n<li>Certificaci\u00f3n EN50155 \/ MIL-STD-810G para garantizar la confiabilidad durante el viaje del veh\u00edculo<\/li>\n<li>Soporta VAST V1.10 o superior, VAST 2 V2.3 o superior.<\/li>\n<li>Soporta NVR: Serie ND, Serie NV, NR Serie NVR.<\/li>\n<li>Soporta Shepherd V2.0.0.6 o superior.<\/li>\n<\/ul>\n<p><img decoding=\"async\" class=\"overview-center-img-web\" src=\"https:\/\/tvc.mx\/media\/27454\/disco_duro.jpg\" alt=\"\" \/><\/div>\n<\/div>\n","protected":false},"excerpt":{"rendered":"<p>Informaci\u00f3n general El nuevo modelo NV9311P de VIVOTEK es un NVR m\u00f3vil dise\u00f1ado para vigilancia de transporte, ofrece una visualizaci\u00f3n en vivo en tiempo real de de 8 canales a 1080p con eficiencia de grabaci\u00f3n utilizando la avanzada tecnolog\u00eda de compresi\u00f3n de video H.265.\u00a0Los 8&hellip;<\/p>\n","protected":false},"featured_media":7621,"comment_status":"open","ping_status":"closed","template":"","meta":{"om_disable_all_campaigns":false,"_monsterinsights_skip_tracking":false,"_monsterinsights_sitenote_active":false,"_monsterinsights_sitenote_note":"","_monsterinsights_sitenote_category":0},"product_brand":[],"product_cat":[694],"product_tag":[613,611,612,616,615,610,614,617],"class_list":{"0":"post-7622","1":"product","2":"type-product","3":"status-publish","4":"has-post-thumbnail","6":"product_cat-nvrs-moviles","7":"product_tag-bosch","8":"product_tag-manhattan","9":"product_tag-saxxon","10":"product_tag-surveon","11":"product_tag-utepo","12":"product_tag-videovigilancia","13":"product_tag-vivotek","14":"product_tag-zteco","16":"first","17":"instock","18":"sale","19":"taxable","20":"shipping-taxable","21":"purchasable","22":"product-type-simple"},"aioseo_notices":[],"_links":{"self":[{"href":"https:\/\/tecsecmty.com\/index.php\/wp-json\/wp\/v2\/product\/7622","targetHints":{"allow":["GET"]}}],"collection":[{"href":"https:\/\/tecsecmty.com\/index.php\/wp-json\/wp\/v2\/product"}],"about":[{"href":"https:\/\/tecsecmty.com\/index.php\/wp-json\/wp\/v2\/types\/product"}],"replies":[{"embeddable":true,"href":"https:\/\/tecsecmty.com\/index.php\/wp-json\/wp\/v2\/comments?post=7622"}],"version-history":[{"count":0,"href":"https:\/\/tecsecmty.com\/index.php\/wp-json\/wp\/v2\/product\/7622\/revisions"}],"wp:featuredmedia":[{"embeddable":true,"href":"https:\/\/tecsecmty.com\/index.php\/wp-json\/wp\/v2\/media\/7621"}],"wp:attachment":[{"href":"https:\/\/tecsecmty.com\/index.php\/wp-json\/wp\/v2\/media?parent=7622"}],"wp:term":[{"taxonomy":"product_brand","embeddable":true,"href":"https:\/\/tecsecmty.com\/index.php\/wp-json\/wp\/v2\/product_brand?post=7622"},{"taxonomy":"product_cat","embeddable":true,"href":"https:\/\/tecsecmty.com\/index.php\/wp-json\/wp\/v2\/product_cat?post=7622"},{"taxonomy":"product_tag","embeddable":true,"href":"https:\/\/tecsecmty.com\/index.php\/wp-json\/wp\/v2\/product_tag?post=7622"}],"curies":[{"name":"wp","href":"https:\/\/api.w.org\/{rel}","templated":true}]}}