{"id":7650,"date":"2023-02-23T16:16:05","date_gmt":"2023-02-23T22:16:05","guid":{"rendered":"https:\/\/tecsecmty.com\/index.php\/producto\/vivotek-nd9441p-grabador-nvr-16-canales-16-puertos-poe-4-bahias-de-discos-smart-search-ii-smart-vca-search-ciberseguridad-trend-micro-salida-hdmi-4k-centralizacion-con-vast-2-grabacion-de-1\/"},"modified":"2023-03-22T23:24:46","modified_gmt":"2023-03-23T05:24:46","slug":"vivotek-nd9441p-grabador-nvr-16-canales-16-puertos-poe-4-bahias-de-discos-smart-search-ii-smart-vca-search-ciberseguridad-trend-micro-salida-hdmi-4k-centralizacion-con-vast-2-grabacion-de-1","status":"publish","type":"product","link":"https:\/\/tecsecmty.com\/index.php\/producto\/vivotek-nd9441p-grabador-nvr-16-canales-16-puertos-poe-4-bahias-de-discos-smart-search-ii-smart-vca-search-ciberseguridad-trend-micro-salida-hdmi-4k-centralizacion-con-vast-2-grabacion-de-1\/","title":{"rendered":"VIVOTEK ND9441P &#8211; Grabador NVR 16 Canales\/ 16 Puertos PoE \/ 4 Bahias de Discos\/ Smart Search II\/ Smart VCA Search\/ Ciberseguridad Trend Micro\/ Salida HDMI 4K\/ Centralizacion con VAST 2\/ Grabacion de 192Mbps\/ ONVIF"},"content":{"rendered":"<div class=\"row aling-items-center padding-bottom-2x\">\n<div class=\"col-lg-12\">\n<h5 class=\"card-title text-center\">Informaci\u00f3n general<\/h5>\n<p>El modelo ND9441P de VIVOEK un un NVR compatible con las nuevas c\u00e1maras que graban en el nuevo c\u00f3dec de compresi\u00f3n H.265. Es un NVR aut\u00f3nomo basado en Linux, integra hasta 16 puertos PoE 802.3af.\u00a0tiene cap\u00e1cidad para grabar el video de hasta en 16 canales, cuentan con la funci\u00f3n de administraci\u00f3n PoE para ayudar a los usuarios a solucionar problemas en la estructura de la capa f\u00edsica.\u00a0Ambos tambi\u00e9n muestran la informaci\u00f3n de alimentaci\u00f3n de PoE, proporcionando una instalaci\u00f3n m\u00e1s conveniente e inteligente.<\/p>\n<p><img decoding=\"async\" class=\"overview-center-img-web\" src=\"https:\/\/tvc.mx\/media\/62784\/banner.png\" alt=\"\" \/><\/div>\n<\/div>\n<div class=\"row aling-items-center padding-bottom-2x\">\n<div class=\"col-lg-12\">\n<h5 class=\"card-title text-center\">Principales caracter\u00edsticas<\/h5>\n<ul>\n<li>Tecnolog\u00eda de compresi\u00f3n H.265 \/ H.264<\/li>\n<li>Salida de video en 4K para monitoreo claro y detallado<\/li>\n<li>Capacidad de decodificaci\u00f3n de hasta 1080p en 16 canales<\/li>\n<li>B\u00fasqueda inteligente II<\/li>\n<li>B\u00fasqueda inteligente de eventos VCA<\/li>\n<li>Gesti\u00f3n de ciberseguridad<\/li>\n<li>Trend Micro IoT Security<\/li>\n<li>16 Puertos PoE compatible con 802.3af<\/li>\n<li>Gesti\u00f3n de energ\u00eda PoE<\/li>\n<li>RAID 0, 1, 5 compatible para evitar la p\u00e9rdida de datos de grabaci\u00f3n<\/li>\n<li>M\u00faltiples navegadores compatibles: IE, Chrome y Firefox en Windows y macOS<\/li>\n<li>Admite la soluci\u00f3n de conteo de VCA*<\/li>\n<li><\/li>\n<\/ul>\n<h5>*Se requieren los equipos vendidos por separado para la soluci\u00f3n de conteo.<\/h5>\n<p><img decoding=\"async\" class=\"overview-center-img-web\" src=\"https:\/\/tvc.mx\/media\/68691\/banner.png\" alt=\"\" \/><\/div>\n<\/div>\n<div class=\"row aling-items-center padding-bottom-2x\">\n<div class=\"col-lg-12\">\n<h5 class=\"card-title text-center\">Gestione de manera f\u00e1cil la energ\u00eda PoE de las c\u00e1maras de red<\/h5>\n<p>Permita a los usuarios solucionar problemas f\u00e1cilmente, controlar el presupuesto de energ\u00eda para un mejor funcionamiento y establecer la configuraci\u00f3n de prioridad del puerto para garantizar que las c\u00e1maras m\u00e1s importantes est\u00e9n siempre encendidas. Cuando la alimentaci\u00f3n del sistema est\u00e1 sobrecargada, los puertos PoE se reiniciar\u00e1n autom\u00e1ticamente para la recuperaci\u00f3n de la fuente de alimentaci\u00f3n.<\/p>\n<p><img decoding=\"async\" class=\"overview-center-img-web\" src=\"https:\/\/tvc.mx\/media\/68697\/gestion_poe.jpg\" alt=\"\" \/><\/div>\n<\/div>\n<div class=\"row aling-items-center padding-bottom-2x\">\n<div class=\"col-lg-12\">\n<h5 class=\"card-title text-center\">Visualice en tiempo real de una manera tan f\u00e1cil con la aplicaci\u00f3n m\u00f3vil gratuita VivoCloud<\/h5>\n<p>VIVOCloud ofrece servicio en la nube para una vigilancia f\u00e1cil e inteligente las 24 horas del d\u00eda, los 7 d\u00edas de la semana, sobre la marcha. Con tecnolog\u00eda de compresi\u00f3n H.265 e integrado con 4 discos duros que proporcionan hasta 32TB, el ND9441P ofrece m\u00e1s del 30% de capacidad de grabaci\u00f3n que los sistemas H.264. Este avance proporciona a los usuarios m\u00e1s espacio de almacenamiento para una mayor duraci\u00f3n de la grabaci\u00f3n de video. Adem\u00e1s, las configuraciones RAID 0\/1\/5 brindan mayor seguridad de los datos en el raro caso de falla de un disco duro.<\/p>\n<p><img decoding=\"async\" class=\"overview-center-img-web\" src=\"https:\/\/tvc.mx\/media\/68703\/vivocloud---copia.jpg\" alt=\"\" \/><\/div>\n<\/div>\n<div class=\"row aling-items-center padding-bottom-2x\">\n<div class=\"col-lg-12\">\n<h5 class=\"card-title text-center\">Ahora tendr\u00e1 mas d\u00edas de grabaci\u00f3n con el nuevo c\u00f3dec de compresi\u00f3n H.265<\/h5>\n<p>El nuevo c\u00f3dec de compresi\u00f3n H.265 ofrece m\u00e1s del 30% ~ 50% de capacidad de grabaci\u00f3n que los sistemas H.264, lo que brinda a los usuarios una mayor capacidad de almacenamiento para duraciones m\u00e1s prolongadas de grabaci\u00f3n de video de alta calidad.<\/p>\n<p><img decoding=\"async\" class=\"overview-center-img-web\" src=\"https:\/\/tvc.mx\/media\/68709\/h265---copia.jpg\" alt=\"\" \/><\/div>\n<\/div>\n<div class=\"row aling-items-center padding-bottom-2x\">\n<div class=\"col-lg-12\">\n<h5 class=\"card-title text-center\">Sus datos estar\u00e1n protegidos todo el tiempo ante cualquier riesgo mediante su sistema de protecci\u00f3n RAID<\/h5>\n<p>La configuraci\u00f3n RAID 0, 1, 5 proporciona seguridad de datos adicional y almacenamiento de video confiable. (Volumen m\u00e1ximo de RAID: 16 TB).<\/p>\n<p><img decoding=\"async\" class=\"overview-center-img-web\" src=\"https:\/\/tvc.mx\/media\/68715\/nd9441p_raid---copia.jpg\" alt=\"\" \/><\/div>\n<\/div>\n<div class=\"row aling-items-center padding-bottom-2x\">\n<div class=\"col-lg-12\">\n<h5 class=\"card-title text-center\">Visualice el video al tama\u00f1o y calidad seg\u00fan el tama\u00f1o de su dispositivo celular, computadora o pantalla<\/h5>\n<p class=\"ql-align-justify\">Para obtener im\u00e1genes de alta calidad y detalladas, el NVR ND9441P admite una resoluci\u00f3n de c\u00e1mara de red m\u00e1xima de 12 megap\u00edxeles. Para gestionar de forma inteligente el ancho de banda y mantener esta alta calidad, la funci\u00f3n \u00abCorriente de adaptaci\u00f3n autom\u00e1tica\u00bb ajustar\u00e1 la resoluci\u00f3n de la pantalla autom\u00e1ticamente para cada tipo de dise\u00f1o diferente. Aumenta la flexibilidad para reducir el ancho de banda y ahorrar en los costos totales del proyecto (transmisi\u00f3n autoadaptativa) o mantener una excelente calidad de video (transmisi\u00f3n constante).<\/p>\n<p><img decoding=\"async\" class=\"overview-center-img-web\" src=\"https:\/\/tvc.mx\/media\/68721\/stream_adaptable---copia.jpg\" alt=\"\" \/><\/div>\n<\/div>\n<div class=\"row aling-items-center padding-bottom-2x\">\n<div class=\"col-lg-12\">\n<h5 class=\"card-title text-center\">Compatible con la funci\u00f3n de fisheye dewarp<\/h5>\n<p>Adem\u00e1s, el NVR es compatible con la funci\u00f3n de fisheye dewarp de la c\u00e1mara de red ojo de pez de VIVOTEK, que proporciona m\u00faltiples modos de deformaci\u00f3n en visualizaci\u00f3n en vivo y reproducci\u00f3n, asegurando el \u00e1ngulo correcto de visi\u00f3n del video e informaci\u00f3n detallada para un uso flexible.<\/p>\n<p><img decoding=\"async\" class=\"overview-center-img-web\" src=\"https:\/\/tvc.mx\/media\/68727\/dewarp.jpg\" alt=\"\" \/><\/div>\n<\/div>\n<div class=\"row aling-items-center padding-bottom-2x\">\n<div class=\"col-lg-12\">\n<h5 class=\"card-title text-center\">Encuentre los eventos de las funciones analiticas mediante la b\u00fasqueda inteligente de eventos VCA<\/h5>\n<p class=\"ql-align-justify\">Los NVR Core + 3.0 admiten la gesti\u00f3n de alarmas y la b\u00fasqueda de eventos de la tecnolog\u00eda de an\u00e1lisis de video de aprendizaje profundo de VIVOTEK, Smart VCA y Smart 360 VCA.\u00a0Las reglas e informaci\u00f3n de VCA, como los cuadros de seguimiento de personas y los cuadros de detecci\u00f3n de movimiento, se pueden mostrar en la pantalla de video en vivo o en reproducci\u00f3n.\u00a0El usuario puede buscar por tipo de evento \u00fanico o m\u00faltiple, reproducir eventos activados y luego exportar estos resultados de b\u00fasqueda a videoclips.<\/p>\n<p><img decoding=\"async\" class=\"overview-center-img-web\" src=\"https:\/\/tvc.mx\/media\/68733\/vca_1---copia.jpg\" alt=\"\" \/><\/div>\n<\/div>\n<div class=\"row aling-items-center padding-bottom-2x\">\n<div class=\"col-lg-12\">\n<h5 class=\"card-title text-center\">Encuentre cualquier evento en unos segundos con la b\u00fasqueda inteligente II<\/h5>\n<p>Las c\u00e1maras compatibles con la tecnolog\u00eda de detecci\u00f3n de movimiento inteligente VIVOTEK, que detecta las actividades de las personas, tambi\u00e9n pueden conectarse con los NVR Core + 3.0.\u00a0Seg\u00fan los metadatos de la c\u00e1mara grabados en el disco duro de los NVR, estos pueden implementar la tecnolog\u00eda avanzada Smart Search II, activar la funci\u00f3n de detecci\u00f3n de personas y buscar el video de reproducci\u00f3n correspondiente.\u00a0Esto permite una clasificaci\u00f3n m\u00e1s r\u00e1pida a trav\u00e9s de grandes cantidades de evidencia para encontrar con precisi\u00f3n lo que se necesita.<\/p>\n<p><img decoding=\"async\" class=\"overview-center-img-web\" src=\"https:\/\/tvc.mx\/media\/68739\/search_1---copia-%282%29.jpg\" alt=\"\" \/><\/div>\n<\/div>\n<div class=\"row aling-items-center padding-bottom-2x\">\n<div class=\"col-lg-12\">\n<h5 class=\"card-title text-center\">No necesitara ser un experto para configurar su sistema de videovigilancia VIVOTEK gracias a su interfaz intuitiva<\/h5>\n<p class=\"ql-align-justify\">Para encontrar r\u00e1pida e intuitivamente cualquier evento objetivo, permita a los usuarios dirigir la reproducci\u00f3n y archivar su video en unos pocos segundos.<\/p>\n<p><img decoding=\"async\" class=\"overview-center-img-web\" src=\"https:\/\/tvc.mx\/media\/68745\/intuitive---copia.jpg\" alt=\"\" \/><\/div>\n<\/div>\n<div class=\"row aling-items-center padding-bottom-2x\">\n<div class=\"col-lg-12\">\n<h5 class=\"card-title text-center\">Aumente el control de sus actividades mediante la solucion de conteo de personas<\/h5>\n<p>Los NVR Core + 3.0 son compatibles con las c\u00e1maras de conteo de personas en 3D de VIVOTEK y el software de servicio en la nube: VIVOCloud.\u00a0Las reglas de conteo se pueden mostrar en la pantalla de video del NVR desde las c\u00e1maras de conteo.\u00a0Adem\u00e1s, todos los datos de conteo se pueden almacenar autom\u00e1ticamente en el disco duro del NVR y tambi\u00e9n pueden ser adquiridos por VIVOCloud.\u00a0Los usuarios tambi\u00e9n pueden crear informes de conteo personalizados a trav\u00e9s de la interfaz VIVOCloud.\u00a0Esto permite el seguimiento del flujo de invitados en la tienda y la evaluaci\u00f3n comparativa del rendimiento de la campa\u00f1a entre diferentes tiendas o en diferentes per\u00edodos de tiempo para que el negocio sea m\u00e1s eficiente.<\/p>\n<h5>Nota: No incluye equipos para la soluci\u00f3n de conteo.<\/h5>\n<p><img decoding=\"async\" class=\"overview-center-img-web\" src=\"https:\/\/tvc.mx\/media\/68751\/counting_1---copia.jpg\" alt=\"\" \/><\/div>\n<\/div>\n<div class=\"row aling-items-center padding-bottom-2x\">\n<div class=\"col-lg-12\">\n<h5 class=\"card-title text-center\">Encuentra aqu\u00ed los discos duros compatibles con este NVR<\/h5>\n<p>.<\/p>\n<p><img decoding=\"async\" class=\"overview-center-img-web\" src=\"https:\/\/tvc.mx\/media\/68757\/compatibilidad_hdd---copia.png\" alt=\"\" \/><\/div>\n<\/div>\n","protected":false},"excerpt":{"rendered":"<p>Informaci\u00f3n general El modelo ND9441P de VIVOEK un un NVR compatible con las nuevas c\u00e1maras que graban en el nuevo c\u00f3dec de compresi\u00f3n H.265. Es un NVR aut\u00f3nomo basado en Linux, integra hasta 16 puertos PoE 802.3af.\u00a0tiene cap\u00e1cidad para grabar el video de hasta en&hellip;<\/p>\n","protected":false},"featured_media":7649,"comment_status":"open","ping_status":"closed","template":"","meta":{"om_disable_all_campaigns":false,"_monsterinsights_skip_tracking":false,"_monsterinsights_sitenote_active":false,"_monsterinsights_sitenote_note":"","_monsterinsights_sitenote_category":0},"product_brand":[],"product_cat":[699],"product_tag":[613,611,612,616,615,610,614,617],"class_list":{"0":"post-7650","1":"product","2":"type-product","3":"status-publish","4":"has-post-thumbnail","6":"product_cat-nvrs-de-16-canales-nvrs-vivotek-video-vigilancia","7":"product_tag-bosch","8":"product_tag-manhattan","9":"product_tag-saxxon","10":"product_tag-surveon","11":"product_tag-utepo","12":"product_tag-videovigilancia","13":"product_tag-vivotek","14":"product_tag-zteco","16":"first","17":"instock","18":"sale","19":"taxable","20":"shipping-taxable","21":"purchasable","22":"product-type-simple"},"aioseo_notices":[],"_links":{"self":[{"href":"https:\/\/tecsecmty.com\/index.php\/wp-json\/wp\/v2\/product\/7650","targetHints":{"allow":["GET"]}}],"collection":[{"href":"https:\/\/tecsecmty.com\/index.php\/wp-json\/wp\/v2\/product"}],"about":[{"href":"https:\/\/tecsecmty.com\/index.php\/wp-json\/wp\/v2\/types\/product"}],"replies":[{"embeddable":true,"href":"https:\/\/tecsecmty.com\/index.php\/wp-json\/wp\/v2\/comments?post=7650"}],"version-history":[{"count":0,"href":"https:\/\/tecsecmty.com\/index.php\/wp-json\/wp\/v2\/product\/7650\/revisions"}],"wp:featuredmedia":[{"embeddable":true,"href":"https:\/\/tecsecmty.com\/index.php\/wp-json\/wp\/v2\/media\/7649"}],"wp:attachment":[{"href":"https:\/\/tecsecmty.com\/index.php\/wp-json\/wp\/v2\/media?parent=7650"}],"wp:term":[{"taxonomy":"product_brand","embeddable":true,"href":"https:\/\/tecsecmty.com\/index.php\/wp-json\/wp\/v2\/product_brand?post=7650"},{"taxonomy":"product_cat","embeddable":true,"href":"https:\/\/tecsecmty.com\/index.php\/wp-json\/wp\/v2\/product_cat?post=7650"},{"taxonomy":"product_tag","embeddable":true,"href":"https:\/\/tecsecmty.com\/index.php\/wp-json\/wp\/v2\/product_tag?post=7650"}],"curies":[{"name":"wp","href":"https:\/\/api.w.org\/{rel}","templated":true}]}}