{"id":7654,"date":"2023-02-23T16:16:08","date_gmt":"2023-02-23T22:16:08","guid":{"rendered":"https:\/\/tecsecmty.com\/index.php\/producto\/bosch-v_ddn3532112d16-grabador-32-canales-1x2tb-16poe-dvd\/"},"modified":"2023-03-22T23:21:44","modified_gmt":"2023-03-23T05:21:44","slug":"bosch-v_ddn3532112d16-grabador-32-canales-1x2tb-16poe-dvd","status":"publish","type":"product","link":"https:\/\/tecsecmty.com\/index.php\/producto\/bosch-v_ddn3532112d16-grabador-32-canales-1x2tb-16poe-dvd\/","title":{"rendered":"BOSCH V_DDN3532112D16- Grabador 32 canales 1x2TB 16PoE DVD"},"content":{"rendered":"<h5 class=\"card-title text-center\">DDN-3532-112D16 Grabador 32 canales 1x2TB 16PoE DVD<\/h5>\n<p><strong>Puede conectar este grabador a un m\u00e1ximo de 32 c\u00e1maras IP que usen la \u00faltima tecnolog\u00eda de v\u00eddeo de alta resoluci\u00f3n H265\/H264 y t\u00e9cnicas de compresi\u00f3n de vanguardia.<\/strong>\u00a0Estas avanzadas tecnolog\u00edas, junto con una transmisi\u00f3n de datos de red eficiente, ofrecen la alta seguridad y fiabilidad que necesitan los sistemas de vigilancia modernos. Las funciones de supervisi\u00f3n, grabaci\u00f3n, archivado y reproducci\u00f3n simult\u00e1neas se controlan de forma remota o local mediante simples selecciones de men\u00fa y comandos del operador. Los grabadores se pueden instalar con un m\u00e1ximo de dos discos duros internos para el almacenamiento de v\u00eddeo. Otra posibilidad es usar un solo disco duro interno para el almacenamiento, m\u00e1s una grabadora de DVD para exportar v\u00eddeos.<\/p>\n<p><strong>Funciones b\u00e1sicas<\/strong><\/p>\n<p><strong>\u00daltima tecnolog\u00eda de compresi\u00f3n de v\u00eddeo<\/strong><\/p>\n<p>El sistema DIVAR es compatible con la tecnolog\u00eda de compresi\u00f3n de v\u00eddeo H.264 y H.265. Esta tecnolog\u00eda reduce considerablemente los requisitos de ancho de banda y de almacenamiento, al tiempo que ofrece una excelente calidad de imagen y de audio. Gracias a esta nueva tecnolog\u00eda de v\u00eddeo, el sistema DIVAR le ofrece todas las ventajas de las c\u00e1maras de alta resoluci\u00f3n m\u00e1s novedosas. La prueba est\u00e1 en los p\u00edxeles.<\/p>\n<p><strong>Soporte de c\u00e1mara IP<\/strong><\/p>\n<p>El grabador admite la integraci\u00f3n de c\u00e1maras nativa con c\u00e1maras IP de Bosch, que proporciona opciones para una instalaci\u00f3n, configuraci\u00f3n y mantenimiento sencillos. Esto permite la conectividad plug-and-play, ya que el instalador puede conectar y configurar las c\u00e1maras al grabador sin necesidad de abrir cada c\u00e1mara de forma individual en un cliente web. Para una configuraci\u00f3n avanzada, se admiten c\u00e1maras de terceros a trav\u00e9s del protocolo ONVIF Profile S.<\/p>\n<p><strong>Grabaci\u00f3n y visualizaci\u00f3n simult\u00e1neas<\/strong><\/p>\n<p>El DIVAR graba m\u00faltiples se\u00f1ales de audio y v\u00eddeo, a la vez que permite la visualizaci\u00f3n de v\u00eddeo en directo y la reproducci\u00f3n en modo multipantalla. Asimismo, sus completas funciones de b\u00fasqueda y reproducci\u00f3n permiten localizar y ver r\u00e1pidamente los v\u00eddeos grabados. El DIVAR tiene una resoluci\u00f3n de visualizaci\u00f3n en tiempo real de 16 canales 1080p de manera simult\u00e1nea, o de 4 canales 4k.<\/p>\n<p><strong>Conmutador PoE+<\/strong><\/p>\n<p>Los grabadores que integran un conmutador PoE+ pueden suministrar alimentaci\u00f3n a un m\u00e1ximo de 16 c\u00e1maras conectadas. Cada c\u00e1mara recibe autom\u00e1ticamente su direcci\u00f3n IP del grabador para facilitar el funcionamiento sencillo plug-and-play.<\/p>\n<p><strong>F\u00e1cil funcionamiento<\/strong><\/p>\n<p>El DIVAR es muy f\u00e1cil de usar y de instalar. Solo tiene que conectar las c\u00e1maras, suministrar alimentaci\u00f3n y seguir los pasos del sencillo Asistente de instalaci\u00f3n para la configuraci\u00f3n inicial. A partir de ese momento, la unidad podr\u00e1 grabar autom\u00e1ticamente sin que sea necesario hacer nada m\u00e1s.<\/p>\n<p><strong>DDNS<\/strong><\/p>\n<p>Bosch ofrece a sus clientes servicios gratuitos de nombres de dominio din\u00e1mico (DDNS) para acceder a los dispositivos conectados a la red a trav\u00e9s de un nombre de host sencillo, sin necesidad de usar costosas direcciones IP est\u00e1ticas. Esto facilita el acceso ininterrumpido a v\u00eddeos importantes de los dispositivos, independientemente de su ubicaci\u00f3n.<\/p>\n<p><strong>Alarmas<\/strong><\/p>\n<p>Todos los modelos tienen completas funciones de gesti\u00f3n de alarmas y control de telemetr\u00eda. Las funciones de alarma incluyen entradas locales y salidas de rel\u00e9, as\u00ed como detecci\u00f3n de movimiento en \u00e1reas definidas por el usuario.<\/p>\n<p><strong>Si se detecta una alarma, DIVAR puede:<\/strong><\/p>\n<ul>\n<li>Enviar notificaciones por correo electr\u00f3nico o FTP.<\/li>\n<li>Activar un zumbador o mostrar un aviso.<\/li>\n<li>Activar la salida de alarma loca.<\/li>\n<\/ul>\n<p><strong>Control local<\/strong><\/p>\n<ul>\n<li>La unidad se puede utilizar y programar f\u00e1cilmente a trav\u00e9s del sistema de men\u00fas en pantalla con: \u2022 El rat\u00f3n<\/li>\n<li>Las teclas de control del panel frontal.<\/li>\n<li>El mando a distancia suministrado.<\/li>\n<li>Notificaciones pus.<\/li>\n<\/ul>\n<p><strong>Entradas y salidas<\/strong><\/p>\n<p>Las entradas de v\u00eddeo, las entradas y la salida de audio y las entradas\/salidas de alarma se encuentran en el panel posterior. Los dos conectores de v\u00eddeo (VGA\/HDMI) proporcionan una salida simult\u00e1nea para el monitor A para la visualizaci\u00f3n en directo (con zoom) y la reproducci\u00f3n (la pantalla se puede congelar y ampliar). Las pantallas permiten ver la imagen a pantalla completa, en modo multipantalla o en secuencia.<\/p>\n<p><strong>Control de domos<\/strong><\/p>\n<p>El sistema DIVAR puede controlar el equipo de giro\/ inclinaci\u00f3n\/zoom (PTZ) mediante comandos enviados a trav\u00e9s de una conexi\u00f3n IP. Tambi\u00e9n admite comandos Enfoque, Iris y Aux para las c\u00e1maras Bosch.<\/p>\n<p><strong>C\u00e1maras panor\u00e1micas<\/strong><\/p>\n<p>DIVAR es compatible con la correcci\u00f3n de dewarping de las c\u00e1maras panor\u00e1micas de Bosch. Los modos siguientes son compatibles: giro\/inclinaci\u00f3n\/zoom (PTZ), panor\u00e1mico, pasillo o cuadrangular. Tambi\u00e9n se puede seleccionar la correcci\u00f3n de dewarping en la c\u00e1mara si la c\u00e1mara panor\u00e1mica IP conectada es compatible con dicha opci\u00f3n.<\/p>\n<p><strong>Controlador de red<\/strong><\/p>\n<p>Utilice el software para PC o una aplicaci\u00f3n web integrada a trav\u00e9s de la red para la visualizaci\u00f3n en directo, reproducci\u00f3n y configuraci\u00f3n.<\/p>\n<p><strong>Marca de agua<\/strong><\/p>\n<p>El sistema DIVAR incluye una verificaci\u00f3n de autenticidad tanto para los archivos locales como remotos, lo que garantiza la integridad de las grabaciones. Se facilita Archive Player para reproducir los archivos de v\u00eddeo de forma segura y comprobar si el v\u00eddeo es aut\u00e9ntico.<\/p>\n<p><strong>Aplicaciones para smartphones<\/strong><\/p>\n<p>La aplicaci\u00f3n DIVAR Viewer de Bosch para dispositivos iOS y Android est\u00e1 disponible para:<\/p>\n<ul>\n<li>visualizaci\u00f3n de reproducci\u00f3n o en directo.<\/li>\n<li>configuraci\u00f3n del grabador.<\/li>\n<li>control PTZ.<\/li>\n<\/ul>\n<p>Esto significa que puede ver v\u00eddeos en directo de las c\u00e1maras conectadas al DVR desde cualquier parte del mundo. Tambi\u00e9n puede controlar el enfoque, giro, inclinaci\u00f3n y zoom en c\u00e1maras con funcionalidad PTZ. Adem\u00e1s, la aplicaci\u00f3n para smartphones es compatible con las notificaciones push remotas. De esta forma se le notificar\u00e1 autom\u00e1ticamente si se produce una alarma en el dispositivo y puede realizar una acci\u00f3n inmediata, incluso si no est\u00e1 controlando activamente el sistema en ese momento.<\/p>\n<p><strong>Nota: DDN-3532-112D16 Grabador 32 canales 1x2TB 16PoE DVD<\/strong><\/p>\n<p><strong>Grabador de alta resoluci\u00f3n para los sistemas de vigilancia en red. Grabador de 32 canales, 1x2TB, 16 PoE, DVD.<\/strong><\/p>\n<p><strong>N\u00famero de pedido: DDN-3532-112D16.<\/strong><\/p>\n<p><strong>Principales caracter\u00edsticas<\/strong><\/p>\n<ul>\n<li>32 canales IP con 320 Mbps de ancho de banda entrante.<\/li>\n<li>Compatibilidad con c\u00e1maras IP de 12MP para visualizar y reproducir im\u00e1genes.<\/li>\n<li>Visualizaci\u00f3n en directo y en tiempo real de 16 canales 1080p o 4 canales 4k.<\/li>\n<li>Dise\u00f1o elegante, compacto y robusto.<\/li>\n<li>Redes de Internet y de c\u00e1maras IP independientes.<\/li>\n<\/ul>\n<p><strong>Especificaciones<\/strong><\/p>\n<p><strong>Alimentaci\u00f3n<\/strong><\/p>\n<ul>\n<li>Entrada de CA del adaptador de corriente externa (sin PoE): De 100 a 240 VCA, 50-60 Hz, 1,5 A.<\/li>\n<li>Entrada de CA (con PoE): De 100 a 240 VCA, 50-60 Hz, 3,5 .<\/li>\n<li>Bater\u00eda RTC en PCB principal Litio CR2032, 3 V CC.<\/li>\n<li>Salida de CC del adaptador de corriente (sin PoE) 12 VCC, 5 A.<\/li>\n<li>Entrada de alimentaci\u00f3n del DVR (sin PoE) 12 VCC.<\/li>\n<li>Consumo m\u00e1ximo de energ\u00eda principal (sin unidad de disco duro) 8,7 W sin PoE 15,2 W con PoE.<\/li>\n<li>Consumo m\u00e1ximo de energ\u00eda de conmutador de PoE+ 115 W.<\/li>\n<li>Consumo m\u00e1ximo de energ\u00eda (por puerto de PoE+) 25,5 W.<\/li>\n<\/ul>\n<p><strong>Mec\u00e1nicas<\/strong><\/p>\n<ul>\n<li>Dimensiones (An. x Pr. x Al.): 375 x 323 x 53 mm (14,8 x 12,7 x 2,1 pulg.)..<\/li>\n<li>Peso con conmutador PoE (sin incluir DVD ni unidades de disco duro) 4,2 kg (9,3 lb) aproximadamente.<\/li>\n<li>Peso sin conmutador PoE (sin incluir DVD ni unidades de disco duro) 3,8 kg (8,4 lb) aproximadamente.<\/li>\n<\/ul>\n<p><strong>Ambientales<\/strong><\/p>\n<ul>\n<li>Temperatura de funcionamiento (discos duros y DVD incluidos): De 0 \u00b0C a +40 \u00b0C (de +32 \u00b0F a +104 \u00b0F).<\/li>\n<li>Temperatura de almacenamiento: De -40 \u00b0C a +70 \u00b0C (de -40 \u00b0F a +158 \u00b0F).<\/li>\n<li>Humedad en funcionamiento: &lt;93% sin condensaci\u00f3n.<\/li>\n<li>Humedad en almacenamiento &lt;95% sin condensaci\u00f3n.<\/li>\n<\/ul>\n<p><strong>Almacenamiento de v\u00eddeo<\/strong><\/p>\n<p>Opciones de almacenamiento interno<\/p>\n<ul>\n<li>M\u00e1x. 2 discos duros SATA o 1 disco duro SATA + 1 DVD (R\/RW).<\/li>\n<li>Capacidad m\u00e1x. por disco duro: 6 TB Velocidad m\u00e1xima permitida por disco duro: 6 Gb\/s.<\/li>\n<\/ul>\n<p><strong>Alarmas y detecciones<\/strong><\/p>\n<ul>\n<li>Detecci\u00f3n de movimiento establecida por la c\u00e1mara Essential o Intelligent Video Analytics (IVA), Motion +.<\/li>\n<li>Activaciones de alarmas P\u00e9rdida de v\u00eddeo, detecci\u00f3n de movimiento, alarma de entrada, alarma del sistema.<\/li>\n<li>Eventos activados por alarma Grabaci\u00f3n, movimiento PTZ, salida de alarma, correo electr\u00f3nico, zumbador, mensaje en pantalla, monitores A y B activados, notificaciones push en el m\u00f3vil.<\/li>\n<li>Entradas 4 entradas configurables NA\/NC, tensi\u00f3n de entrada m\u00e1xima de 5 V CC.<\/li>\n<li>Salidas 2 salidas de rel\u00e9 Contacto de rel\u00e9.<\/li>\n<li>Tensi\u00f3n nominal m\u00e1xima de 30 V CC, 2 A continua o 125 V CA, 1 A (activado).<\/li>\n<\/ul>\n<p><strong>Exportaci\u00f3n<\/strong><\/p>\n<ul>\n<li>DVD (opcional) Grabador de DVD+R\/RW integrado.<\/li>\n<li>USB Memoria flash o unidad de disco duro externa (FAT32).<\/li>\n<li>Red Software de cliente web o Video Client.<\/li>\n<\/ul>\n<p><strong>Reproducci\u00f3n<\/strong><\/p>\n<ul>\n<li>Multicanal 1, 4, 9 o 16 canales simult\u00e1neos.<\/li>\n<li>Modo Hacia adelante, hacia atr\u00e1s, reproducci\u00f3n lenta, reproducci\u00f3n r\u00e1pida, fotograma a fotograma.<\/li>\n<li>B\u00fasqueda Tiempo, canal, tipo, inteligente.<\/li>\n<li>Red Video Client, aplicaci\u00f3n Web Client.<\/li>\n<li>Restricci\u00f3n de la visualizaci\u00f3n del v\u00eddeo mediante permisos de usuario Protecci\u00f3n.<\/li>\n<li>Protecci\u00f3n del v\u00eddeo frente a sobrescritura.<\/li>\n<li>Tiempo de retenci\u00f3n Eliminaci\u00f3n autom\u00e1tica de las grabaciones despu\u00e9s de un per\u00edodo de entre 1 y 365 d\u00edas.<\/li>\n<\/ul>\n<p><strong>Grabaci\u00f3n<\/strong><\/p>\n<ul>\n<li>Compresi\u00f3n de descodificaci\u00f3n H.265\/H.264\/MJPEG.<\/li>\n<li>Velocidad 60 IPS por canal como m\u00e1ximo (configurable).<\/li>\n<li>Tasa de bits De 16 Kbps a 24 Mbps por canal.<\/li>\n<li>Intervalo de grabaci\u00f3n 1~120 min (predeterminado: 60 min), grabaci\u00f3n previa: 1~30 s, grabaci\u00f3n posterior: 10~300 s.<\/li>\n<li>Modo Manual, programado (normal, detecci\u00f3n de movimiento, alarma), detenido.<\/li>\n<li>Resoluci\u00f3n de la c\u00e1mara IP 12MP, 8MP, 6MP, 5MP, 3MP, 1,3MP, 1080p, 720p.<\/li>\n<\/ul>\n<p><img decoding=\"async\" class=\"overview-center-img-web\" src=\"https:\/\/tvc.mx\/media\/32173\/Logoopaginas-oficial-1920x400.png\" alt=\"\" \/><\/p>\n","protected":false},"excerpt":{"rendered":"<p>DDN-3532-112D16 Grabador 32 canales 1x2TB 16PoE DVD Puede conectar este grabador a un m\u00e1ximo de 32 c\u00e1maras IP que usen la \u00faltima tecnolog\u00eda de v\u00eddeo de alta resoluci\u00f3n H265\/H264 y t\u00e9cnicas de compresi\u00f3n de vanguardia.\u00a0Estas avanzadas tecnolog\u00edas, junto con una transmisi\u00f3n de datos de red&hellip;<\/p>\n","protected":false},"featured_media":7653,"comment_status":"open","ping_status":"closed","template":"","meta":{"om_disable_all_campaigns":false,"_monsterinsights_skip_tracking":false,"_monsterinsights_sitenote_active":false,"_monsterinsights_sitenote_note":"","_monsterinsights_sitenote_category":0},"product_brand":[],"product_cat":[700],"product_tag":[613,611,612,616,615,610,614,617],"class_list":{"0":"post-7654","1":"product","2":"type-product","3":"status-publish","4":"has-post-thumbnail","6":"product_cat-nvrs-de-32-canales-nvrs-bosch-video-vigilancia","7":"product_tag-bosch","8":"product_tag-manhattan","9":"product_tag-saxxon","10":"product_tag-surveon","11":"product_tag-utepo","12":"product_tag-videovigilancia","13":"product_tag-vivotek","14":"product_tag-zteco","16":"first","17":"instock","18":"sale","19":"taxable","20":"shipping-taxable","21":"purchasable","22":"product-type-simple"},"aioseo_notices":[],"_links":{"self":[{"href":"https:\/\/tecsecmty.com\/index.php\/wp-json\/wp\/v2\/product\/7654","targetHints":{"allow":["GET"]}}],"collection":[{"href":"https:\/\/tecsecmty.com\/index.php\/wp-json\/wp\/v2\/product"}],"about":[{"href":"https:\/\/tecsecmty.com\/index.php\/wp-json\/wp\/v2\/types\/product"}],"replies":[{"embeddable":true,"href":"https:\/\/tecsecmty.com\/index.php\/wp-json\/wp\/v2\/comments?post=7654"}],"version-history":[{"count":0,"href":"https:\/\/tecsecmty.com\/index.php\/wp-json\/wp\/v2\/product\/7654\/revisions"}],"wp:featuredmedia":[{"embeddable":true,"href":"https:\/\/tecsecmty.com\/index.php\/wp-json\/wp\/v2\/media\/7653"}],"wp:attachment":[{"href":"https:\/\/tecsecmty.com\/index.php\/wp-json\/wp\/v2\/media?parent=7654"}],"wp:term":[{"taxonomy":"product_brand","embeddable":true,"href":"https:\/\/tecsecmty.com\/index.php\/wp-json\/wp\/v2\/product_brand?post=7654"},{"taxonomy":"product_cat","embeddable":true,"href":"https:\/\/tecsecmty.com\/index.php\/wp-json\/wp\/v2\/product_cat?post=7654"},{"taxonomy":"product_tag","embeddable":true,"href":"https:\/\/tecsecmty.com\/index.php\/wp-json\/wp\/v2\/product_tag?post=7654"}],"curies":[{"name":"wp","href":"https:\/\/api.w.org\/{rel}","templated":true}]}}