{"id":7656,"date":"2023-02-23T16:16:10","date_gmt":"2023-02-23T22:16:10","guid":{"rendered":"https:\/\/tecsecmty.com\/index.php\/producto\/bosch-v_ddn3532200n00-grabador-de-32-canales-ip-con-320-mbps-de-ancho-de-banda-entrante\/"},"modified":"2023-03-22T23:21:44","modified_gmt":"2023-03-23T05:21:44","slug":"bosch-v_ddn3532200n00-grabador-de-32-canales-ip-con-320-mbps-de-ancho-de-banda-entrante","status":"publish","type":"product","link":"https:\/\/tecsecmty.com\/index.php\/producto\/bosch-v_ddn3532200n00-grabador-de-32-canales-ip-con-320-mbps-de-ancho-de-banda-entrante\/","title":{"rendered":"BOSCH V_DDN3532200N00- GRABADOR DE 32 CANALES IP CON 320 MBPS DE ANCHO DE BANDA ENTRANTE"},"content":{"rendered":"<h5 class=\"card-title text-center\">DDN-3532-200N00 Grabador 32 canales, sin HDD<\/h5>\n<p class=\"ql-align-justify\"><strong>Puede conectar este grabador a un m\u00e1ximo de 32 c\u00e1maras IP que usen la \u00faltima tecnolog\u00eda de v\u00eddeo de alta resoluci\u00f3n H265\/H264 y t\u00e9cnicas de compresi\u00f3n de vanguardia.<\/strong>\u00a0Estas avanzadas tecnolog\u00edas, junto con una transmisi\u00f3n de datos de red eficiente, ofrecen la alta seguridad y fiabilidad que necesitan los sistemas de vigilancia modernos. Las funciones de supervisi\u00f3n, grabaci\u00f3n, archivado y reproducci\u00f3n simult\u00e1neas se controlan de forma remota o local mediante simples selecciones de men\u00fa y comandos del operador. Los grabadores se pueden instalar con un m\u00e1ximo de dos discos duros internos para el almacenamiento de v\u00eddeo.\u00a0<strong>Otra posibilidad es usar un solo disco duro interno para el almacenamiento, m\u00e1s una grabadora de DVD para exportar v\u00eddeos.<\/strong><\/p>\n<p class=\"ql-align-justify\"><strong>Funciones b\u00e1sicas<\/strong><\/p>\n<p class=\"ql-align-justify\"><strong>\u00daltima tecnolog\u00eda de compresi\u00f3n de v\u00eddeo<\/strong><\/p>\n<p class=\"ql-align-justify\"><strong>El sistema DIVAR es compatible con la tecnolog\u00eda de compresi\u00f3n de v\u00eddeo H.264 y H.265.<\/strong>\u00a0Esta tecnolog\u00eda reduce considerablemente los requisitos de ancho de banda y de almacenamiento, al tiempo que ofrece una excelente calidad de imagen y de audio. Gracias a esta nueva tecnolog\u00eda de v\u00eddeo, el sistema DIVAR le ofrece todas las ventajas de las c\u00e1maras de alta resoluci\u00f3n m\u00e1s novedosas y la prueba est\u00e1 en los p\u00edxeles.<\/p>\n<p class=\"ql-align-justify\"><strong>Soporte de c\u00e1mara IP<\/strong><\/p>\n<p class=\"ql-align-justify\">El grabador admite la integraci\u00f3n de c\u00e1maras nativa con c\u00e1maras IP de Bosch, que proporciona opciones para una instalaci\u00f3n, configuraci\u00f3n y mantenimiento sencillos.<strong>\u00a0Esto permite la conectividad plug-and-play, ya que el instalador puede conectar y configurar las c\u00e1maras al grabador sin necesidad de abrir cada c\u00e1mara de forma individual en un cliente web.<\/strong>\u00a0Para una configuraci\u00f3n avanzada, se admiten c\u00e1maras de terceros a trav\u00e9s del protocolo\u00a0<strong>ONVIF Profile S.<\/strong><\/p>\n<p class=\"ql-align-justify\"><strong>Grabaci\u00f3n y visualizaci\u00f3n simult\u00e1neas<\/strong><\/p>\n<p class=\"ql-align-justify\"><strong>El DIVAR graba m\u00faltiples se\u00f1ales de audio y v\u00eddeo, a la vez que permite la visualizaci\u00f3n de v\u00eddeo en directo y la reproducci\u00f3n en modo multipantalla.<\/strong>\u00a0Asimismo, sus completas funciones de b\u00fasqueda y reproducci\u00f3n permiten localizar y ver r\u00e1pidamente los v\u00eddeos grabados.\u00a0<strong>El DIVAR tiene una resoluci\u00f3n de visualizaci\u00f3n en tiempo real de 16 canales 1080p de manera simult\u00e1nea, o de 4 canales 4k.<\/strong><\/p>\n<p class=\"ql-align-justify\"><strong>Conmutador PoE+<\/strong><\/p>\n<p class=\"ql-align-justify\"><strong>Los grabadores que integran un conmutador PoE+ pueden suministrar alimentaci\u00f3n a un m\u00e1ximo de 16 c\u00e1maras conectadas.\u00a0<\/strong>Cada c\u00e1mara recibe autom\u00e1ticamente su direcci\u00f3n IP del grabador para facilitar el funcionamiento sencillo\u00a0<strong>plug-and-play.<\/strong><\/p>\n<p class=\"ql-align-justify\"><strong>F\u00e1cil funcionamiento<\/strong><\/p>\n<p class=\"ql-align-justify\"><strong>El DIVAR es muy f\u00e1cil de usar y de instalar. Solo tiene que conectar las c\u00e1maras, suministrar alimentaci\u00f3n y seguir los pasos del sencillo Asistente de instalaci\u00f3n para la configuraci\u00f3n inicial.<\/strong>\u00a0A partir de ese momento, la unidad podr\u00e1 grabar autom\u00e1ticamente sin que sea necesario hacer nada m\u00e1s.<\/p>\n<p class=\"ql-align-justify\"><strong>DDNS<\/strong><\/p>\n<p class=\"ql-align-justify\"><strong>Bosch ofrece a sus clientes servicios gratuitos de nombres de dominio din\u00e1mico (DDNS) para acceder a los dispositivos conectados a la red a trav\u00e9s de un nombre de host sencillo, sin necesidad de usar costosas direcciones IP est\u00e1ticas.<\/strong>\u00a0Esto facilita el acceso ininterrumpido a v\u00eddeos importantes de los dispositivos, independientemente de su ubicaci\u00f3n.<\/p>\n<p class=\"ql-align-justify\"><strong>Alarmas<\/strong><\/p>\n<p class=\"ql-align-justify\">Todos los modelos tienen completas funciones de gesti\u00f3n de alarmas y control de telemetr\u00eda. Las funciones de alarma incluyen entradas locales y salidas de rel\u00e9, as\u00ed como detecci\u00f3n de movimiento en \u00e1reas definidas por el usuario.\u00a0<strong>Si se detecta una alarma, DIVAR puede:<\/strong><\/p>\n<ul>\n<li class=\"ql-align-justify\">Enviar notificaciones por correo electr\u00f3nico o FTP.<\/li>\n<li class=\"ql-align-justify\">Activar un zumbador o mostrar un aviso.<\/li>\n<li class=\"ql-align-justify\">Activar la salida de alarma local.<\/li>\n<\/ul>\n<p class=\"ql-align-justify\"><strong>Entradas y salidas<\/strong><\/p>\n<p class=\"ql-align-justify\"><strong>Las entradas de v\u00eddeo, las entradas y la salida de audio y las entradas\/salidas de alarma se encuentran en el panel posterior.<\/strong>\u00a0Los dos conectores de v\u00eddeo (VGA\/HDMI) proporcionan una salida simult\u00e1nea para el monitor A para la visualizaci\u00f3n en directo (con zoom) y la reproducci\u00f3n (la pantalla se puede congelar y ampliar). Las pantallas permiten ver la imagen a pantalla completa, en modo multipantalla o en secuencia.<\/p>\n<p class=\"ql-align-justify\"><strong>Control de domos<\/strong><\/p>\n<p class=\"ql-align-justify\"><strong>El sistema DIVAR puede controlar el equipo de giro\/ inclinaci\u00f3n\/zoom (PTZ)<\/strong>\u00a0mediante comandos enviados a trav\u00e9s de una conexi\u00f3n IP. Tambi\u00e9n admite comandos Enfoque, Iris y Aux para las c\u00e1maras Bosch.<\/p>\n<p class=\"ql-align-justify\"><strong>Controlador de red<\/strong><\/p>\n<p class=\"ql-align-justify\"><strong>Utilice el software para PC o una aplicaci\u00f3n web integrada a trav\u00e9s de la red para la visualizaci\u00f3n en directo, reproducci\u00f3n y configuraci\u00f3n.\u00a0<\/strong>Marca de agua El sistema DIVAR incluye una verificaci\u00f3n de autenticidad tanto para los archivos locales como remotos, lo que garantiza la integridad de las grabaciones. Se facilita Archive Player para reproducir los archivos de v\u00eddeo de forma segura y comprobar si el v\u00eddeo es aut\u00e9ntico.<\/p>\n<p class=\"ql-align-justify\"><strong>Aplicaciones para smartphones<\/strong><\/p>\n<p class=\"ql-align-justify\"><strong>La aplicaci\u00f3n DIVAR Viewer de Bosch para dispositivos iOS y Android est\u00e1 disponible para:<\/strong><\/p>\n<ul>\n<li class=\"ql-align-justify\">Visualizaci\u00f3n de reproducci\u00f3n o en directo.<\/li>\n<li class=\"ql-align-justify\">Configuraci\u00f3n del grabador.<\/li>\n<li class=\"ql-align-justify\">Control PTZ.<\/li>\n<\/ul>\n<p class=\"ql-align-justify\">Esto significa que puede ver v\u00eddeos en directo de las c\u00e1maras conectadas al DVR desde cualquier parte del mundo. Tambi\u00e9n puede controlar el enfoque, giro, inclinaci\u00f3n y zoom en c\u00e1maras con funcionalidad PTZ. Adem\u00e1s, la aplicaci\u00f3n para smartphones es compatible con las notificaciones push remotas. De esta forma se le notificar\u00e1 autom\u00e1ticamente si se produce una alarma en el dispositivo y puede realizar una acci\u00f3n inmediata, incluso si no est\u00e1 controlando activamente el sistema en ese momento.<\/p>\n<p class=\"ql-align-justify\"><strong>Nota: DDN-3532-200N00 Grabador 32 canales, sin HDD<\/strong><\/p>\n<p class=\"ql-align-justify\"><strong>Grabador de alta resoluci\u00f3n para los sistemas de vigilancia en red. Grabador de 32 canales sin unidad de disco duro.<\/strong><\/p>\n<p class=\"ql-align-justify\"><strong>N\u00famero de pedido: DDN-3532-200N00.<\/strong><\/p>\n<p class=\"ql-align-justify\"><strong>Principales caracter\u00edsticas<\/strong><\/p>\n<ul>\n<li class=\"ql-align-justify\">32 canales IP con 320 Mbps de ancho de banda entrante.<\/li>\n<li class=\"ql-align-justify\">Compatibilidad con c\u00e1maras IP de 12MP para visualizar y reproducir im\u00e1genes.<\/li>\n<li class=\"ql-align-justify\">Visualizaci\u00f3n en directo y en tiempo real de 16 canales 1080p o 4 canales 4k.<\/li>\n<li class=\"ql-align-justify\">Dise\u00f1o elegante, compacto y robusto.<\/li>\n<li class=\"ql-align-justify\">Redes de Internet y de c\u00e1maras IP independientes.<\/li>\n<\/ul>\n<p class=\"ql-align-justify\"><strong>Especificaciones<\/strong><\/p>\n<p class=\"ql-align-justify\"><strong>Alimentaci\u00f3n<\/strong><\/p>\n<ul>\n<li class=\"ql-align-justify\">Entrada de CA del adaptador de corriente externa (sin PoE): De 100 a 240 VCA, 50-60 Hz, 1,5 A.<\/li>\n<li class=\"ql-align-justify\">Entrada de CA (con PoE): De 100 a 240 VCA, 50-60 Hz, 3,5 A.<\/li>\n<li class=\"ql-align-justify\">Bater\u00eda RTC en PCB principal Litio CR2032, 3 V CC.<\/li>\n<li class=\"ql-align-justify\">Salida de CC del adaptador de corriente (sin PoE) 12 VCC, 5 A.<\/li>\n<li class=\"ql-align-justify\">Entrada de alimentaci\u00f3n del DVR (sin PoE) 12 VCC.<\/li>\n<li class=\"ql-align-justify\">Consumo m\u00e1ximo de energ\u00eda principal (sin unidad de disco duro) 8,7 W sin PoE 15,2 W con PoE.<\/li>\n<li class=\"ql-align-justify\">Consumo m\u00e1ximo de energ\u00eda de conmutador de PoE+ 115 W.<\/li>\n<li class=\"ql-align-justify\">Consumo m\u00e1ximo de energ\u00eda (por puerto de PoE+) 25,5 W.<\/li>\n<\/ul>\n<p class=\"ql-align-justify\"><strong>Mec\u00e1nicas<\/strong><\/p>\n<ul>\n<li class=\"ql-align-justify\">Dimensiones (An. x Pr. x Al.): 375 x 323 x 53 mm (14,8 x 12,7 x 2,1 pulg.).<\/li>\n<li class=\"ql-align-justify\">Peso con conmutador PoE (sin incluir DVD ni unidades de disco duro) 4,2 kg (9,3 lb) aproximadamente.<\/li>\n<li class=\"ql-align-justify\">Peso sin conmutador PoE (sin incluir DVD ni unidades de disco duro) 3,8 kg (8,4 lb) aproximadamente.<\/li>\n<\/ul>\n<p class=\"ql-align-justify\"><strong>Ambientales<\/strong><\/p>\n<ul>\n<li class=\"ql-align-justify\">Temperatura de funcionamiento (discos duros y DVD incluidos): De 0 \u00b0C a +40 \u00b0C (de +32 \u00b0F a +104 \u00b0F).<\/li>\n<li class=\"ql-align-justify\">Temperatura de almacenamiento: De -40 \u00b0C a +70 \u00b0C (de -40 \u00b0F a +158 \u00b0F).<\/li>\n<li class=\"ql-align-justify\">Humedad en funcionamiento: De &lt;93% sin condensaci\u00f3n.<\/li>\n<li class=\"ql-align-justify\">Humedad en almacenamiento: De &lt;95% sin condensaci\u00f3n.<\/li>\n<\/ul>\n<p class=\"ql-align-justify\"><strong>Almacenamiento de v\u00eddeo<\/strong><\/p>\n<ul>\n<li class=\"ql-align-justify\">Opciones de almacenamiento interno M\u00e1x. 2 discos duros SATA o 1 disco duro SATA + 1 DVD (R\/RW) Capacidad m\u00e1x. por disco duro: 6 TB Velocidad m\u00e1xima permitida por disco duro: 6 Gb\/s.<\/li>\n<\/ul>\n<p class=\"ql-align-justify\"><strong>Alarmas y detecciones<\/strong><\/p>\n<ul>\n<li class=\"ql-align-justify\">Detecci\u00f3n de movimiento establecida por la c\u00e1mara Essential o Intelligent Video Analytics (IVA), Motion +.<\/li>\n<li class=\"ql-align-justify\">Activaciones de alarmas P\u00e9rdida de v\u00eddeo, detecci\u00f3n de movimiento, alarma de entrada, alarma del sistema.<\/li>\n<li class=\"ql-align-justify\">Eventos activados por alarma Grabaci\u00f3n, movimiento PTZ, salida de alarma, correo electr\u00f3nico, zumbador, mensaje en pantalla, monitores A y B activados, notificaciones push en el m\u00f3vil.<\/li>\n<li class=\"ql-align-justify\">Entradas 4 entradas configurables NA\/NC, tensi\u00f3n de entrada m\u00e1xima de 5 V CC.<\/li>\n<li class=\"ql-align-justify\">Salidas 2 salidas de rel\u00e9 Contacto de rel\u00e9 Tensi\u00f3n nominal m\u00e1xima de 30 V CC, 2 A continua o 125 V CA, 1 A (activado).<\/li>\n<\/ul>\n<p class=\"ql-align-justify\"><strong>Exportaci\u00f3n DVD (opcional)<\/strong><\/p>\n<ul>\n<li class=\"ql-align-justify\">Grabador de DVD+R\/RW integrado.<\/li>\n<li class=\"ql-align-justify\">USB Memoria flash o unidad de disco duro externa (FAT32).<\/li>\n<li class=\"ql-align-justify\">Red Software de cliente web o Video Client.<\/li>\n<\/ul>\n<p class=\"ql-align-justify\"><strong>Reproducci\u00f3n<\/strong><\/p>\n<ul>\n<li class=\"ql-align-justify\">Multicanal 1, 4, 9 o 16 canales simult\u00e1neos.<\/li>\n<li class=\"ql-align-justify\">Modo Hacia adelante, hacia atr\u00e1s, reproducci\u00f3n lenta, reproducci\u00f3n r\u00e1pida, fotograma a fotograma.<\/li>\n<li class=\"ql-align-justify\">B\u00fasqueda Tiempo, canal, tipo, inteligente Red Video Client, aplicaci\u00f3n Web Client.<\/li>\n<li class=\"ql-align-justify\">Restricci\u00f3n: Restricci\u00f3n de la visualizaci\u00f3n del v\u00eddeo mediante permisos de usuario.<\/li>\n<li class=\"ql-align-justify\">Protecci\u00f3n: Protecci\u00f3n del v\u00eddeo frente a sobrescritura.<\/li>\n<li class=\"ql-align-justify\">Tiempo de retenci\u00f3n: Eliminaci\u00f3n autom\u00e1tica de las grabaciones despu\u00e9s de un per\u00edodo de entre 1 y 365 d\u00edas.<\/li>\n<\/ul>\n<p class=\"ql-align-justify\"><strong>Grabaci\u00f3n<\/strong><\/p>\n<ul>\n<li class=\"ql-align-justify\">Compresi\u00f3n de descodificaci\u00f3n H.265\/H.264\/MJPEG.<\/li>\n<li class=\"ql-align-justify\">Velocidad 60 IPS por canal como m\u00e1ximo (configurable).<\/li>\n<li class=\"ql-align-justify\">Tasa de bits De 16 Kbps a 24 Mbps por canal.<\/li>\n<li class=\"ql-align-justify\">Intervalo de grabaci\u00f3n 1~120 min (predeterminado: 60 min), grabaci\u00f3n previa: 1~30 s, grabaci\u00f3n posterior: 10~300 s.<\/li>\n<li class=\"ql-align-justify\">Modo Manual, programado (normal, detecci\u00f3n de movimiento, alarma), detenido.<\/li>\n<li class=\"ql-align-justify\">Resoluci\u00f3n de la c\u00e1mara IP: 12MP, 8MP, 6MP, 5MP, 3MP, 1,3MP, 1080p, 720.<\/li>\n<\/ul>\n<p class=\"ql-align-justify\"><strong>Controlador de red<\/strong><\/p>\n<ul>\n<li class=\"ql-align-justify\">Ethernet: Puerto RJ45 (10\/100\/1000 Mbps).<\/li>\n<li class=\"ql-align-justify\">Software de PC: Video Client, Web Client Aplicaciones iPhone, Android.<\/li>\n<li class=\"ql-align-justify\">Acceso de usuarios M\u00e1ximo: 128 usuarios. Bosch recomienda 4 conexiones simult\u00e1neas como m\u00e1ximo. M\u00e1s conexiones pueden provocar limitaciones en el rendimiento.<\/li>\n<li class=\"ql-align-justify\">Protocolos: HTTP, HTTPS, TCP\/IP, IPv4\/IPv6, UPnP, RTSP, UDP, SMTP, NTP, DHCP, DNS\/DDNS, filtro de IP, PPPoE, FTP.<\/li>\n<\/ul>\n<p class=\"ql-align-justify\"><strong>Rendimiento de v\u00eddeo<\/strong><\/p>\n<ul>\n<li class=\"ql-align-justify\">M\u00e1ximo de canales de c\u00e1maras IP 32.<\/li>\n<li class=\"ql-align-justify\">Ancho de banda entrante m\u00e1ximo 320 Mbps.<\/li>\n<li class=\"ql-align-justify\">Ancho de banda de transmisi\u00f3n m\u00e1ximo 320 Mbps.<\/li>\n<li class=\"ql-align-justify\">Ancho de banda de grabaci\u00f3n m\u00e1x. 320 Mbps.<\/li>\n<\/ul>\n<p class=\"ql-align-justify\"><strong>Pantalla<\/strong><\/p>\n<ul>\n<li class=\"ql-align-justify\">Resoluci\u00f3n: 3840\u00d72160, 1920\u00d71080, 1280\u00d71024, 1280\u00d7720, 1024\u00d7768.<\/li>\n<li class=\"ql-align-justify\">OSD Nombre de la c\u00e1mara, hora, p\u00e9rdida de v\u00eddeo, detecci\u00f3n de movimiento, grabaci\u00f3n, PTZ.<\/li>\n<\/ul>\n<p class=\"ql-align-justify\"><strong>Audio<\/strong><\/p>\n<ul>\n<li class=\"ql-align-justify\">Entrada de MIC 1 canal (a trav\u00e9s de RCA) de 200 a 3000 mV, 10 kilohmios.<\/li>\n<li class=\"ql-align-justify\">Salida 1 canal (a trav\u00e9s de RCA) de 200 a 3000 mV, 5 kilohmios.<\/li>\n<li class=\"ql-align-justify\">Direcci\u00f3n Bidireccional (entrada y salida de audio conectada a trav\u00e9s del dispositivo).<\/li>\n<\/ul>\n<p><img decoding=\"async\" class=\"overview-center-img- aligncenter\" src=\"https:\/\/tvc.mx\/media\/15643\/Logoopaginas-oficial.png\" alt=\"\" \/><\/p>\n","protected":false},"excerpt":{"rendered":"<p>DDN-3532-200N00 Grabador 32 canales, sin HDD Puede conectar este grabador a un m\u00e1ximo de 32 c\u00e1maras IP que usen la \u00faltima tecnolog\u00eda de v\u00eddeo de alta resoluci\u00f3n H265\/H264 y t\u00e9cnicas de compresi\u00f3n de vanguardia.\u00a0Estas avanzadas tecnolog\u00edas, junto con una transmisi\u00f3n de datos de red eficiente,&hellip;<\/p>\n","protected":false},"featured_media":7655,"comment_status":"open","ping_status":"closed","template":"","meta":{"om_disable_all_campaigns":false,"_monsterinsights_skip_tracking":false,"_monsterinsights_sitenote_active":false,"_monsterinsights_sitenote_note":"","_monsterinsights_sitenote_category":0},"product_brand":[],"product_cat":[700],"product_tag":[613,611,612,616,615,610,614,617],"class_list":{"0":"post-7656","1":"product","2":"type-product","3":"status-publish","4":"has-post-thumbnail","6":"product_cat-nvrs-de-32-canales-nvrs-bosch-video-vigilancia","7":"product_tag-bosch","8":"product_tag-manhattan","9":"product_tag-saxxon","10":"product_tag-surveon","11":"product_tag-utepo","12":"product_tag-videovigilancia","13":"product_tag-vivotek","14":"product_tag-zteco","16":"first","17":"instock","18":"sale","19":"taxable","20":"shipping-taxable","21":"purchasable","22":"product-type-simple"},"aioseo_notices":[],"_links":{"self":[{"href":"https:\/\/tecsecmty.com\/index.php\/wp-json\/wp\/v2\/product\/7656","targetHints":{"allow":["GET"]}}],"collection":[{"href":"https:\/\/tecsecmty.com\/index.php\/wp-json\/wp\/v2\/product"}],"about":[{"href":"https:\/\/tecsecmty.com\/index.php\/wp-json\/wp\/v2\/types\/product"}],"replies":[{"embeddable":true,"href":"https:\/\/tecsecmty.com\/index.php\/wp-json\/wp\/v2\/comments?post=7656"}],"version-history":[{"count":0,"href":"https:\/\/tecsecmty.com\/index.php\/wp-json\/wp\/v2\/product\/7656\/revisions"}],"wp:featuredmedia":[{"embeddable":true,"href":"https:\/\/tecsecmty.com\/index.php\/wp-json\/wp\/v2\/media\/7655"}],"wp:attachment":[{"href":"https:\/\/tecsecmty.com\/index.php\/wp-json\/wp\/v2\/media?parent=7656"}],"wp:term":[{"taxonomy":"product_brand","embeddable":true,"href":"https:\/\/tecsecmty.com\/index.php\/wp-json\/wp\/v2\/product_brand?post=7656"},{"taxonomy":"product_cat","embeddable":true,"href":"https:\/\/tecsecmty.com\/index.php\/wp-json\/wp\/v2\/product_cat?post=7656"},{"taxonomy":"product_tag","embeddable":true,"href":"https:\/\/tecsecmty.com\/index.php\/wp-json\/wp\/v2\/product_tag?post=7656"}],"curies":[{"name":"wp","href":"https:\/\/api.w.org\/{rel}","templated":true}]}}