{"id":7660,"date":"2023-02-23T16:16:16","date_gmt":"2023-02-23T22:16:16","guid":{"rendered":"https:\/\/tecsecmty.com\/index.php\/producto\/bosch-v_dip304000n-divar-para-32-canales-hasta-cuatro-bahias-para-disco-duro\/"},"modified":"2023-03-22T23:21:44","modified_gmt":"2023-03-23T05:21:44","slug":"bosch-v_dip304000n-divar-para-32-canales-hasta-cuatro-bahias-para-disco-duro","status":"publish","type":"product","link":"https:\/\/tecsecmty.com\/index.php\/producto\/bosch-v_dip304000n-divar-para-32-canales-hasta-cuatro-bahias-para-disco-duro\/","title":{"rendered":"BOSCH V_DIP304000N &#8211; DIVAR Para 32 canales \/ Hasta cuatro bahias para disco duro"},"content":{"rendered":"<p><img fetchpriority=\"high\" decoding=\"async\" class=\"aligncenter\" src=\"http:\/\/soporte.tvc.mx\/Ingenieria\/BOSCH\/BANNER\/ALLTECH.jpg\" alt=\"\" width=\"734\" height=\"187\" \/><\/p>\n<p>&nbsp;<\/p>\n<p>&nbsp;<\/p>\n<p>El dispositivo DIVAR IP 3000 es una soluci\u00f3n todo en uno asequible y f\u00e1cil de utilizar de grabaci\u00f3n, visualizaci\u00f3n y gesti\u00f3n para sistemas de vigilancia en red de hasta 32 canales (todos los canales disponen de licencia activa). La soluci\u00f3n Bosch Video Management System con tecnolog\u00eda Bosch Video Recording Manager y Video Streaming Gateway sirve para integrar c\u00e1maras de otros fabricantes, es un dispositivo de almacenamiento IP inteligente que elimina la necesidad de disponer de hardware de almacenamiento y un servidor para videograbadores de red (NVR) independientes. Por lo tanto, reduce el coste total de propiedad en hasta un 45% y proporciona una soluci\u00f3n de gesti\u00f3n de v\u00eddeo profesional f\u00e1cil de usar. El sistema DIVAR IP 3000 es una unidad minitorre de 4 m\u00f3dulos que combina gesti\u00f3n avanzada y gesti\u00f3n vanguardista de grabaciones en un \u00fanico dispositivo de grabaci\u00f3n IP plug and play. Este sistema est\u00e1 dise\u00f1ado para clientes centrados en la TI que buscan una soluci\u00f3n de grabaci\u00f3n DVR y NVR vanguardista de \u00absegunda generaci\u00f3n\u00bb.<\/p>\n<p>&nbsp;<\/p>\n<p><strong>Resumen del sistema:<\/strong><\/p>\n<p>El dispositivo DIVAR IP 3000 utiliza un dise\u00f1o integrado de alta eficiencia energ\u00e9tica con un precio muy asequible y que ofrece la calidad inigualable de Bosch en cada uno de sus componentes. Es un sistema de f\u00e1cil instalaci\u00f3n y manejo que puede ajustarse mediante un asistente y dispone de configuraci\u00f3n centralizada para reducir los tiempos de instalaci\u00f3n en hasta un 45%. Todos los componentes se encuentran preinstalados y cuentan con licencia previa. El sistema DIVAR IP est\u00e1 listo para utilizarse desde el primer momento, solo tendr\u00e1 que conectarlo a la red y encenderlo. Bosch Video Management System gestiona enteramente todos los sistemas de audio y v\u00eddeo digitales e IP, adem\u00e1s de todos los datos de seguridad que se transmiten a trav\u00e9s de su red IP. Combina perfectamente c\u00e1maras IP y codificadores, proporciona gesti\u00f3n de alarmas y eventos del sistema, control del estado del sistema y gesti\u00f3n de prioridad y usuario.<\/p>\n<p><strong>Funciones b\u00e1sicas:<\/strong><\/p>\n<p>DIVAR IP 3000 dispone de discos duros SATA-II reemplazables desde la parte frontal que proporcionan 8 TB de capacidad de almacenamiento bruto. Todo el software del sistema est\u00e1 preinstalado y preactivado, lo que lo convierte en un dispositivo de gesti\u00f3n de v\u00eddeo listo para usar. DIVAR IP 3000 utiliza Microsoft Windows Storage Server 2008 R2 (64 bits).<\/p>\n<p><strong>Acceso inmediato en tiempo real a v\u00eddeo.<\/strong><\/p>\n<p>Disfrute de v\u00eddeo HD de alta calidad aunque la conexi\u00f3n de ancho de banda sea baja o limitada. La tecnolog\u00eda de Dynamic Transcoding garantiza una correcta visualizaci\u00f3n de sus v\u00eddeos de inmediato, en cualquier momento o lugar. La Dynamic Transcoding recupera los datos del sistema DIVAR IP y, posteriormente, descodifica y descomprime el flujo de datos en un flujo de bits reducido adecuado al ancho de banda de la conexi\u00f3n. Cuando el v\u00eddeo est\u00e1 en pausa, la funci\u00f3n de mejora instant\u00e1nea de los detalles muestra el v\u00eddeo en Full HD.<\/p>\n<p><strong>Gesti\u00f3n<\/strong><\/p>\n<p>Una vez iniciado el sistema, dispondr\u00e1 de acceso inmediato a la aplicaci\u00f3n de gesti\u00f3n Bosch VMS mediante una interfaz de usuario personalizada. La capacidad de utilizar una interfaz de usuario central para configurar y gestionar operaciones reduce los requisitos de instalaci\u00f3n y formaci\u00f3n, y ayuda a mantener unos costes bajos de la gesti\u00f3n del sistema.<\/p>\n<p><strong>Visualizaci\u00f3n remota<\/strong><\/p>\n<p>Para la visi\u00f3n remota de un solo sistema DIVAR IP, se incluye Bosch VMS Operator Client. Para varios sistemas, puede agregarlos a Bosch VMS Enterprise Management Server. De forma alternativa, puede utilizar Video Client para visualizar v\u00eddeos o como soluci\u00f3n de gesti\u00f3n de v\u00eddeo b\u00e1sica sin necesidad de licencias adicionales.<\/p>\n<p>&nbsp;<\/p>\n<p><strong>Nota:\u00a0DIVAR IP 3000, sin disco duro<\/strong>\u00a0Soluci\u00f3n de gesti\u00f3n, grabaci\u00f3n y visualizaci\u00f3n todo en uno para sistemas de vigilancia en red de hasta 32 canales, sin disco duro\u00a0<strong>N\u00famero de pedido: DIP-3040-00N.<\/strong><\/p>\n<p><strong>\u00a0<\/strong><\/p>\n<div class=\"overlayR col5 bgTransWhte80\">\n<div class=\"txtSection\">\n<p>&nbsp;<\/p>\n<p>&nbsp;<\/p>\n<p><strong>Principalaes Caracter\u00edsticas:<\/strong><\/div>\n<ul>\n<li class=\"txtSection\">Soluci\u00f3n de gesti\u00f3n integral de v\u00eddeo con todas las funciones para un m\u00e1ximo de 32 canales.<\/li>\n<li class=\"txtSection\">Soluci\u00f3n de grabaci\u00f3n de v\u00eddeo IP lista para usar con una capacidad de almacenamiento de 8 TB (4 unidades de 2 TB) preinstalada.<\/li>\n<li class=\"txtSection\">Funcionamiento fiable y seguro con acceso instant\u00e1neo al v\u00eddeo en tiempo real.<\/li>\n<li class=\"txtSection\">Acceso inmediato a lo que se est\u00e1 buscando.<\/li>\n<li class=\"txtSection\">Gesti\u00f3n avanzada de alarmas y usuarios.<\/li>\n<\/ul>\n<div class=\"txtSection\"><\/div>\n<div class=\"txtSection\"><\/div>\n<div class=\"txtSection\"><strong>Especificaciones:<\/strong><\/div>\n<div class=\"txtSection\">\n<ul>\n<li>Fuente de alimentaci\u00f3n 220 W (100\/240 VAC).<\/li>\n<li>Rendimiento energ\u00e9tico Fuente de alimentaci\u00f3n compatible con Energy Star.<\/li>\n<li>Consumo de energ\u00eda (sin discos duros) 82 W max41 W inactivo.<\/li>\n<li>Consumo de energ\u00eda (4 discos duros en funcionamiento) 114 W aprox.<\/li>\n<li>Mec\u00e1nico<\/li>\n<li>Mini torre de 4 bah\u00edas de forma.<\/li>\n<li>Fuente de alimentaci\u00f3n 1 x fuente de alimentaci\u00f3n interna.<\/li>\n<li>Puerto USB 4 x USB 2.0, 1 puerto USB 3.0<\/li>\n<li>Red 1 x LAN Gigabit Ethernet.<\/li>\n<li>Dimensiones (An x Al x P) 180 x 200 x 212 mm (7,09 x 7,87 x 8,35 pulgadas).<\/li>\n<li>Peso 4,65 kg (10,25 lb).<\/li>\n<li>Ambiental<\/li>\n<li>Temperatura de funcionamiento +10 \u00b0 C a +35 \u00b0 C (+50 \u00b0 F a +95 \u00b0 F).<\/li>\n<li>Temperatura fuera de servicio -40 \u00b0 C a +70 \u00b0 C (-40 \u00b0 F a +158 \u00b0 F).<\/li>\n<\/ul>\n<p><strong>\u00a0<\/strong><\/p>\n<p><strong>\u00a0<\/strong><\/p>\n<p><strong>\u00a0<\/strong><\/p>\n<\/div>\n<\/div>\n","protected":false},"excerpt":{"rendered":"<p>&nbsp; &nbsp; El dispositivo DIVAR IP 3000 es una soluci\u00f3n todo en uno asequible y f\u00e1cil de utilizar de grabaci\u00f3n, visualizaci\u00f3n y gesti\u00f3n para sistemas de vigilancia en red de hasta 32 canales (todos los canales disponen de licencia activa). La soluci\u00f3n Bosch Video Management&hellip;<\/p>\n","protected":false},"featured_media":7659,"comment_status":"open","ping_status":"closed","template":"","meta":{"om_disable_all_campaigns":false,"_monsterinsights_skip_tracking":false,"_monsterinsights_sitenote_active":false,"_monsterinsights_sitenote_note":"","_monsterinsights_sitenote_category":0},"product_brand":[],"product_cat":[700],"product_tag":[613,611,612,616,615,610,614,617],"class_list":{"0":"post-7660","1":"product","2":"type-product","3":"status-publish","4":"has-post-thumbnail","6":"product_cat-nvrs-de-32-canales-nvrs-bosch-video-vigilancia","7":"product_tag-bosch","8":"product_tag-manhattan","9":"product_tag-saxxon","10":"product_tag-surveon","11":"product_tag-utepo","12":"product_tag-videovigilancia","13":"product_tag-vivotek","14":"product_tag-zteco","16":"first","17":"instock","18":"sale","19":"taxable","20":"shipping-taxable","21":"purchasable","22":"product-type-simple"},"aioseo_notices":[],"_links":{"self":[{"href":"https:\/\/tecsecmty.com\/index.php\/wp-json\/wp\/v2\/product\/7660","targetHints":{"allow":["GET"]}}],"collection":[{"href":"https:\/\/tecsecmty.com\/index.php\/wp-json\/wp\/v2\/product"}],"about":[{"href":"https:\/\/tecsecmty.com\/index.php\/wp-json\/wp\/v2\/types\/product"}],"replies":[{"embeddable":true,"href":"https:\/\/tecsecmty.com\/index.php\/wp-json\/wp\/v2\/comments?post=7660"}],"version-history":[{"count":0,"href":"https:\/\/tecsecmty.com\/index.php\/wp-json\/wp\/v2\/product\/7660\/revisions"}],"wp:featuredmedia":[{"embeddable":true,"href":"https:\/\/tecsecmty.com\/index.php\/wp-json\/wp\/v2\/media\/7659"}],"wp:attachment":[{"href":"https:\/\/tecsecmty.com\/index.php\/wp-json\/wp\/v2\/media?parent=7660"}],"wp:term":[{"taxonomy":"product_brand","embeddable":true,"href":"https:\/\/tecsecmty.com\/index.php\/wp-json\/wp\/v2\/product_brand?post=7660"},{"taxonomy":"product_cat","embeddable":true,"href":"https:\/\/tecsecmty.com\/index.php\/wp-json\/wp\/v2\/product_cat?post=7660"},{"taxonomy":"product_tag","embeddable":true,"href":"https:\/\/tecsecmty.com\/index.php\/wp-json\/wp\/v2\/product_tag?post=7660"}],"curies":[{"name":"wp","href":"https:\/\/api.w.org\/{rel}","templated":true}]}}