{"id":7664,"date":"2023-02-23T16:16:19","date_gmt":"2023-02-23T22:16:19","guid":{"rendered":"https:\/\/tecsecmty.com\/index.php\/producto\/vivotek-nd9542p-grabador-nvr-32-canales16-puertos-poe-4-bahias-deep-search-smart-vca-search-ciberseguridad-trend-micro-salida-hdmi-4k-centralizacion-con-vast-2-vss-grabacion-de-192mbps-ges\/"},"modified":"2023-03-22T23:24:47","modified_gmt":"2023-03-23T05:24:47","slug":"vivotek-nd9542p-grabador-nvr-32-canales16-puertos-poe-4-bahias-deep-search-smart-vca-search-ciberseguridad-trend-micro-salida-hdmi-4k-centralizacion-con-vast-2-vss-grabacion-de-192mbps-ges","status":"publish","type":"product","link":"https:\/\/tecsecmty.com\/index.php\/producto\/vivotek-nd9542p-grabador-nvr-32-canales16-puertos-poe-4-bahias-deep-search-smart-vca-search-ciberseguridad-trend-micro-salida-hdmi-4k-centralizacion-con-vast-2-vss-grabacion-de-192mbps-ges\/","title":{"rendered":"VIVOTEK ND9542P &#8211; Grabador NVR 32 Canales,16 Puertos PoE, 4 Bahias, Deep Search, Smart VCA Search, Ciberseguridad Trend Micro, Salida HDMI 4K, Centralizacion con VAST 2, VSS, Grabacion de 192Mbps, Gesti\u00f3n PoE, ONVIF, NDAA"},"content":{"rendered":"<div class=\"row aling-items-center padding-bottom-2x\">\n<div class=\"col-lg-12\">\n<h5 class=\"card-title text-center\">Informaci\u00f3n general<\/h5>\n<p class=\"ql-align-justify\">El ND9442P\/ND9542P de VIVOTEK es un NVR aut\u00f3nomo basado en Linux H.265 con PoE integrado. Equipado para hasta 16-CH o 32-CH c\u00e1maras de red. El NVR soporta 16x 802.3 at\/af PoE 802.3 at\/af. El NVR muestra la informaci\u00f3n de alimentaci\u00f3n PoE, lo que permite una instalaci\u00f3n m\u00e1s c\u00f3moda e inteligente.<\/p>\n<p class=\"ql-align-justify\">El NVR tambi\u00e9n admite acceso remoto y m\u00f3vil a trav\u00e9s de las aplicaciones VIVOCloud e iViewer para dispositivos de mano iOS y Android. iOS y Android. La aplicaci\u00f3n VIVOCloud proporciona notificaciones push instant\u00e1neas y funciones de reproducci\u00f3n directa de v\u00eddeo cuando se activa por una notificaci\u00f3n de alarma, proporcionando a los usuarios un NVR flexible e inteligente para un uso sin problemas en aplicaciones de videovigilancia peque\u00f1as y medianas.<\/p>\n<p class=\"ql-align-justify\">Con tecnolog\u00eda de compresi\u00f3n H.265 e integrado con 4 discos duros que proporcionan hasta 32 TB de espacio de almacenamiento, el NVR ofrece m\u00e1s de un 30% m\u00e1s de capacidad de grabaci\u00f3n que los sistemas H.264. Este avance de Este avance proporciona a los usuarios m\u00e1s espacio de almacenamiento para grabaciones de v\u00eddeo de mayor duraci\u00f3n.<\/p>\n<p class=\"ql-align-justify\">Para obtener im\u00e1genes de alta calidad y detalle, el NVR admite una resoluci\u00f3n m\u00e1xima de c\u00e1mara de red de 4K y 8 megap\u00edxeles. Adem\u00e1s, el NVR es compatible con la funci\u00f3n \u00abFisheye Dewarp\u00bb de VIVOTEK para c\u00e1maras de red con ojo de pez, a trav\u00e9s de una consola local o web, que proporciona m\u00faltiples modos de desobstrucci\u00f3n en vista en vivo y reproducci\u00f3n, asegurando el \u00e1ngulo correcto de visi\u00f3n de v\u00eddeo e informaci\u00f3n detallada para un uso flexible. Por \u00faltimo, para encontrar de forma r\u00e1pida e intuitiva cualquier evento objetivo, el NVR est\u00e1 equipado con la funci\u00f3n de \u00abb\u00fasqueda de metadatos\u00bb, que permite echar un vistazo a las grabaciones pasadas a trav\u00e9s de una intuitiva intuitiva.<\/p>\n<p class=\"ql-align-justify\">El NVR admite salida de v\u00eddeo local HDMI y VGA, por lo que los usuarios pueden controlar la interfaz GUI OSD mediante rat\u00f3n y teclado, eliminando la necesidad de un PC independiente para buscar v\u00eddeo o reproducirlo desde el NVR. Adem\u00e1s, el dise\u00f1o intuitivo y amigable de la interfaz gr\u00e1fica de VIVOTEK ofrece a los usuarios una experiencia de control fluida experiencia de control.<\/p>\n<p><strong>Caracter\u00edsticas principales<\/strong><\/p>\n<ul>\n<li>1080P 360 fps con Tecnolog\u00eda de Compresi\u00f3n H.265<\/li>\n<li>Compatible con c\u00e1maras de hasta 20MP<\/li>\n<li>Pantalla 4K para el monitoreo claro y detallado<\/li>\n<li>Deep Search (B\u00fasqueda de atributos, B\u00fasqueda de escenas)<\/li>\n<li>C\u00e1mara VIVOTEK Smart VCA con soporte para la b\u00fasqueda y grabaci\u00f3n de eventos<\/li>\n<li>802.3at\/af compatibles con puertos PoE<\/li>\n<li>Soporta RAID 0, 1 , 5 para evitar p\u00e9rdida de datos de grabaci\u00f3n<\/li>\n<li>Entrada de alarma *16, Salida de alarma *8<\/li>\n<li>Seguridad Trend Micro IoT &amp; Administraci\u00f3n de Ciberseguridad<\/li>\n<li>VIVOCloud App &amp; VAST 2 y VSS (pr\u00f3ximamente)<\/li>\n<li>Hecho en Taiw\u00e1n<\/li>\n<\/ul>\n<p><img decoding=\"async\" class=\"overview-center-img-web\" src=\"https:\/\/tvc.mx\/media\/688917\/vivotek-grabador-de-video-en-red-32-canales-ip-16-puertos-poe-nd9542p-banner.png\" alt=\"\" \/><\/div>\n<\/div>\n<div class=\"row align-items-center padding-bottom-2x\">\n<div class=\"col-md-5 order-md-2\"><img decoding=\"async\" class=\"d-block m-auto img-thumbnail\" src=\"https:\/\/tvc.mx\/media\/690557\/vivotek-grabador-de-video-en-red-32-canales-ip-16-puertos-poe-nd9542p-sistema-core-%2B-con-ia.png\" alt=\" \" \/><\/div>\n<div class=\"col-md-7 order-md-1 text-md-left text-center\">\n<h2>Firmware NVR de \u00faltima generaci\u00f3n: Core+AI<\/h2>\n<p class=\"text-muted\">\n<p class=\"ql-align-justify\">El firmware Core+ AI lleva a Core+ a un nivel superior. Los Core+ AI NVR est\u00e1n potenciados con Deep Search, utilizando AI para proporcionar la experiencia de usuario de b\u00fasqueda de evidencia m\u00e1s r\u00e1pida, inteligente y eficiente. Las c\u00e1maras VIVOTEK habilitadas con Vision Object Analytics proporcionan los metadatos usados por la IA de Deep Search. La b\u00fasqueda profunda se compone de dos funciones principales: b\u00fasqueda de atributos y b\u00fasqueda de escenas.<\/p>\n<p>&nbsp;<\/p>\n<\/div>\n<\/div>\n<hr class=\"padding-bottom-2x\" \/>\n<div class=\"row align-items-center padding-bottom-2x\">\n<div class=\"col-md-5\"><img decoding=\"async\" class=\"d-block m-auto img-thumbnail\" src=\"https:\/\/tvc.mx\/media\/690852\/vivotek-grabador-de-video-en-red-32-canales-ip-16-puertos-poe-nd9542p-sistema-core-%2B-con-ia-busqueda-escenas.png\" alt=\" \" \/><\/div>\n<div class=\"col-md-7 text-md-left text-center\">\n<h2>Deep Search: B\u00fasqueda de atributos<\/h2>\n<p class=\"text-muted\">\n<p class=\"ql-align-justify\">La b\u00fasqueda de atributos utiliza personas y veh\u00edculos como criterios de b\u00fasqueda utilizando m\u00faltiples caracter\u00edsticas (p. ej., sexo, grupo de edad, color de la ropa o del autom\u00f3vil, tipo de veh\u00edculo, etc.) para encontrar de manera r\u00e1pida y precisa a la persona o el veh\u00edculo de inter\u00e9s.<\/p>\n<p>&nbsp;<\/p>\n<\/div>\n<\/div>\n<hr class=\"padding-bottom-2x\" \/>\n<div class=\"row align-items-center padding-bottom-2x\">\n<div class=\"col-md-5 order-md-2\"><img decoding=\"async\" class=\"d-block m-auto img-thumbnail\" src=\"https:\/\/tvc.mx\/media\/690762\/vivotek-grabador-de-video-en-red-32-canales-ip-16-puertos-poe-nd9542p-sistema-core-%2B-con-ia-busqueda-escenas.png\" alt=\" \" \/><\/div>\n<div class=\"col-md-7 order-md-1 text-md-left text-center\">\n<h2>Deep Search: B\u00fasqueda de escenas<\/h2>\n<p class=\"text-muted\">\n<p>La b\u00fasqueda de escena permite a los usuarios buscar im\u00e1genes de video de una c\u00e1mara espec\u00edfica mediante detecci\u00f3n de cruce de l\u00ednea, detecci\u00f3n de intrusi\u00f3n o detecci\u00f3n de merodeo.<\/p>\n<p>&nbsp;<\/p>\n<\/div>\n<\/div>\n<hr class=\"padding-bottom-2x\" \/>\n<div class=\"row align-items-center padding-bottom-2x\">\n<div class=\"col-md-5\"><img decoding=\"async\" class=\"d-block m-auto img-thumbnail\" src=\"https:\/\/tvc.mx\/media\/690857\/download.png\" alt=\" \" \/><\/div>\n<div class=\"col-md-7 text-md-left text-center\">\n<h2>B\u00fasqueda de eventos con Smart VCA<\/h2>\n<p class=\"text-muted\">\n<p>El ND9542P es compatible con la administraci\u00f3n de alarmas y la b\u00fasqueda de eventos con la tecnolog\u00eda Deep Learning de VIVOTEK y Smart VCA. El usuario puede buscar por uno o varios tipos de eventos, reproducir eventos de alarmas y tambi\u00e9n exportar los videos de la b\u00fasqueda.<\/p>\n<p>*Requiere c\u00e1maras habilitadas para Smart VCA<\/p>\n<p>&nbsp;<\/p>\n<\/div>\n<\/div>\n<hr class=\"padding-bottom-2x\" \/>\n<div class=\"row align-items-center padding-bottom-2x\">\n<div class=\"col-md-5 order-md-2\"><img decoding=\"async\" class=\"d-block m-auto img-thumbnail\" src=\"https:\/\/tvc.mx\/media\/690997\/vivotek-grabador-de-video-en-red-32-canales-ip-16-puertos-poe-nd9542p-sistema-core-%2B-con-ia-busqueda-escenas-resolucion-4k.png\" alt=\" \" \/><\/div>\n<div class=\"col-md-7 order-md-1 text-md-left text-center\">\n<h2>Entrada de video de c\u00e1maras IP 4K y salida de video local de 4K<\/h2>\n<p class=\"text-muted\">\n<p>El ND9542P de VIVOTEK permiten la entrada de video de c\u00e1maras IP de 4K y salida de video local de 4K, por lo que pueden proporcionar a los usuarios una resoluci\u00f3n de video de alta definici\u00f3n asegurando que nunca se pierda un solo detalle en el monitoreo de video y grabaci\u00f3n.<\/p>\n<p>&nbsp;<\/p>\n<\/div>\n<\/div>\n<hr class=\"padding-bottom-2x\" \/>\n<div class=\"row align-items-center padding-bottom-2x\">\n<div class=\"col-md-5\"><img decoding=\"async\" class=\"d-block m-auto img-thumbnail\" src=\"https:\/\/tvc.mx\/media\/691042\/vivotek-grabador-de-video-en-red-32-canales-ip-16-puertos-poe-nd9542p-sistema-core-%2B-con-ia-busqueda-escenas-resolucion-4k-vivocloud.png\" alt=\" \" \/><\/div>\n<div class=\"col-md-7 text-md-left text-center\">\n<h2>Aplicaci\u00f3n VIVOCloud y Portal para vigilancia 24\/7<\/h2>\n<p class=\"text-muted\">\n<p>La app gratuita VIVOCloud hace que la vigilancia sea liviana y port\u00e1til, lo que asegura una operaci\u00f3n eficiente. Gracias a la \u00faltima tecnolog\u00eda P2P que facilita a\u00fan m\u00e1s el acceso remoto, simplemente escaneando el c\u00f3digo QR e instalando la aplicaci\u00f3n, los usuarios pueden ver transmisiones en vivo y reproducir clips grabados con la intuitiva interfaz en cualquier momento y desde cualquier lugar. La funci\u00f3n de notificaciones Push, permite que los usuarios reciban directamente un mensaje de alerta en su dispositivo m\u00f3vil Android \/ iOS y reproduzcan directamente el video para verificar si hay alguna actividad sospechosa.<\/p>\n<p>&nbsp;<\/p>\n<\/div>\n<\/div>\n<hr class=\"padding-bottom-2x\" \/>\n<div class=\"row aling-items-center padding-bottom-2x\">\n<div class=\"col-lg-12\">\n<h5 class=\"card-title text-center\">Lista de unidades de disco duro compatibles<\/h5>\n<p>&nbsp;<\/p>\n<p><img decoding=\"async\" class=\"overview-center-img-web\" src=\"https:\/\/tvc.mx\/media\/691092\/vivotek-grabador-de-video-en-red-32-canales-ip-16-puertos-poe-nd9542p-sistema-core-%2B-con-ia-busqueda-escenas-resolucion-4k-vivocloud-lista-discos-duros-compatibles.png\" alt=\"\" \/><\/div>\n<\/div>\n<div class=\"row align-items-center padding-bottom-2x\">\n<div class=\"col-md-5 order-md-2\"><img decoding=\"async\" class=\"d-block m-auto img-thumbnail\" src=\"https:\/\/tvc.mx\/media\/701767\/dimensiones.PNG\" alt=\" \" \/><\/div>\n<div class=\"col-md-7 order-md-1 text-md-left text-center\">\n<h2>Especificaciones<\/h2>\n<p class=\"text-muted\">\n<ul>\n<li>Formato de video H.265, H.264, MJPEG<\/li>\n<li>Decodificador gr\u00e1fico Decodificaci\u00f3n de hardware<\/li>\n<li>Resoluci\u00f3n de decodificaci\u00f3n Hasta 7680&#215;2560<\/li>\n<li>Capacidad de decodificaci\u00f3n H.265\/H.264:<\/li>\n<\/ul>\n<p>3840&#215;2160 a 90 fps (3 canales)<\/p>\n<p>1920&#215;1080 a 360 fps (12 canales)<\/p>\n<p>&nbsp;<\/p>\n<\/div>\n<\/div>\n<hr class=\"padding-bottom-2x\" \/>\n<div class=\"row align-items-center padding-bottom-2x\">\n<div class=\"col-md-5 order-md-2\"><img decoding=\"async\" class=\"d-block m-auto img-thumbnail\" src=\"https:\/\/tvc.mx\/media\/701802\/incluye.PNG\" alt=\" \" \/><\/div>\n<div class=\"col-md-7 order-md-1 text-md-left text-center\">\n<h2>Incluye<\/h2>\n<p class=\"text-muted\">\n<ul>\n<li>Grabador ND9524P<\/li>\n<li>Mouse<\/li>\n<li>Gomas amortiguadoras<\/li>\n<li>Tornillos para fijar disco duro<\/li>\n<li>Cable de alimentaci\u00f3n 110v<\/li>\n<li>4 cables de datos Sata<\/li>\n<li>2 cables de alimentaci\u00f3n para disco duro<\/li>\n<li>2 soportes met\u00e1licos para disco duro<\/li>\n<\/ul>\n<\/div>\n<\/div>\n","protected":false},"excerpt":{"rendered":"<p>Informaci\u00f3n general El ND9442P\/ND9542P de VIVOTEK es un NVR aut\u00f3nomo basado en Linux H.265 con PoE integrado. Equipado para hasta 16-CH o 32-CH c\u00e1maras de red. El NVR soporta 16x 802.3 at\/af PoE 802.3 at\/af. El NVR muestra la informaci\u00f3n de alimentaci\u00f3n PoE, lo que&hellip;<\/p>\n","protected":false},"featured_media":7663,"comment_status":"open","ping_status":"closed","template":"","meta":{"om_disable_all_campaigns":false,"_monsterinsights_skip_tracking":false,"_monsterinsights_sitenote_active":false,"_monsterinsights_sitenote_note":"","_monsterinsights_sitenote_category":0},"product_brand":[],"product_cat":[701],"product_tag":[613,611,612,616,615,610,614,617],"class_list":{"0":"post-7664","1":"product","2":"type-product","3":"status-publish","4":"has-post-thumbnail","6":"product_cat-nvrs-de-32-canales-nvrs-vivotek-video-vigilancia","7":"product_tag-bosch","8":"product_tag-manhattan","9":"product_tag-saxxon","10":"product_tag-surveon","11":"product_tag-utepo","12":"product_tag-videovigilancia","13":"product_tag-vivotek","14":"product_tag-zteco","16":"first","17":"instock","18":"sale","19":"taxable","20":"shipping-taxable","21":"purchasable","22":"product-type-simple"},"aioseo_notices":[],"_links":{"self":[{"href":"https:\/\/tecsecmty.com\/index.php\/wp-json\/wp\/v2\/product\/7664","targetHints":{"allow":["GET"]}}],"collection":[{"href":"https:\/\/tecsecmty.com\/index.php\/wp-json\/wp\/v2\/product"}],"about":[{"href":"https:\/\/tecsecmty.com\/index.php\/wp-json\/wp\/v2\/types\/product"}],"replies":[{"embeddable":true,"href":"https:\/\/tecsecmty.com\/index.php\/wp-json\/wp\/v2\/comments?post=7664"}],"version-history":[{"count":0,"href":"https:\/\/tecsecmty.com\/index.php\/wp-json\/wp\/v2\/product\/7664\/revisions"}],"wp:featuredmedia":[{"embeddable":true,"href":"https:\/\/tecsecmty.com\/index.php\/wp-json\/wp\/v2\/media\/7663"}],"wp:attachment":[{"href":"https:\/\/tecsecmty.com\/index.php\/wp-json\/wp\/v2\/media?parent=7664"}],"wp:term":[{"taxonomy":"product_brand","embeddable":true,"href":"https:\/\/tecsecmty.com\/index.php\/wp-json\/wp\/v2\/product_brand?post=7664"},{"taxonomy":"product_cat","embeddable":true,"href":"https:\/\/tecsecmty.com\/index.php\/wp-json\/wp\/v2\/product_cat?post=7664"},{"taxonomy":"product_tag","embeddable":true,"href":"https:\/\/tecsecmty.com\/index.php\/wp-json\/wp\/v2\/product_tag?post=7664"}],"curies":[{"name":"wp","href":"https:\/\/api.w.org\/{rel}","templated":true}]}}