{"id":7666,"date":"2023-02-23T16:16:22","date_gmt":"2023-02-23T22:16:22","guid":{"rendered":"https:\/\/tecsecmty.com\/index.php\/producto\/vivotek-nr9581-v2-grabador-nvr-32-canales-8-bahias-de-disco-2-puertos-ge-rj45-vast-2-integrado-smart-search-ii-gestion-de-ciberseguridad-salida-hdmi-grabacion-de-512mbps-doble-fuente-de-en\/"},"modified":"2023-03-22T23:24:47","modified_gmt":"2023-03-23T05:24:47","slug":"vivotek-nr9581-v2-grabador-nvr-32-canales-8-bahias-de-disco-2-puertos-ge-rj45-vast-2-integrado-smart-search-ii-gestion-de-ciberseguridad-salida-hdmi-grabacion-de-512mbps-doble-fuente-de-en","status":"publish","type":"product","link":"https:\/\/tecsecmty.com\/index.php\/producto\/vivotek-nr9581-v2-grabador-nvr-32-canales-8-bahias-de-disco-2-puertos-ge-rj45-vast-2-integrado-smart-search-ii-gestion-de-ciberseguridad-salida-hdmi-grabacion-de-512mbps-doble-fuente-de-en\/","title":{"rendered":"VIVOTEK NR9581-v2 &#8211; Grabador NVR 32 Canales \/ 8 bahias de disco\/ 2 puertos GE RJ45\/ VAST 2 integrado\/ Smart Search II\/ Gesti\u00f3n de Ciberseguridad\/ Salida HDMI \/ Grabaci\u00f3n de 512Mbps\/ Doble fuente de energia\/ Centralizacion con VAST2\/ NDAA\/ONVIF"},"content":{"rendered":"<div class=\"row aling-items-center padding-bottom-2x\">\n<div class=\"col-lg-12\">\n<h5 class=\"card-title text-center\">Conozca m\u00e1s de este producto<\/h5>\n<p>El nuevo modelo NR9581-v2 es un NVR compatible con el m\u00e1s reciente codec de compresi\u00f3n H.265 con 32 canales y con sistema para protecci\u00f3n RAID de VIVOTEK, que brinda un funcionamiento del sistema estable y eficiente en una amplia gama de configuraciones de sistema\/administraci\u00f3n de red\/grabaci\u00f3n. La unidad es compatible con todos los modelos de c\u00e1maras VIVOTEK, incluidas las \u00faltimas c\u00e1maras de 5 megap\u00edxeles y ojo de pez. El soporte para RAID 1\/5\/6\/10 brinda seguridad de datos en caso de falla de la unidad de disco.<\/p>\n<p>La unidad est\u00e1 equipada con dos puertos Gigabit Ethernet RJ45 que brindan funcionalidad de conmutaci\u00f3n por error a la conexi\u00f3n de red para evitar el riesgo de p\u00e9rdida de grabaci\u00f3n. Cuando se pierda una conexi\u00f3n de red, el sistema cambiar\u00e1 a la otra conexi\u00f3n de red autom\u00e1ticamente, brindando acceso continuo a los datos de video. Se pueden instalar hasta 8 HDD en el NR9581 para una capacidad de almacenamiento total de hasta 48 TB (6 TB m\u00e1x. cada uno). Hay ocho bandejas de disco duro extra\u00edbles disponibles en la parte frontal de la unidad, con funci\u00f3n de intercambio en caliente para un reemplazo sencillo.<\/p>\n<p>El software servidor CMS VAST2 se ejecuta en el NVR administrando la grabaci\u00f3n y reproducci\u00f3n de vigilancia. La compatibilidad con la aplicaci\u00f3n iViewer permite el acceso remoto al NR9581-v2 en dispositivos port\u00e1tiles. Al integrar todos los componentes juntos usando el NVR de VIVOTEK, las c\u00e1maras de red, VAST2 y el software iViewer, los usuarios pueden obtener un sistema de vigilancia de pr\u00f3xima generaci\u00f3n robusto y con todas las funciones. Este ingenioso NVR tambi\u00e9n cuenta con la capacidad de administraci\u00f3n remota con una gama completa de estructuras de cliente\/ servidory, por lo tanto, es apto para aplicaciones s\u00f3lidas y diversas.<\/p>\n<p><strong>Caracter\u00edsticas principales:<\/strong><\/p>\n<ul>\n<li>Tecnolog\u00eda de compresi\u00f3n H.265\/H.264<\/li>\n<li>Grabaci\u00f3n de 32 canales, visualizaci\u00f3n de 32 canales<\/li>\n<li>Bandeja de 8 HDD intercambiables en caliente<\/li>\n<li>Soporta almacenamiento RAID 0\/1\/5\/6\/10<\/li>\n<li>Alimentaci\u00f3n redundante<\/li>\n<li>Dos puertos de red LAN de giga<\/li>\n<li>M\u00faltiples modos de correcci\u00f3n de distorsi\u00f3n esf\u00e9rica del ojo de pez<\/li>\n<li>VAST 2 VIVOTEK incluido<\/li>\n<li>Smart Search II: B\u00fasqueda potente de detecci\u00f3n de movimiento inteligente<\/li>\n<li>Smart VCA: An\u00e1lisis de video con tecnolog\u00eda de IA<\/li>\n<li>Soluci\u00f3n para la administraci\u00f3n de ciberseguridad<\/li>\n<li>Soluci\u00f3n de reconocimiento de placas<\/li>\n<\/ul>\n<p><img decoding=\"async\" class=\"overview-center-img-web\" src=\"https:\/\/tvc.mx\/media\/384323\/VIVOTEK-NR9581-v2-Grabador-NVR-32-Canales-8-bahias-de-disco-2-puertos-GE-RJ45-VAST-2-integrado-Smart-Search-II-Gesti%C3%B3n-de-Ciberseguridad-Salida-HDMI-Grabaci%C3%B3n-de-512Mbps-banner.png\" alt=\"\" \/><\/div>\n<\/div>\n<div class=\"row align-items-center padding-bottom-2x\">\n<div class=\"col-md-5 order-md-2\"><img decoding=\"async\" class=\"d-block m-auto img-thumbnail\" src=\"https:\/\/tvc.mx\/media\/384327\/vivotek-grabador-de-video-en-red-basado-en-windows-32-canales-NS9521-interfaz-de-usuario-intuitiva.png\" alt=\" \" \/><\/div>\n<div class=\"col-md-7 order-md-1 text-md-left text-center\">\n<h2>Interfaz de usuario intuitiva<\/h2>\n<p class=\"text-muted\">\n<p class=\"ql-align-justify\">Ajuste de disposici\u00f3n de visualizaci\u00f3n personalizada y control ROI de ojo de pez para una mejor experiencia de administraci\u00f3n de la seguridad.<\/p>\n<p>&nbsp;<\/p>\n<\/div>\n<\/div>\n<hr class=\"padding-bottom-2x\" \/>\n<div class=\"row align-items-center padding-bottom-2x\">\n<div class=\"col-md-5\"><img decoding=\"async\" class=\"d-block m-auto img-thumbnail\" src=\"https:\/\/tvc.mx\/media\/384331\/vivotek-grabador-de-video-en-red-%2812%29.png\" alt=\" \" \/><\/div>\n<div class=\"col-md-7 text-md-left text-center\">\n<h2>Configuraci\u00f3n Autom\u00e1tica<\/h2>\n<p class=\"text-muted\">\n<p class=\"ql-align-justify\">F\u00e1cil configuraci\u00f3n a trav\u00e9s de un proceso totalmente automatizado, ahorrando tiempo y costo a los usuarios en la instalaci\u00f3n de dispositivos de vigilancia.<\/p>\n<p>&nbsp;<\/p>\n<\/div>\n<\/div>\n<hr class=\"padding-bottom-2x\" \/>\n<div class=\"row align-items-center padding-bottom-2x\">\n<div class=\"col-md-5 order-md-2\"><img decoding=\"async\" class=\"d-block m-auto img-thumbnail\" src=\"https:\/\/tvc.mx\/media\/384335\/vivotek-grabador-de-video-en-red-basado-en-windows-32-canales-NS9521-smart-search-II.png\" alt=\" \" \/><\/div>\n<div class=\"col-md-7 order-md-1 text-md-left text-center\">\n<h2>Smart Search II<\/h2>\n<p class=\"text-muted\">\n<p class=\"ql-align-justify\">Permite a los usuarios buscar objetos o videos relacionados con personas de acuerdo con los metadatos del VCA (An\u00e1lisis de contenido de video) de los videos de la c\u00e1mara. Permite clasificar r\u00e1pidamente grandes cantidades de evidencias para encontrar con precisi\u00f3n lo que se necesita.<\/p>\n<p>&nbsp;<\/p>\n<\/div>\n<\/div>\n<hr class=\"padding-bottom-2x\" \/>\n<div class=\"row align-items-center padding-bottom-2x\">\n<div class=\"col-md-5\"><img decoding=\"async\" class=\"d-block m-auto img-thumbnail\" src=\"https:\/\/tvc.mx\/media\/384343\/vivotek-grabador-de-video-en-red-basado-en-windows-32-canales-NS9521-busqueda-de-eventos-smart-search.png\" alt=\" \" \/><\/div>\n<div class=\"col-md-7 text-md-left text-center\">\n<h2>B\u00fasqueda de eventos Smart VCA<\/h2>\n<p class=\"text-muted\">\n<p class=\"ql-align-justify\">Compatible con la administraci\u00f3n de alarmas y la b\u00fasqueda de eventos con la tecnolog\u00eda deep-learning de VIVOTEK, Smart VCA. Las reglas e informaci\u00f3n de VCA, como el seguimiento de personas y la detecci\u00f3n de movimiento, se pueden mostrar tanto en video en vivo, como en reproducci\u00f3n en el monitor del NVR. El usuario puede buscar por uno o varios tipos de eventos, reproducir eventos de alarmas y tambi\u00e9n exportar los videos de la busqueda.<\/p>\n<p>&nbsp;<\/p>\n<\/div>\n<\/div>\n<hr class=\"padding-bottom-2x\" \/>\n<div class=\"row align-items-center padding-bottom-2x\">\n<div class=\"col-md-5 order-md-2\"><img decoding=\"async\" class=\"d-block m-auto img-thumbnail\" src=\"https:\/\/tvc.mx\/media\/384347\/vivotek-grabador-de-video-en-red-basado-en-windows-32-canales-NS9521-busqueda-de-eventos-administraci%C3%B3n-de-ciberseguridad.png\" alt=\" \" \/><\/div>\n<div class=\"col-md-7 order-md-1 text-md-left text-center\">\n<h2>Soluci\u00f3n para la administraci\u00f3n de ciberseguridad<\/h2>\n<p class=\"text-muted\">\n<p class=\"ql-align-justify\">Permite integrar los eventos de ataques de ciberseguridad desde las c\u00e1maras y NVRs de VIVOTEK a la administraci\u00f3n de alarmas de VAST 2. Adem\u00e1s de la activaci\u00f3n y notificaci\u00f3n de alarmas, VAST 2 se convierte en el sitio de administraci\u00f3n central para reconocer las tendencias de ataques y estados, as\u00ed como para obtener informaci\u00f3n sobre los ataques.<\/p>\n<p>&nbsp;<\/p>\n<\/div>\n<\/div>\n<hr class=\"padding-bottom-2x\" \/>\n<div class=\"row align-items-center padding-bottom-2x\">\n<div class=\"col-md-5\"><img decoding=\"async\" class=\"d-block m-auto img-thumbnail\" src=\"https:\/\/tvc.mx\/media\/384351\/vivotek-grabador-de-video-en-red-basado-en-windows-32-canales-NS9521-data-magnet-.png\" alt=\" \" \/><\/div>\n<div class=\"col-md-7 text-md-left text-center\">\n<h2>Data Magnet<\/h2>\n<p class=\"text-muted\">\n<p class=\"ql-align-justify\">Data Magnet ofrece la capacidad de integrar datos de terceros en VAST 2, lo que permite un r\u00e1pido acceso a los datos junto con el video. Esto permite la visualizaci\u00f3n simult\u00e1nea con el monitoreo de eventos en vivo. Todos los eventos quedan almacenados para b\u00fasquedas posteriores.<\/p>\n<p>&nbsp;<\/p>\n<\/div>\n<\/div>\n<hr class=\"padding-bottom-2x\" \/>\n<div class=\"row align-items-center padding-bottom-2x\">\n<div class=\"col-md-5 order-md-2\"><img decoding=\"async\" class=\"d-block m-auto img-thumbnail\" src=\"https:\/\/tvc.mx\/media\/384355\/vivotek-grabador-de-video-en-red-basado-en-windows-32-canales-NS9521-visualizaci%C3%B3n-con-emapa-2.-png.PNG\" alt=\" \" \/><\/div>\n<div class=\"col-md-7 order-md-1 text-md-left text-center\">\n<h2>Visualizaci\u00f3n con eMap 2.5D<\/h2>\n<p class=\"text-muted\">\n<p class=\"ql-align-justify\">Las m\u00faltiples capas y las vistas FOV de la c\u00e1mara permiten a los usuarios identificar instant\u00e1neamente una c\u00e1mara seleccionada y su ubicaci\u00f3n en el mapa.<\/p>\n<p>&nbsp;<\/p>\n<\/div>\n<\/div>\n<hr class=\"padding-bottom-2x\" \/>\n<div class=\"row align-items-center padding-bottom-2x\">\n<div class=\"col-md-5\"><img decoding=\"async\" class=\"d-block m-auto img-thumbnail\" src=\"https:\/\/tvc.mx\/media\/384359\/vivotek-grabador-de-video-en-red-basado-en-windows-32-canales-NS9521-bloqueo-exportaci%C3%B3n-de-evidencias.png\" alt=\" \" \/><\/div>\n<div class=\"col-md-7 text-md-left text-center\">\n<h2>Bloqueo y exportaci\u00f3n de evidencias<\/h2>\n<p class=\"text-muted\">\n<p>Permite la ampliaci\u00f3n manual del tiempo de retenci\u00f3n para las grabaciones de video y la administraci\u00f3n de un gran n\u00famero de escenarios de investigaci\u00f3n. F\u00e1cil exportaci\u00f3n de m\u00faltiples grabaciones de video con disposiciones de visualizaci\u00f3n personalizadas en un per\u00edodo de tiempo espec\u00edfico o de forma instant\u00e1nea con un solo clic.<\/p>\n<p>&nbsp;<\/p>\n<\/div>\n<\/div>\n<hr class=\"padding-bottom-2x\" \/>\n<div class=\"row align-items-center padding-bottom-2x\">\n<div class=\"col-md-5 order-md-2\"><img decoding=\"async\" class=\"d-block m-auto img-thumbnail\" src=\"https:\/\/tvc.mx\/media\/384363\/vivotek-grabador-de-video-en-red-basado-en-windows-32-canales-NS9521-soluci%C3%B3n-de-reconocimiento-de-placas.png\" alt=\" \" \/><\/div>\n<div class=\"col-md-7 order-md-1 text-md-left text-center\">\n<h2>Soluci\u00f3n de reconocimiento de placas<\/h2>\n<p class=\"text-muted\">\n<p class=\"ql-align-justify\">El VAST 2 puede vincular la informaci\u00f3n de la placa con la transmisi\u00f3n en vivo y grabaciones a trav\u00e9s de la integraci\u00f3n con las c\u00e1maras de reconocimiento de placas de VIVOTEK (tales como IB9385-LPR e IB9387-LPR). Los usuarios pueden buscar y analizar los datos hist\u00f3ricos y mostrar el n\u00famero de datos de placas reconocidas en gr\u00e1ficos de l\u00edneas, exportar los resultados de b\u00fasqueda o mostrar los datos en el video en vivo desde las c\u00e1maras activadas por eventos de alarma cuando la informaci\u00f3n de la placa coincide con los criterios de alarma preestablecidos.<\/p>\n<p>&nbsp;<\/p>\n<\/div>\n<\/div>\n<hr class=\"padding-bottom-2x\" \/>\n<div class=\"row aling-items-center padding-bottom-2x\">\n<div class=\"col-lg-12\">\n<h5 class=\"card-title text-center\">Estructura del sistema<\/h5>\n<p>El NVR NR9581-V2 asi como otros m\u00e1s, puede ser gestionados de una forma central a trav\u00e9s del software central VAST 2 mediante una arquitectura cliente servidor de forma gratuita.<\/p>\n<p><img decoding=\"async\" class=\"overview-center-img-web\" src=\"https:\/\/tvc.mx\/media\/384371\/VIVOTEK-NR9581-v2-Grabador-NVR-32-Canales-8-bahias-de-disco-2-puertos-GE-RJ45-VAST-2-integrado-Smart-Search-II-Gesti%C3%B3n-de-Ciberseguridad-Salida-HDMI-Grabaci%C3%B3n-de-512Mbps-estructura.png\" alt=\"\" \/><\/div>\n<\/div>\n<div class=\"row align-items-center padding-bottom-2x\">\n<div class=\"col-md-5 order-md-2\"><img decoding=\"async\" class=\"d-block m-auto img-thumbnail\" src=\"https:\/\/tvc.mx\/media\/384399\/VIVOTEK-NR9581-v2-Grabador-NVR-32-Canales-8-bahias-de-disco-2-puertos-GE-RJ45-VAST-2-integrado-Smart-Search-II-Gesti%C3%B3n-de-Ciberseguridad-Salida-HDMI-Grabaci%C3%B3n-de-512Mbps-contenido.png\" alt=\" \" \/><\/div>\n<div class=\"col-md-7 order-md-1 text-md-left text-center\">\n<h2>Incluye<\/h2>\n<p class=\"text-muted\">\n<ul>\n<li>Rieles<\/li>\n<li>Mouse<\/li>\n<li>Dos cables para alimentaci\u00f3n<\/li>\n<li>Gu\u00eda r\u00e1pida de instalaci\u00f3n<\/li>\n<li>P\u00f3liza de garant\u00eda<\/li>\n<\/ul>\n<p>&nbsp;<\/p>\n<\/div>\n<\/div>\n<hr class=\"padding-bottom-2x\" \/>\n<div class=\"row align-items-center padding-bottom-2x\">\n<div class=\"col-md-5 order-md-2\"><img decoding=\"async\" class=\"d-block m-auto img-thumbnail\" src=\"https:\/\/tvc.mx\/media\/384439\/VIVOTEK-NR9581-v2-Grabador-NVR-32-Canales-8-bahias-de-disco-2-puertos-GE-RJ45-VAST-2-integrado-Smart-Search-II-Gesti%C3%B3n-de-Ciberseguridad-Salida-HDMI-Grabaci%C3%B3n-de-512Mbps-dimensiones.png\" alt=\" \" \/><\/div>\n<div class=\"col-md-7 order-md-1 text-md-left text-center\">\n<h2>Especificaciones t\u00e9cnicas<\/h2>\n<p class=\"text-muted\">\n<ul>\n<li>32 canales IP<\/li>\n<li>8 bahias para HDD 3.5&#8243;<\/li>\n<li>Salida de video\u00a0HDMI: 4096&#215;21604<\/li>\n<li>Triple codec de compresi\u00f3n H.265, H.264, MJPEG<\/li>\n<li>Resoluci\u00f3n de grabaci\u00f3n\u00a08192&#215;8192\u00a0pixeles por canal<\/li>\n<li>Rendimiento de visualizacion H.264: 1920&#215;1080 @ 540 fps, H.265: 1920&#215;1080 @ 270 fps<\/li>\n<li>Rendimiento de grabaci\u00f3n 512 Mbps<\/li>\n<li>Rendimiento cliente remoto 400 Mbps<\/li>\n<li>Rendimiento de monitoreo en red x2 Ethernet 10\/100\/1000Mbps Ethernet (RJ-45)<\/li>\n<li>Seguridad de datos RAID 0, 1, 5, 6, 10<\/li>\n<\/ul>\n<\/div>\n<\/div>\n","protected":false},"excerpt":{"rendered":"<p>Conozca m\u00e1s de este producto El nuevo modelo NR9581-v2 es un NVR compatible con el m\u00e1s reciente codec de compresi\u00f3n H.265 con 32 canales y con sistema para protecci\u00f3n RAID de VIVOTEK, que brinda un funcionamiento del sistema estable y eficiente en una amplia gama&hellip;<\/p>\n","protected":false},"featured_media":7665,"comment_status":"open","ping_status":"closed","template":"","meta":{"om_disable_all_campaigns":false,"_monsterinsights_skip_tracking":false,"_monsterinsights_sitenote_active":false,"_monsterinsights_sitenote_note":"","_monsterinsights_sitenote_category":0},"product_brand":[],"product_cat":[701],"product_tag":[613,611,612,616,615,610,614,617],"class_list":{"0":"post-7666","1":"product","2":"type-product","3":"status-publish","4":"has-post-thumbnail","6":"product_cat-nvrs-de-32-canales-nvrs-vivotek-video-vigilancia","7":"product_tag-bosch","8":"product_tag-manhattan","9":"product_tag-saxxon","10":"product_tag-surveon","11":"product_tag-utepo","12":"product_tag-videovigilancia","13":"product_tag-vivotek","14":"product_tag-zteco","16":"first","17":"instock","18":"sale","19":"taxable","20":"shipping-taxable","21":"purchasable","22":"product-type-simple"},"aioseo_notices":[],"_links":{"self":[{"href":"https:\/\/tecsecmty.com\/index.php\/wp-json\/wp\/v2\/product\/7666","targetHints":{"allow":["GET"]}}],"collection":[{"href":"https:\/\/tecsecmty.com\/index.php\/wp-json\/wp\/v2\/product"}],"about":[{"href":"https:\/\/tecsecmty.com\/index.php\/wp-json\/wp\/v2\/types\/product"}],"replies":[{"embeddable":true,"href":"https:\/\/tecsecmty.com\/index.php\/wp-json\/wp\/v2\/comments?post=7666"}],"version-history":[{"count":0,"href":"https:\/\/tecsecmty.com\/index.php\/wp-json\/wp\/v2\/product\/7666\/revisions"}],"wp:featuredmedia":[{"embeddable":true,"href":"https:\/\/tecsecmty.com\/index.php\/wp-json\/wp\/v2\/media\/7665"}],"wp:attachment":[{"href":"https:\/\/tecsecmty.com\/index.php\/wp-json\/wp\/v2\/media?parent=7666"}],"wp:term":[{"taxonomy":"product_brand","embeddable":true,"href":"https:\/\/tecsecmty.com\/index.php\/wp-json\/wp\/v2\/product_brand?post=7666"},{"taxonomy":"product_cat","embeddable":true,"href":"https:\/\/tecsecmty.com\/index.php\/wp-json\/wp\/v2\/product_cat?post=7666"},{"taxonomy":"product_tag","embeddable":true,"href":"https:\/\/tecsecmty.com\/index.php\/wp-json\/wp\/v2\/product_tag?post=7666"}],"curies":[{"name":"wp","href":"https:\/\/api.w.org\/{rel}","templated":true}]}}