{"id":7670,"date":"2023-02-23T16:16:26","date_gmt":"2023-02-23T22:16:26","guid":{"rendered":"https:\/\/tecsecmty.com\/index.php\/producto\/vivotek-ns9521-grabador-de-video-nvr-32-canales-expandible-a-64ch-2-bahias-vast2-integrado-centralizacion-de-nvrs-vivotek-ciberseguridad-trend-micro-smart-search-ii-integracion-control-de-acces\/"},"modified":"2023-03-22T23:24:47","modified_gmt":"2023-03-23T05:24:47","slug":"vivotek-ns9521-grabador-de-video-nvr-32-canales-expandible-a-64ch-2-bahias-vast2-integrado-centralizacion-de-nvrs-vivotek-ciberseguridad-trend-micro-smart-search-ii-integracion-control-de-acces","status":"publish","type":"product","link":"https:\/\/tecsecmty.com\/index.php\/producto\/vivotek-ns9521-grabador-de-video-nvr-32-canales-expandible-a-64ch-2-bahias-vast2-integrado-centralizacion-de-nvrs-vivotek-ciberseguridad-trend-micro-smart-search-ii-integracion-control-de-acces\/","title":{"rendered":"VIVOTEK NS9521 &#8211; Grabador de Video NVR 32 canales\/ Expandible a 64ch\/ 2 Bahias\/VAST2 integrado\/Centralizaci\u00f3n de Nvrs VIVOTEK\/ Ciberseguridad Trend Micro\/ Smart Search II\/ Integraci\u00f3n Control de Acceso ZKTeco\/ ONVIF\/ Salidas de Video HDMI 4K, VGA, DVI"},"content":{"rendered":"<div class=\"row aling-items-center padding-bottom-2x\">\n<div class=\"col-lg-12\">\n<h5 class=\"card-title text-center\">Informaci\u00f3n General<\/h5>\n<p class=\"ql-align-justify\">El nuevo modelo NS9521 de VIVOTEK es una estaci\u00f3n de videovigilancia que viene con el software de grabaci\u00f3n VAST2 preinstalado. La estaci\u00f3n es compatible con todos los modelos de c\u00e1maras VIVOTEK, incluidas las \u00faltimas c\u00e1maras de 5 megap\u00edxeles y ojo de pez.<\/p>\n<p class=\"ql-align-justify\">La unidad est\u00e1 equipada con dos puertos Gigabit Ethernet RJ45 que brindan funcionalidad de conmutaci\u00f3n por error de red para evitar el riesgo de p\u00e9rdida de grabaci\u00f3n. Se pueden instalar hasta 2 HDD en el sistema.<\/p>\n<p class=\"ql-align-justify\">El servidor con VAST2 CMS que se ejecuta en la estaci\u00f3n, administra la grabaci\u00f3n y reproducci\u00f3n de del video. La compatibilidad con la aplicaci\u00f3n iViewer permite el acceso remoto al sistema en dispositivos m\u00f3viles con sistemas iOS o Android. Soporta todas las c\u00e1maras de red de VIVOTEK, VAST2 y el software iViewer, los usuarios pueden realizar un sistema de vigilancia robusto con todas las funciones. Esta ingeniosa estaci\u00f3n tambi\u00e9n cuenta con la capacidad de administraci\u00f3n remota con una gama completa de estructuras de servidor\/cliente y, por lo tanto, es capaz de aplicaciones s\u00f3lidas y diversas.<\/p>\n<p class=\"ql-align-justify\"><strong>Caracteristicas principales:<\/strong><\/p>\n<ul>\n<li>Soporta tecnolog\u00eda de compresi\u00f3n H.265\/H.264<\/li>\n<li>32 canales, expandible a 64 canales comprando licencias<\/li>\n<li>VIVOTEK CMS VAST 2 incluido<\/li>\n<li>Smart Search II: B\u00fasqueda potente de detecci\u00f3n de movimiento inteligente<\/li>\n<li>Smart VCA: An\u00e1lisis de video con tecnolog\u00eda de IA<\/li>\n<li>Soluci\u00f3n para la administraci\u00f3n de ciberseguridad<\/li>\n<li>M\u00faltiples modos de correcci\u00f3n de distorsi\u00f3n esf\u00e9rica para c\u00e1maras de ojo de pez<\/li>\n<li>Soluciones de complemento: Tolerancia a fallos, transporte, transacci\u00f3n y Data Magent<\/li>\n<li>Soluci\u00f3n de reconocimiento de placas de VIVOTEK<\/li>\n<li class=\"ql-align-justify\">Dise\u00f1o delgado y f\u00e1cil instalaci\u00f3n de HDD<\/li>\n<\/ul>\n<p><img decoding=\"async\" class=\"overview-center-img-web\" src=\"https:\/\/tvc.mx\/media\/371739\/vivotek-grabador-de-video-en-red-basado-en-windows-32-canales-NS9521-producto.png\" alt=\"\" \/><\/div>\n<\/div>\n<div class=\"row align-items-center padding-bottom-2x\">\n<div class=\"col-md-5 order-md-2\"><img decoding=\"async\" class=\"d-block m-auto img-thumbnail\" src=\"https:\/\/tvc.mx\/media\/371775\/vivotek-grabador-de-video-en-red-basado-en-windows-32-canales-NS9521-interfaz-de-usuario-intuitiva.png\" alt=\" \" \/><\/div>\n<div class=\"col-md-7 order-md-1 text-md-left text-center\">\n<h2>Funciones destacadas<\/h2>\n<p class=\"text-muted\">\n<p>Ajuste de dise\u00f1o personalizado y control de ROI de ojo de pez para una mejor experiencia de gesti\u00f3n de seguridad.<\/p>\n<p>&nbsp;<\/p>\n<\/div>\n<\/div>\n<hr class=\"padding-bottom-2x\" \/>\n<div class=\"row align-items-center padding-bottom-2x\">\n<div class=\"col-md-5\"><img decoding=\"async\" class=\"d-block m-auto img-thumbnail\" src=\"https:\/\/tvc.mx\/media\/371779\/vivotek-grabador-de-video-en-red-basado-en-windows-32-canales-NS9521-configuraci%C3%B3n-autom%C3%A1tica.png\" alt=\" \" \/><\/div>\n<div class=\"col-md-7 text-md-left text-center\">\n<h2>Configuraci\u00f3n autom\u00e1tica<\/h2>\n<p class=\"text-muted\">\n<p>Configuraci\u00f3n sencilla mediante un proceso totalmente automatizado, que ahorra tiempo y dinero a los usuarios para instalar dispositivos de vigilancia.<\/p>\n<p>&nbsp;<\/p>\n<\/div>\n<\/div>\n<hr class=\"padding-bottom-2x\" \/>\n<div class=\"row align-items-center padding-bottom-2x\">\n<div class=\"col-md-5 order-md-2\"><img decoding=\"async\" class=\"d-block m-auto img-thumbnail\" src=\"https:\/\/tvc.mx\/media\/371843\/vivotek-grabador-de-video-en-red-basado-en-windows-32-canales-NS9521-smart-search-II.png\" alt=\" \" \/><\/div>\n<div class=\"col-md-7 order-md-1 text-md-left text-center\">\n<h2>Smart Search II<\/h2>\n<p class=\"text-muted\">\n<p>Permite a los usuarios buscar objetos o videos relacionados con personas de acuerdo con los metadatos VCA (An\u00e1lisis de contenido de video) de los videos de la c\u00e1mara.\u00a0Los usuarios pueden clasificar r\u00e1pidamente grandes cantidades de evidencia para encontrar exactamente lo que se necesita.<\/p>\n<p>&nbsp;<\/p>\n<\/div>\n<\/div>\n<hr class=\"padding-bottom-2x\" \/>\n<div class=\"row align-items-center padding-bottom-2x\">\n<div class=\"col-md-5\"><img decoding=\"async\" class=\"d-block m-auto img-thumbnail\" src=\"https:\/\/tvc.mx\/media\/371855\/vivotek-grabador-de-video-en-red-basado-en-windows-32-canales-NS9521-busqueda-de-eventos-smart-search.png\" alt=\" \" \/><\/div>\n<div class=\"col-md-7 text-md-left text-center\">\n<h2>B\u00fasqueda inteligente de eventos VCA<\/h2>\n<p class=\"text-muted\">\n<p class=\"ql-align-justify\">Admite la gesti\u00f3n de alarmas y la b\u00fasqueda de eventos de la tecnolog\u00eda de an\u00e1lisis de video de aprendizaje profundo de VIVOTEK, Smart VCA y Smart 360 VCA.\u00a0Las reglas e informaci\u00f3n de VCA, como los fotogramas de seguimiento de personas y los fotogramas de detecci\u00f3n de movimiento, se pueden mostrar en la pantalla de video en vivo o en reproducci\u00f3n.\u00a0El usuario puede buscar por tipos de eventos \u00fanicos o m\u00faltiples, reproducir eventos activados y luego exportar estos resultados de b\u00fasqueda a videoclips.<\/p>\n<p>&nbsp;<\/p>\n<\/div>\n<\/div>\n<hr class=\"padding-bottom-2x\" \/>\n<div class=\"row align-items-center padding-bottom-2x\">\n<div class=\"col-md-5 order-md-2\"><img decoding=\"async\" class=\"d-block m-auto img-thumbnail\" src=\"https:\/\/tvc.mx\/media\/371867\/vivotek-grabador-de-video-en-red-basado-en-windows-32-canales-NS9521-busqueda-de-eventos-administraci%C3%B3n-de-ciberseguridad.png\" alt=\" \" \/><\/div>\n<div class=\"col-md-7 order-md-1 text-md-left text-center\">\n<h2>Soluci\u00f3n de gesti\u00f3n de ciberseguridad<\/h2>\n<p class=\"text-muted\">\n<p>Integra eventos de ataque de ciberseguridad de las c\u00e1maras VIVOTEK y NVR a la gesti\u00f3n de alarmas.\u00a0Adem\u00e1s de la acci\u00f3n de alarma y la notificaci\u00f3n, el modelo NS9521 se convierte en el sitio de administraci\u00f3n central para reconocer las tendencias y el estado de los ataques, as\u00ed como para adquirir informaci\u00f3n sobre los ataques.<\/p>\n<p>&nbsp;<\/p>\n<\/div>\n<\/div>\n<hr class=\"padding-bottom-2x\" \/>\n<div class=\"row align-items-center padding-bottom-2x\">\n<div class=\"col-md-5\"><img decoding=\"async\" class=\"d-block m-auto img-thumbnail\" src=\"https:\/\/tvc.mx\/media\/371875\/vivotek-grabador-de-video-en-red-basado-en-windows-32-canales-NS9521-bloqueo-exportaci%C3%B3n-de-evidencias.png\" alt=\" \" \/><\/div>\n<div class=\"col-md-7 text-md-left text-center\">\n<h2>Bloqueo y exportaci\u00f3n de pruebas<\/h2>\n<p class=\"text-muted\">\n<p>Extienda manualmente el tiempo de retenci\u00f3n para grabaciones de video y administre una gran cantidad de escenarios de investigaci\u00f3n.\u00a0Exporte f\u00e1cilmente varias grabaciones de video con dise\u00f1os personalizados en un per\u00edodo de tiempo espec\u00edfico o una instant\u00e1nea instant\u00e1nea con un clic r\u00e1pido.<\/p>\n<p>&nbsp;<\/p>\n<\/div>\n<\/div>\n<hr class=\"padding-bottom-2x\" \/>\n<div class=\"row align-items-center padding-bottom-2x\">\n<div class=\"col-md-5 order-md-2\"><img decoding=\"async\" class=\"d-block m-auto img-thumbnail\" src=\"https:\/\/tvc.mx\/media\/371883\/vivotek-grabador-de-video-en-red-basado-en-windows-32-canales-NS9521-visualizaci%C3%B3n-con-emapa-2.-png.PNG\" alt=\" \" \/><\/div>\n<div class=\"col-md-7 order-md-1 text-md-left text-center\">\n<h2>Visualizaci\u00f3n con eMap 2.5D<\/h2>\n<p class=\"text-muted\">\n<p class=\"ql-align-justify\">Las m\u00faltiples capas y las vistas FOV de la c\u00e1mara permiten a los usuarios identificar instant\u00e1neamente una c\u00e1mara seleccionada y su ubicaci\u00f3n en el mapa.<\/p>\n<p>&nbsp;<\/p>\n<\/div>\n<\/div>\n<hr class=\"padding-bottom-2x\" \/>\n<div class=\"row align-items-center padding-bottom-2x\">\n<div class=\"col-md-5\"><img decoding=\"async\" class=\"d-block m-auto img-thumbnail\" src=\"https:\/\/tvc.mx\/media\/371895\/vivotek-grabador-de-video-en-red-basado-en-windows-32-canales-NS9521-data-magnet-.png\" alt=\" \" \/><\/div>\n<div class=\"col-md-7 text-md-left text-center\">\n<h2>Data Magnet<\/h2>\n<p class=\"text-muted\">\n<p class=\"ql-align-justify\">Data Magnet permite que las c\u00e1maras de reconocimiento de placas de VIVOTEK o fuentes de datos de terceros se integren al VAST 2, lo que proporciona un acceso r\u00e1pido a la grabaci\u00f3n de datos y permite ver simult\u00e1neamente los datos durante la visualizaci\u00f3n en vivo. Adem\u00e1s, los usuarios tambi\u00e9n pueden utilizar la gesti\u00f3n de alarmas de Data Magnet para personalizar las reglas y acciones de activaci\u00f3n de alarmas, lo que permite a los usuarios recibir notificaciones de alarma inmediatamente despu\u00e9s de la activaci\u00f3n de los criterios de alarma preestablecidos.<\/p>\n<p>&nbsp;<\/p>\n<\/div>\n<\/div>\n<hr class=\"padding-bottom-2x\" \/>\n<div class=\"row align-items-center padding-bottom-2x\">\n<div class=\"col-md-5 order-md-2\"><img decoding=\"async\" class=\"d-block m-auto img-thumbnail\" src=\"https:\/\/tvc.mx\/media\/371899\/vivotek-grabador-de-video-en-red-basado-en-windows-32-canales-NS9521-soluci%C3%B3n-de-reconocimiento-de-placas.png\" alt=\" \" \/><\/div>\n<div class=\"col-md-7 order-md-1 text-md-left text-center\">\n<h2>Soluci\u00f3n de reconocimiento de placas<\/h2>\n<p class=\"text-muted\">\n<p class=\"ql-align-justify\">El NS9521 puede vincular la informaci\u00f3n de la placa con la transmisi\u00f3n en vivo y grabaciones a trav\u00e9s de la integraci\u00f3n con las c\u00e1maras de reconocimiento de placas de VIVOTEK (tales como IB9385-LPR e IB9387-LPR). Los usuarios pueden buscar y analizar los datos hist\u00f3ricos y mostrar el n\u00famero de datos de placas reconocidas en gr\u00e1ficos de l\u00edneas, exportar los resultados de b\u00fasqueda o mostrar los datos en el video en vivo desde las c\u00e1maras activadas por eventos de alarma cuando la informaci\u00f3n de la placa coincide con los criterios de alarma preestablecidos.<\/p>\n<p>&nbsp;<\/p>\n<\/div>\n<\/div>\n<hr class=\"padding-bottom-2x\" \/>\n<div class=\"row align-items-center padding-bottom-2x\">\n<div class=\"col-md-5 order-md-2\"><img decoding=\"async\" class=\"d-block m-auto img-thumbnail\" src=\"https:\/\/tvc.mx\/media\/375911\/vivotek-grabador-de-video-en-red-basado-en-windows-32-canales--incluye-NS9521.png\" alt=\" \" \/><\/div>\n<div class=\"col-md-7 order-md-1 text-md-left text-center\">\n<h2>Incluye<\/h2>\n<p class=\"text-muted\">\n<ul>\n<li>Grabador NS9521<\/li>\n<li>Cable de alimentaci\u00f3n<\/li>\n<li>Gomas amortiguadoras antiderrapantes<\/li>\n<li>Mouse<\/li>\n<li>Gu\u00eda de instalaci\u00f3n r\u00e1pida<\/li>\n<li>Tornillos y rieles deslizantes<\/li>\n<\/ul>\n<p>&nbsp;<\/p>\n<\/div>\n<\/div>\n<hr class=\"padding-bottom-2x\" \/>\n<div class=\"row align-items-center padding-bottom-2x\">\n<div class=\"col-md-5 order-md-2\"><img decoding=\"async\" class=\"d-block m-auto img-thumbnail\" src=\"https:\/\/tvc.mx\/media\/375955\/vivotek-grabador-de-video-en-red-basado-en-windows-32-canales--dimensiones-NS9521.png\" alt=\" \" \/><\/div>\n<div class=\"col-md-7 order-md-1 text-md-left text-center\">\n<h2>Especificaciones t\u00e9cnicas<\/h2>\n<p class=\"text-muted\">\n<ul>\n<li>32 canales IP<\/li>\n<li>2 bahias para HDD 3.5&#8243;<\/li>\n<li>Salida de video\u00a01 HDMI:\u00a04096&#215;2160, DVI: 1920&#215;1200, DP: 4096&#215;2304<\/li>\n<li>Triple codec de compresi\u00f3n H.265, H.264, MJPEG<\/li>\n<li>Resoluci\u00f3n de grabaci\u00f3n\u00a08192&#215;8192\u00a0pixeles por canal<\/li>\n<li>Rendimiento de visualizacion H.264: 1920&#215;1080 @ 540 fps, H.265: 1920&#215;1080 @ 270 fps<\/li>\n<li>Rendimiento de grabaci\u00f3n 400 Mbps<\/li>\n<li>Rendimiento de monitoreo en red x2 Ethernet 10\/100\/1000Mbps Ethernet (RJ-45)<\/li>\n<\/ul>\n<\/div>\n<\/div>\n","protected":false},"excerpt":{"rendered":"<p>Informaci\u00f3n General El nuevo modelo NS9521 de VIVOTEK es una estaci\u00f3n de videovigilancia que viene con el software de grabaci\u00f3n VAST2 preinstalado. La estaci\u00f3n es compatible con todos los modelos de c\u00e1maras VIVOTEK, incluidas las \u00faltimas c\u00e1maras de 5 megap\u00edxeles y ojo de pez. La&hellip;<\/p>\n","protected":false},"featured_media":7669,"comment_status":"open","ping_status":"closed","template":"","meta":{"om_disable_all_campaigns":false,"_monsterinsights_skip_tracking":false,"_monsterinsights_sitenote_active":false,"_monsterinsights_sitenote_note":"","_monsterinsights_sitenote_category":0},"product_brand":[],"product_cat":[701],"product_tag":[613,611,612,616,615,610,614,617],"class_list":{"0":"post-7670","1":"product","2":"type-product","3":"status-publish","4":"has-post-thumbnail","6":"product_cat-nvrs-de-32-canales-nvrs-vivotek-video-vigilancia","7":"product_tag-bosch","8":"product_tag-manhattan","9":"product_tag-saxxon","10":"product_tag-surveon","11":"product_tag-utepo","12":"product_tag-videovigilancia","13":"product_tag-vivotek","14":"product_tag-zteco","16":"first","17":"instock","18":"sale","19":"taxable","20":"shipping-taxable","21":"purchasable","22":"product-type-simple"},"aioseo_notices":[],"_links":{"self":[{"href":"https:\/\/tecsecmty.com\/index.php\/wp-json\/wp\/v2\/product\/7670","targetHints":{"allow":["GET"]}}],"collection":[{"href":"https:\/\/tecsecmty.com\/index.php\/wp-json\/wp\/v2\/product"}],"about":[{"href":"https:\/\/tecsecmty.com\/index.php\/wp-json\/wp\/v2\/types\/product"}],"replies":[{"embeddable":true,"href":"https:\/\/tecsecmty.com\/index.php\/wp-json\/wp\/v2\/comments?post=7670"}],"version-history":[{"count":0,"href":"https:\/\/tecsecmty.com\/index.php\/wp-json\/wp\/v2\/product\/7670\/revisions"}],"wp:featuredmedia":[{"embeddable":true,"href":"https:\/\/tecsecmty.com\/index.php\/wp-json\/wp\/v2\/media\/7669"}],"wp:attachment":[{"href":"https:\/\/tecsecmty.com\/index.php\/wp-json\/wp\/v2\/media?parent=7670"}],"wp:term":[{"taxonomy":"product_brand","embeddable":true,"href":"https:\/\/tecsecmty.com\/index.php\/wp-json\/wp\/v2\/product_brand?post=7670"},{"taxonomy":"product_cat","embeddable":true,"href":"https:\/\/tecsecmty.com\/index.php\/wp-json\/wp\/v2\/product_cat?post=7670"},{"taxonomy":"product_tag","embeddable":true,"href":"https:\/\/tecsecmty.com\/index.php\/wp-json\/wp\/v2\/product_tag?post=7670"}],"curies":[{"name":"wp","href":"https:\/\/api.w.org\/{rel}","templated":true}]}}