{"id":7674,"date":"2023-02-23T16:16:30","date_gmt":"2023-02-23T22:16:30","guid":{"rendered":"https:\/\/tecsecmty.com\/index.php\/producto\/surveon-nv62mp-nvr-megapixel-6-canales-h264-monitor-local-2-bahias-ra-id-ofertasaaa\/"},"modified":"2023-03-22T23:24:26","modified_gmt":"2023-03-23T05:24:26","slug":"surveon-nv62mp-nvr-megapixel-6-canales-h264-monitor-local-2-bahias-ra-id-ofertasaaa","status":"publish","type":"product","link":"https:\/\/tecsecmty.com\/index.php\/producto\/surveon-nv62mp-nvr-megapixel-6-canales-h264-monitor-local-2-bahias-ra-id-ofertasaaa\/","title":{"rendered":"SURVEON NV62MP &#8211; NVR Megapixel \/ 6 Canales \/ H264 \/ Monitor local \/ 2 Bahias \/ RA ID #OfertasAAA"},"content":{"rendered":"<p>El NV62MP es un grabador de video de c\u00ef\u00bf\u00bdmaras IP con funciones RAID\u00a0 con hot swappable (Sustituci\u00f3n express de Disco Duros). Con 8 bah\u00edas de disco duro, NV62MP es el mejor de su clase soportando 6 canales de video megapixel con per\u00edodos de retenci\u00f3n de video de 7 a 30 d\u00edas o m\u00ef\u00bf\u00bds. Adem\u00ef\u00bf\u00bds, se encuentra preinstalado con VMS para eliminar los problemas de compatibilidad, mientras que reduce de los gastos generales de mantenimiento. Es sin lugar a dudas que el NV62MP es la soluci\u00f3n m\u00ef\u00bf\u00bds fiable y rentable para las necesidades de vigilancia.<\/p>\n<p>&nbsp;<\/p>\n<h1>Grabadores de V\u00eddeo megapixel<\/h1>\n<p>NV62MP\u00a0 ofrecen el VMS, dando a los socios una plataforma fiable y eficiente para la grabaci\u00f3n en megapixeles. Con el hardware escalable y arquitectura RAID, soporta 6 canales mientras que alivia los gastos de instalaci\u00f3n y configuraci\u00f3n.<\/p>\n<p>&nbsp;<\/p>\n<p>&nbsp;<\/p>\n<h1>Protecci\u00f3n RAID, expansi\u00f3n sin problemas<\/h1>\n<p>Ofrece RAID 0, 1, 5, 6, y soporta hasta grabaci\u00f3n Full HD de 6 canales, que lo permiten sus 8 bah\u00edas hot swappable. El galardonado almacenamiento subsistema EonStor ofrece el m\u00ef\u00bf\u00bdximo rendimiento y la maxima fiabilidad para garantizar que no se pierdan datos.<\/p>\n<p>&nbsp;<\/p>\n<h1>Principales Caracter\u00edsticas<\/h1>\n<p>&nbsp;<\/p>\n<ul>\n<li>Visualizaci\u00f3n de Camaras IP en tiempo real.<\/li>\n<\/ul>\n<ul>\n<li>Emap: m\u00faltiples mapas, estructura de mapa jerarquica, etc\u00e9tera.<\/li>\n<\/ul>\n<ul>\n<li>Soporta m\u00faltiples pantallas.<\/li>\n<\/ul>\n<ul>\n<li>Soporta c\u00ef\u00bf\u00bdmaras PTZ: Operaciones Pan, Tilt y Zoom (Depende de la camara), programaci\u00f3n de patrullaje, posiciones predeterminadas, etc\u00e9tera.<\/li>\n<\/ul>\n<ul>\n<li>Gesti\u00f3n de Entrada \/ Salida Digital.<\/li>\n<\/ul>\n<ul>\n<li>Video Inteligente.<\/li>\n<\/ul>\n<ul>\n<li>B\u00fasqueda por fecha, hora, camara.<\/li>\n<\/ul>\n<ul>\n<li>B\u00fasqueda combinada por evento.<\/li>\n<\/ul>\n<ul>\n<li>Soporta hasta 6 canales.<\/li>\n<\/ul>\n<ul>\n<li>Operaciones y funciones completas a trav\u00e9s del VMS.<\/li>\n<\/ul>\n<ul>\n<li>Soporta Web service, Dispositivos M\u00f3viles (iPhone).<\/li>\n<\/ul>\n<ul>\n<li>Soporta m\u00faltiples de Marcas.<\/li>\n<\/ul>\n<ul>\n<li>Almacenamiento RAID.<\/li>\n<\/ul>\n<ul>\n<li>Mascara de Privacidad.<\/li>\n<\/ul>\n<ul>\n<li>Zoom Digital.<\/li>\n<\/ul>\n<ul>\n<li>Intel Dual Core.<\/li>\n<\/ul>\n<ul>\n<li>Temperatura: 5\u00b0 C a 40 \u00b0 C.<\/li>\n<\/ul>\n<ul>\n<li>Humedad: 5% a 80% , sin condensaci\u00f3n.<\/li>\n<\/ul>\n","protected":false},"excerpt":{"rendered":"<p>El NV62MP es un grabador de video de c\u00ef\u00bf\u00bdmaras IP con funciones RAID\u00a0 con hot swappable (Sustituci\u00f3n express de Disco Duros). Con 8 bah\u00edas de disco duro, NV62MP es el mejor de su clase soportando 6 canales de video megapixel con per\u00edodos de retenci\u00f3n de&hellip;<\/p>\n","protected":false},"featured_media":7673,"comment_status":"open","ping_status":"closed","template":"","meta":{"om_disable_all_campaigns":false,"_monsterinsights_skip_tracking":false,"_monsterinsights_sitenote_active":false,"_monsterinsights_sitenote_note":"","_monsterinsights_sitenote_category":0},"product_brand":[],"product_cat":[703],"product_tag":[613,611,612,616,615,610,614,617],"class_list":{"0":"post-7674","1":"product","2":"type-product","3":"status-publish","4":"has-post-thumbnail","6":"product_cat-nvrs-de-8-canales-nvrs-surveon","7":"product_tag-bosch","8":"product_tag-manhattan","9":"product_tag-saxxon","10":"product_tag-surveon","11":"product_tag-utepo","12":"product_tag-videovigilancia","13":"product_tag-vivotek","14":"product_tag-zteco","16":"first","17":"instock","18":"sale","19":"taxable","20":"shipping-taxable","21":"purchasable","22":"product-type-simple"},"aioseo_notices":[],"_links":{"self":[{"href":"https:\/\/tecsecmty.com\/index.php\/wp-json\/wp\/v2\/product\/7674","targetHints":{"allow":["GET"]}}],"collection":[{"href":"https:\/\/tecsecmty.com\/index.php\/wp-json\/wp\/v2\/product"}],"about":[{"href":"https:\/\/tecsecmty.com\/index.php\/wp-json\/wp\/v2\/types\/product"}],"replies":[{"embeddable":true,"href":"https:\/\/tecsecmty.com\/index.php\/wp-json\/wp\/v2\/comments?post=7674"}],"version-history":[{"count":0,"href":"https:\/\/tecsecmty.com\/index.php\/wp-json\/wp\/v2\/product\/7674\/revisions"}],"wp:featuredmedia":[{"embeddable":true,"href":"https:\/\/tecsecmty.com\/index.php\/wp-json\/wp\/v2\/media\/7673"}],"wp:attachment":[{"href":"https:\/\/tecsecmty.com\/index.php\/wp-json\/wp\/v2\/media?parent=7674"}],"wp:term":[{"taxonomy":"product_brand","embeddable":true,"href":"https:\/\/tecsecmty.com\/index.php\/wp-json\/wp\/v2\/product_brand?post=7674"},{"taxonomy":"product_cat","embeddable":true,"href":"https:\/\/tecsecmty.com\/index.php\/wp-json\/wp\/v2\/product_cat?post=7674"},{"taxonomy":"product_tag","embeddable":true,"href":"https:\/\/tecsecmty.com\/index.php\/wp-json\/wp\/v2\/product_tag?post=7674"}],"curies":[{"name":"wp","href":"https:\/\/api.w.org\/{rel}","templated":true}]}}