{"id":7676,"date":"2023-02-23T16:16:31","date_gmt":"2023-02-23T22:16:31","guid":{"rendered":"https:\/\/tecsecmty.com\/index.php\/producto\/vivotek-nd9323p-nvr-8-canales-2-bahias-8-puertos-poe-fe-rj45-1-puerto-ge-rj45-1-puerto-hdmi-4k-1-puerto-vga-ciberseguridad-trend-micro-control-de-aforo-smart-vca-search-gestion-poe-app-vi\/"},"modified":"2023-03-22T23:24:46","modified_gmt":"2023-03-23T05:24:46","slug":"vivotek-nd9323p-nvr-8-canales-2-bahias-8-puertos-poe-fe-rj45-1-puerto-ge-rj45-1-puerto-hdmi-4k-1-puerto-vga-ciberseguridad-trend-micro-control-de-aforo-smart-vca-search-gestion-poe-app-vi","status":"publish","type":"product","link":"https:\/\/tecsecmty.com\/index.php\/producto\/vivotek-nd9323p-nvr-8-canales-2-bahias-8-puertos-poe-fe-rj45-1-puerto-ge-rj45-1-puerto-hdmi-4k-1-puerto-vga-ciberseguridad-trend-micro-control-de-aforo-smart-vca-search-gestion-poe-app-vi\/","title":{"rendered":"VIVOTEK ND9323P &#8211; NVR 8 Canales\/ 2 Bahias\/ 8 puertos PoE FE RJ45 \/ 1 puerto GE RJ45\/ 1 puerto HDMI 4K\/ 1 puerto VGA\/ Ciberseguridad Trend Micro\/ Control de Aforo\/ Smart VCA Search\/ Gestion PoE\/ App Vivocloud\/ Centralizacion VAST 2\/NDAA\/ONVIF"},"content":{"rendered":"<div class=\"row aling-items-center padding-bottom-2x\">\n<div class=\"col-lg-12\">\n<h5 class=\"card-title text-center\">Informaci\u00f3n general<\/h5>\n<p>Los modelos ND9323P de VIVOTEK son NVRs independientes basados en Linux que soportan la nueva tecnolog\u00eda de compresi\u00f3n de video H.265, dispone de 8 canales para c\u00e1maras de red, el NVR admiten puertos 8 puertos PoE compatible con el estandar 802.3 at \/ af. Ambos tambi\u00e9n muestran la informaci\u00f3n de energ\u00eda PoE, lo que proporciona una instalaci\u00f3n m\u00e1s conveniente e inteligente.<\/p>\n<p>El NVR tambi\u00e9n admite acceso remoto y m\u00f3vil a trav\u00e9s de las aplicaciones VIVOCloud e iViewer para dispositivos m\u00f3viles con sistemas iOS y Android. La aplicaci\u00f3n VIVOCloud proporciona notificaciones autom\u00e1ticas instant\u00e1neas y funciones de reproducci\u00f3n directa de video cuando se activa con una notificaci\u00f3n de alarma, lo que brinda a los usuarios un NVR flexible e inteligente para un uso perfecto en aplicaciones de videovigilancia de tama\u00f1o peque\u00f1o a mediano.<\/p>\n<p>Con tecnolog\u00eda de compresi\u00f3n H.265 e integrado con 2 HDD que proporcionan hasta 16 TB de espacio de almacenamiento, el NVR ofrece m\u00e1s de un 30% m\u00e1s de capacidad de grabaci\u00f3n que los sistemas H.264. Este avance proporciona a los usuarios m\u00e1s espacio de almacenamiento para grabaciones de video de mayor duraci\u00f3n. Adem\u00e1s, las configuraciones RAID 0\/1 brindan una mayor seguridad de los datos en el raro caso de que se produzca una falla en el disco duro.<\/p>\n<p>Para obtener im\u00e1genes detalladas y de alta calidad, el NVR admite una resoluci\u00f3n m\u00e1xima de c\u00e1maras hasta de 4K, 12 megap\u00edxeles. Adem\u00e1s, el NVR es compatible con la funci\u00f3n \u00abFisheye Dewarp\u00bb de la c\u00e1mara de red ojo de pez VIVOTEK a trav\u00e9s de una consola web, que proporciona m\u00faltiples modos de correcci\u00f3n de distorsi\u00f3n en la visualizaci\u00f3n en vivo y la reproducci\u00f3n, lo que garantiza el \u00e1ngulo correcto de visualizaci\u00f3n de video e informaci\u00f3n detallada para un uso flexible. Por \u00faltimo, para encontrar de forma r\u00e1pida e intuitiva cualquier evento de destino, el NVR est\u00e1 equipado con la funci\u00f3n de \u00abB\u00fasqueda de StoryBoard\u00bb, que proporciona una visi\u00f3n de las grabaciones pasadas en una l\u00ednea de tiempo intuitiva.<\/p>\n<p>El NVR admite salida de video local HDMI y VGA, por lo que los usuarios pueden controlar la interfaz con un mouse y el teclado, eliminando la necesidad de una PC para buscar videos o reproducirlos desde el NVR. Adem\u00e1s, el dise\u00f1o intuitivo y amigable de la interfaz de los NVRs VIVOTEK brinda a los usuarios una experiencia de control m\u00e1s fluida.<\/p>\n<p><strong>Principales caracter\u00edsticas:<\/strong><\/p>\n<ul>\n<li>Tecnolog\u00eda de compresi\u00f3n H.265, Compatible con c\u00e1mara de hasta 8MP<\/li>\n<li>C\u00e1mara Smart VCA de VIVOTEK con soporte para la b\u00fasqueda y grabaci\u00f3n de eventos<\/li>\n<li>Soporta RAID 0, 1 para evitar p\u00e9rdida de datos de grabaci\u00f3n<\/li>\n<li>802.3at\/af compatibles con puertos PoE x 8<\/li>\n<li>Pantalla 4K para el monitoreo claro y detallado<\/li>\n<li>Nueva interfaz de usuario web disponible para el navegador Chrome sin necesidad de plug-in<\/li>\n<li>VIVOCloud App &amp; VAST 2<\/li>\n<li>Hecho en Taiw\u00e1n<\/li>\n<\/ul>\n<p><img decoding=\"async\" class=\"overview-center-img-web\" src=\"https:\/\/tvc.mx\/media\/222211\/vivotek-grabador-de-video-en-red.png\" alt=\"\" \/><\/div>\n<\/div>\n<div class=\"row align-items-center padding-bottom-2x\">\n<div class=\"col-md-5 order-md-2\"><img decoding=\"async\" class=\"d-block m-auto img-thumbnail\" src=\"https:\/\/tvc.mx\/media\/222219\/vivotek-grabador-de-video-en-red-de-8-canales-ip-8-puertos-poe-2-discos-duros-nd9323p-chrome.png\" alt=\" \" \/><\/div>\n<div class=\"col-md-7 order-md-1 text-md-left text-center\">\n<h2>Nueva interfaz de usuario web disponible para el navegador Chrome sin necesidad de plug-in<\/h2>\n<p class=\"text-muted\">\n<p>Adoptando activamente las tendencias actuales y protegiendo simult\u00e1neamente su ciberseguridad, la nueva interfaz de usuario web de VIVOTEK soporta navegadores Chrome sin la necesidad de plug-ins web. Facilita a los usuarios el inicio de sesi\u00f3n y su operaci\u00f3n; adem\u00e1s, resuelve problemas relacionados con la autoridad del administrador del sistema, los riesgos de seguridad, el navegador y las actualizaciones del sistema operativo. Asimismo, ahora es compatible con la tecnolog\u00eda H.265, que permite a los usuarios alcanzar tasas de compresi\u00f3n de im\u00e1genes m\u00e1s altas y m\u00e1s eficientes que los sistemas H.264 anteriores, mientras mantiene una alta calidad de imagen.<\/p>\n<p>&nbsp;<\/p>\n<\/div>\n<\/div>\n<hr class=\"padding-bottom-2x\" \/>\n<div class=\"row align-items-center padding-bottom-2x\">\n<div class=\"col-md-5\"><img decoding=\"async\" class=\"d-block m-auto img-thumbnail\" src=\"https:\/\/tvc.mx\/media\/222223\/vivotek-grabador-de-video-en-red-de-8-canales-ip-8-puertos-poe-2-discos-duros-nd9323p-busqueda-de-eventos-con-smart-search.png\" alt=\" \" \/><\/div>\n<div class=\"col-md-7 text-md-left text-center\">\n<h2>B\u00fasqueda de eventos con Smart VCA<\/h2>\n<p class=\"text-muted\">\n<p>Los NVRs son compatibles con la administraci\u00f3n de alarmas y la b\u00fasqueda de eventos con la tecnolog\u00eda deep-learning de VIVOTEK, Smart VCA. El usuario puede buscar por uno o varios tipos de eventos, reproducir eventos de alarmas y tambi\u00e9n exportar los videos de la b\u00fasqueda.<\/p>\n<p>&nbsp;<\/p>\n<\/div>\n<\/div>\n<hr class=\"padding-bottom-2x\" \/>\n<div class=\"row align-items-center padding-bottom-2x\">\n<div class=\"col-md-5 order-md-2\"><img decoding=\"async\" class=\"d-block m-auto img-thumbnail\" src=\"https:\/\/tvc.mx\/media\/222227\/vivotek-grabador-de-video-en-red-de-8-canales-ip-8-puertos-poe-2-discos-duros-nd9323p-gestion-poe-.png\" alt=\" \" \/><\/div>\n<div class=\"col-md-7 order-md-1 text-md-left text-center\">\n<h2>Gesti\u00f3n de PoE<\/h2>\n<p class=\"text-muted\">\n<p>Permite a los usuarios solucionar problemas f\u00e1cilmente, controlar el presupuesto de potencia para una mejor operaci\u00f3n y establecer la configuraci\u00f3n de prioridad de puerto para garantizar que las c\u00e1maras m\u00e1s importantes est\u00e9n siempre en funcionamiento. Cuando la alimentaci\u00f3n del sistema est\u00e1 sobrecargada, los puertos PoE se reinician autom\u00e1ticamente para recuperar la fuente de alimentaci\u00f3n.<\/p>\n<p>&nbsp;<\/p>\n<\/div>\n<\/div>\n<hr class=\"padding-bottom-2x\" \/>\n<div class=\"row align-items-center padding-bottom-2x\">\n<div class=\"col-md-5\"><img decoding=\"async\" class=\"d-block m-auto img-thumbnail\" src=\"https:\/\/tvc.mx\/media\/222231\/vivotek-grabador-de-video-en-red-de-8-canales-ip-8-puertos-poe-2-discos-duros-nd9323p-smart-stream-.png\" alt=\" \" \/><\/div>\n<div class=\"col-md-7 text-md-left text-center\">\n<h2>Mejor calidad de video con menor ancho de banda<\/h2>\n<p class=\"text-muted\">\n<p>Con el est\u00e1ndar H.265 y la tecnolog\u00eda smart stream de VIVOTEK, El NVR de VIVOTEK no solo es capaz de proporcionar video de alta calidad: tambi\u00e9n permite ahorrar el uso del ancho de banda de red y la capacidad de grabaci\u00f3n, m\u00e1s que el est\u00e1ndar H.264 convencional.<\/p>\n<p>&nbsp;<\/p>\n<\/div>\n<\/div>\n<hr class=\"padding-bottom-2x\" \/>\n<div class=\"row align-items-center padding-bottom-2x\">\n<div class=\"col-md-5 order-md-2\"><img decoding=\"async\" class=\"d-block m-auto img-thumbnail\" src=\"https:\/\/tvc.mx\/media\/222235\/vivotek-grabador-de-video-en-red-.png\" alt=\" \" \/><\/div>\n<div class=\"col-md-7 order-md-1 text-md-left text-center\">\n<h2>Entrada de video de c\u00e1maras IP 4K y salida de video local de 4K<\/h2>\n<p class=\"text-muted\">\n<p>Los NVRs de VIVOTEK permiten la entrada de video de c\u00e1maras IP de 4K y salida de video local de 4K, por lo que pueden proporcionar a los usuarios una resoluci\u00f3n de video de alta definici\u00f3n asegurando que nunca se pierda un solo detalle en el monitoreo de video y grabaci\u00f3n.<\/p>\n<p>&nbsp;<\/p>\n<\/div>\n<\/div>\n<hr class=\"padding-bottom-2x\" \/>\n<div class=\"row align-items-center padding-bottom-2x\">\n<div class=\"col-md-5\"><img decoding=\"async\" class=\"d-block m-auto img-thumbnail\" src=\"https:\/\/tvc.mx\/media\/222239\/vivotek-grabador-de-video-en-red-de-8-canales-ip-8-puertos-poe-2-discos-duros-nd9323p-acceso-remoto-.png\" alt=\" \" \/><\/div>\n<div class=\"col-md-7 text-md-left text-center\">\n<h2>Aplicaci\u00f3n VIVOCloud y Portal para vigilancia 24\/7<\/h2>\n<p class=\"text-muted\">\n<p>La app gratuita VIVOCloud hace que la vigilancia sea liviana y port\u00e1til, lo que asegura una operaci\u00f3n eficiente. Gracias a la \u00faltima tecnolog\u00eda P2P que facilita a\u00fan m\u00e1s el acceso remoto, simplemente escaneando el c\u00f3digo QR e instalando la aplicaci\u00f3n, los usuarios pueden ver transmisiones en vivo y reproducir clips grabados con la intuitiva interfaz en cualquier momento y desde cualquier lugar. La funci\u00f3n de notificaciones Push, permite que los usuarios reciban directamente un mensaje de alerta en su dispositivo m\u00f3vil Android \/ iOS y reproduzcan directamente el video para verificar si hay alguna actividad sospechosa.<\/p>\n<p>&nbsp;<\/p>\n<\/div>\n<\/div>\n<hr class=\"padding-bottom-2x\" \/>\n<div class=\"row aling-items-center padding-bottom-2x\">\n<div class=\"col-lg-12\">\n<h5 class=\"card-title text-center\">Lista de unidades de disco duro compatibles<\/h5>\n<p>* WD (Western Digital) es uno de los socios SIA (Solution Integration Alliance) de VIVOTEK para desarrollar caracter\u00edsticas personalizadas en una plataforma abierta. WD presta servicios de mantenimiento y reparaci\u00f3n, como VIVOTEK siempre lo hace. Para obtener m\u00e1s informaci\u00f3n sobre el servicio directo del producto WD HDD, consulte el sitio web de garant\u00eda global de\u00a0<a href=\"http:\/\/support.wdc.com\/warranty\/\" target=\"_blank\" rel=\"noopener\">WD<\/a>.<\/p>\n<p><img decoding=\"async\" class=\"overview-center-img-web\" src=\"https:\/\/tvc.mx\/media\/222243\/vivotek-grabador-de-video-en-red-de-8-canales-ip-8-puertos-poe-2-discos-duros-nd9323p-discos-compatibles.png\" alt=\"\" \/><\/div>\n<\/div>\n<div class=\"row align-items-center padding-bottom-2x\">\n<div class=\"col-md-5 order-md-2\"><img decoding=\"async\" class=\"d-block m-auto img-thumbnail\" src=\"https:\/\/tvc.mx\/media\/375659\/vivotek-grabador-de-video-en-red-ip-8-canales-2-discos-duros-8-puertos-poe-dimensiones-nd9323p.png\" alt=\" \" \/><\/div>\n<div class=\"col-md-7 order-md-1 text-md-left text-center\">\n<h2>Incluye<\/h2>\n<p class=\"text-muted\">\n<ul>\n<li>Grabador ND9323P<\/li>\n<li>Cable de alimentaci\u00f3n<\/li>\n<li>Mouse<\/li>\n<li>Paquete de tornillos<\/li>\n<li>Gu\u00eda r\u00e1pida de instalaci\u00f3n<\/li>\n<li>P\u00f3liza de garant\u00eda<\/li>\n<\/ul>\n<p>&nbsp;<\/p>\n<\/div>\n<\/div>\n<hr class=\"padding-bottom-2x\" \/>\n<div class=\"row align-items-center padding-bottom-2x\">\n<div class=\"col-md-5 order-md-2\"><img decoding=\"async\" class=\"d-block m-auto img-thumbnail\" src=\"https:\/\/tvc.mx\/media\/375747\/vivotek-grabador-de-video-en-red-ip-8-canales-2-discos-duros-8-puertos-poe-dimensiones-nd9323p.png\" alt=\" \" \/><\/div>\n<div class=\"col-md-7 order-md-1 text-md-left text-center\">\n<h2>Especificaiones t\u00e9cnicas<\/h2>\n<p class=\"text-muted\">\n<ul>\n<li>8 canales IP<\/li>\n<li>2 bahias para HDD 3.5&#8243;<\/li>\n<li>8 puertos rj45 PoE 802.3at\/af (Total M\u00e1ximo 120W)<\/li>\n<li>Salida de video\u00a01 HDMI, 1 VGA con resoluci\u00f3n\u00a03840&#215;2160, 1920&#215;1080, 1280&#215;720<\/li>\n<li>Triple codec de compresi\u00f3n H.265, H.264, MJPEG<\/li>\n<li>Resoluci\u00f3n de visualizaci\u00f3n en pantalla 3840&#215;2160 pixeles<\/li>\n<li>Rendimiento de decodificaci\u00f3n 3840&#215;2160 @ 30 fps (1 canal), 1920&#215;1080 @ 120 fps (4 canales), 1280&#215;720 @ 240 fps (8 canales)<\/li>\n<li>Rendimiento de grabaci\u00f3n 64 Mbps<\/li>\n<li>Rendimiento de monitoreo en red x1 Ethernet 10\/100\/1000Mbps Ethernet (RJ-45)<\/li>\n<\/ul>\n<\/div>\n<\/div>\n","protected":false},"excerpt":{"rendered":"<p>Informaci\u00f3n general Los modelos ND9323P de VIVOTEK son NVRs independientes basados en Linux que soportan la nueva tecnolog\u00eda de compresi\u00f3n de video H.265, dispone de 8 canales para c\u00e1maras de red, el NVR admiten puertos 8 puertos PoE compatible con el estandar 802.3 at \/&hellip;<\/p>\n","protected":false},"featured_media":7675,"comment_status":"open","ping_status":"closed","template":"","meta":{"om_disable_all_campaigns":false,"_monsterinsights_skip_tracking":false,"_monsterinsights_sitenote_active":false,"_monsterinsights_sitenote_note":"","_monsterinsights_sitenote_category":0},"product_brand":[],"product_cat":[704],"product_tag":[613,611,612,616,615,610,614,617],"class_list":{"0":"post-7676","1":"product","2":"type-product","3":"status-publish","4":"has-post-thumbnail","6":"product_cat-nvrs-de-8-canales-nvrs-vivotek-video-vigilancia","7":"product_tag-bosch","8":"product_tag-manhattan","9":"product_tag-saxxon","10":"product_tag-surveon","11":"product_tag-utepo","12":"product_tag-videovigilancia","13":"product_tag-vivotek","14":"product_tag-zteco","16":"first","17":"instock","18":"sale","19":"taxable","20":"shipping-taxable","21":"purchasable","22":"product-type-simple"},"aioseo_notices":[],"_links":{"self":[{"href":"https:\/\/tecsecmty.com\/index.php\/wp-json\/wp\/v2\/product\/7676","targetHints":{"allow":["GET"]}}],"collection":[{"href":"https:\/\/tecsecmty.com\/index.php\/wp-json\/wp\/v2\/product"}],"about":[{"href":"https:\/\/tecsecmty.com\/index.php\/wp-json\/wp\/v2\/types\/product"}],"replies":[{"embeddable":true,"href":"https:\/\/tecsecmty.com\/index.php\/wp-json\/wp\/v2\/comments?post=7676"}],"version-history":[{"count":0,"href":"https:\/\/tecsecmty.com\/index.php\/wp-json\/wp\/v2\/product\/7676\/revisions"}],"wp:featuredmedia":[{"embeddable":true,"href":"https:\/\/tecsecmty.com\/index.php\/wp-json\/wp\/v2\/media\/7675"}],"wp:attachment":[{"href":"https:\/\/tecsecmty.com\/index.php\/wp-json\/wp\/v2\/media?parent=7676"}],"wp:term":[{"taxonomy":"product_brand","embeddable":true,"href":"https:\/\/tecsecmty.com\/index.php\/wp-json\/wp\/v2\/product_brand?post=7676"},{"taxonomy":"product_cat","embeddable":true,"href":"https:\/\/tecsecmty.com\/index.php\/wp-json\/wp\/v2\/product_cat?post=7676"},{"taxonomy":"product_tag","embeddable":true,"href":"https:\/\/tecsecmty.com\/index.php\/wp-json\/wp\/v2\/product_tag?post=7676"}],"curies":[{"name":"wp","href":"https:\/\/api.w.org\/{rel}","templated":true}]}}