{"id":7678,"date":"2023-02-23T16:16:34","date_gmt":"2023-02-23T22:16:34","guid":{"rendered":"https:\/\/tecsecmty.com\/index.php\/producto\/zkteco-z8608nf8f-nvr-de-8-canales-8-canales-reconocimiento-facial-compresion-h-265-2-hdd-cada-uno-hasta-8-tb-biblioteca-de-50000-rostros-funciones-iva-p2p\/"},"modified":"2023-03-22T23:25:37","modified_gmt":"2023-03-23T05:25:37","slug":"zkteco-z8608nf8f-nvr-de-8-canales-8-canales-reconocimiento-facial-compresion-h-265-2-hdd-cada-uno-hasta-8-tb-biblioteca-de-50000-rostros-funciones-iva-p2p","status":"publish","type":"product","link":"https:\/\/tecsecmty.com\/index.php\/producto\/zkteco-z8608nf8f-nvr-de-8-canales-8-canales-reconocimiento-facial-compresion-h-265-2-hdd-cada-uno-hasta-8-tb-biblioteca-de-50000-rostros-funciones-iva-p2p\/","title":{"rendered":"ZKTECO Z8608NF8F &#8211; NVR de 8 Canales \/ 8 Canales Reconocimiento Facial \/ Compresi\u00f3n H.265+ \/ 2 HDD cada uno hasta 8 TB \/ Biblioteca de 50000 rostros \/ Funciones IVA \/ P2P"},"content":{"rendered":"<div class=\"row aling-items-center padding-bottom-2x\">\n<div class=\"col-lg-12\">\n<h5 class=\"card-title text-center\">Descripci\u00f3n<\/h5>\n<p class=\"ql-align-justify\">El\u00a0<strong>NVR ZKTeco<\/strong>\u00a0modelo\u00a0<strong>Z8608NF8F<\/strong>\u00a0es ideal para la video vigilancia y el an\u00e1lisis de\u00a0<strong>reconocimiento facial<\/strong>\u00a0a peque\u00f1a y mediana escala con el\u00a0<strong>algoritmo de IA<\/strong>. Este modelo admite\u00a0<strong>8 canales de reconocimiento facial en tiempo real (requiere c\u00e1mara que soporte la funci\u00f3n)\u00a0<\/strong>Con una base de datos que almacena\u00a0<strong>hasta 50,000 plantillas de rostros<\/strong>\u00a0y muestra resultados de\u00a0<strong>reconocimiento facial en tiempo real<\/strong>. Con la gesti\u00f3n de la lista negra\/lista blanca, se puede activar una alarma, tomar una fotograf\u00eda o grabar rostros para su posterior an\u00e1lisis.Gracias a la s\u00f3lida\u00a0<strong>interoperabilidad y al perfil S de ONVIF<\/strong>, la serie es compatible con muchos IPC de terceros para implementar el\u00a0<strong>reconocimiento facial.<\/strong><\/p>\n<p><img decoding=\"async\" class=\"overview-center-img-web\" src=\"https:\/\/tvc.mx\/media\/591415\/ZKTECO-ZKT0190002-NVR-8-CANALES-BANNER0.png\" alt=\"\" \/><\/div>\n<\/div>\n<div class=\"row align-items-center padding-bottom-2x\">\n<div class=\"col-md-5\"><img decoding=\"async\" class=\"d-block m-auto img-thumbnail\" src=\"https:\/\/tvc.mx\/media\/453939\/ZKTECO-Z8608NF8F---NVR-de-8-Canales-H.265-2-discos-duros-hasta-8tb-base-de-datos-rostros---Fr.png\" alt=\" \" \/><\/div>\n<div class=\"col-md-7 text-md-left text-center\">\n<h2>Principales Caracter\u00edsticas<\/h2>\n<p class=\"text-muted\">\n<ul>\n<li class=\"ql-align-justify\">Funciones de IVA (an\u00e1lisis de v\u00eddeo inteligente).<\/li>\n<li class=\"ql-align-justify\">Soporta el reconocimiento facial \/ el cruce de l\u00edneas \/ el recuento de objetivos \/ el abandono\/perdida de objetos \/ la intrusi\u00f3n \/ el cambio de escena \/ el VQD, etc.<\/li>\n<li class=\"ql-align-justify\">Numerosas plantillas y reconocimiento facial preciso 50,000 plantillas de caras y hasta un 98% de precisi\u00f3n en el reconocimiento facial (datos de ZKTeco Lab).<\/li>\n<li class=\"ql-align-justify\">Aplicaci\u00f3n m\u00f3vil y VMS de f\u00e1cil uso y con todas las funciones<\/li>\n<li class=\"ql-align-justify\">Acciones de vinculaci\u00f3n de eventos de alarma de lista negra \/ blanca, como correo electr\u00f3nico, audio, timbre y mensaje de alarma a la aplicaci\u00f3n m\u00f3vil, etc.<\/li>\n<\/ul>\n<p>&nbsp;<\/p>\n<\/div>\n<\/div>\n<hr class=\"padding-bottom-2x\" \/>\n<div class=\"row align-items-center padding-bottom-2x\">\n<div class=\"col-md-5 order-md-2\"><img decoding=\"async\" class=\"d-block m-auto img-thumbnail\" src=\"https:\/\/tvc.mx\/media\/453933\/ZKTECO-Z8608NF8F---NVR-de-8-Canales-H.265-2-discos-duros-hasta-8tb-base-de-datos-rostros-P2P.png\" alt=\" \" \/><\/div>\n<div class=\"col-md-7 order-md-1 text-md-left text-center\">\n<h2>Principales caracter\u00edsticas.<\/h2>\n<p class=\"text-muted\">\n<ul>\n<li class=\"ql-align-justify\">Decodificaci\u00f3n H.265 \/H.265\/H.264 \/H.264.<\/li>\n<li class=\"ql-align-justify\">Soporta previsualizaci\u00f3n y reproducci\u00f3n de resoluci\u00f3n 8MP en 4 canales.<\/li>\n<li class=\"ql-align-justify\">Soporta salida HDMI hasta 4K.<\/li>\n<li class=\"ql-align-justify\">DHCP, FTP, DNS, DDNS, NTP, UPNP, RTSP, etc.<\/li>\n<li class=\"ql-align-justify\">Compatible con el ONVIF Perfil S.<\/li>\n<li class=\"ql-align-justify\">Servicio en la nube, P2P.<\/li>\n<li class=\"ql-align-justify\">Monitorizaci\u00f3n remota por tel\u00e9fono m\u00f3vil (iOS, Android).<\/li>\n<li class=\"ql-align-justify\">Acceso a m\u00faltiples navegadores (IE, Chrome, Firefox, Safari).<\/li>\n<\/ul>\n<p>&nbsp;<\/p>\n<\/div>\n<\/div>\n<hr class=\"padding-bottom-2x\" \/>\n<div class=\"row align-items-center padding-bottom-2x\">\n<div class=\"col-md-5\"><img decoding=\"async\" class=\"d-block m-auto img-thumbnail\" src=\"https:\/\/tvc.mx\/media\/453966\/ZKTECO-Z8608NF8F---NVR-de-8-Canales-H.265-2-discos-duros-hasta-8tb-base-de-datos-rostros---vista-lateral-over.png\" alt=\" \" \/><\/div>\n<div class=\"col-md-7 text-md-left text-center\">\n<h2>Especificaciones T\u00e9cnicas<\/h2>\n<p class=\"text-muted\">\n<ul>\n<li class=\"ql-align-justify\">NVR 8 canales 4K en tiempo real.<\/li>\n<li class=\"ql-align-justify\">Compresi\u00f3n:H.265+ \/ H.265 \/ H.264.<\/li>\n<li class=\"ql-align-justify\">Resoluci\u00f3n m\u00e1xima vista en vivo: 8MP (3840*2160) \/ 5MP (2592*1944) \/ 2MP (1920*1080) \/ \u00a0 1.3MP (1280*1024) .<\/li>\n<li class=\"ql-align-justify\">Capacidad m\u00e1xima de video en tiempo real: 4CH@8MP(25\/30fps) \/ 8CH@D1((25\/30fps).<\/li>\n<li class=\"ql-align-justify\">M\u00e1xima capacidad de decodificaci\u00f3n 8MP@25\/30fps.<\/li>\n<li class=\"ql-align-justify\">Comunicaci\u00f3n Bidireccional.<\/li>\n<li class=\"ql-align-justify\">Reconocimiento facial: 8 canales con c\u00e1mara de detecci\u00f3n facial; 4 canales con c\u00e1mara tradicional.<\/li>\n<li class=\"ql-align-justify\">Velocidad de procesamiento de rostros: Hasta 25 rostros por segundo.<\/li>\n<li class=\"ql-align-justify\">Plantillas de rostros: 50,000 im\u00e1genes.<\/li>\n<li class=\"ql-align-justify\">Biblioteca de rostros: Lista negra\/Lista blanca\/Otra lista.<\/li>\n<li class=\"ql-align-justify\">Funciones inteligentes de an\u00e1lisis de video ( IVA ): Cruce de l\u00ednea \/ Objeto abandonado \/ Perdido \/ Intrusi\u00f3n \/ Cambio de escena.<\/li>\n<\/ul>\n<p>&nbsp;<\/p>\n<\/div>\n<\/div>\n<hr class=\"padding-bottom-2x\" \/>\n<div class=\"row align-items-center padding-bottom-2x\">\n<div class=\"col-md-5 order-md-2\"><img decoding=\"async\" class=\"d-block m-auto img-thumbnail\" src=\"https:\/\/tvc.mx\/media\/453969\/ZKTECO-Z8608NF8F---NVR-de-8-Canales-H.265-2-discos-duros-hasta-8tb-base-de-datos-rostros---vista-trasera-over.png\" alt=\" \" \/><\/div>\n<div class=\"col-md-7 order-md-1 text-md-left text-center\">\n<h2>Especificaciones T\u00e9cnicas<\/h2>\n<p class=\"text-muted\">\n<ul>\n<li>Almacenamiento 2 puertos SATA hasta 8TB c\/u.<\/li>\n<li>Conexi\u00f3n de Usuarios : M\u00e1ximo 5 usuarios.<\/li>\n<li>Plataforma de Administraci\u00f3n Escritorio: AntarVis2.0 \/ ZKBioSecurity IVS \/ BioAccess IVS.<\/li>\n<li>Aplicaci\u00f3n para celular: AntarView Pro (iOS &amp; Android).<\/li>\n<li>Soporte de conexi\u00f3n P2P.<\/li>\n<li>Puertos USB: 1 posterior V3.0 y 1 frontal V2.0.<\/li>\n<li>Salidas de v\u00eddeo VGA \/ HDMI hasta 4K.<\/li>\n<li>Soporte de audio: 1 Canal de Entrada \/ 1 Canal de Salida.<\/li>\n<li>Interoperabilidad ONVIF Profile S, SDK, CGI, API.<\/li>\n<li>Alimentaci\u00f3n 12V CD \/ 3Amp.<\/li>\n<li>Consumo de Energ\u00eda 20W ( sin disco duro).<\/li>\n<li>Dimensiones ( L*A*Altura ) :325 * 246 * 50 (mm).<\/li>\n<li>Peso Neto: 2.5kg ( sin disco duro ).<\/li>\n<li>Peso Bruto: 3Kg ( sin disco duro ).<\/li>\n<\/ul>\n<p>&nbsp;<\/p>\n<\/div>\n<\/div>\n<hr class=\"padding-bottom-2x\" \/>\n<div class=\"row align-items-center padding-bottom-2x\">\n<div class=\"col-md-5\"><img decoding=\"async\" class=\"d-block m-auto img-thumbnail\" src=\"https:\/\/tvc.mx\/media\/591351\/ZKTECO-ZKT0190002-NVR-8-CANALES-INCLUYE0.png\" alt=\" \" \/><\/div>\n<div class=\"col-md-7 text-md-left text-center\">\n<h2>Incluye<\/h2>\n<p class=\"text-muted\">\n<ul>\n<li class=\"ql-align-justify\">NVR hasta 8 canales.<\/li>\n<li class=\"ql-align-justify\">Fuente de poder.<\/li>\n<li class=\"ql-align-justify\">Mouse.<\/li>\n<li class=\"ql-align-justify\">Manual de usuario (CD).<\/li>\n<li class=\"ql-align-justify\">Tornillos para fijar Disco Duro.<\/li>\n<li class=\"ql-align-justify\">Poliza de garantia.<\/li>\n<\/ul>\n<\/div>\n<\/div>\n","protected":false},"excerpt":{"rendered":"<p>Descripci\u00f3n El\u00a0NVR ZKTeco\u00a0modelo\u00a0Z8608NF8F\u00a0es ideal para la video vigilancia y el an\u00e1lisis de\u00a0reconocimiento facial\u00a0a peque\u00f1a y mediana escala con el\u00a0algoritmo de IA. Este modelo admite\u00a08 canales de reconocimiento facial en tiempo real (requiere c\u00e1mara que soporte la funci\u00f3n)\u00a0Con una base de datos que almacena\u00a0hasta 50,000 plantillas&hellip;<\/p>\n","protected":false},"featured_media":7677,"comment_status":"open","ping_status":"closed","template":"","meta":{"om_disable_all_campaigns":false,"_monsterinsights_skip_tracking":false,"_monsterinsights_sitenote_active":false,"_monsterinsights_sitenote_note":"","_monsterinsights_sitenote_category":0},"product_brand":[],"product_cat":[706],"product_tag":[613,611,612,616,615,610,614,617],"class_list":{"0":"post-7678","1":"product","2":"type-product","3":"status-publish","4":"has-post-thumbnail","6":"product_cat-nvrs-de-8-canales-nvrs-zkteco-video-vigilancia","7":"product_tag-bosch","8":"product_tag-manhattan","9":"product_tag-saxxon","10":"product_tag-surveon","11":"product_tag-utepo","12":"product_tag-videovigilancia","13":"product_tag-vivotek","14":"product_tag-zteco","16":"first","17":"instock","18":"sale","19":"taxable","20":"shipping-taxable","21":"purchasable","22":"product-type-simple"},"aioseo_notices":[],"_links":{"self":[{"href":"https:\/\/tecsecmty.com\/index.php\/wp-json\/wp\/v2\/product\/7678","targetHints":{"allow":["GET"]}}],"collection":[{"href":"https:\/\/tecsecmty.com\/index.php\/wp-json\/wp\/v2\/product"}],"about":[{"href":"https:\/\/tecsecmty.com\/index.php\/wp-json\/wp\/v2\/types\/product"}],"replies":[{"embeddable":true,"href":"https:\/\/tecsecmty.com\/index.php\/wp-json\/wp\/v2\/comments?post=7678"}],"version-history":[{"count":0,"href":"https:\/\/tecsecmty.com\/index.php\/wp-json\/wp\/v2\/product\/7678\/revisions"}],"wp:featuredmedia":[{"embeddable":true,"href":"https:\/\/tecsecmty.com\/index.php\/wp-json\/wp\/v2\/media\/7677"}],"wp:attachment":[{"href":"https:\/\/tecsecmty.com\/index.php\/wp-json\/wp\/v2\/media?parent=7678"}],"wp:term":[{"taxonomy":"product_brand","embeddable":true,"href":"https:\/\/tecsecmty.com\/index.php\/wp-json\/wp\/v2\/product_brand?post=7678"},{"taxonomy":"product_cat","embeddable":true,"href":"https:\/\/tecsecmty.com\/index.php\/wp-json\/wp\/v2\/product_cat?post=7678"},{"taxonomy":"product_tag","embeddable":true,"href":"https:\/\/tecsecmty.com\/index.php\/wp-json\/wp\/v2\/product_tag?post=7678"}],"curies":[{"name":"wp","href":"https:\/\/api.w.org\/{rel}","templated":true}]}}