{"id":7686,"date":"2023-02-23T16:16:47","date_gmt":"2023-02-23T22:16:47","guid":{"rendered":"https:\/\/tecsecmty.com\/index.php\/producto\/bosch-v_-mbvblitdip-licencia-base-lite-divar-ip-aio-5000\/"},"modified":"2023-03-22T23:21:35","modified_gmt":"2023-03-23T05:21:35","slug":"bosch-v_-mbvblitdip-licencia-base-lite-divar-ip-aio-5000","status":"publish","type":"product","link":"https:\/\/tecsecmty.com\/index.php\/producto\/bosch-v_-mbvblitdip-licencia-base-lite-divar-ip-aio-5000\/","title":{"rendered":"BOSCH V_ MBVBLITDIP- Licencia base Lite\/ DIVAR IP AIO 5000"},"content":{"rendered":"<div class=\"row aling-items-center padding-bottom-2x\">\n<div class=\"col-lg-12\">\n<h5 class=\"card-title text-center\">MBVBLITDIP- Licencia base Lite\/ DIVAR IP AIO 5000<\/h5>\n<p>Grabaci\u00f3n de video todo en uno, con todas las funciones y soluci\u00f3n de gesti\u00f3n para hasta 42 canales<\/p>\n<p>Grabaci\u00f3n de video IP lista para usar con hasta 48 TB (4 x 12 TB) capacidad de almacenamiento preinstalada<\/p>\n<p>Operaci\u00f3n robusta y segura: acceso instant\u00e1neo en tiempo real al video<\/p>\n<p>Gesti\u00f3n avanzada de usuarios y alarmas<\/p>\n<p>3 a\u00f1os de garant\u00eda, incluido el reemplazo de piezas dentro<\/p>\n<p>Servicios de 3 d\u00edas h\u00e1biles<\/p>\n<p><img decoding=\"async\" class=\"overview-center-img-web\" src=\"https:\/\/tvc.mx\/media\/196519\/BANNER_CCTV.png\" alt=\"\" \/><\/div>\n<\/div>\n<div class=\"row align-items-center padding-bottom-2x\">\n<div class=\"col-md-5 order-md-2\"><img decoding=\"async\" class=\"d-block m-auto img-thumbnail\" src=\"https:\/\/tvc.mx\/media\/196531\/Sin-t%C3%ADtulo-15AAAAAA.png\" alt=\" \" \/><\/div>\n<div class=\"col-md-7 order-md-1 text-md-left text-center\">\n<h2>Descripci\u00f3n inicial<\/h2>\n<p class=\"text-muted\">\n<p>El dispositivo DIVAR IP all-in-one 5000 es asequible y f\u00e1cil de usar grabaci\u00f3n, visualizaci\u00f3n y soluci\u00f3n de gesti\u00f3n para sistemas de vigilancia en red de hasta 42 canales (con 8 canales con licencia previa).<\/p>\n<p>Ejecutando la soluci\u00f3n BVMS completa y con la tecnolog\u00eda de Bosch Video Recording Manager, incluido el Video Streaming Gateway para integrar de terceros c\u00e1maras, es una gesti\u00f3n de v\u00eddeo IP inteligente y dispositivo de almacenamiento.<\/p>\n<p>DIVAR IP all-in-one 5000 es una unidad de minitorre de 4 bah\u00edas que combina la gesti\u00f3n avanzada y el estado de la t\u00e9cnica gesti\u00f3n de grabaciones en una \u00fanica y rentable<\/p>\n<p class=\"ql-align-justify\">Dispositivo de grabaci\u00f3n de IP plug and play para personas con mentalidad de TI clientes.<\/p>\n<p>MBV-BLIT-DIP License Lite base para DIVAR IP AIO<\/p>\n<p>5000<\/p>\n<p>Licencia BVMS para DIVAR IP all-in-one 5000.<\/p>\n<p>Licencia de expansi\u00f3n para expandir a 32 canales (c\u00e1maras \/<\/p>\n<p>decodificadores).<\/p>\n<p class=\"ql-align-justify\">N\u00famero de pedido MBV-BLIT-DIP<\/p>\n<\/div>\n<\/div>\n","protected":false},"excerpt":{"rendered":"<p>MBVBLITDIP- Licencia base Lite\/ DIVAR IP AIO 5000 Grabaci\u00f3n de video todo en uno, con todas las funciones y soluci\u00f3n de gesti\u00f3n para hasta 42 canales Grabaci\u00f3n de video IP lista para usar con hasta 48 TB (4 x 12 TB) capacidad de almacenamiento preinstalada&hellip;<\/p>\n","protected":false},"featured_media":7685,"comment_status":"open","ping_status":"closed","template":"","meta":{"om_disable_all_campaigns":false,"_monsterinsights_skip_tracking":false,"_monsterinsights_sitenote_active":false,"_monsterinsights_sitenote_note":"","_monsterinsights_sitenote_category":0},"product_brand":[],"product_cat":[707],"product_tag":[613,611,612,616,615,610,614,617],"class_list":{"0":"post-7686","1":"product","2":"type-product","3":"status-publish","4":"has-post-thumbnail","6":"product_cat-servidores-y-software-de-videovigilancia-bosch-video-vigilancia","7":"product_tag-bosch","8":"product_tag-manhattan","9":"product_tag-saxxon","10":"product_tag-surveon","11":"product_tag-utepo","12":"product_tag-videovigilancia","13":"product_tag-vivotek","14":"product_tag-zteco","16":"first","17":"instock","18":"sale","19":"taxable","20":"shipping-taxable","21":"purchasable","22":"product-type-simple"},"aioseo_notices":[],"_links":{"self":[{"href":"https:\/\/tecsecmty.com\/index.php\/wp-json\/wp\/v2\/product\/7686","targetHints":{"allow":["GET"]}}],"collection":[{"href":"https:\/\/tecsecmty.com\/index.php\/wp-json\/wp\/v2\/product"}],"about":[{"href":"https:\/\/tecsecmty.com\/index.php\/wp-json\/wp\/v2\/types\/product"}],"replies":[{"embeddable":true,"href":"https:\/\/tecsecmty.com\/index.php\/wp-json\/wp\/v2\/comments?post=7686"}],"version-history":[{"count":0,"href":"https:\/\/tecsecmty.com\/index.php\/wp-json\/wp\/v2\/product\/7686\/revisions"}],"wp:featuredmedia":[{"embeddable":true,"href":"https:\/\/tecsecmty.com\/index.php\/wp-json\/wp\/v2\/media\/7685"}],"wp:attachment":[{"href":"https:\/\/tecsecmty.com\/index.php\/wp-json\/wp\/v2\/media?parent=7686"}],"wp:term":[{"taxonomy":"product_brand","embeddable":true,"href":"https:\/\/tecsecmty.com\/index.php\/wp-json\/wp\/v2\/product_brand?post=7686"},{"taxonomy":"product_cat","embeddable":true,"href":"https:\/\/tecsecmty.com\/index.php\/wp-json\/wp\/v2\/product_cat?post=7686"},{"taxonomy":"product_tag","embeddable":true,"href":"https:\/\/tecsecmty.com\/index.php\/wp-json\/wp\/v2\/product_tag?post=7686"}],"curies":[{"name":"wp","href":"https:\/\/api.w.org\/{rel}","templated":true}]}}