{"id":7694,"date":"2023-02-23T16:16:58","date_gmt":"2023-02-23T22:16:58","guid":{"rendered":"https:\/\/tecsecmty.com\/index.php\/producto\/bosch-v_bisfauebpa42-licencia-basica-aue-4-2-automatizacion\/"},"modified":"2023-03-22T23:21:37","modified_gmt":"2023-03-23T05:21:37","slug":"bosch-v_bisfauebpa42-licencia-basica-aue-4-2-automatizacion","status":"publish","type":"product","link":"https:\/\/tecsecmty.com\/index.php\/producto\/bosch-v_bisfauebpa42-licencia-basica-aue-4-2-automatizacion\/","title":{"rendered":"BOSCH V_BISFAUEBPA42 &#8211; Licencia basica AUE 4.2 \/ Automatizacion"},"content":{"rendered":"<h5 class=\"card-title text-center\">Licencia b\u00e1sica de AUE 4.2 Licencia b\u00e1sica para el m\u00f3dulo de BIS especificado<\/h5>\n<p class=\"ql-align-justify\">Hoy en d\u00eda, la ley suele exigir sistemas de protecci\u00f3n contra incendios. Adem\u00e1s, es necesario el uso de sistemas de detecci\u00f3n de intrusos y, para el buen funcionamiento de la empresa, resulta esencial la supervisi\u00f3n de los sistemas m\u00e1s importantes de los edificios, como los de calefacci\u00f3n, ventilaci\u00f3n y aire acondicionado. Este software ofrece algunas de las funciones clave para la integraci\u00f3n de los edificios: conectar los sistemas m\u00e1s importantes del lugar, supervisar, controlar y verificar que no se produzcan fallas en el funcionamiento. Al capitalizar todas las funciones de BIS comunes junto con sus propias funciones espec\u00edficas, Automation Engine les permite a quienes construyen el sistema personalizar un sistema de administraci\u00f3n de seguridad y alarmas seg\u00fan las necesidades espec\u00edficas.<\/p>\n<p class=\"ql-align-justify\"><strong>Resumen del sistema<\/strong><\/p>\n<p class=\"ql-align-justify\"><strong>Automation Engine (AUE) es uno de los m\u00f3dulos principales de la gama BIS. Se ejecuta tanto como engine \u00fanico o en combinaci\u00f3n con otros engines.<\/strong>\u00a0Su funci\u00f3n principal consiste en conectar, supervisar y controlar los sistemas de seguridad y protecci\u00f3n, generalmente paneles de detecci\u00f3n de intrusiones e incendios. Sin embargo, tambi\u00e9n permite visualizar im\u00e1genes en directo o distintos documentos. Para aplicaciones de video m\u00e1s complejas, recomendamos el uso de\u00a0<strong>Video Engine o Bosch VMS.<\/strong>\u00a0Automation Engine emplea todas las funciones generales de BIS, como la visualizaci\u00f3n de mapas interactivos de ubicaci\u00f3n y planes de acci\u00f3n. Las alarmas recibidas se pueden mostrar junto con toda la informaci\u00f3n necesaria y los botones de acci\u00f3n personalizados.<\/p>\n<p class=\"ql-align-justify\">Los comandos pueden ser automatizados seg\u00fan las reglas definidas por el usuario en la m\u00e1quina de estado de BIS (consulte Vista general y paquete b\u00e1sico de BIS) o invocados manualmente al hacer clic con el bot\u00f3n derecho en los \u00edconos del detector dentro de un mapa de ubicaciones. Al igual que BIS y los otros engines, Automation Engine se ejecuta en una PC est\u00e1ndar con sistema operativo Windows. La plataforma puede ser un equipo \u00fanico o una estructura cliente-servidor con un servidor central y estaciones de trabajo del cliente o un sistema aliado con m\u00faltiples servidores BIS, cada uno con sus propios clientes.<\/p>\n<p class=\"ql-align-justify\">Use el programa de configuraci\u00f3n de BIS para definir la forma en que interact\u00faa con los subsistemas. Automation Engine ofrece una configuraci\u00f3n de plantillas que contiene ajustes comunes para los paneles de alarma Bosch y comandos para controlarlos mediante BIS. La configuraci\u00f3n espec\u00edfica de estos paneles puede importarse f\u00e1cilmente a la configuraci\u00f3n de BIS.<\/p>\n<p class=\"ql-align-justify\"><strong>Paquete b\u00e1sico de Automation Engine<\/strong><\/p>\n<p class=\"ql-align-justify\">El paquete b\u00e1sico de AUE contiene la licencia para 500 puntos de detecci\u00f3n. Esta cantidad suele ser suficiente para los sistemas m\u00e1s peque\u00f1os.<\/p>\n<p class=\"ql-align-justify\"><strong>Funciones b\u00e1sicas<\/strong><\/p>\n<p class=\"ql-align-justify\">Automation Engine tiene las siguientes funciones, adem\u00e1s de las caracter\u00edsticas est\u00e1ndar de BIS:<\/p>\n<ul>\n<li class=\"ql-align-justify\">Ofrece la conexi\u00f3n, el seguimiento y el control para sistemas de seguridad de Bosch o de terceros como tambi\u00e9n para paneles de intrusi\u00f3n y centrales de incendio, domicilio p\u00fablico y m\u00e1s a trav\u00e9s de la interfaz de OPC.<\/li>\n<li class=\"ql-align-justify\">Ofrece la conexi\u00f3n, el seguimiento y el control para sistemas de calefacci\u00f3n de Bosch ode terceros adem\u00e1s de control de iluminaci\u00f3n y administraci\u00f3n de energ\u00eda a trav\u00e9s de la interfaz de OPC.<\/li>\n<\/ul>\n<p class=\"ql-align-justify\"><strong>Piezas incluidas<\/strong><\/p>\n<ul>\n<li class=\"ql-align-justify\">1 Licencia para 500 puntos de detecci\u00f3n.<\/li>\n<\/ul>\n<p class=\"ql-align-justify\"><strong>C\u00f3mo hacer el pedido<\/strong><\/p>\n<ul>\n<li class=\"ql-align-justify\">Automation Engine se puede pedir de una de estas dos formas:<\/li>\n<li class=\"ql-align-justify\">Como parte integral de una configuraci\u00f3n de BIS inicial, en cuyo caso se pide junto con una licencia de BIS b\u00e1sica.<\/li>\n<li class=\"ql-align-justify\">Como mejora de la configuraci\u00f3n de BIS existente.<\/li>\n<\/ul>\n<p class=\"ql-align-justify\"><strong>Nota: Licencia b\u00e1sica de AUE 4.2 Licencia b\u00e1sica para el m\u00f3dulo de BIS especificado.<\/strong><\/p>\n<p class=\"ql-align-justify\"><strong>N\u00famero de pedido: BIS-FAUE-BPA42.<\/strong><\/p>\n<p><img decoding=\"async\" class=\"overview-center-img-web\" src=\"https:\/\/tvc.mx\/media\/28607\/Logoopaginas-oficial-1920x400.png\" alt=\"\" \/><\/p>\n","protected":false},"excerpt":{"rendered":"<p>Licencia b\u00e1sica de AUE 4.2 Licencia b\u00e1sica para el m\u00f3dulo de BIS especificado Hoy en d\u00eda, la ley suele exigir sistemas de protecci\u00f3n contra incendios. Adem\u00e1s, es necesario el uso de sistemas de detecci\u00f3n de intrusos y, para el buen funcionamiento de la empresa, resulta&hellip;<\/p>\n","protected":false},"featured_media":7693,"comment_status":"open","ping_status":"closed","template":"","meta":{"om_disable_all_campaigns":false,"_monsterinsights_skip_tracking":false,"_monsterinsights_sitenote_active":false,"_monsterinsights_sitenote_note":"","_monsterinsights_sitenote_category":0},"product_brand":[],"product_cat":[707],"product_tag":[613,611,612,616,615,610,614,617],"class_list":{"0":"post-7694","1":"product","2":"type-product","3":"status-publish","4":"has-post-thumbnail","6":"product_cat-servidores-y-software-de-videovigilancia-bosch-video-vigilancia","7":"product_tag-bosch","8":"product_tag-manhattan","9":"product_tag-saxxon","10":"product_tag-surveon","11":"product_tag-utepo","12":"product_tag-videovigilancia","13":"product_tag-vivotek","14":"product_tag-zteco","16":"first","17":"instock","18":"sale","19":"taxable","20":"shipping-taxable","21":"purchasable","22":"product-type-simple"},"aioseo_notices":[],"_links":{"self":[{"href":"https:\/\/tecsecmty.com\/index.php\/wp-json\/wp\/v2\/product\/7694","targetHints":{"allow":["GET"]}}],"collection":[{"href":"https:\/\/tecsecmty.com\/index.php\/wp-json\/wp\/v2\/product"}],"about":[{"href":"https:\/\/tecsecmty.com\/index.php\/wp-json\/wp\/v2\/types\/product"}],"replies":[{"embeddable":true,"href":"https:\/\/tecsecmty.com\/index.php\/wp-json\/wp\/v2\/comments?post=7694"}],"version-history":[{"count":0,"href":"https:\/\/tecsecmty.com\/index.php\/wp-json\/wp\/v2\/product\/7694\/revisions"}],"wp:featuredmedia":[{"embeddable":true,"href":"https:\/\/tecsecmty.com\/index.php\/wp-json\/wp\/v2\/media\/7693"}],"wp:attachment":[{"href":"https:\/\/tecsecmty.com\/index.php\/wp-json\/wp\/v2\/media?parent=7694"}],"wp:term":[{"taxonomy":"product_brand","embeddable":true,"href":"https:\/\/tecsecmty.com\/index.php\/wp-json\/wp\/v2\/product_brand?post=7694"},{"taxonomy":"product_cat","embeddable":true,"href":"https:\/\/tecsecmty.com\/index.php\/wp-json\/wp\/v2\/product_cat?post=7694"},{"taxonomy":"product_tag","embeddable":true,"href":"https:\/\/tecsecmty.com\/index.php\/wp-json\/wp\/v2\/product_tag?post=7694"}],"curies":[{"name":"wp","href":"https:\/\/api.w.org\/{rel}","templated":true}]}}