{"id":7700,"date":"2023-02-23T16:17:05","date_gmt":"2023-02-23T22:17:05","guid":{"rendered":"https:\/\/tecsecmty.com\/index.php\/producto\/bosch-v_bisfgenbvms49-licencia-para-conectividad-bvms\/"},"modified":"2023-03-22T23:21:39","modified_gmt":"2023-03-23T05:21:39","slug":"bosch-v_bisfgenbvms49-licencia-para-conectividad-bvms","status":"publish","type":"product","link":"https:\/\/tecsecmty.com\/index.php\/producto\/bosch-v_bisfgenbvms49-licencia-para-conectividad-bvms\/","title":{"rendered":"BOSCH V_BISFGENBVMS49-Licencia para conectividad BVMS"},"content":{"rendered":"<div class=\"row aling-items-center padding-bottom-2x\">\n<div class=\"col-lg-12\">\n<h5 class=\"card-title text-center\">Licencia para conectividad BVMS<\/h5>\n<p><strong>BIS &#8211; Basic Package V4.9<\/strong><\/p>\n<p>Building Integration System (BIS)<\/p>\n<p>BIS es un sistema de administraci\u00f3n de seguridad y protecci\u00f3n flexible y escalable que se puede configurar para gestionar una gama inmensa de situaciones de uso.<\/p>\n<p>Contiene una amplia gama de aplicaciones y funciones que permiten tanto la integraci\u00f3n y el acoplamiento como el control y supervisi\u00f3n de todos los sistemas t\u00e9cnicos del edificio.<\/p>\n<p>Esta nueva versi\u00f3n se basa en los muchos a\u00f1os de experiencia de Bosch en el campo de los sistemas de administraci\u00f3n y ha sido influenciada en forma significativa por las siguientes tendencias de mercado:<\/p>\n<ul>\n<li><strong>Aumento de la complejidad de los equipos t\u00e9cnicos en los edificios.<\/strong>\u00a0La creciente complejidad de los equipos t\u00e9cnicos en los edificios exige el uso de un potente sistema de gesti\u00f3n que combine funciones muy diferentes de la mejor manera posible. Los est\u00e1ndares abiertos permiten a BIS procesar y compartir informaci\u00f3n de forma eficaz con una variedad enorme y creciente de dispositivos de hardware y otros or\u00edgenes.<\/li>\n<li><strong>Uso de nuevas tecnolog\u00edas y est\u00e1ndares.<\/strong>\u00a0Aunque las estrictas normas de tecnolog\u00eda de seguridad garantizan un muy alto nivel de fiabilidad en cuestiones de seguridad, dificultan el uso integrado de nuevas tecnolog\u00edas procedentes del sector de las TI. BIS consigue aprovechar las ventajas de las tecnolog\u00edas que no se basan en seguridad (como OPC, CAD, web) e integrarlas con \u00e9xito en el sector de las tecnolog\u00edas de la seguridad.<\/li>\n<li><strong>Se necesitan soluciones completas.<\/strong>\u00a0Los administradores e integradores de instalaciones necesitan una soluci\u00f3n de administraci\u00f3n de edificios que, a pesar de todo, sean capaces de integrar todos sus subsistemas de seguridad.<\/li>\n<\/ul>\n<p><img decoding=\"async\" class=\"overview-center-img-web\" src=\"https:\/\/tvc.mx\/media\/632926\/encabezado-1920x400.png\" alt=\"\" \/><\/div>\n<\/div>\n<div class=\"row align-items-center padding-bottom-2x\">\n<div class=\"col-md-5\"><img decoding=\"async\" class=\"d-block m-auto img-thumbnail\" src=\"https:\/\/tvc.mx\/media\/632934\/400x300-logo.png\" alt=\" \" \/><\/div>\n<div class=\"col-md-7 text-md-left text-center\">\n<h2>Caracter\u00edsticas<\/h2>\n<p class=\"text-muted\">\n<ul>\n<li>Integraci\u00f3n de sistemas de Bosch y de terceros mediante interfaces abiertas y SDK<\/li>\n<li>Toda la informaci\u00f3n relevante en una interfaz de usuario y uso intuitivo mediante mapas interactivos y planes de acci\u00f3n<\/li>\n<li>Control de accesos totalmente integrado<\/li>\n<li>Registro de eventos completo y traza de auditor\u00eda para investigaciones cient\u00edficas<\/li>\n<li>Sistema escalable que crece con sus necesidades<\/li>\n<\/ul>\n<p>&nbsp;<\/p>\n<\/div>\n<\/div>\n<hr class=\"padding-bottom-2x\" \/>\n<div class=\"row align-items-center padding-bottom-2x\">\n<div class=\"col-md-5 order-md-2\"><img decoding=\"async\" class=\"d-block m-auto img-thumbnail\" src=\"https:\/\/tvc.mx\/media\/632938\/400x300-descripci%C3%B3n.png\" alt=\" \" \/><\/div>\n<div class=\"col-md-7 order-md-1 text-md-left text-center\">\n<h2>Descripci\u00f3n del Sistema<\/h2>\n<p class=\"text-muted\">\n<p>Building Integration System es un producto vers\u00e1til que consta de un paquete b\u00e1sico m\u00e1s distintos componentes opcionales (tambi\u00e9n llamados motores o \u00abEngines\u00bb en ingl\u00e9s) que se basan en una plataforma de software com\u00fan. Los motores se pueden combinar para ajustar los sistemas de administraci\u00f3n de edificios a requisitos detallados.<\/p>\n<p>Los componentes principales son:<\/p>\n<ul>\n<li>Automation Engine<\/li>\n<li>Access Engine<\/li>\n<li>Video Engine<\/li>\n<li>Security Engine<\/li>\n<\/ul>\n<p>* No disponible en todos los pa\u00edses<\/p>\n<p>Estos motores se describen con m\u00e1s detalle en hojas de datos separadas.<\/p>\n<p>&nbsp;<\/p>\n<\/div>\n<\/div>\n<hr class=\"padding-bottom-2x\" \/>\n<div class=\"row align-items-center padding-bottom-2x\">\n<div class=\"col-md-5\"><img decoding=\"async\" class=\"d-block m-auto img-thumbnail\" src=\"https:\/\/tvc.mx\/media\/632942\/400x300-arquitectura.png\" alt=\" \" \/><\/div>\n<div class=\"col-md-7 text-md-left text-center\">\n<h2>Funciones<\/h2>\n<p class=\"text-muted\">\n<p><strong>Arquitectura del sistema<\/strong><\/p>\n<p>Los motores de BIS ofrecen detecci\u00f3n de incendios e intrusiones, control de acceso, videovigilancia, megafon\u00eda y alarmas, adem\u00e1s de control de aire acondicionado y calefacci\u00f3n y otros sistemas importantes para edificios.<\/p>\n<p>BIS se basa en una arquitectura de varias capas y optimizada para el rendimiento, sobre todo dise\u00f1ado para su uso en entornos de LAN y WAN.<\/p>\n<p>Los subsistemas se conectan mediante las normas mundiales establecidas Classic OPC y OPC UA. Estos est\u00e1ndares abiertos facilitan la integraci\u00f3n de BIS en subsistemas actuales que cumplen con OPC.<\/p>\n<p>De forma opcional, los sistemas BIS individuales pueden cooperar proporcionando datos a otros sistemas BIS, o bien consumiendo datos de estos. El resultado es un sistema BIS abierto y multiservidor.<\/p>\n<ol>\n<li>Un servidor consumidor BIS con estaciones de trabajos y un router en una red de \u00e1rea local (LAN)<\/li>\n<li>Red de gran \u00e1rea (WAN)<\/li>\n<li>BIS proporciona servidores con estaciones de trabajo y routers en redes de \u00e1rea local (LAN)<\/li>\n<\/ol>\n<p>&nbsp;<\/p>\n<\/div>\n<\/div>\n<hr class=\"padding-bottom-2x\" \/>\n<div class=\"row aling-items-center padding-bottom-2x\">\n<div class=\"col-lg-12\">\n<h5 class=\"card-title text-center\">Funciones completas<\/h5>\n<p><strong>Configuraci\u00f3n y estructura organizativa<\/strong><\/p>\n<p>Distintas funciones autom\u00e1ticas y herramientas f\u00e1ciles de usar hacen que la configuraci\u00f3n sea sencilla para el instalador, lo cual ahorra tiempo y costes.<\/p>\n<p>Es posible crear \u00e1rboles jer\u00e1rquicos de ubicaci\u00f3n importando datos de CAD existentes con capas, llamadas vistas y ubicaciones de detectores. La ampliaci\u00f3n y el desplazamiento permiten navegar r\u00e1pidamente por el edificio.<\/p>\n<p>La interfaz de usuario se basa en web y utiliza p\u00e1ginas HTML5 din\u00e1micas. El paquete de instalaci\u00f3n contiene p\u00e1ginas predeterminadas para distintas resoluciones y formatos de pantalla y las p\u00e1ginas predeterminadas se pueden personalizar f\u00e1cilmente con un editor HTML est\u00e1ndar.<\/p>\n<p>BIS detecta de forma autom\u00e1tica la resoluci\u00f3n del monitor y provee la interfaz de usuario adecuada.<\/p>\n<p><strong>Operaci\u00f3n<\/strong><\/p>\n<p>La tarea principal del sistema es funcionar como centro de control y monitorizaci\u00f3n de alarmas para los distintos sistemas de seguridad de una instalaci\u00f3n. Su interfaz gr\u00e1fica est\u00e1 dise\u00f1ada para ayudar al operador a comprender la extensi\u00f3n y la urgencia de un suceso r\u00e1pidamente y a tomar medidas r\u00e1pidas y eficaces<\/p>\n<p>El coraz\u00f3n del sistema, la m\u00e1quina de estados, monitoriza todos los eventos que llegan y todas las solicitudes de los operadores y, si se desea, puede tomar medidas prescritas mediante reglas establecidas por el usuario, lo cual reduce la carga sobre los operadores.<\/p>\n<p><strong>Sistema de seguridad<\/strong><\/p>\n<p>El cifrado de \u00faltima generaci\u00f3n entre servidores BIS y estaciones de trabajo brinda m\u00e1s seguridad adem\u00e1s de derechos de acceso de usuario configurable. Si se van a utilizar PC de una red corporativa como estaciones de trabajo clientes, entonces se puede lograr mayor seguridad restringiendo los operadores a estaciones de trabajo o direcciones IP espec\u00edficas.<\/p>\n<p><strong>Paquete b\u00e1sico<\/strong><\/p>\n<p>El paquete b\u00e1sico de Building Integration System proporciona muchas caracter\u00edsticas que comparten los distintos motores.<\/p>\n<ul>\n<li>Contadores de condiciones de dispositivos personalizables proporcionan una vista general de las condiciones de los subsistemas de todo el sistema BIS<\/li>\n<li>Procesamiento de mensajes y visualizaci\u00f3n de alarmas<\/li>\n<li>Cola de alarmas con hasta 5.000 eventos de alarma simult\u00e1neos e informaci\u00f3n detallada sobre las alarmas<\/li>\n<li>Autenticaci\u00f3n de operadores mediante Microsoft Active Directory, Windows o contrase\u00f1as BIS seguras.<\/li>\n<li>Asignaci\u00f3n fija de operadores a estaciones de trabajo para mayor seguridad<\/li>\n<li>M\u00e1quina de estados para el manejo autom\u00e1tico de eventos y alarmas.<\/li>\n<li>La plataforma basada en servidor web permite a las estaciones clientes conectarse a BIS simplemente con un navegador.<\/li>\n<li>La compatibilidad directa con mapas de ubicaci\u00f3n en formatos vectoriales DWF o DXF est\u00e1ndar de AutoCad reduce el esfuerzo de configuraci\u00f3n.<\/li>\n<li>Es posible implementar cambios en la arquitectura en un gr\u00e1fico (nuevos tabiques, desplazamiento de una puerta, etc.) sin cambiar la configuraci\u00f3n de BIS. Basta con importar un nuevo archivo de trazado.<\/li>\n<li>Flujos de trabajo autom\u00e1ticos entre operadores, con difusi\u00f3n de mensajes y rutas de escalado personalizables<\/li>\n<li>Gran biblioteca de iconos de detector normalizados en formato vectorial est\u00e1ndar que incluye definiciones de color, eventos y controles<\/li>\n<li>Control y monitorizaci\u00f3n directa de detectores mediante men\u00fas contextuales sobre sus iconos en los mapas de ubicaci\u00f3n<\/li>\n<li>Control y monitorizaci\u00f3n directa de detectores mediante la estructura de \u00e1rbol l\u00f3gico (por ejemplo, edificio, planta, sala) de una instalaci\u00f3n, con hiperv\u00ednculos a fotos, manuales, instrucciones<\/li>\n<li>Administraci\u00f3n de acciones para conseguir un control autom\u00e1tico y manual en los subsistemas conectados y en sus perif\u00e9ricos.<\/li>\n<li>Capacidad de compartimentar la instalaci\u00f3n administrada en forma de divisiones aut\u00f3nomas, de modo que varias compa\u00f1\u00edas independientes puedan compartir un sistema, y restringir los operadores a cargo del control de divisiones espec\u00edficas.<\/li>\n<li>Capacidad de proporcionar informaci\u00f3n espec\u00edfica al operador en forma de documentos de hipertexto \u00abmiscel\u00e1neos\u00bb con texto, botones de acci\u00f3n, etc.<\/li>\n<li>Autorizaciones de operadores altamente configurables para monitorizar y controlar los subsistemas y sus perif\u00e9ricos<\/li>\n<li>Cliente web m\u00f3vil para dispositivos Android e iOS que ejecutan distintos navegadores. Las alarmas se muestran y se pueden aceptar y eliminar en el tel\u00e9fono. En Android es posible configurar las notificaciones para que se notifiquen las alarmas incluso mientras el tel\u00e9fono est\u00e1 en modo inactivo.<\/li>\n<li>Registro de eventos para garantizar que todos los eventos est\u00e1n totalmente documentadas (como los mensajes recibidos y las acciones tomadas)<\/li>\n<li>Traza de auditor\u00eda para garantizar que todos los cambios de configuraci\u00f3n est\u00e1n totalmente documentados en relaci\u00f3n con qui\u00e9n, qu\u00e9 y cu\u00e1ndo<\/li>\n<li>Servicios de generaci\u00f3n de informes para crear r\u00e1pidamente informes personalizados e interactivos a partir del registro de eventos<\/li>\n<li>Enlace e integraci\u00f3n de servidores OPC desde cualquier equipo de la red<\/li>\n<li>Compatibilidad con OPC UA (Arquitectura unificada) de \u00faltima generaci\u00f3n para aumentar la seguridad, facilitar la implementaci\u00f3n y mejorar el rendimiento.<\/li>\n<li>Ayuda en l\u00ednea<\/li>\n<\/ul>\n<p><strong>Planes de acci\u00f3n y mapas de ubicaci\u00f3n<\/strong><\/p>\n<p>BIS ampl\u00eda la gesti\u00f3n de alarmas est\u00e1ndar con su capacidad para visualizar planes de acci\u00f3n y mapas de ubicaci\u00f3n y, adem\u00e1s, incluye navegaci\u00f3n gr\u00e1fica y visualizaci\u00f3n de capas de los mapas. Esto garantiza que los operadores reciban las instrucciones adecuadas, especialmente en situaciones de urgencia como alarmas de incendio o intrusi\u00f3n.<\/p>\n<ul>\n<li>Los mapas de ubicaciones proveen una visualizaci\u00f3n de las instalaciones, como plantas, zonas y salas, a partir del popular formato de gr\u00e1ficos vectoriales de AutoCAD. Los detectores y otros dispositivos se representan mediante iconos animados de colores que facilitan el control directo mediante men\u00fas contextuales. Al hacer clic con el bot\u00f3n derecho del rat\u00f3n en una alarma, el mapa se ampl\u00eda en la ubicaci\u00f3n donde se ha desencadenado.<\/li>\n<li>Un \u00e1rbol de ubicaciones proporciona puntos de acceso al mapa de ubicaci\u00f3n y sus funciones de navegaci\u00f3n gr\u00e1fica (desplazamiento, zoom).<\/li>\n<li>El control de capas permite visualizar informaci\u00f3n gr\u00e1fica adicional para casos espec\u00edficos, como rutas de escape para el caso de alarmas de incendio.<\/li>\n<\/ul>\n<p><strong>Accesorios de BIS opcionales<\/strong><\/p>\n<p>Las funciones opcionales que aparecen a continuaci\u00f3n se pueden a\u00f1adir al sistema BIS para adaptarlo a las necesidades espec\u00edficas del cliente. Se pueden utilizar con todos los motores de BIS (Automation, Access, Video y Security Engine).<\/p>\n<p><strong>Alarm Management (paquete)<\/strong><\/p>\n<p>Este paquete ampl\u00eda la gesti\u00f3n est\u00e1ndar de alarmas del sistema BIS con algunas funciones adicionales:<\/p>\n<p>La\u00a0<strong>distribuci\u00f3n de mensajes<\/strong>\u00a0permite definir situaciones de escalado que se activan de forma autom\u00e1tica cuando un operador o grupo de operadores no confirma un mensaje de alarma dentro de un periodo definido. BIS reenv\u00eda el mensaje de forma autom\u00e1tica al siguiente grupo de operadores autorizado.<\/p>\n<p>La funci\u00f3n de\u00a0<strong>temporizador<\/strong>\u00a0permite configurar horarios que se pueden usar para ejecutar comandos de control autom\u00e1ticos, como cerrar una barrera a las 20:00, as\u00ed como para reenviar los mensajes de alarma en funci\u00f3n del tiempo, por ejemplo, dentro del periodo de tiempo 1, mostrar los mensajes al grupo de operadores 1, o al grupo de operadores 2 fuera de ese periodo.<\/p>\n<p>La funci\u00f3n de\u00a0<strong>alarmas del operador<\/strong>\u00a0permite a un operador desencadenar una alarma manualmente desde el \u00e1rbol de ubicaciones; por ejemplo, si se le notifica una situaci\u00f3n peligrosa por tel\u00e9fono. Estas alarmas manuales se procesan de la misma forma que las desencadenadas por un detector, lo que significa que se muestran los documentos asociados y se registran todos los pasos realizados en el registro de eventos para poder realizar una investigaci\u00f3n minuciosa despu\u00e9s del evento.<\/p>\n<p>El\u00a0<strong>Iniciador de aplicaciones<\/strong>\u00a0permite al sistema invocar aplicaciones ajenas al BIS en ciertas condiciones predefinidas, como alarmas o temporizadores. Una aplicaci\u00f3n t\u00edpica de esta funci\u00f3n ser\u00eda la realizaci\u00f3n de copias de seguridad del sistema de forma autom\u00e1tica.<\/p>\n<p><img decoding=\"async\" class=\"overview-center-img-web\" src=\"https:\/\/tvc.mx\/media\/632946\/1920x400-funciones-cont.--a-99.6.png\" alt=\"\" \/><\/div>\n<\/div>\n<div class=\"row align-items-center padding-bottom-2x\">\n<div class=\"col-md-5\"><img decoding=\"async\" class=\"d-block m-auto img-thumbnail\" src=\"https:\/\/tvc.mx\/media\/632958\/400x300-notas.png\" alt=\" \" \/><\/div>\n<div class=\"col-md-7 text-md-left text-center\">\n<h2>Notas de configuraci\u00f3n\/instalaci\u00f3n<\/h2>\n<p class=\"text-muted\">\n<p><strong>Sistema de Integraci\u00f3n en cifras<\/strong><\/p>\n<p>&nbsp;<\/p>\n<\/div>\n<\/div>\n<hr class=\"padding-bottom-2x\" \/>\n<div class=\"row aling-items-center padding-bottom-2x\">\n<div class=\"col-lg-12\">\n<h5 class=\"card-title text-center\">Especificaciones clave<\/h5>\n<p><strong><u>Sistemas operativos compatibles (en modo aut\u00f3nomo o cliente\/servidor).Las instalaciones de BIS en otros sistemas operativos pueden funcionar pero est\u00e1n totalmente sin garant\u00eda.<\/u><\/strong><\/p>\n<p>Windows Server 2016 (64 bits, Standard, Datacenter) Windows Server 2019 (64 bits, Standard, Datacenter) Windows 10 Enterprise LTSC (64 bits) Nota: la base de datos predeterminada que se suministra con esta versi\u00f3n de BIS es SQL\u00a0Server\u00a02019 Express Edition con servicios avanzados<\/p>\n<p><strong><u>Otro software<\/u><\/strong><\/p>\n<p>Instale siempre los controladores y las actualizaciones del sistema operativo m\u00e1s recientes. IIS 10.0 para Windows 10, Windows Server 2016 y Windows Server 2019 Nota: IIS no es necesario en servidores de conexi\u00f3n de BIS Internet Explorer 11 en modo de compatibilidad o Edge Chrome, Firefox, Edge para Smart Client .NET: En Windows 10, Windows Server 2016 y Windows Server 2019:.NET\u00a03.51, .NET\u00a04.8, .NET 5.0 y Core 3.1.7<\/p>\n<p><strong><u>Requisitos m\u00ednimos de hardware<\/u><\/strong><\/p>\n<p>Procesador Intel i7 generaci\u00f3n 8 16 GB RAM (32 GB recomendados) 250 GB de espacio libre en el disco duro Velocidad de datos del disco duro 300 MB\/s 10 ms o menos tiempo medio de respuesta del disco duro Adaptador gr\u00e1fico con 256\u00a0MB RAM, una resoluci\u00f3n de 1920&#215;1080 al menos 32000 colores OpenGL\u00ae 2.1 y DirectX\u00ae 11 Compatible con WebGL2 (por ejemplo, clase Intel UHD Graphics 600 o comparable), no virtualizado Tarjeta Ethernet de 1 Gbit\/s Un puerto USB libre o una unidad compartida en red para los archivos de instalaci\u00f3n<\/p>\n<p><strong><u>Sistemas operativos compatibles (en modo aut\u00f3nomo o cliente\/servidor).Las instalaciones de BIS en otros sistemas operativos pueden funcionar pero est\u00e1n totalmente sin garant\u00eda.<\/u><\/strong><\/p>\n<p>Windows Server 2016 (64 bits, Standard, Datacenter) Windows Server 2019 (64 bits, Standard, Datacenter) Windows 10 (32 o 64 bits, Pro o Enterprise LTSC) Nota: con una edici\u00f3n Pro, las actualizaciones deben postergarse hasta 8 meses despu\u00e9s de la publicaci\u00f3n de la versi\u00f3n BIS. Para obtener m\u00e1s informaci\u00f3n, consulte la p\u00e1gina de Microsoft Technet en https:\/\/technet.microsoft.com\/en-us\/itpro\/windows\/manage\/introduction-to-windows-10-servicing<\/p>\n<p><strong><u>Otro software<\/u><\/strong><\/p>\n<p>ASP.NET Internet Explorer 11 en modo de compatibilidad o Edge(Nota: El cliente SEE requiere IE 9.0) Chrome, Firefox, Edge para Smart Client .NET: En Windows 10, Windows Server 2016 y Windows Server 2019: .NET 3.51, .NET 4.8, .NET 5.0 y Core 3.1.7<\/p>\n<p><strong><u>Requisitos m\u00ednimos de hardware<\/u><\/strong><\/p>\n<p>Intel i5 (Gen 6\/Skylake o posterior) o superior, m\u00faltiples n\u00facleos 8 GB RAM (16 GB recomendados) 25 GB de espacio libre en el disco duro Adaptador gr\u00e1fico con 256\u00a0MB RAM una resoluci\u00f3n de 1920&#215;1080 al menos 32000 colores OpenGL\u00ae 2.1 y DirectX\u00ae 11 Compatible con WebGL2 (por ejemplo, clase Intel UHD Graphics 600 o comparable), no virtualizado Tarjeta Ethernet de 100 Mbit\/s<\/p>\n<p><strong><u>Requisitos m\u00ednimos adicionales para clientes de VIE (Video Engine)<\/u><\/strong><\/p>\n<p>Ning\u00fan sistema operativo Windows Server Procesador Intel i5 o superior Para secuencia de c\u00e1maras, matriz virtual o vista m\u00faltiple, agregar 4\u00a0GB de RAM Es muy recomendable disponer de los controladores de v\u00eddeo m\u00e1s recientes. Utilice la herramienta dxdiag de Windows para comprobar que los controladores no tengan m\u00e1s de 1\u00a0a\u00f1o de antig\u00fcedad<\/p>\n<p><strong><u>NAVEGADOR WEB<\/u><\/strong><\/p>\n<p><strong>Google Chrome<\/strong>, versi\u00f3n 90 o superior<\/p>\n<p><strong>Microsoft Edge<\/strong>, versi\u00f3n 90 o superior<\/p>\n<p><strong>Mozilla Firefox<\/strong>, versi\u00f3n 88 o superior<\/p>\n<p><img decoding=\"async\" class=\"overview-center-img-web\" src=\"https:\/\/tvc.mx\/media\/632962\/encabezado-1920x400.png\" alt=\"\" \/><\/div>\n<\/div>\n","protected":false},"excerpt":{"rendered":"<p>Licencia para conectividad BVMS BIS &#8211; Basic Package V4.9 Building Integration System (BIS) BIS es un sistema de administraci\u00f3n de seguridad y protecci\u00f3n flexible y escalable que se puede configurar para gestionar una gama inmensa de situaciones de uso. Contiene una amplia gama de aplicaciones&hellip;<\/p>\n","protected":false},"featured_media":7699,"comment_status":"open","ping_status":"closed","template":"","meta":{"om_disable_all_campaigns":false,"_monsterinsights_skip_tracking":false,"_monsterinsights_sitenote_active":false,"_monsterinsights_sitenote_note":"","_monsterinsights_sitenote_category":0},"product_brand":[],"product_cat":[707],"product_tag":[613,611,612,616,615,610,614,617],"class_list":{"0":"post-7700","1":"product","2":"type-product","3":"status-publish","4":"has-post-thumbnail","6":"product_cat-servidores-y-software-de-videovigilancia-bosch-video-vigilancia","7":"product_tag-bosch","8":"product_tag-manhattan","9":"product_tag-saxxon","10":"product_tag-surveon","11":"product_tag-utepo","12":"product_tag-videovigilancia","13":"product_tag-vivotek","14":"product_tag-zteco","16":"first","17":"instock","18":"sale","19":"taxable","20":"shipping-taxable","21":"purchasable","22":"product-type-simple"},"aioseo_notices":[],"_links":{"self":[{"href":"https:\/\/tecsecmty.com\/index.php\/wp-json\/wp\/v2\/product\/7700","targetHints":{"allow":["GET"]}}],"collection":[{"href":"https:\/\/tecsecmty.com\/index.php\/wp-json\/wp\/v2\/product"}],"about":[{"href":"https:\/\/tecsecmty.com\/index.php\/wp-json\/wp\/v2\/types\/product"}],"replies":[{"embeddable":true,"href":"https:\/\/tecsecmty.com\/index.php\/wp-json\/wp\/v2\/comments?post=7700"}],"version-history":[{"count":0,"href":"https:\/\/tecsecmty.com\/index.php\/wp-json\/wp\/v2\/product\/7700\/revisions"}],"wp:featuredmedia":[{"embeddable":true,"href":"https:\/\/tecsecmty.com\/index.php\/wp-json\/wp\/v2\/media\/7699"}],"wp:attachment":[{"href":"https:\/\/tecsecmty.com\/index.php\/wp-json\/wp\/v2\/media?parent=7700"}],"wp:term":[{"taxonomy":"product_brand","embeddable":true,"href":"https:\/\/tecsecmty.com\/index.php\/wp-json\/wp\/v2\/product_brand?post=7700"},{"taxonomy":"product_cat","embeddable":true,"href":"https:\/\/tecsecmty.com\/index.php\/wp-json\/wp\/v2\/product_cat?post=7700"},{"taxonomy":"product_tag","embeddable":true,"href":"https:\/\/tecsecmty.com\/index.php\/wp-json\/wp\/v2\/product_tag?post=7700"}],"curies":[{"name":"wp","href":"https:\/\/api.w.org\/{rel}","templated":true}]}}