{"id":7708,"date":"2023-02-23T16:17:22","date_gmt":"2023-02-23T22:17:22","guid":{"rendered":"https:\/\/tecsecmty.com\/index.php\/producto\/bosch-v_bissma31cha-licencia-sma-de-mantenimiento-por-3-anos-para-canal-de-video-adicional-de-bis\/"},"modified":"2023-03-22T23:21:39","modified_gmt":"2023-03-23T05:21:39","slug":"bosch-v_bissma31cha-licencia-sma-de-mantenimiento-por-3-anos-para-canal-de-video-adicional-de-bis","status":"publish","type":"product","link":"https:\/\/tecsecmty.com\/index.php\/producto\/bosch-v_bissma31cha-licencia-sma-de-mantenimiento-por-3-anos-para-canal-de-video-adicional-de-bis\/","title":{"rendered":"BOSCH V_BISSMA31CHA &#8211; Licencia SMA de mantenimiento por 3 a\u00f1os para canal de video adicional de bis"},"content":{"rendered":"<h5 class=\"card-title text-center\">1 canal de v\u00eddeo adicional en VIE BIS-SMA3-1CHA SMA, 3 a\u00f1os<\/h5>\n<p class=\"ql-align-justify\"><strong>Actualizaciones \u00fanicas y sin problemas<\/strong><\/p>\n<p class=\"ql-align-justify\">En la actualidad, la tecnolog\u00edas se mueve tan de prisa que resulta dif\u00edcil, incluso para los expertos, mantener el ritmo. Para ayudar a los clientes a mantener el mejor sistema posible, Bosch presenta un Contrato de mantenimiento de software (SMA). Este servicio es una forma exclusiva de mantener cualquier sistema de Bosch funcionando a su m\u00e1ximo rendimiento. Incluye actualizaciones de software y de compatibilidad para el sistema, as\u00ed como distintas aplicaciones adicionales. Gracias a las actualizaciones peri\u00f3dicas del software, el sistema se mantiene al d\u00eda y a la altura de sus necesidades, lo cual garantiza el mejor funcionamiento posible. Decidirse por un Contrato de mantenimiento de software de Bosch significa el funcionamiento \u00f3ptimo a\u00f1o tras a\u00f1o.<\/p>\n<p class=\"ql-align-justify\"><strong>Descripci\u00f3n del sistema<\/strong><\/p>\n<p class=\"ql-align-justify\"><strong>Motivos para adquirir un Contrato de mantenimiento de software<\/strong><\/p>\n<p class=\"ql-align-justify\">Las ventajas son interesantes: Acceda siempre a las mejoras m\u00e1s recientes en el software Para mantener su sistema de seguridad en su m\u00e1ximo rendimiento y garantizar el acceso continuo a funciones nuevas, el Contrato de mantenimiento de software de Bosch le brinda acceso a las versiones principales y menores, as\u00ed como a todas las actualizaciones de software y de compatibilidad con terceros.<\/p>\n<p class=\"ql-align-justify\"><strong>Prevenir problemas cr\u00edticos para el funcionamiento<\/strong><\/p>\n<p class=\"ql-align-justify\">Debido a la evoluci\u00f3n continua de las plataformas y la compatibilidad de versiones, las actualizaciones peri\u00f3dicas son cruciales. El Contrato de mantenimiento de software de Bosch garantiza una forma sencilla y rentable de que el sistema est\u00e9 listo para gestionar m\u00f3dulos funcionales nuevos o adicionales.<\/p>\n<p class=\"ql-align-justify\"><strong>Gane en tranquilidad<\/strong><\/p>\n<p class=\"ql-align-justify\">Con un socio como Bosch y sus Contratos de mantenimiento de software, puede estar tranquilo sabiendo que ha hecho todo lo posible por asegurarse de que su sistema de seguridad de Bosch funciona de forma \u00f3ptima con el tiempo m\u00ednimo de inactividad.<\/p>\n<p class=\"ql-align-justify\"><strong>Funciones b\u00e1sicas<\/strong><\/p>\n<p class=\"ql-align-justify\"><strong>C\u00f3mo funciona un Contrato de mantenimiento de software de Bosch<\/strong><\/p>\n<p class=\"ql-align-justify\">Al adquirir un sistema BIS, el mantenimiento del software es gratuito durante el primer a\u00f1o, como parte de la adquisici\u00f3n de la licencia inicial. Un SMA es una extensi\u00f3n de este mantenimiento durante un a\u00f1o o tres a\u00f1os. El SMA se puede ampliar en intervalos de uno o tres a\u00f1os, seg\u00fan sea necesario. Esto incluye las actualizaciones del software de BIS con licencia, as\u00ed como las actualizaciones de compatibilidad de terceros. Es muy recomendable adquirir un SMA inmediatamente para garantizar el mejor funcionamiento posible del sistema a\u00f1o tras a\u00f1o.<\/p>\n<p class=\"ql-align-justify\"><strong>Notas de configuraci\u00f3n\/instalaci\u00f3n<\/strong><\/p>\n<p class=\"ql-align-justify\"><strong>Paquetes de SMA f\u00e1ciles y flexibles<\/strong><\/p>\n<p class=\"ql-align-justify\">Elija entre un per\u00edodo de cobertura de 1 a\u00f1o o 3 a\u00f1os, para disfrutar de la m\u00e1xima flexibilidad.<\/p>\n<p class=\"ql-align-justify\"><strong>Nota: 1 canal de v\u00eddeo adicional en VIE BIS-SMA3-1CHA SMA, 3 a\u00f1os<\/strong><\/p>\n<p class=\"ql-align-justify\"><strong>Contrato de servicio y mantenimiento (SMA) de 3 a\u00f1os para 1 canal de v\u00eddeo adicional en BIS VIE.<\/strong><\/p>\n<p class=\"ql-align-justify\"><strong>N\u00famero de pedido: BIS-SMA3-1CHA\u00a0.<\/strong><\/p>\n<p class=\"ql-align-justify\"><strong>Principales caracter\u00edsticas<\/strong><\/p>\n<ul>\n<li class=\"ql-align-justify\">Mantenga el rendimiento de su sistema.<\/li>\n<li class=\"ql-align-justify\">Mant\u00e9ngase al ritmo de los avances m\u00e1s recientes en seguridad de datos y sistemas operativos.<\/li>\n<li class=\"ql-align-justify\">Consiga el m\u00e1ximo retorno para su inversi\u00f3n en hardware.<\/li>\n<li class=\"ql-align-justify\">Actualizaciones de software regulares disponibles.<\/li>\n<\/ul>\n<p class=\"ql-align-justify\"><strong>Especificaciones<\/strong><\/p>\n<p class=\"ql-align-justify\"><strong>Sistemas operativos compatibles (en modo aut\u00f3nomo o cliente\/ servidor):<\/strong><\/p>\n<ul>\n<li class=\"ql-align-justify\">Windows 7 SP1 (32 o 64 bits, Pro, Enterprise).<\/li>\n<li class=\"ql-align-justify\">Windows Server 2008 R2 SP1 (64 bits, Standard, Datacenter).<\/li>\n<li class=\"ql-align-justify\">Windows 8.1 (64 bits, Pro, Enterprise).<\/li>\n<li class=\"ql-align-justify\">Windows Server 2012 R2 (64 bits, Standard, Datacenter).<\/li>\n<li class=\"ql-align-justify\">Windows Server 2016 (64 bits, Standard, Datacenter).<\/li>\n<li class=\"ql-align-justify\">Windows 10 Enterprise LTSB (64 bits).<\/li>\n<li class=\"ql-align-justify\">Nota: La base de datos predeterminada que se suministra con esta versi\u00f3n de BIS es SQL Server 2014 SP1 Express Edition con servicios avanzados.<\/li>\n<\/ul>\n<p class=\"ql-align-justify\"><strong>Otro software:<\/strong><\/p>\n<ul>\n<li class=\"ql-align-justify\">IIS 7.0 o 7.5 para Windows 7 y Windows 2008 Server R2.<\/li>\n<li class=\"ql-align-justify\">IIS 8.5 para Windows 8.1 y Windows 2012 Server R2.<\/li>\n<li class=\"ql-align-justify\">IIS 10.0 para Windows 10 Nota: IIS no es necesario en servidores de conexi\u00f3n de BIS.<\/li>\n<li class=\"ql-align-justify\">Internet Explorer 9, 10 o 11 en modo de compatibilidad.<\/li>\n<\/ul>\n<p class=\"ql-align-justify\"><strong>.NET para distintos sistemas operativos:<\/strong><\/p>\n<ul>\n<li class=\"ql-align-justify\">En Windows 7 y Server 2008: .NET 3.51 y .NET 4.0<\/li>\n<li class=\"ql-align-justify\">En Windows 8.1 y Server 2012: .NET 3.51 y .NET 4.5.1 (incluye .NET 4.0)<\/li>\n<\/ul>\n<p class=\"ql-align-justify\"><strong>Servidores<\/strong><\/p>\n<ul>\n<li class=\"ql-align-justify\">En Windows 10: .NET 3.51 y .NET 4.6.1 (incluye .NET 4.0)<\/li>\n<li class=\"ql-align-justify\">Se recomienda disponer de los controladores y las actualizaciones de sistema operativo m\u00e1s recientes.<\/li>\n<\/ul>\n<p class=\"ql-align-justify\"><strong>Requisitos m\u00ednimos de hardware<\/strong><\/p>\n<ul>\n<li class=\"ql-align-justify\">Procesador Intel i5 con al menos 4 n\u00facleos f\u00edsicos.<\/li>\n<li class=\"ql-align-justify\">8 GB RAM (32 GB recomendados).<\/li>\n<li class=\"ql-align-justify\">200 GB de espacio libre en el disco duro.<\/li>\n<\/ul>\n<p class=\"ql-align-justify\"><strong>Adaptador gr\u00e1fico con:<\/strong><\/p>\n<ul>\n<li class=\"ql-align-justify\">256 MB RAM.<\/li>\n<li class=\"ql-align-justify\">Resoluci\u00f3n de 1280&#215;1024.<\/li>\n<li class=\"ql-align-justify\">Al menos 32 000 colores.<\/li>\n<li class=\"ql-align-justify\">OpenGL\u00ae 2.1 y DirectX\u00ae 11.<\/li>\n<li class=\"ql-align-justify\">Tarjeta Ethernet de 1 Gbit\/s.<\/li>\n<li class=\"ql-align-justify\">Una interfaz USB libre o unidad compartida en red para archivos de instalaci\u00f3n.<\/li>\n<\/ul>\n<p class=\"ql-align-justify\"><strong>Requisitos t\u00e9cnicos m\u00ednimos para un ordenador cliente:<\/strong><\/p>\n<ul>\n<li class=\"ql-align-justify\">Windows 7 SP1 (32 o 64 bits, Pro, Enterprise).<\/li>\n<li class=\"ql-align-justify\">Windows Server 2008 R2 SP1 (64 bits, Standard, Datacenter).<\/li>\n<li class=\"ql-align-justify\">Windows 8.1 (32 o 64 bits, Pro, Enterprise).<\/li>\n<li class=\"ql-align-justify\">Windows Server 2012 R2 (64 bits, Standard, Datacenter) \u2022 Windows Server 2016 (64 bits, Standard, Datacenter).<\/li>\n<li class=\"ql-align-justify\">Windows 10 (32 o 64 bits, Pro o Enterprise LTSB).<\/li>\n<li class=\"ql-align-justify\">Nota: con una edici\u00f3n Pro, las actualizaciones deben postergarse hasta 8 meses despu\u00e9s de la publicaci\u00f3n de la versi\u00f3n BIS. Para obtener m\u00e1s informaci\u00f3n, consulte la p\u00e1gina de Microsoft Technet en https:\/\/ technet.microsoft.com\/en-us\/itpro\/windows\/ manage\/introduction-to-windows-10- -servicing<\/li>\n<\/ul>\n<p class=\"ql-align-justify\"><strong>Otro software:<\/strong><\/p>\n<ul>\n<li class=\"ql-align-justify\">ASP.NET \u2022 Internet Explorer 9, 10 o 11 en modo de compatibilidad (Nota: el cliente SEE requiere IE 9.0)<\/li>\n<\/ul>\n<p class=\"ql-align-justify\"><strong>.NET para distintos sistemas operativos:<\/strong><\/p>\n<ul>\n<li class=\"ql-align-justify\">En Windows 7 y Server 2008: .NET 3.51 (para Video Engine con DiBos), y .NET 4.0.<\/li>\n<li class=\"ql-align-justify\">En Windows 8.1 y Server 2012: .NET 3.51 (para Video Engine con DiBos), y .NET 4.5.1 (incluye .NET 4.0).<\/li>\n<li class=\"ql-align-justify\">En Windows 10: .NET 3.51 y .NET 4.6.1 (incluye .NET 4.0).<\/li>\n<\/ul>\n<p><img decoding=\"async\" class=\"overview-center-img-web\" src=\"https:\/\/tvc.mx\/media\/29684\/Logoopaginas-oficial-1920x400.png\" alt=\"\" \/><\/p>\n","protected":false},"excerpt":{"rendered":"<p>1 canal de v\u00eddeo adicional en VIE BIS-SMA3-1CHA SMA, 3 a\u00f1os Actualizaciones \u00fanicas y sin problemas En la actualidad, la tecnolog\u00edas se mueve tan de prisa que resulta dif\u00edcil, incluso para los expertos, mantener el ritmo. Para ayudar a los clientes a mantener el mejor&hellip;<\/p>\n","protected":false},"featured_media":7707,"comment_status":"open","ping_status":"closed","template":"","meta":{"om_disable_all_campaigns":false,"_monsterinsights_skip_tracking":false,"_monsterinsights_sitenote_active":false,"_monsterinsights_sitenote_note":"","_monsterinsights_sitenote_category":0},"product_brand":[],"product_cat":[707],"product_tag":[613,611,612,616,615,610,614,617],"class_list":{"0":"post-7708","1":"product","2":"type-product","3":"status-publish","4":"has-post-thumbnail","6":"product_cat-servidores-y-software-de-videovigilancia-bosch-video-vigilancia","7":"product_tag-bosch","8":"product_tag-manhattan","9":"product_tag-saxxon","10":"product_tag-surveon","11":"product_tag-utepo","12":"product_tag-videovigilancia","13":"product_tag-vivotek","14":"product_tag-zteco","16":"first","17":"instock","18":"sale","19":"taxable","20":"shipping-taxable","21":"purchasable","22":"product-type-simple"},"aioseo_notices":[],"_links":{"self":[{"href":"https:\/\/tecsecmty.com\/index.php\/wp-json\/wp\/v2\/product\/7708","targetHints":{"allow":["GET"]}}],"collection":[{"href":"https:\/\/tecsecmty.com\/index.php\/wp-json\/wp\/v2\/product"}],"about":[{"href":"https:\/\/tecsecmty.com\/index.php\/wp-json\/wp\/v2\/types\/product"}],"replies":[{"embeddable":true,"href":"https:\/\/tecsecmty.com\/index.php\/wp-json\/wp\/v2\/comments?post=7708"}],"version-history":[{"count":0,"href":"https:\/\/tecsecmty.com\/index.php\/wp-json\/wp\/v2\/product\/7708\/revisions"}],"wp:featuredmedia":[{"embeddable":true,"href":"https:\/\/tecsecmty.com\/index.php\/wp-json\/wp\/v2\/media\/7707"}],"wp:attachment":[{"href":"https:\/\/tecsecmty.com\/index.php\/wp-json\/wp\/v2\/media?parent=7708"}],"wp:term":[{"taxonomy":"product_brand","embeddable":true,"href":"https:\/\/tecsecmty.com\/index.php\/wp-json\/wp\/v2\/product_brand?post=7708"},{"taxonomy":"product_cat","embeddable":true,"href":"https:\/\/tecsecmty.com\/index.php\/wp-json\/wp\/v2\/product_cat?post=7708"},{"taxonomy":"product_tag","embeddable":true,"href":"https:\/\/tecsecmty.com\/index.php\/wp-json\/wp\/v2\/product_tag?post=7708"}],"curies":[{"name":"wp","href":"https:\/\/api.w.org\/{rel}","templated":true}]}}