{"id":7712,"date":"2023-02-23T16:17:30","date_gmt":"2023-02-23T22:17:30","guid":{"rendered":"https:\/\/tecsecmty.com\/index.php\/producto\/bosch-v_bissmaampk-sma-12-meses-paquete-de-gestion-de-alarmas-bis\/"},"modified":"2023-03-22T23:21:39","modified_gmt":"2023-03-23T05:21:39","slug":"bosch-v_bissmaampk-sma-12-meses-paquete-de-gestion-de-alarmas-bis","status":"publish","type":"product","link":"https:\/\/tecsecmty.com\/index.php\/producto\/bosch-v_bissmaampk-sma-12-meses-paquete-de-gestion-de-alarmas-bis\/","title":{"rendered":"BOSCH V_BISSMAAMPK- SMA 12 Meses\/ Paquete de Gestion de alarmas BIS"},"content":{"rendered":"<h5 class=\"card-title text-center\">Licencia BIS-SMA-AMPK para BIS-FGEN-AMPK , 1 a\u00f1o<\/h5>\n<p class=\"ql-align-justify\"><strong>Actualizaciones \u00fanicas y sin complicaciones<\/strong><\/p>\n<p class=\"ql-align-justify\">La tecnolog\u00eda avanza a un ritmo tan acelerado hoy que Es dif\u00edcil incluso para los expertos mantenerse al d\u00eda. Para ayudar a los clientes mantener el mejor sistema posible, Bosch es<\/p>\n<p class=\"ql-align-justify\">Introducir un acuerdo de mantenimiento de software (SMA) Este servicio es una forma \u00fanica de mantener cualquier sistema de Bosch que funciona al m\u00e1ximo rendimiento. Eso incluye actualizaciones de software y compatibilidad para el sistema, as\u00ed como una variedad de otras aplicaciones. Con actualizaciones regulares de software, el sistema se mantiene actualizado<\/p>\n<p class=\"ql-align-justify\">con sus necesidades, garantizando lo mejor posible funcionalidad Decidir por un software de Bosch Acuerdo de mantenimiento significa operaci\u00f3n \u00f3ptima a\u00f1o tras a\u00f1o.<\/p>\n<p class=\"ql-align-justify\"><strong>Resumen del sistema<\/strong><\/p>\n<p class=\"ql-align-justify\"><strong>Razones para comprar un mantenimiento de software<\/strong><\/p>\n<p class=\"ql-align-justify\"><strong>Acuerdo<\/strong><\/p>\n<p class=\"ql-align-justify\"><strong>Las ventajas son convincentes:<\/strong><\/p>\n<p class=\"ql-align-justify\"><strong>Acceda siempre a nuestras \u00faltimas mejoras de software<\/strong><\/p>\n<p class=\"ql-align-justify\">Para mantener su sistema de seguridad al m\u00e1ximo rendimiento y Garantizar el acceso continuo a la nueva funcionalidad, el Acuerdo de mantenimiento de software de Bosch le brinda<\/p>\n<p class=\"ql-align-justify\">acceso a lanzamientos mayores y menores, as\u00ed como a todos actualizaciones de compatibilidad de software y de terceros.<\/p>\n<p class=\"ql-align-justify\"><strong>Prevenir problemas de misi\u00f3n cr\u00edtica<\/strong><\/p>\n<p class=\"ql-align-justify\">Con plataformas y versiones que cambian continuamente compatibilidad, las actualizaciones regulares son de misi\u00f3n cr\u00edtica. El acuerdo de mantenimiento de software de Bosch garantiza<\/p>\n<p class=\"ql-align-justify\">de una manera f\u00e1cil y rentable que el sistema es listo para manejar m\u00f3dulos funcionales nuevos o adicionales.<\/p>\n<p class=\"ql-align-justify\"><strong>Tener tranquilidad<\/strong><\/p>\n<p class=\"ql-align-justify\">Con un socio como Bosch y su software Acuerdos de mantenimiento, puede estar tranquilo<\/p>\n<p class=\"ql-align-justify\">sabiendo que has hecho todo para asegurarte su sistema de seguridad Bosch funciona de manera \u00f3ptima con tiempo de inactividad m\u00ednimo.<\/p>\n<p class=\"ql-align-justify\"><strong>Funciones b\u00e1sicas<\/strong><\/p>\n<p class=\"ql-align-justify\"><strong>C\u00f3mo un acuerdo de mantenimiento de software de Bosch trabajos<\/strong><\/p>\n<p class=\"ql-align-justify\">Cuando compra un sistema BIS, el software el mantenimiento es gratuito durante el primer a\u00f1o como parte del compra de licencia inicial. Una AME es de un a\u00f1o o extensi\u00f3n de tres a\u00f1os a esto. Los usuarios pueden extender la SMA en intervalos de uno o tres a\u00f1os seg\u00fan sea necesario. Esto incluye las actualizaciones de software BIS con licencia, as\u00ed como terceros actualizaciones de compatibilidad de fiesta.<\/p>\n<p class=\"ql-align-justify\">Se recomienda que compre un SMA inmediatamente para garantizar el mejor sistema posible<\/p>\n<p class=\"ql-align-justify\">rendimiento a\u00f1o tras a\u00f1o.<\/p>\n<p class=\"ql-align-justify\"><strong>Notas de instalaci\u00f3n \/ configuraci\u00f3n<\/strong><\/p>\n<p class=\"ql-align-justify\"><strong>Paquetes SMA f\u00e1ciles y flexibles<\/strong><\/p>\n<p class=\"ql-align-justify\">Elija entre per\u00edodos de cobertura de 1 a\u00f1o o 3 a\u00f1os, para darte la m\u00e1xima flexibilidad.<\/p>\n<p class=\"ql-align-justify\"><strong>Nota: Licencia BIS-SMA-AMPK para BIS-FGEN-AMPK , 1 a\u00f1o<\/strong><\/p>\n<p class=\"ql-align-justify\"><strong>Contrato de servicio y mantenimiento (SMA) de 1 a\u00f1o para el paquete de gesti\u00f3n de alarmas BIS.<\/strong><\/p>\n<p class=\"ql-align-justify\"><strong>N\u00famero de pedido: BIS-SMA-AMPK.<\/strong><\/p>\n<p class=\"ql-align-justify\"><strong>Principales caracter\u00edsticas<\/strong><\/p>\n<ul>\n<li class=\"ql-align-justify\">Mantenga el rendimiento de su sistema mant\u00e9ngase al d\u00eda con los \u00faltimos avances en seguridad de datos y sistemas operativos.<\/li>\n<li class=\"ql-align-justify\">Obtenga el mayor retorno de su inversi\u00f3n en hardware.<\/li>\n<li class=\"ql-align-justify\">Actualizaciones regulares de software disponibles<\/li>\n<\/ul>\n<p class=\"ql-align-justify\"><strong>Especificaciones t\u00e9cnicas<\/strong><\/p>\n<p class=\"ql-align-justify\"><strong>Requisitos t\u00e9cnicos m\u00ednimos para iniciar sesi\u00f3n o servidor de conexi\u00f3n<\/strong><\/p>\n<p class=\"ql-align-justify\"><strong>Servidores<\/strong><\/p>\n<p class=\"ql-align-justify\">Soportado operando sistemas (ser \u00fanico o cliente \/ servidor modo).<\/p>\n<p class=\"ql-align-justify\">Instalaciones de BIS en otro operando los sistemas pueden tener \u00e9xito, pero son enteramente sin garant\u00eda.<\/p>\n<ul>\n<li class=\"ql-align-justify\">Windows 8.1 (64 bits, Pro, Enterprise)<\/li>\n<li class=\"ql-align-justify\">Windows Server 2012 R2 (64 bits, est\u00e1ndar, Centro de datos)<\/li>\n<li class=\"ql-align-justify\">Windows Server 2016 (64 bits, est\u00e1ndar, Centro de datos)<\/li>\n<li class=\"ql-align-justify\">Windows 10 Enterprise LTSB (64 bits)<\/li>\n<li class=\"ql-align-justify\">Nota: La base de datos predeterminada entregada con esto,la versi\u00f3n BIS es Edici\u00f3n SQL Server 2016 SP2 Express con servicios avanzados<\/li>\n<\/ul>\n<p class=\"ql-align-justify\"><strong>Otro Software<\/strong><\/p>\n<p class=\"ql-align-justify\">Siempre instale los \u00faltimos controladores y actualizaciones del sistema operativo.<\/p>\n<ul>\n<li class=\"ql-align-justify\">IIS 8.5 para Windows 8.1 y Windows 2012 Server R2<\/li>\n<li class=\"ql-align-justify\">IIS 10.0 para Windows 10<\/li>\n<li class=\"ql-align-justify\">Nota: IIS no es necesario en los servidores de conexi\u00f3n BIS<\/li>\n<li class=\"ql-align-justify\">Internet Explorer 9, 10 u 11 en compatibilidad modo<\/li>\n<li class=\"ql-align-justify\">.NET para varios sistemas operativos:<\/li>\n<li class=\"ql-align-justify\">En Windows 7 y Server 2008: .NET 3.51 y .NET 4.0<\/li>\n<li class=\"ql-align-justify\">En Windows 8.1 y Server 2012: .NET 3.51 y .NET 4.5.1 (incluye .NET 4.0)<\/li>\n<li class=\"ql-align-justify\">En Windows 10: .NET 3.51 y .NET 4.6.1 (incluye .NET 4.0)<\/li>\n<\/ul>\n<p class=\"ql-align-justify\"><strong>M\u00ednimo hardware requisitos<\/strong><\/p>\n<ul>\n<li class=\"ql-align-justify\">Procesador Intel i5 con al menos 4 f\u00edsicos n\u00facleos<\/li>\n<li class=\"ql-align-justify\">8 GB de RAM (se recomiendan 32 GB).<\/li>\n<li class=\"ql-align-justify\">200 GB de espacio libre en el disco duro.<\/li>\n<\/ul>\n<p class=\"ql-align-justify\"><strong>Servidores<\/strong><\/p>\n<ul>\n<li class=\"ql-align-justify\">Adaptador de gr\u00e1ficos con<\/li>\n<li class=\"ql-align-justify\">256 MB de RAM,<\/li>\n<li class=\"ql-align-justify\">Una resoluci\u00f3n de 1280&#215;1024<\/li>\n<li class=\"ql-align-justify\">Al menos 32 k colores<\/li>\n<li class=\"ql-align-justify\">OpenGL\u00ae 2.1 y DirectX\u00ae 11<\/li>\n<li class=\"ql-align-justify\">Tarjeta Ethernet de 1 Gbit \/ s<\/li>\n<li class=\"ql-align-justify\">Un puerto USB libre o recurso compartido de red para archivos de instalaci\u00f3n.<\/li>\n<\/ul>\n<p class=\"ql-align-justify\"><strong>Requisitos t\u00e9cnicos m\u00ednimos para un cliente.<\/strong><\/p>\n<p class=\"ql-align-justify\">Soportado operando sistemas (ser \u00fanico o cliente \/ servidor modo).<\/p>\n<p class=\"ql-align-justify\">Instalaciones de BIS en otro operando los sistemas pueden tener \u00e9xito, pero son enteramente sin garant\u00eda.<\/p>\n<ul>\n<li class=\"ql-align-justify\">Windows 8.1 (32 o 64 bits, Pro, Enterprise)<\/li>\n<li class=\"ql-align-justify\">Windows Server 2012 R2 (64 bits, est\u00e1ndar, Centro de datos)<\/li>\n<li class=\"ql-align-justify\">Windows Server 2016 (64 bits, est\u00e1ndar, Centro de datos)<\/li>\n<li class=\"ql-align-justify\">Windows 10 (32 o 64 bits, Pro o Enterprise LTSB)<\/li>\n<li class=\"ql-align-justify\">Nota: con una edici\u00f3n Pro, las actualizaciones deben ser diferido hasta 8 meses despu\u00e9s del lanzamiento de la Versi\u00f3n BIS. Para m\u00e1s informaci\u00f3n ver el P\u00e1gina de Microsoft Technet en https: \/\/ technet.microsoft.com\/en-us\/itpro\/windows\/ administrar \/ introducci\u00f3n a windows-10- servicio.<\/li>\n<\/ul>\n<p class=\"ql-align-justify\"><strong>Otro Software<\/strong><\/p>\n<ul>\n<li class=\"ql-align-justify\">ASP.NET<\/li>\n<li class=\"ql-align-justify\">Internet Explorer 9, 10 u 11 en compatibilidad modo (Nota: el cliente SEE requiere IE 9.0)<\/li>\n<li class=\"ql-align-justify\">.NET para varios sistemas operativos:<\/li>\n<li class=\"ql-align-justify\">En Windows 8.1 y Server 2012: .NET 3.51 (para Video Engine con DiBos) y .NET 4.5.1 (incluye .NET 4.0)<\/li>\n<li class=\"ql-align-justify\">En Windows 10: .NET 3.51 y .NET 4.6.1 (incluye .NET 4.0)<\/li>\n<\/ul>\n<p class=\"ql-align-justify\"><strong>M\u00ednimo hardware requisitos<\/strong><\/p>\n<ul>\n<li class=\"ql-align-justify\">Intel i5 o superior<\/li>\n<li class=\"ql-align-justify\">8 GB de RAM (se recomiendan 16 GB)<\/li>\n<li class=\"ql-align-justify\">20 GB de espacio libre en el disco duro<\/li>\n<li class=\"ql-align-justify\">Adaptador de gr\u00e1ficos con<\/li>\n<li class=\"ql-align-justify\">256 MB de RAM,<\/li>\n<li class=\"ql-align-justify\">Una resoluci\u00f3n de 1280&#215;1024<\/li>\n<li class=\"ql-align-justify\">Al menos 32 k colores<\/li>\n<li class=\"ql-align-justify\">OpenGL\u00ae 2.1 y DirectX\u00ae 11<\/li>\n<li class=\"ql-align-justify\">Tarjeta Ethernet de 100 Mbit \/ s.<\/li>\n<\/ul>\n<p class=\"ql-align-justify\"><strong>Adicional m\u00ednimo requisitos para VIE (Video Motor) clientela<\/strong><\/p>\n<ul>\n<li class=\"ql-align-justify\">No hay sistemas operativos Windows Server<\/li>\n<li class=\"ql-align-justify\">Procesador Intel i5 o superior<\/li>\n<li class=\"ql-align-justify\">Para secuenciaci\u00f3n de c\u00e1mara, matriz virtual o Multiview agrega 4GB de RAM<\/li>\n<li class=\"ql-align-justify\">Se recomiendan los \u00faltimos controladores de video.<\/li>\n<\/ul>\n<p class=\"ql-align-justify\"><strong>Informaci\u00f3n sobre pedidos<\/strong><\/p>\n<p class=\"ql-align-justify\"><strong>BIS est\u00e1 disponible en los siguientes idiomas:<\/strong><\/p>\n<ul>\n<li class=\"ql-align-justify\">AR = \u00e1rabe.<\/li>\n<li class=\"ql-align-justify\">DE = alem\u00e1n.<\/li>\n<li class=\"ql-align-justify\">EN = Ingl\u00e9s.<\/li>\n<li class=\"ql-align-justify\">ES = espa\u00f1ol.<\/li>\n<li class=\"ql-align-justify\">FR = franc\u00e9s.<\/li>\n<li class=\"ql-align-justify\">HU = h\u00fangaro.<\/li>\n<li class=\"ql-align-justify\">NL = holand\u00e9s.<\/li>\n<li class=\"ql-align-justify\">PL = polaco.<\/li>\n<li class=\"ql-align-justify\">PT = portugu\u00e9s.<\/li>\n<li class=\"ql-align-justify\">RU = ruso.<\/li>\n<li class=\"ql-align-justify\">TR = turco.<\/li>\n<li class=\"ql-align-justify\">ZH-CN = chino simplificado.<\/li>\n<li class=\"ql-align-justify\">ZH-TW = chino tradicional.<\/li>\n<\/ul>\n<p class=\"ql-align-justify\"><strong>Nota: Se requiere una licencia b\u00e1sica de BIS al configurar una nueva sistema.<\/strong><\/p>\n<p><img decoding=\"async\" class=\"overview-center-img-web\" src=\"https:\/\/tvc.mx\/media\/32636\/Logoopaginas-oficial-1920x400.png\" alt=\"\" \/><\/p>\n","protected":false},"excerpt":{"rendered":"<p>Licencia BIS-SMA-AMPK para BIS-FGEN-AMPK , 1 a\u00f1o Actualizaciones \u00fanicas y sin complicaciones La tecnolog\u00eda avanza a un ritmo tan acelerado hoy que Es dif\u00edcil incluso para los expertos mantenerse al d\u00eda. Para ayudar a los clientes mantener el mejor sistema posible, Bosch es Introducir un&hellip;<\/p>\n","protected":false},"featured_media":7711,"comment_status":"open","ping_status":"closed","template":"","meta":{"om_disable_all_campaigns":false,"_monsterinsights_skip_tracking":false,"_monsterinsights_sitenote_active":false,"_monsterinsights_sitenote_note":"","_monsterinsights_sitenote_category":0},"product_brand":[],"product_cat":[707],"product_tag":[613,611,612,616,615,610,614,617],"class_list":{"0":"post-7712","1":"product","2":"type-product","3":"status-publish","4":"has-post-thumbnail","6":"product_cat-servidores-y-software-de-videovigilancia-bosch-video-vigilancia","7":"product_tag-bosch","8":"product_tag-manhattan","9":"product_tag-saxxon","10":"product_tag-surveon","11":"product_tag-utepo","12":"product_tag-videovigilancia","13":"product_tag-vivotek","14":"product_tag-zteco","16":"first","17":"instock","18":"sale","19":"taxable","20":"shipping-taxable","21":"purchasable","22":"product-type-simple"},"aioseo_notices":[],"_links":{"self":[{"href":"https:\/\/tecsecmty.com\/index.php\/wp-json\/wp\/v2\/product\/7712","targetHints":{"allow":["GET"]}}],"collection":[{"href":"https:\/\/tecsecmty.com\/index.php\/wp-json\/wp\/v2\/product"}],"about":[{"href":"https:\/\/tecsecmty.com\/index.php\/wp-json\/wp\/v2\/types\/product"}],"replies":[{"embeddable":true,"href":"https:\/\/tecsecmty.com\/index.php\/wp-json\/wp\/v2\/comments?post=7712"}],"version-history":[{"count":0,"href":"https:\/\/tecsecmty.com\/index.php\/wp-json\/wp\/v2\/product\/7712\/revisions"}],"wp:featuredmedia":[{"embeddable":true,"href":"https:\/\/tecsecmty.com\/index.php\/wp-json\/wp\/v2\/media\/7711"}],"wp:attachment":[{"href":"https:\/\/tecsecmty.com\/index.php\/wp-json\/wp\/v2\/media?parent=7712"}],"wp:term":[{"taxonomy":"product_brand","embeddable":true,"href":"https:\/\/tecsecmty.com\/index.php\/wp-json\/wp\/v2\/product_brand?post=7712"},{"taxonomy":"product_cat","embeddable":true,"href":"https:\/\/tecsecmty.com\/index.php\/wp-json\/wp\/v2\/product_cat?post=7712"},{"taxonomy":"product_tag","embeddable":true,"href":"https:\/\/tecsecmty.com\/index.php\/wp-json\/wp\/v2\/product_tag?post=7712"}],"curies":[{"name":"wp","href":"https:\/\/api.w.org\/{rel}","templated":true}]}}