{"id":7726,"date":"2023-02-23T16:17:55","date_gmt":"2023-02-23T22:17:55","guid":{"rendered":"https:\/\/tecsecmty.com\/index.php\/producto\/bosch-v_bisxace32dr47-licencia-de-32-puertas-en-ace4-7\/"},"modified":"2023-03-22T23:21:40","modified_gmt":"2023-03-23T05:21:40","slug":"bosch-v_bisxace32dr47-licencia-de-32-puertas-en-ace4-7","status":"publish","type":"product","link":"https:\/\/tecsecmty.com\/index.php\/producto\/bosch-v_bisxace32dr47-licencia-de-32-puertas-en-ace4-7\/","title":{"rendered":"BOSCH V_BISXACE32DR47- Licencia de 32 puertas en ACE4.7"},"content":{"rendered":"<div class=\"row aling-items-center padding-bottom-2x\">\n<div class=\"col-lg-12\">\n<h5 class=\"card-title text-center\">BISXACE32DR47- Licencia de 32 puertas en ACE4.7<\/h5>\n<p>Sistema de control de accesos distribuido con gesti\u00f3n gr\u00e1fica de alarmas<\/p>\n<p>Integraci\u00f3n e interacci\u00f3n perfectas con sistemas de video, incendios, intrusi\u00f3n y PA\/VA mediante la plataforma BIS com\u00fan<\/p>\n<p>Gran resistencia gracias a la arquitectura del sistema en 4 capas y la redundancia de los componentes cr\u00edticos u Integraci\u00f3n de productos de terceros mediante protocolos abiertos y seguros y SDK<\/p>\n<p>Proceso de registro eficaz que facilita una inscripci\u00f3n m\u00e1s r\u00e1pida y segura<\/p>\n<p><img decoding=\"async\" class=\"overview-center-img-web\" src=\"https:\/\/tvc.mx\/media\/639487\/BANNER_CCTV-a-199.5.png\" alt=\"\" \/><\/div>\n<\/div>\n<div class=\"row align-items-center padding-bottom-2x\">\n<div class=\"col-md-5 order-md-2\"><img decoding=\"async\" class=\"d-block m-auto img-thumbnail\" src=\"https:\/\/tvc.mx\/media\/639497\/ACE400x300-a-56.4.png\" alt=\" \" \/><\/div>\n<div class=\"col-md-7 order-md-1 text-md-left text-center\">\n<h2>Descripci\u00f3n inicial<\/h2>\n<p class=\"text-muted\">\n<p>El software de Access Engine (ACE), junto con el hardware de acceso de Bosch, es un completo sistema de control de accesos del Sistema de Integraci\u00f3n (BIS). Contiene todas las funciones fundamentales de cualquier sistema de control de accesos independiente, a las que a\u00f1ade una completa gama de mejoras opcionales. Al igual que el resto de los engines de BIS, ACE aprovecha al m\u00e1ximo todas las funciones adicionales de BIS, como los mapas de ubicaciones interactivos y los planes de acci\u00f3n, para proporcionar una administraci\u00f3n de alarmas de gran potencia y totalmente integrada. Los mensajes de alarmas y los eventos de control de alarmas se pueden visualizar con informaci\u00f3n gr\u00e1fica sobre las ubicaciones e instrucciones sobre el flujo de trabajo. ACE emplea las interfaces de usuario de BIS est\u00e1ndar y su flexibilidad para la personalizaci\u00f3n. Adem\u00e1s, provee interfaces de configuraci\u00f3n de accesos espec\u00edficas para usuarios de tarjetas, hardware de acceso y reglas de acceso. La principal ventaja de la gama de BIS es la integraci\u00f3n de una gran variedad de sistemas de seguridad y protecci\u00f3n dentro de unas mismas instalaciones. Mediante la combinaci\u00f3n del ACE con otros motores de BIS (por ejemplo, los de automatizaci\u00f3n y v\u00eddeo), es posible dise\u00f1ar soluciones de seguridad inteligentes a la medida exacta de sus necesidades. Access Engine funciona en una sola estaci\u00f3n de trabajo en un sistema cliente-servidor, o en un sistema distribuido con un servidor central y otros locales o regionales.<\/p>\n<p>&nbsp;<\/p>\n<\/div>\n<\/div>\n<hr class=\"padding-bottom-2x\" \/>\n<div class=\"row align-items-center padding-bottom-2x\">\n<div class=\"col-md-5\"><img decoding=\"async\" class=\"d-block m-auto img-thumbnail\" src=\"https:\/\/tvc.mx\/media\/639512\/BISAPPG.png\" alt=\" \" \/><\/div>\n<div class=\"col-md-7 text-md-left text-center\">\n<h2>Caracter\u00edsticas y Especificaciones<\/h2>\n<p class=\"text-muted\">\n<p>El paquete b\u00e1sico de Access Engine, junto con los controladores de acceso de AMC, ofrece las siguientes caracter\u00edsticas:<\/p>\n<ul>\n<li>Una amplia gama de modelos de puertas mediante plantillas que permite configurar el hardware de forma r\u00e1pida y f\u00e1cil (por ejemplo, puerta est\u00e1ndar, giratoria, ascensor con tiempo, relojes de fichar, etc.).<\/li>\n<li>El cuadro de di\u00e1logo de configuraci\u00f3n de modelos de puertas genera un dise\u00f1o de cableado para la instalaci\u00f3n del hardware.<\/li>\n<li>Activaci\u00f3n instant\u00e1nea de configuraciones de lectoras y usuarios de tarjeta en los controladores de acceso.<\/li>\n<li>Proceso de incorporaci\u00f3n totalmente integrado, incluida la inscripci\u00f3n biom\u00e9trica y de tarjetas.<\/li>\n<li>Modelos de tiempo para control de accesos basado en el tiempo, que incluyen la definici\u00f3n de d\u00edas especiales, festivos recurrentes, etc.<\/li>\n<li>Modelos de tiempo para la activaci\u00f3n\/desactivaci\u00f3n de cuentas de titulares de tarjeta, como reglas de acceso, c\u00f3digos PIN, etc.<\/li>\n<li>Modelos de hora para la activaci\u00f3n\/desactivaci\u00f3n autom\u00e1tica de la configuraci\u00f3n del sistema, como el configurar una puerta de unas oficinas para que se mantenga desbloqueada de 9:00 a 17:00.<\/li>\n<li>C\u00f3digo PIN adicional para armar\/desarmar alarmas de intrusos.<\/li>\n<li>Bloqueo o desbloqueo temporal de soportes para tarjetas, ya sea de forma manual o mediante control de tiempo.<\/li>\n<li>Inclusi\u00f3n de tarjetas en la lista negra.<\/li>\n<li>Gesti\u00f3n de di\u00e1logos definidos por el usuario para recopilar solo la informaci\u00f3n personal relevante.<\/li>\n<li>Funci\u00f3n antirretorno.<\/li>\n<li>El equilibrio de \u00e1reas de acceso (que incluye la comprobaci\u00f3n de la secuencia de accesos) ofrece una forma de limitar la cantidad de personas que hay en un \u00e1rea determinada, el armado o desarmado autom\u00e1ticos si el \u00e1rea est\u00e1 o no vac\u00eda y la generaci\u00f3n de cuadros de obligaciones.<\/li>\n<li>La autorizaci\u00f3n para N personas otorgar\u00e1 acceso en cada puerta s\u00f3lo cuando un n\u00famero definido (N) de usuarios de tarjetas autorizados presenten sus credenciales en una lectora configurada de forma correspondiente. La configuraci\u00f3n se puede realizar de lectora en lectora y desde 2 a N personas (sin l\u00edmite).<\/li>\n<li>La funci\u00f3n de trampa para gestionar dos puertas cooperativas con dos pares de lectores; recomendada para elevados niveles de seguridad, por ejemplo, entradas a salas del servidor o departamentos de investigaci\u00f3n.<\/li>\n<li>Giro de vigilancia mejorado: un sistema de seguimiento de patrullas de \u00faltima generaci\u00f3n que usa lectores de control de acceso actuales, as\u00ed como comprobaciones de secuencia y hora de acceso. Cualquier infracci\u00f3n de la secuencia o del horario de la patrulla provoca una alarma, de la que se realiza un seguimiento mediante las avanzadas funciones de administraci\u00f3n de alarmas de BIS. Los reportes de la ronda de guardia se pueden generar desde el registro de eventos de BIS.<\/li>\n<\/ul>\n<\/div>\n<\/div>\n","protected":false},"excerpt":{"rendered":"<p>BISXACE32DR47- Licencia de 32 puertas en ACE4.7 Sistema de control de accesos distribuido con gesti\u00f3n gr\u00e1fica de alarmas Integraci\u00f3n e interacci\u00f3n perfectas con sistemas de video, incendios, intrusi\u00f3n y PA\/VA mediante la plataforma BIS com\u00fan Gran resistencia gracias a la arquitectura del sistema en 4&hellip;<\/p>\n","protected":false},"featured_media":7725,"comment_status":"open","ping_status":"closed","template":"","meta":{"om_disable_all_campaigns":false,"_monsterinsights_skip_tracking":false,"_monsterinsights_sitenote_active":false,"_monsterinsights_sitenote_note":"","_monsterinsights_sitenote_category":0},"product_brand":[],"product_cat":[707],"product_tag":[613,611,612,616,615,610,614,617],"class_list":{"0":"post-7726","1":"product","2":"type-product","3":"status-publish","4":"has-post-thumbnail","6":"product_cat-servidores-y-software-de-videovigilancia-bosch-video-vigilancia","7":"product_tag-bosch","8":"product_tag-manhattan","9":"product_tag-saxxon","10":"product_tag-surveon","11":"product_tag-utepo","12":"product_tag-videovigilancia","13":"product_tag-vivotek","14":"product_tag-zteco","16":"first","17":"instock","18":"sale","19":"taxable","20":"shipping-taxable","21":"purchasable","22":"product-type-simple"},"aioseo_notices":[],"_links":{"self":[{"href":"https:\/\/tecsecmty.com\/index.php\/wp-json\/wp\/v2\/product\/7726","targetHints":{"allow":["GET"]}}],"collection":[{"href":"https:\/\/tecsecmty.com\/index.php\/wp-json\/wp\/v2\/product"}],"about":[{"href":"https:\/\/tecsecmty.com\/index.php\/wp-json\/wp\/v2\/types\/product"}],"replies":[{"embeddable":true,"href":"https:\/\/tecsecmty.com\/index.php\/wp-json\/wp\/v2\/comments?post=7726"}],"version-history":[{"count":0,"href":"https:\/\/tecsecmty.com\/index.php\/wp-json\/wp\/v2\/product\/7726\/revisions"}],"wp:featuredmedia":[{"embeddable":true,"href":"https:\/\/tecsecmty.com\/index.php\/wp-json\/wp\/v2\/media\/7725"}],"wp:attachment":[{"href":"https:\/\/tecsecmty.com\/index.php\/wp-json\/wp\/v2\/media?parent=7726"}],"wp:term":[{"taxonomy":"product_brand","embeddable":true,"href":"https:\/\/tecsecmty.com\/index.php\/wp-json\/wp\/v2\/product_brand?post=7726"},{"taxonomy":"product_cat","embeddable":true,"href":"https:\/\/tecsecmty.com\/index.php\/wp-json\/wp\/v2\/product_cat?post=7726"},{"taxonomy":"product_tag","embeddable":true,"href":"https:\/\/tecsecmty.com\/index.php\/wp-json\/wp\/v2\/product_tag?post=7726"}],"curies":[{"name":"wp","href":"https:\/\/api.w.org\/{rel}","templated":true}]}}