{"id":7730,"date":"2023-02-23T16:18:00","date_gmt":"2023-02-23T22:18:00","guid":{"rendered":"https:\/\/tecsecmty.com\/index.php\/producto\/bosch-v_bisxaue1kp46-licencia-para-agregar-1000-puntos-de-deteccion-bis-46\/"},"modified":"2023-03-22T23:21:42","modified_gmt":"2023-03-23T05:21:42","slug":"bosch-v_bisxaue1kp46-licencia-para-agregar-1000-puntos-de-deteccion-bis-46","status":"publish","type":"product","link":"https:\/\/tecsecmty.com\/index.php\/producto\/bosch-v_bisxaue1kp46-licencia-para-agregar-1000-puntos-de-deteccion-bis-46\/","title":{"rendered":"BOSCH V_BISXAUE1KP46- LICENCIA PARA AGREGAR 1000 PUNTOS DE DETECCION BIS 46"},"content":{"rendered":"<div class=\"row aling-items-center padding-bottom-2x\">\n<div class=\"col-lg-12\">\n<h5 class=\"card-title text-center\">BISXAUE1KP46- LICENCIA PARA AGREGAR 1000 PUNTOS DE DETECCION BIS 46<\/h5>\n<p>Sistema de administraci\u00f3n de seguridad y alarmas extremadamente sofisticado para paneles de intrusi\u00f3n y centrales de incendio Integraci\u00f3n de los sistemas de alarma por voz y megafon\u00eda para lograr la evacuaci\u00f3n eficaz de edificios<\/p>\n<p>Monitorizaci\u00f3n detallada de otros sistemas vitales, como el de HVAC, la automatizaci\u00f3n de edificios o la gesti\u00f3n de energ\u00eda en toda una instalaci\u00f3n<\/p>\n<p>Integraci\u00f3n y configuraci\u00f3n sencilla de subsistemas a trav\u00e9s del uso coherente de los est\u00e1ndares mundiales OPC<\/p>\n<p class=\"ql-align-justify\">Automatizaci\u00f3n de respuestas en caso de emergencias en alarmas de subsistemas mediante reglas definibles por el usuario<\/p>\n<p><img decoding=\"async\" class=\"overview-center-img-web\" src=\"https:\/\/tvc.mx\/media\/214183\/BANNER-CCTV.png\" alt=\"\" \/><\/div>\n<\/div>\n<div class=\"row align-items-center padding-bottom-2x\">\n<div class=\"col-md-5 order-md-2\"><img decoding=\"async\" class=\"d-block m-auto img-thumbnail\" src=\"https:\/\/tvc.mx\/media\/266539\/BIS-400X300.png\" alt=\" \" \/><\/div>\n<div class=\"col-md-7 order-md-1 text-md-left text-center\">\n<h2>Caracter\u00edsticas y Especificaciones<\/h2>\n<p class=\"text-muted\">\n<p class=\"ql-align-justify\">Automation Engine (AUE) es uno de los m\u00f3dulos principales de la gama BIS. Funciona como motor \u00fanico o combinado con otros motores. Su funci\u00f3n principal es conectar, monitorizar y controlar sistemas de seguridad y protecci\u00f3n, normalmente paneles de incendio y de intrusi\u00f3n. Sin embargo, tambi\u00e9n permite visualizar im\u00e1genes en directo o distintos documentos. Para aplicaciones m\u00e1s complejas de video, recomendamos utilizar Video Engine o VMS de Bosch. El Automation Engine utiliza todas las funciones generales de BIS, como las visualizaci\u00f3n de mapas de ubicaci\u00f3n interactivos y planes de acci\u00f3n. A continuaci\u00f3n, es posible visualizar las alarmas recibidas junto con toda la informaci\u00f3n y botones de acci\u00f3n personalizados. Es posible automatizar comandos mediante reglas definidas por el usuario en la m\u00e1quina de estados de BIS (consulte la descripci\u00f3n general y el paquete b\u00e1sico de BIS), o invocarlos manualmente haciendo clic con el bot\u00f3n derecho del rat\u00f3n en los iconos que representan los detectores en un mapa de ubicaci\u00f3n<\/p>\n<p class=\"ql-align-justify\">Funciones Adem\u00e1s de las funciones est\u00e1ndar de BIS, Automation Engine dispone de las funciones siguientes:<\/p>\n<p class=\"ql-align-justify\">\u2022 Permite conectar, controlar y supervisar los sistemas de seguridad de Bosch o de otros fabricantes, las centrales de incendio, los paneles de intrusi\u00f3n, los sistemas de megafon\u00eda y otros a trav\u00e9s de la interfaz OPC.<\/p>\n<p class=\"ql-align-justify\">\u2022 Permite conectar, controlar y supervisar los sistemas de Bosch o de otros fabricantes para el control de HVAC, control de iluminaci\u00f3n y gesti\u00f3n de energ\u00eda mediante la interfaz OPC. Notas de configuraci\u00f3n\/instalaci\u00f3n Engine se puede pedir de una de estas dos formas: \u2022 Como parte integrante de una configuraci\u00f3n de BIS inicial, en cuyo caso se pide junto con la licencia b\u00e1sica de BIS.<\/p>\n<p class=\"ql-align-justify\">\u2022 Como ampliaci\u00f3n de una configuraci\u00f3n de BIS existente.<\/p>\n<\/div>\n<\/div>\n","protected":false},"excerpt":{"rendered":"<p>BISXAUE1KP46- LICENCIA PARA AGREGAR 1000 PUNTOS DE DETECCION BIS 46 Sistema de administraci\u00f3n de seguridad y alarmas extremadamente sofisticado para paneles de intrusi\u00f3n y centrales de incendio Integraci\u00f3n de los sistemas de alarma por voz y megafon\u00eda para lograr la evacuaci\u00f3n eficaz de edificios Monitorizaci\u00f3n&hellip;<\/p>\n","protected":false},"featured_media":7729,"comment_status":"open","ping_status":"closed","template":"","meta":{"om_disable_all_campaigns":false,"_monsterinsights_skip_tracking":false,"_monsterinsights_sitenote_active":false,"_monsterinsights_sitenote_note":"","_monsterinsights_sitenote_category":0},"product_brand":[],"product_cat":[707],"product_tag":[613,611,612,616,615,610,614,617],"class_list":{"0":"post-7730","1":"product","2":"type-product","3":"status-publish","4":"has-post-thumbnail","6":"product_cat-servidores-y-software-de-videovigilancia-bosch-video-vigilancia","7":"product_tag-bosch","8":"product_tag-manhattan","9":"product_tag-saxxon","10":"product_tag-surveon","11":"product_tag-utepo","12":"product_tag-videovigilancia","13":"product_tag-vivotek","14":"product_tag-zteco","16":"first","17":"instock","18":"sale","19":"taxable","20":"shipping-taxable","21":"purchasable","22":"product-type-simple"},"aioseo_notices":[],"_links":{"self":[{"href":"https:\/\/tecsecmty.com\/index.php\/wp-json\/wp\/v2\/product\/7730","targetHints":{"allow":["GET"]}}],"collection":[{"href":"https:\/\/tecsecmty.com\/index.php\/wp-json\/wp\/v2\/product"}],"about":[{"href":"https:\/\/tecsecmty.com\/index.php\/wp-json\/wp\/v2\/types\/product"}],"replies":[{"embeddable":true,"href":"https:\/\/tecsecmty.com\/index.php\/wp-json\/wp\/v2\/comments?post=7730"}],"version-history":[{"count":0,"href":"https:\/\/tecsecmty.com\/index.php\/wp-json\/wp\/v2\/product\/7730\/revisions"}],"wp:featuredmedia":[{"embeddable":true,"href":"https:\/\/tecsecmty.com\/index.php\/wp-json\/wp\/v2\/media\/7729"}],"wp:attachment":[{"href":"https:\/\/tecsecmty.com\/index.php\/wp-json\/wp\/v2\/media?parent=7730"}],"wp:term":[{"taxonomy":"product_brand","embeddable":true,"href":"https:\/\/tecsecmty.com\/index.php\/wp-json\/wp\/v2\/product_brand?post=7730"},{"taxonomy":"product_cat","embeddable":true,"href":"https:\/\/tecsecmty.com\/index.php\/wp-json\/wp\/v2\/product_cat?post=7730"},{"taxonomy":"product_tag","embeddable":true,"href":"https:\/\/tecsecmty.com\/index.php\/wp-json\/wp\/v2\/product_tag?post=7730"}],"curies":[{"name":"wp","href":"https:\/\/api.w.org\/{rel}","templated":true}]}}