{"id":7732,"date":"2023-02-23T16:18:03","date_gmt":"2023-02-23T22:18:03","guid":{"rendered":"https:\/\/tecsecmty.com\/index.php\/producto\/bosch-v_bisxaue1kp47-licencia-para-1000-puntos-de-deteccion-bis-47\/"},"modified":"2023-03-22T23:21:42","modified_gmt":"2023-03-23T05:21:42","slug":"bosch-v_bisxaue1kp47-licencia-para-1000-puntos-de-deteccion-bis-47","status":"publish","type":"product","link":"https:\/\/tecsecmty.com\/index.php\/producto\/bosch-v_bisxaue1kp47-licencia-para-1000-puntos-de-deteccion-bis-47\/","title":{"rendered":"BOSCH V_BISXAUE1KP47- LICENCIA PARA 1000 PUNTOS DE DETECCION \/ BIS 47"},"content":{"rendered":"<h5 class=\"card-title text-center\">BISXAUE1KP47- LICENCIA PARA 1000 PUNTOS DE DETECCION \/ BIS 47<\/h5>\n<p>Sistema de administraci\u00f3n de seguridad y alarmas extremadamente sofisticado para paneles de intrusi\u00f3n y centrales de incendio Integraci\u00f3n de los sistemas de alarma por voz y megafon\u00eda para lograr la evacuaci\u00f3n eficaz de edificios<\/p>\n<p>Monitorizaci\u00f3n detallada de otros sistemas vitales, como el de HVAC, la automatizaci\u00f3n de edificios o la gesti\u00f3n de energ\u00eda en toda una instalaci\u00f3n<\/p>\n<p>Integraci\u00f3n y configuraci\u00f3n sencilla de subsistemas a trav\u00e9s del uso coherente de los est\u00e1ndares mundiales OPC DA\/AE y OPC UA Automatizaci\u00f3n de respuestas en caso de emergencias en alarmas de subsistemas mediante reglas definibles por el usuario<\/p>\n<p><img decoding=\"async\" class=\"overview-center-img-web\" src=\"https:\/\/tvc.mx\/media\/267959\/BANNER-CCTV.png\" alt=\"\" \/><\/p>\n","protected":false},"excerpt":{"rendered":"<p>BISXAUE1KP47- LICENCIA PARA 1000 PUNTOS DE DETECCION \/ BIS 47 Sistema de administraci\u00f3n de seguridad y alarmas extremadamente sofisticado para paneles de intrusi\u00f3n y centrales de incendio Integraci\u00f3n de los sistemas de alarma por voz y megafon\u00eda para lograr la evacuaci\u00f3n eficaz de edificios Monitorizaci\u00f3n&hellip;<\/p>\n","protected":false},"featured_media":7731,"comment_status":"open","ping_status":"closed","template":"","meta":{"om_disable_all_campaigns":false,"_monsterinsights_skip_tracking":false,"_monsterinsights_sitenote_active":false,"_monsterinsights_sitenote_note":"","_monsterinsights_sitenote_category":0},"product_brand":[],"product_cat":[707],"product_tag":[613,611,612,616,615,610,614,617],"class_list":{"0":"post-7732","1":"product","2":"type-product","3":"status-publish","4":"has-post-thumbnail","6":"product_cat-servidores-y-software-de-videovigilancia-bosch-video-vigilancia","7":"product_tag-bosch","8":"product_tag-manhattan","9":"product_tag-saxxon","10":"product_tag-surveon","11":"product_tag-utepo","12":"product_tag-videovigilancia","13":"product_tag-vivotek","14":"product_tag-zteco","16":"first","17":"instock","18":"sale","19":"taxable","20":"shipping-taxable","21":"purchasable","22":"product-type-simple"},"aioseo_notices":[],"_links":{"self":[{"href":"https:\/\/tecsecmty.com\/index.php\/wp-json\/wp\/v2\/product\/7732","targetHints":{"allow":["GET"]}}],"collection":[{"href":"https:\/\/tecsecmty.com\/index.php\/wp-json\/wp\/v2\/product"}],"about":[{"href":"https:\/\/tecsecmty.com\/index.php\/wp-json\/wp\/v2\/types\/product"}],"replies":[{"embeddable":true,"href":"https:\/\/tecsecmty.com\/index.php\/wp-json\/wp\/v2\/comments?post=7732"}],"version-history":[{"count":0,"href":"https:\/\/tecsecmty.com\/index.php\/wp-json\/wp\/v2\/product\/7732\/revisions"}],"wp:featuredmedia":[{"embeddable":true,"href":"https:\/\/tecsecmty.com\/index.php\/wp-json\/wp\/v2\/media\/7731"}],"wp:attachment":[{"href":"https:\/\/tecsecmty.com\/index.php\/wp-json\/wp\/v2\/media?parent=7732"}],"wp:term":[{"taxonomy":"product_brand","embeddable":true,"href":"https:\/\/tecsecmty.com\/index.php\/wp-json\/wp\/v2\/product_brand?post=7732"},{"taxonomy":"product_cat","embeddable":true,"href":"https:\/\/tecsecmty.com\/index.php\/wp-json\/wp\/v2\/product_cat?post=7732"},{"taxonomy":"product_tag","embeddable":true,"href":"https:\/\/tecsecmty.com\/index.php\/wp-json\/wp\/v2\/product_tag?post=7732"}],"curies":[{"name":"wp","href":"https:\/\/api.w.org\/{rel}","templated":true}]}}