{"id":7734,"date":"2023-02-23T16:18:08","date_gmt":"2023-02-23T22:18:08","guid":{"rendered":"https:\/\/tecsecmty.com\/index.php\/producto\/bosch-v_bisxgen1cli47-licencia-para-un-operador-bis\/"},"modified":"2023-03-22T23:21:42","modified_gmt":"2023-03-23T05:21:42","slug":"bosch-v_bisxgen1cli47-licencia-para-un-operador-bis","status":"publish","type":"product","link":"https:\/\/tecsecmty.com\/index.php\/producto\/bosch-v_bisxgen1cli47-licencia-para-un-operador-bis\/","title":{"rendered":"BOSCH V_BISXGEN1CLI47- LICENCIA PARA UN OPERADOR BIS"},"content":{"rendered":"<div class=\"row aling-items-center padding-bottom-2x\">\n<div class=\"col-lg-12\">\n<h5 class=\"card-title text-center\">LICENCIA PARA UN OPERADOR BIS<\/h5>\n<p>Integraci\u00f3n de sistemas de Bosch y de terceros mediante interfaces abiertas y SDK<\/p>\n<p>Toda la informaci\u00f3n relevante en una interfaz de usuario y uso intuitivo mediante mapas interactivos y planes de acci\u00f3n en HTML5.<\/p>\n<p>Control de accesos totalmente integrado u Registro de eventos completo y traza de auditor\u00eda para investigaciones cient\u00edficas<\/p>\n<p>Sistema escalable que crece con sus necesidades<\/p>\n<p><img decoding=\"async\" class=\"overview-center-img-web\" src=\"https:\/\/tvc.mx\/media\/209024\/BANNER_CCTV.png\" alt=\"\" \/><\/div>\n<\/div>\n<div class=\"row align-items-center padding-bottom-2x\">\n<div class=\"col-md-5 order-md-2\"><img decoding=\"async\" class=\"d-block m-auto img-thumbnail\" src=\"https:\/\/tvc.mx\/media\/209147\/BIS-400X300.png\" alt=\" \" \/><\/div>\n<div class=\"col-md-7 order-md-1 text-md-left text-center\">\n<h2>Descripci\u00f3n inicial<\/h2>\n<p class=\"text-muted\">\n<p class=\"ql-align-justify\">BIS es un sistema de administraci\u00f3n de seguridad y protecci\u00f3n flexible y escalable que se puede configurar para gestionar una gama inmensa de situaciones de uso. Contiene una amplia gama de aplicaciones y funciones que permiten tanto la integraci\u00f3n y el acoplamiento como el control y supervisi\u00f3n de todos los sistemas t\u00e9cnicos del edificio. Esta nueva versi\u00f3n se basa en los muchos a\u00f1os de experiencia de Bosch en el campo de los sistemas de administraci\u00f3n y ha sido influenciada en forma significativa por las siguientes tendencias de mercado: \u2022 Complejidad creciente de los equipos t\u00e9cnicos de los edificios El aumento de complejidad de los equipos t\u00e9cnicos del interior de los edificios exige el uso de un potente sistema de administraci\u00f3n que combine las funciones m\u00e1s diversas (sistemas de alarma de incendios o intrusiones, control de accesos, sistemas de video y automatizaci\u00f3n del edificio, etc.) de la mejor forma posible. Los est\u00e1ndares abiertos permiten a BIS procesar y compartir informaci\u00f3n de forma eficaz con una variedad enorme y creciente de dispositivos de hardware y otros or\u00edgenes.<\/p>\n<p>&nbsp;<\/p>\n<\/div>\n<\/div>\n<hr class=\"padding-bottom-2x\" \/>\n<div class=\"row align-items-center padding-bottom-2x\">\n<div class=\"col-md-5\"><img decoding=\"async\" class=\"d-block m-auto img-thumbnail\" src=\"https:\/\/tvc.mx\/media\/209243\/grafica768x1024.png\" alt=\" \" \/><\/div>\n<div class=\"col-md-7 text-md-left text-center\">\n<h2>Caracter\u00edsticas y Especificaciones<\/h2>\n<p class=\"text-muted\">\n<p class=\"ql-align-justify\">Building Integration System es un producto vers\u00e1til que consta de un paquete b\u00e1sico m\u00e1s distintos componentes opcionales (tambi\u00e9n llamados motores o \u00abEngines\u00bb en ingl\u00e9s) que se basan en una plataforma de software com\u00fan. Los motores se pueden combinar para ajustar los sistemas de administraci\u00f3n de edificios a requisitos detallados. Los componentes principales son:<\/p>\n<p class=\"ql-align-justify\">\u2022 Automation Engine<\/p>\n<p class=\"ql-align-justify\">\u2022 Access Engine<\/p>\n<p class=\"ql-align-justify\">\u2022 Video Engine<\/p>\n<p class=\"ql-align-justify\">\u2022 Security Engine<\/p>\n<p class=\"ql-align-justify\">Configuraci\u00f3n y estructura organizativa Distintas funciones autom\u00e1ticas y herramientas f\u00e1ciles de usar hacen que la configuraci\u00f3n sea sencilla para el instalador, lo cual ahorra tiempo y costes. Es posible crear \u00e1rboles jer\u00e1rquicos de ubicaci\u00f3n importando datos de CAD existentes con capas, llamadas vistas y ubicaciones de detectores. La ampliaci\u00f3n y el desplazamiento permiten navegar r\u00e1pidamente por el edificio. La interfaz de usuario se basa en web y utiliza p\u00e1ginas HTML5 din\u00e1micas. El paquete de instalaci\u00f3n contiene p\u00e1ginas predeterminadas para distintas resoluciones y formatos de pantalla y las p\u00e1ginas predeterminadas se pueden personalizar f\u00e1cilmente con un editor HTML est\u00e1ndar. BIS detecta de forma autom\u00e1tica la resoluci\u00f3n del monitor y provee la interfaz de usuario adecuada. Operaci\u00f3n La tarea principal del sistema es funcionar como centro de control y monitorizaci\u00f3n de alarmas para los distintos sistemas de seguridad de una instalaci\u00f3n. Su interfaz gr\u00e1fica est\u00e1 dise\u00f1ada para ayudar al operador a comprender la extensi\u00f3n y la urgencia de un suceso r\u00e1pidamente y a tomar medidas r\u00e1pidas y eficaces<\/p>\n<\/div>\n<\/div>\n","protected":false},"excerpt":{"rendered":"<p>LICENCIA PARA UN OPERADOR BIS Integraci\u00f3n de sistemas de Bosch y de terceros mediante interfaces abiertas y SDK Toda la informaci\u00f3n relevante en una interfaz de usuario y uso intuitivo mediante mapas interactivos y planes de acci\u00f3n en HTML5. Control de accesos totalmente integrado u&hellip;<\/p>\n","protected":false},"featured_media":7733,"comment_status":"open","ping_status":"closed","template":"","meta":{"om_disable_all_campaigns":false,"_monsterinsights_skip_tracking":false,"_monsterinsights_sitenote_active":false,"_monsterinsights_sitenote_note":"","_monsterinsights_sitenote_category":0},"product_brand":[],"product_cat":[707],"product_tag":[613,611,612,616,615,610,614,617],"class_list":{"0":"post-7734","1":"product","2":"type-product","3":"status-publish","4":"has-post-thumbnail","6":"product_cat-servidores-y-software-de-videovigilancia-bosch-video-vigilancia","7":"product_tag-bosch","8":"product_tag-manhattan","9":"product_tag-saxxon","10":"product_tag-surveon","11":"product_tag-utepo","12":"product_tag-videovigilancia","13":"product_tag-vivotek","14":"product_tag-zteco","16":"first","17":"instock","18":"sale","19":"taxable","20":"shipping-taxable","21":"purchasable","22":"product-type-simple"},"aioseo_notices":[],"_links":{"self":[{"href":"https:\/\/tecsecmty.com\/index.php\/wp-json\/wp\/v2\/product\/7734","targetHints":{"allow":["GET"]}}],"collection":[{"href":"https:\/\/tecsecmty.com\/index.php\/wp-json\/wp\/v2\/product"}],"about":[{"href":"https:\/\/tecsecmty.com\/index.php\/wp-json\/wp\/v2\/types\/product"}],"replies":[{"embeddable":true,"href":"https:\/\/tecsecmty.com\/index.php\/wp-json\/wp\/v2\/comments?post=7734"}],"version-history":[{"count":0,"href":"https:\/\/tecsecmty.com\/index.php\/wp-json\/wp\/v2\/product\/7734\/revisions"}],"wp:featuredmedia":[{"embeddable":true,"href":"https:\/\/tecsecmty.com\/index.php\/wp-json\/wp\/v2\/media\/7733"}],"wp:attachment":[{"href":"https:\/\/tecsecmty.com\/index.php\/wp-json\/wp\/v2\/media?parent=7734"}],"wp:term":[{"taxonomy":"product_brand","embeddable":true,"href":"https:\/\/tecsecmty.com\/index.php\/wp-json\/wp\/v2\/product_brand?post=7734"},{"taxonomy":"product_cat","embeddable":true,"href":"https:\/\/tecsecmty.com\/index.php\/wp-json\/wp\/v2\/product_cat?post=7734"},{"taxonomy":"product_tag","embeddable":true,"href":"https:\/\/tecsecmty.com\/index.php\/wp-json\/wp\/v2\/product_tag?post=7734"}],"curies":[{"name":"wp","href":"https:\/\/api.w.org\/{rel}","templated":true}]}}