{"id":7742,"date":"2023-02-23T16:18:20","date_gmt":"2023-02-23T22:18:20","guid":{"rendered":"https:\/\/tecsecmty.com\/index.php\/producto\/bosch-v_dip72848hd-divar-ip-7000-aio-2u-8x4-tb\/"},"modified":"2023-03-22T23:21:46","modified_gmt":"2023-03-23T05:21:46","slug":"bosch-v_dip72848hd-divar-ip-7000-aio-2u-8x4-tb","status":"publish","type":"product","link":"https:\/\/tecsecmty.com\/index.php\/producto\/bosch-v_dip72848hd-divar-ip-7000-aio-2u-8x4-tb\/","title":{"rendered":"BOSCH V_DIP72848HD- DIVAR IP 7000 AIO\/ 2U\/ 8X4 TB"},"content":{"rendered":"<div class=\"row aling-items-center padding-bottom-2x\">\n<div class=\"col-lg-12\">\n<h5 class=\"card-title text-center\">DIP-7284-8HD Dispositivo de gesti\u00f3n 2U 8X4TB<\/h5>\n<p>&nbsp;<\/p>\n<p><img decoding=\"async\" class=\"overview-center-img-web\" src=\"https:\/\/tvc.mx\/media\/122330\/Logoopaginas-oficial-1920x400.png\" alt=\"\" \/><\/div>\n<\/div>\n<div class=\"row align-items-center padding-bottom-2x\">\n<div class=\"col-md-5 order-md-2\"><img decoding=\"async\" class=\"d-block m-auto img-thumbnail\" src=\"https:\/\/tvc.mx\/media\/122334\/DIP-7284-8HDcfg5.png\" alt=\" \" \/><\/div>\n<div class=\"col-md-7 order-md-1 text-md-left text-center\">\n<h2>Resumen del sistema<\/h2>\n<p class=\"text-muted\">\n<p class=\"ql-align-justify\">La familia DIVAR IP all-in-one 7000 es una soluci\u00f3n asequible, simple y fiable, todo en uno de grabaci\u00f3n, visualizaci\u00f3n y gesti\u00f3n para sistemas de vigilancia de red de hasta 256 canales (con 8 canales prelicenciados). Gracias a que ejecuta la soluci\u00f3n completa BVMS y con el software Video Recording Manager de Bosch, el sistema DIVAR IP all-in-one 7000 es un dispositivo inteligente de almacenamiento y gesti\u00f3n de v\u00eddeo IP. El DIVAR IP all-in-one 7000 2U es una unidad con montaje en rack 2U que combina gesti\u00f3n avanzada y gesti\u00f3n de grabaciones de vanguardia en un \u00fanico dispositivo de grabaci\u00f3n IP Plug and Play rentable dise\u00f1ado para clientes que buscan soluciones de TI.<\/p>\n<p class=\"ql-align-justify\">La familia DIVAR IP all-in-one 7000 utiliza un dise\u00f1o integrado con uso eficiente de la energ\u00eda que reduce los posibles puntos de fallo y ofrece la calidad total de Bosch. El uso de discos duros de altas prestaciones en configuraci\u00f3n RAID-5 con tolerancia a fallos, interfaz de red Gigabit Ethernet de dos puertos, memoria del sistema de 8 GB y un procesador Intel Xeon Quad Core permite al dispositivo proporcionar un rendimiento de gama alta a un precio muy razonable.<\/p>\n<p>&nbsp;<\/p>\n<\/div>\n<\/div>\n<hr class=\"padding-bottom-2x\" \/>\n<div class=\"row align-items-center padding-bottom-2x\">\n<div class=\"col-md-5\"><img decoding=\"async\" class=\"d-block m-auto img-thumbnail\" src=\"https:\/\/tvc.mx\/media\/122338\/DIP-7284-8HDcfg6.png\" alt=\" \" \/><\/div>\n<div class=\"col-md-7 text-md-left text-center\">\n<h2>Funciones b\u00e1sicas<\/h2>\n<p class=\"text-muted\">\n<p class=\"ql-align-justify\">Las unidades DIVAR IP all-in-one 7000 2U cuentan con fuentes de alimentaci\u00f3n redundantes e intercambiables en caliente de alta eficiencia energ\u00e9tica y discos duros SATA-3 reemplazables desde la parte frontal que proporcionan hasta 96 TB de capacidad de almacenamiento bruta. Todo el software del sistema est\u00e1 preinstalado, creando as\u00ed un dispositivo de gesti\u00f3n de v\u00eddeo listo para usar desde el primer momento. Las unidades DIVAR IP all-inone 7000 2U utilizan Microsoft Windows Storage Server 2016.<\/p>\n<p class=\"ql-align-justify\"><strong>Acceso inmediato en tiempo real a v\u00eddeo<\/strong><\/p>\n<p class=\"ql-align-justify\">Disfrute de v\u00eddeo HD de alta calidad e incluso de v\u00eddeo UHD aunque la conexi\u00f3n tenga un ancho de banda bajo o limitado. La tecnolog\u00eda Dynamic Transcoding garantiza que puede ver sus v\u00eddeos de inmediato, en cualquier momento y en cualquier lugar. El transcodificador integrado admite hasta 4 flujos de v\u00eddeo H.264 con resoluci\u00f3n UHD en paralelo.<\/p>\n<p class=\"ql-align-justify\"><strong>Gesti\u00f3n<\/strong><\/p>\n<p class=\"ql-align-justify\">Una vez iniciado el sistema, dispondr\u00e1 de acceso inmediato a la aplicaci\u00f3n de gesti\u00f3n BVMS mediante una interfaz de usuario personalizada. La capacidad de utilizar una interfaz de usuario central para configurar y gestionar operaciones reduce los requisitos de instalaci\u00f3n y formaci\u00f3n, y ayuda a mantener unos costes bajos de la gesti\u00f3n del sistema.<\/p>\n<p class=\"ql-align-justify\"><strong>Visualizaci\u00f3n remota<\/strong><\/p>\n<p class=\"ql-align-justify\">Para la visualizaci\u00f3n remota de un solo sistema DIVAR IP all-in-one 7000, se incluye BVMS Operator Client. Si tiene varios sistemas, agr\u00e9guelos a BVMS Enterprise Management Server. Tambi\u00e9n puede utilizar Video Security Client para la visualizaci\u00f3n de v\u00eddeo en una estaci\u00f3n de trabajo independiente o un dispositivo m\u00f3vil.<\/p>\n<p class=\"ql-align-justify\"><strong>Gesti\u00f3n de TI<\/strong><\/p>\n<p class=\"ql-align-justify\">Microsoft Windows Storage Server 2016 proporciona una interfaz de usuario sencilla e intuitiva para configurar el sistema y gestionar el dispositivo de forma unificada. Los administradores y profesionales de TI apreciar\u00e1n la capacidad de gestionar los sistemas DIVAR IP all-in-one 7000 utilizando la aplicaci\u00f3n Microsoft System Center Suite integrada. La capacidad de utilizar una herramienta central para configurar y gestionar operaciones reduce los requisitos de instalaci\u00f3n y formaci\u00f3n, y ayuda a mantener unos costes bajos para la gesti\u00f3n del sistema. Adem\u00e1s, el sistema DIVAR IP all-in-one 7000 ofrece opciones avanzadas de gesti\u00f3n y control a trav\u00e9s de Intelligent Platform Management Interface (IPMI).<\/p>\n<p class=\"ql-align-justify\"><strong>Control<\/strong><\/p>\n<p class=\"ql-align-justify\">La familia DIVAR IP all-in-one 7000 proporciona compatibilidad con SNMP, escritorio remoto y control HTTP para el hardware del sistema y para las aplicaciones de gesti\u00f3n de v\u00eddeo. La mayor fiabilidad del hardware de alta disponibilidad, el dise\u00f1o integrado y el control y la gesti\u00f3n de todo el sistema garantizan el m\u00e1ximo tiempo de funcionamiento.<\/p>\n<p>&nbsp;<\/p>\n<\/div>\n<\/div>\n<hr class=\"padding-bottom-2x\" \/>\n<div class=\"row align-items-center padding-bottom-2x\">\n<div class=\"col-md-5 order-md-2\"><img decoding=\"async\" class=\"d-block m-auto img-thumbnail\" src=\"https:\/\/tvc.mx\/media\/122342\/DIP-7284-8HDcfg7.png\" alt=\" \" \/><\/div>\n<div class=\"col-md-7 order-md-1 text-md-left text-center\">\n<h2>Notas de configuraci\u00f3n\/instalaci\u00f3n<\/h2>\n<p class=\"text-muted\">\n<p class=\"ql-align-justify\"><strong>Nota: Condiciones ambientales<\/strong><\/p>\n<p class=\"ql-align-justify\">Instale el sistema en una zona limpia, sin polvo, seca y protegida de las condiciones meteorol\u00f3gicas que est\u00e9 bien ventilada. Evite las zonas donde se genere calor, ruido el\u00e9ctrico y campos electromagn\u00e9ticos. La garant\u00eda est\u00e1ndar que acompa\u00f1a al sistema se anular\u00e1 si se observa que el sistema se ha expuesto a condiciones que contradicen las condiciones ambientales mencionadas aqu\u00ed.<\/p>\n<p class=\"ql-align-justify\"><strong>Estado del sistema<\/strong><\/p>\n<p class=\"ql-align-justify\">Las unidades DIVAR IP all-in-one 7000 se entregan completamente cargadas y plenamente funcionales con sistema operativo de Microsoft y las aplicaciones de Bosch:<\/p>\n<ul>\n<li class=\"ql-align-justify\">Windows Storage Server 2016, 64 bits<\/li>\n<li class=\"ql-align-justify\">BVMS<\/li>\n<li class=\"ql-align-justify\">Video Recording Manager con Video Streaming Gateway<\/li>\n<li class=\"ql-align-justify\">Dynamic Transcoding<\/li>\n<\/ul>\n<p class=\"ql-align-justify\"><strong>Discos duros de otros fabricantes<\/strong><\/p>\n<p class=\"ql-align-justify\">Las unidades DIVAR IP all-in-one 7000 sin discos duros preinstalados: La configuraci\u00f3n RAID de unidades de disco duro de datos de terceros se debe realizar manualmente mediante la utilidad de gesti\u00f3n RAID preinstalada. Es necesario realizar esta configuraci\u00f3n RAID manual para que el sistema DIVAR IP all-in-one 7000 est\u00e9 totalmente operativo.<\/p>\n<p class=\"ql-align-justify\"><strong>Configuraci\u00f3n de RAID<\/strong><\/p>\n<p class=\"ql-align-justify\">Las unidades DIVAR IP all-in-one 7000 2U se suministran preconfiguradas con una configuraci\u00f3n est\u00e1ndar RAID-5 con LUN iSCSI (solo en sistemas con todos sus discos) y ofrecen las siguientes configuraciones RAID-5 y RAID-6.<\/p>\n<p class=\"ql-align-justify\">Modos de funcionamiento<\/p>\n<p class=\"ql-align-justify\">Las unidades DIVAR IP all-in-one 7000 pueden funcionar en tres modos diferentes:<\/p>\n<ul>\n<li class=\"ql-align-justify\">Sistema de gesti\u00f3n y grabaci\u00f3n de v\u00eddeo completo que utiliza los componentes y servicios clave de BVMS y Video Recording Manager. Este modo permite utilizar funciones avanzadas de gesti\u00f3n de v\u00eddeo, como la gesti\u00f3n de alarmas y eventos. Incluye licencia b\u00e1sica con 8 canales de c\u00e1mara. Se puede ampliar el sistema hasta 32 canales con una licencia MBV-BPLU-DIP y hasta 256 canales con licencias de 1 canal adicionales (MBV-1CHAN-DIP).<\/li>\n<\/ul>\n<p class=\"ql-align-justify\">Los flujos de v\u00eddeo grabados deben configurarse de forma que no se supere el ancho de banda m\u00e1ximo del sistema (sistema b\u00e1sico BVMS\/ Video Recording Manager m\u00e1s las ampliaciones de almacenamiento iSCSI).<\/p>\n<ul>\n<li class=\"ql-align-justify\">Sistema de grabaci\u00f3n de v\u00eddeo simple que utiliza los componentes y servicios clave de Video Recording Manager. En este modo, 64 canales de grabaci\u00f3n de c\u00e1mara del Video Recording Manager ya disponen de licencias previas. Se puede ampliar el sistema hasta 256 canales con las licencias de canal de Video Recording Manager que aparecen en la informaci\u00f3n del pedido.<\/li>\n<\/ul>\n<p class=\"ql-align-justify\">Las secuencias de v\u00eddeo grabadas deben configurarse de forma que no se supere el ancho de banda m\u00e1ximo del sistema (sistema b\u00e1sico BVMS\/Video Recording Manager m\u00e1s las expansiones de almacenamiento iSCSI).<\/p>\n<ul>\n<li class=\"ql-align-justify\">Ampliaci\u00f3n de almacenamiento iSCSI para un sistema BVMS o Video Recording Manager que se ejecuta en un hardware diferente. Se pueden a\u00f1adir hasta cuatro de estas ampliaciones de almacenamiento iSCSI a un sistema BVMS o Video Recording Manager que se ejecuta en una unidad DIVAR IP all-in-one 7000.<\/li>\n<\/ul>\n<p>&nbsp;<\/p>\n<\/div>\n<\/div>\n<hr class=\"padding-bottom-2x\" \/>\n<div class=\"row align-items-center padding-bottom-2x\">\n<div class=\"col-md-5\"><img decoding=\"async\" class=\"d-block m-auto img-thumbnail\" src=\"https:\/\/tvc.mx\/media\/122346\/DIP-7284-8HDcfg8.png\" alt=\" \" \/><\/div>\n<div class=\"col-md-7 text-md-left text-center\">\n<h2>Caracter\u00edsticas y Especificaciones<\/h2>\n<p class=\"text-muted\">\n<p><strong>Nota: DIP-7284-8HD Dispositivo de gesti\u00f3n 2U 8X4TB<\/strong><\/p>\n<p><strong>Soluci\u00f3n de grabaci\u00f3n, visualizaci\u00f3n y gesti\u00f3n todo en uno para sistemas de vigilancia en red. Con capacidad de almacenamiento de 8 x 4 TB.<\/strong><\/p>\n<p><strong>N\u00famero de pedido: DIP-7284-8HD<\/strong><\/p>\n<p><strong>Principales Caracter\u00edsticas<\/strong><\/p>\n<ul>\n<li>Soluci\u00f3n de gesti\u00f3n de v\u00eddeo todo en uno con protecci\u00f3n RAID-5 (configuraci\u00f3n est\u00e1ndar) para un m\u00e1ximo de 256 canales<\/li>\n<li>Soluci\u00f3n de gesti\u00f3n de v\u00eddeo IP lista para usar con una capacidad de almacenamiento de 96 TB<\/li>\n<li>Acceso inmediato a lo que se est\u00e1 buscando<\/li>\n<li>Gesti\u00f3n avanzada de alarmas y usuarios<\/li>\n<li>Garant\u00eda de 3 a\u00f1os que incluye asistencia al siguiente d\u00eda laborable<\/li>\n<\/ul>\n<p><strong>Especificaciones<\/strong><\/p>\n<p><strong>El\u00e9ctricas<\/strong><\/p>\n<ul>\n<li>Tensi\u00f3n de entrada de CA De 100 a 240 V\/50 a 60 Hz<\/li>\n<\/ul>\n<p><strong>Entrada el\u00e9ctrica de 140 VCA<\/strong><\/p>\n<ul>\n<li>Corriente de entrada 2,4 A<\/li>\n<li>Potencia de salida real desde fuente de alimentaci\u00f3n 305,6 W<\/li>\n<li>Eficiencia de alimentaci\u00f3n 92%<\/li>\n<li>Consumo de energ\u00eda* 332,2 W BTU\/h totales 1133.9<\/li>\n<li>Factor de alimentaci\u00f3n 0.98<\/li>\n<li>Requisito de VA de entrada de CA del sistema 339,0 VA<\/li>\n<\/ul>\n<p><strong>Entrada el\u00e9ctrica de 240 VCA<\/strong><\/p>\n<ul>\n<li>Corriente de entrada 1,4 A<\/li>\n<li>Potencia de salida real desde fuente de alimentaci\u00f3n 305,6 W<\/li>\n<li>Eficiencia de alimentaci\u00f3n 94%<\/li>\n<li>Consumo de energ\u00eda* 325,1 W BTU\/h totales 1109.7<\/li>\n<li>Factor de alimentaci\u00f3n 0.96<\/li>\n<li>Requisito de VA de entrada de CA del sistema 338,7 VA<\/li>\n<\/ul>\n<p><strong>Mec\u00e1nicas<\/strong><\/p>\n<ul>\n<li>Factor de forma Montaje en rack 2HU<\/li>\n<li>Fuente de alimentaci\u00f3n 740 W redundante de nivel Platinum<\/li>\n<li>Puertos USB Parte frontal: 2 puertos USB 2.0 Parte trasera: 2 puertos USB 2.0, 2 puertos USB 3.0 Red LAN<\/li>\n<li>Gigabit Intel i210AT doble (asociada) 1 puerto IPMI BMC<\/li>\n<li>Dimensiones (Al. x An. x Pr.) 89 x 437 x 648 mm (3,5 x 17,2 x 25,5 pulg.)<\/li>\n<li>Peso 23,6 kg (52 libras)<\/li>\n<\/ul>\n<p><strong>Ambientales<\/strong><\/p>\n<ul>\n<li>Temperatura de funcionamiento: De +10 \u00b0C a +35 \u00b0C (de +50 \u00b0F a +95 \u00b0F)<\/li>\n<li>Temperatura de almacenamiento: De -40 \u00b0C a +70 \u00b0C (de -40 \u00b0F a +158 \u00b0F)<\/li>\n<li>Humedad relativa de funcionamiento: Del 8 al 90% (sin condensaci\u00f3n)<\/li>\n<li>Humedad relativa de almacenamiento: De 5 al 95% (sin condensaci\u00f3n)<\/li>\n<\/ul>\n<p><strong>Procesador<\/strong><\/p>\n<ul>\n<li>Procesador Procesador Intel Xeon E3-1275 V3 (8 MB de cach\u00e9, 3,5 GHz)<\/li>\n<li>Z\u00f3calo 1<\/li>\n<li>Memoria cach\u00e9 Cach\u00e9 inteligente Intel de 8 MB<\/li>\n<li>Protecci\u00f3n de memoria Memoria sin b\u00fafer ECC<\/li>\n<li>Bus frontal m\u00e1x. 1600 MHz<\/li>\n<li>Memoria Memoria instalada UNB DDR3-1666 ECC de 8 GB (1 x 8 GB)<\/li>\n<\/ul>\n<p><strong>Almacenamiento<\/strong><\/p>\n<ul>\n<li>Tipo de almacenamiento 8 bandejas: SATA de 3,5 pulg.<\/li>\n<\/ul>\n<p><strong>Discos duros instalados<\/strong><\/p>\n<ul>\n<li>Datos SATA-3, 7200 RPM, 64 MB, 3,5 pulg., configuraci\u00f3n RAID-5 (predeterminada)<\/li>\n<li>DIP-7284-8HD: 8 x 4 TB<\/li>\n<li>DIP-7288-8HD: 8 x 8 TB<\/li>\n<li>DIP-728C-8HD: 8 x 12 TB<\/li>\n<li>DIP-7280-00N: sin disco duro<\/li>\n<\/ul>\n<\/div>\n<\/div>\n","protected":false},"excerpt":{"rendered":"<p>DIP-7284-8HD Dispositivo de gesti\u00f3n 2U 8X4TB &nbsp; Resumen del sistema La familia DIVAR IP all-in-one 7000 es una soluci\u00f3n asequible, simple y fiable, todo en uno de grabaci\u00f3n, visualizaci\u00f3n y gesti\u00f3n para sistemas de vigilancia de red de hasta 256 canales (con 8 canales prelicenciados).&hellip;<\/p>\n","protected":false},"featured_media":7741,"comment_status":"open","ping_status":"closed","template":"","meta":{"om_disable_all_campaigns":false,"_monsterinsights_skip_tracking":false,"_monsterinsights_sitenote_active":false,"_monsterinsights_sitenote_note":"","_monsterinsights_sitenote_category":0},"product_brand":[],"product_cat":[707],"product_tag":[613,611,612,616,615,610,614,617],"class_list":{"0":"post-7742","1":"product","2":"type-product","3":"status-publish","4":"has-post-thumbnail","6":"product_cat-servidores-y-software-de-videovigilancia-bosch-video-vigilancia","7":"product_tag-bosch","8":"product_tag-manhattan","9":"product_tag-saxxon","10":"product_tag-surveon","11":"product_tag-utepo","12":"product_tag-videovigilancia","13":"product_tag-vivotek","14":"product_tag-zteco","16":"first","17":"instock","18":"sale","19":"taxable","20":"shipping-taxable","21":"purchasable","22":"product-type-simple"},"aioseo_notices":[],"_links":{"self":[{"href":"https:\/\/tecsecmty.com\/index.php\/wp-json\/wp\/v2\/product\/7742","targetHints":{"allow":["GET"]}}],"collection":[{"href":"https:\/\/tecsecmty.com\/index.php\/wp-json\/wp\/v2\/product"}],"about":[{"href":"https:\/\/tecsecmty.com\/index.php\/wp-json\/wp\/v2\/types\/product"}],"replies":[{"embeddable":true,"href":"https:\/\/tecsecmty.com\/index.php\/wp-json\/wp\/v2\/comments?post=7742"}],"version-history":[{"count":0,"href":"https:\/\/tecsecmty.com\/index.php\/wp-json\/wp\/v2\/product\/7742\/revisions"}],"wp:featuredmedia":[{"embeddable":true,"href":"https:\/\/tecsecmty.com\/index.php\/wp-json\/wp\/v2\/media\/7741"}],"wp:attachment":[{"href":"https:\/\/tecsecmty.com\/index.php\/wp-json\/wp\/v2\/media?parent=7742"}],"wp:term":[{"taxonomy":"product_brand","embeddable":true,"href":"https:\/\/tecsecmty.com\/index.php\/wp-json\/wp\/v2\/product_brand?post=7742"},{"taxonomy":"product_cat","embeddable":true,"href":"https:\/\/tecsecmty.com\/index.php\/wp-json\/wp\/v2\/product_cat?post=7742"},{"taxonomy":"product_tag","embeddable":true,"href":"https:\/\/tecsecmty.com\/index.php\/wp-json\/wp\/v2\/product_tag?post=7742"}],"curies":[{"name":"wp","href":"https:\/\/api.w.org\/{rel}","templated":true}]}}