{"id":7748,"date":"2023-02-23T16:18:25","date_gmt":"2023-02-23T22:18:25","guid":{"rendered":"https:\/\/tecsecmty.com\/index.php\/producto\/bosch-v_dip73gc16hd-dispositivo-de-gestion-3u-16x12tb-3a-generacion\/"},"modified":"2023-03-22T23:21:47","modified_gmt":"2023-03-23T05:21:47","slug":"bosch-v_dip73gc16hd-dispositivo-de-gestion-3u-16x12tb-3a-generacion","status":"publish","type":"product","link":"https:\/\/tecsecmty.com\/index.php\/producto\/bosch-v_dip73gc16hd-dispositivo-de-gestion-3u-16x12tb-3a-generacion\/","title":{"rendered":"BOSCH V_DIP73GC16HD &#8211; Dispositivo de gesti\u00f3n 3U 16X12TB 3\u00aa generaci\u00f3n"},"content":{"rendered":"<div class=\"row aling-items-center padding-bottom-2x\">\n<div class=\"col-lg-12\">\n<h5 class=\"card-title text-center\">DIP73G816HD- Dispositivo de gesti\u00f3n 3U 16X12TB 3\u00aaGen<\/h5>\n<p>La familia DIVAR\u00a0IP\u00a0all-in-one\u00a07000 es una soluci\u00f3n asequible, simple y fiable, todo en uno de grabaci\u00f3n, visualizaci\u00f3n y gesti\u00f3n para sistemas de vigilancia de red de hasta 256 canales (con 8 canales prelicenciados). El modelo DIVAR\u00a0IP\u00a0all-in-one\u00a07000\u00a03U es una unidad con montaje en rack 3HU que combina gesti\u00f3n avanzada y gesti\u00f3n de grabaciones de vanguardia en un \u00fanico dispositivo de grabaci\u00f3n IP Plug and Play rentable dise\u00f1ado para clientes que buscan soluciones de TI.<\/p>\n<h6><strong>*Este modelo incluye 16 discos duros de 12TB c\/u<\/strong><\/h6>\n<p><img decoding=\"async\" class=\"overview-center-img-web\" src=\"https:\/\/tvc.mx\/media\/298015\/BANNER-CCTV-BOSCH-TVCENLINEA-1.png\" alt=\"\" \/><\/div>\n<\/div>\n<div class=\"row align-items-center padding-bottom-2x\">\n<div class=\"col-md-5 order-md-2\"><img decoding=\"async\" class=\"d-block m-auto img-thumbnail\" src=\"https:\/\/tvc.mx\/media\/298023\/BOSCH-V-DIP73G816HD-Dispositivo-de-gesti%C3%B3n-3U-16X12TB-3%C2%AA-generaci%C3%B3n-DIP-73GC-16HD-1.png\" alt=\" \" \/><\/div>\n<div class=\"col-md-7 order-md-1 text-md-left text-center\">\n<h2>DIP-73GC-16HD DIVAR IP all-in-one 7000 3U<\/h2>\n<p class=\"text-muted\">\n<ul>\n<li>Soluci\u00f3n de gesti\u00f3n de v\u00eddeo todo en uno con protecci\u00f3n RAID-5 (configuraci\u00f3n est\u00e1ndar) para un m\u00e1ximo de 256\u00a0canales.<\/li>\n<li>Soluci\u00f3n de gesti\u00f3n de v\u00eddeo IP lista para usar con una capacidad de almacenamiento de 192\u00a0TB.<\/li>\n<li>Acceso inmediato a lo que se est\u00e1 buscando.<\/li>\n<li>Gesti\u00f3n avanzada de alarmas y usuarios u Garant\u00eda de 3 a\u00f1os sobre hardware que incluye asistencia al siguiente d\u00eda laborable.<\/li>\n<\/ul>\n<p>&nbsp;<\/p>\n<\/div>\n<\/div>\n<hr class=\"padding-bottom-2x\" \/>\n<div class=\"row align-items-center padding-bottom-2x\">\n<div class=\"col-md-5\"><img decoding=\"async\" class=\"d-block m-auto img-thumbnail\" src=\"https:\/\/tvc.mx\/media\/298019\/BOSCH-V-DIP73G816HD-Dispositivo-de-gesti%C3%B3n-3U-16X12TB-3%C2%AA-generaci%C3%B3n-DIP-73GC-16HD.png\" alt=\" \" \/><\/div>\n<div class=\"col-md-7 text-md-left text-center\">\n<h2>Descripci\u00f3n del sistema<\/h2>\n<p class=\"text-muted\">\n<p>La familia DIVAR\u00a0IP\u00a0all-in-one\u00a07000 utiliza un dise\u00f1o integrado con uso eficiente de la energ\u00eda que reduce los posibles puntos de fallo y ofrece la calidad total de Bosch. El uso de discos duros de altas prestaciones en configuraci\u00f3n RAID-5 con tolerancia a fallos, interfaz de red Gigabit Ethernet de dos puertos, memoria del sistema de 16 GB y un procesador Intel Xeon Hexa Core permite al dispositivo proporcionar un rendimiento de gama alta a un precio muy razonable. El sistema, f\u00e1cil de instalar y usar, se puede configurar con un asistente y dispone de configuraci\u00f3n centralizada. El sistema DIVAR\u00a0IP\u00a0all-in-one\u00a07000 est\u00e1 listo para empezar a grabar desde el primer momento, solo tiene que conectarlo a la red y encenderlo. BVMS gestiona enteramente todos los sistemas de audio y v\u00eddeo digitales e IP, adem\u00e1s de todos los datos de seguridad que se transmiten a trav\u00e9s de su red IP. Combina perfectamente c\u00e1maras IP y codificadores, proporciona gesti\u00f3n de alarmas y eventos del sistema, control del estado del sistema y gesti\u00f3n de prioridad y usuario.<\/p>\n<p>&nbsp;<\/p>\n<\/div>\n<\/div>\n<hr class=\"padding-bottom-2x\" \/>\n<div class=\"row align-items-center padding-bottom-2x\">\n<div class=\"col-md-5 order-md-2\"><img decoding=\"async\" class=\"d-block m-auto img-thumbnail\" src=\"https:\/\/tvc.mx\/media\/298031\/BOSCH-V-DIP73G816HD-Dispositivo-de-gesti%C3%B3n-3U-16X12TB-3%C2%AA-generaci%C3%B3n-DIP-73GC-16HD-4-%281%29.png\" alt=\" \" \/><\/div>\n<div class=\"col-md-7 order-md-1 text-md-left text-center\">\n<h2>Funciones<\/h2>\n<p class=\"text-muted\">\n<p>Las unidades DIVAR\u00a0IP\u00a0all-in-one\u00a07000\u00a03U disponen de fuentes de alimentaci\u00f3n intercambiables en caliente y redundantes de alta eficiencia energ\u00e9tica, as\u00ed como de discos duros SATA-3 intercambiables en la parte delantera, que proporcionan hasta 192\u00a0TB de capacidad de almacenamiento bruta. Las unidades DIVAR\u00a0IP\u00a0all-in-one\u00a07000\u00a03U utilizan Microsoft Windows Server IoT 2019 for Storage Standard.<\/p>\n<p><strong>Acceso inmediato en tiempo real a v\u00eddeo<\/strong><\/p>\n<p>Disfrute de v\u00eddeo HD de alta calidad e incluso de v\u00eddeo UHD aunque la conexi\u00f3n tenga un ancho de banda bajo o limitado. La tecnolog\u00eda Dynamic\u00a0Transcoding garantiza que puede ver sus v\u00eddeos de inmediato, en cualquier momento y en cualquier lugar. El transcodificador integrado admite hasta 2 flujos de v\u00eddeo de resoluci\u00f3n UHD en paralelo.<\/p>\n<p><strong>Gesti\u00f3n<\/strong><\/p>\n<p>DIVAR IP Software Center proporciona una interfaz de usuario central para la configuraci\u00f3n del software, la selecci\u00f3n del modo de actualizaci\u00f3n y funcionamiento, lo que reduce los requisitos de instalaci\u00f3n y formaci\u00f3n y mantiene bajos los costes de gesti\u00f3n del sistema.<\/p>\n<p><strong>Visualizaci\u00f3n remota<\/strong><\/p>\n<p>Para la visualizaci\u00f3n remota de un solo sistema DIVAR\u00a0IP\u00a0all-in-one\u00a07000, se incluye BVMS Operator Client. Si tiene varios sistemas, agr\u00e9guelos a BVMS Enterprise Management Server. Tambi\u00e9n puede utilizar Video\u00a0Security\u00a0Client para la visualizaci\u00f3n de v\u00eddeo en una estaci\u00f3n de trabajo independiente o un dispositivo m\u00f3vil.<\/p>\n<p><strong>Gesti\u00f3n de TI<\/strong><\/p>\n<p>Microsoft Windows Server IoT 2019 for Storage Standard proporciona una interfaz de usuario sencilla e intuitiva para configurar el sistema y gestionar el dispositivo de forma unificada. Los administradores y profesionales de TI apreciar\u00e1n la capacidad de gestionar los sistemas DIVAR\u00a0IP\u00a0all-in-one\u00a07000 utilizando la aplicaci\u00f3n Microsoft Windows Admin Center integrada. La capacidad de utilizar una herramienta central para configurar y gestionar operaciones reduce los requisitos de instalaci\u00f3n y formaci\u00f3n, y ayuda a mantener unos costes bajos para la gesti\u00f3n del sistema. Adem\u00e1s, el sistema DIVAR\u00a0IP\u00a0all-in-one\u00a07000 ofrece opciones avanzadas de gesti\u00f3n y control a trav\u00e9s de Intelligent Platform Management Interface (IPMI).<\/p>\n<p><strong>Control<\/strong><\/p>\n<p>La familia DIVAR\u00a0IP\u00a0all-in-one\u00a07000 proporciona compatibilidad con SNMP, escritorio remoto y control HTTP para el hardware del sistema y para las aplicaciones de gesti\u00f3n de v\u00eddeo. La mayor fiabilidad del hardware de alta disponibilidad, el dise\u00f1o integrado y el control y la gesti\u00f3n de todo el sistema garantizan el m\u00e1ximo tiempo de funcionamiento.<\/p>\n<\/div>\n<\/div>\n","protected":false},"excerpt":{"rendered":"<p>DIP73G816HD- Dispositivo de gesti\u00f3n 3U 16X12TB 3\u00aaGen La familia DIVAR\u00a0IP\u00a0all-in-one\u00a07000 es una soluci\u00f3n asequible, simple y fiable, todo en uno de grabaci\u00f3n, visualizaci\u00f3n y gesti\u00f3n para sistemas de vigilancia de red de hasta 256 canales (con 8 canales prelicenciados). El modelo DIVAR\u00a0IP\u00a0all-in-one\u00a07000\u00a03U es una unidad&hellip;<\/p>\n","protected":false},"featured_media":7747,"comment_status":"open","ping_status":"closed","template":"","meta":{"om_disable_all_campaigns":false,"_monsterinsights_skip_tracking":false,"_monsterinsights_sitenote_active":false,"_monsterinsights_sitenote_note":"","_monsterinsights_sitenote_category":0},"product_brand":[],"product_cat":[707],"product_tag":[613,611,612,616,615,610,614,617],"class_list":{"0":"post-7748","1":"product","2":"type-product","3":"status-publish","4":"has-post-thumbnail","6":"product_cat-servidores-y-software-de-videovigilancia-bosch-video-vigilancia","7":"product_tag-bosch","8":"product_tag-manhattan","9":"product_tag-saxxon","10":"product_tag-surveon","11":"product_tag-utepo","12":"product_tag-videovigilancia","13":"product_tag-vivotek","14":"product_tag-zteco","16":"first","17":"instock","18":"sale","19":"taxable","20":"shipping-taxable","21":"purchasable","22":"product-type-simple"},"aioseo_notices":[],"_links":{"self":[{"href":"https:\/\/tecsecmty.com\/index.php\/wp-json\/wp\/v2\/product\/7748","targetHints":{"allow":["GET"]}}],"collection":[{"href":"https:\/\/tecsecmty.com\/index.php\/wp-json\/wp\/v2\/product"}],"about":[{"href":"https:\/\/tecsecmty.com\/index.php\/wp-json\/wp\/v2\/types\/product"}],"replies":[{"embeddable":true,"href":"https:\/\/tecsecmty.com\/index.php\/wp-json\/wp\/v2\/comments?post=7748"}],"version-history":[{"count":0,"href":"https:\/\/tecsecmty.com\/index.php\/wp-json\/wp\/v2\/product\/7748\/revisions"}],"wp:featuredmedia":[{"embeddable":true,"href":"https:\/\/tecsecmty.com\/index.php\/wp-json\/wp\/v2\/media\/7747"}],"wp:attachment":[{"href":"https:\/\/tecsecmty.com\/index.php\/wp-json\/wp\/v2\/media?parent=7748"}],"wp:term":[{"taxonomy":"product_brand","embeddable":true,"href":"https:\/\/tecsecmty.com\/index.php\/wp-json\/wp\/v2\/product_brand?post=7748"},{"taxonomy":"product_cat","embeddable":true,"href":"https:\/\/tecsecmty.com\/index.php\/wp-json\/wp\/v2\/product_cat?post=7748"},{"taxonomy":"product_tag","embeddable":true,"href":"https:\/\/tecsecmty.com\/index.php\/wp-json\/wp\/v2\/product_tag?post=7748"}],"curies":[{"name":"wp","href":"https:\/\/api.w.org\/{rel}","templated":true}]}}