{"id":7750,"date":"2023-02-23T16:18:29","date_gmt":"2023-02-23T22:18:29","guid":{"rendered":"https:\/\/tecsecmty.com\/index.php\/producto\/bosch-v_dlaxvrm032-licencia-de-actualiacion-para-aio-de-32-camaras\/"},"modified":"2023-03-22T23:21:47","modified_gmt":"2023-03-23T05:21:47","slug":"bosch-v_dlaxvrm032-licencia-de-actualiacion-para-aio-de-32-camaras","status":"publish","type":"product","link":"https:\/\/tecsecmty.com\/index.php\/producto\/bosch-v_dlaxvrm032-licencia-de-actualiacion-para-aio-de-32-camaras\/","title":{"rendered":"BOSCH V_DLAXVRM032-LICENCIA DE ACTUALIACION PARA AIO DE 32 CAMARAS"},"content":{"rendered":"<h5 class=\"card-title text-center\">DLA-AIOU0 Dispositivo de Almacenamiento de V\u00eddeo IP Serie 1200<\/h5>\n<p class=\"ql-align-justify\"><strong>El dispositivo de almacenamiento de v\u00eddeo IP Serie 1200 es una soluci\u00f3n de gesti\u00f3n de grabaci\u00f3n \u00abtodo en uno\u00bb, sencilla y fiable para sistemas de vigilancia en red de hasta 32 c\u00e1maras.<\/strong>\u00a0Con tecnolog\u00eda de software Bosch VRM (Video Recording Manager), la serie 1200 es un dispositivo de almacenamiento IP inteligente que elimina la necesidad de hardware de almacenamiento y servidor NVR (Network Video Recorder), reduciendo el coste total de propiedad en hasta un 45%.<\/p>\n<p class=\"ql-align-justify\"><strong>Resumen del sistema<\/strong><\/p>\n<p class=\"ql-align-justify\">El dispositivo de almacenamiento de v\u00eddeo IP Serie 1200 utiliza un dise\u00f1o integrado con uso eficiente de la energ\u00eda que reduce los posibles puntos de fallo y ofrece la calidad total Bosch.\u00a0<strong>El uso de discos duros de nivel de vigilancia, interfaces de red Gigabit Ethernet redundantes, memoria del sistema de 4 GB y un procesador Intel\u00ae Pentium de doble n\u00facleo permite al DLA Serie 1200 proporcionar un rendimiento de gama alta a un precio muy razonable.\u00a0<\/strong>El DLA Serie 1200 es f\u00e1cil de instalar y dispone de una instalaci\u00f3n mediante asistente y una configuraci\u00f3n centralizada que reduce los tiempos de instalaci\u00f3n en hasta un 50%. Todos los componentes se encuentran preinstalados y preconfigurados. La serie 1200 es f\u00e1cil de conectar a la red y de encender, por lo que est\u00e1 preparada para comenzar a grabar de forma inmediata.<\/p>\n<p class=\"ql-align-justify\"><strong>Para crear una soluci\u00f3n de gesti\u00f3n de v\u00eddeo completa, s\u00f3lo hay que a\u00f1adir Bosch Video Client o Bosch Video Management System (VMS): Bosch VMS Lite para hasta 64 c\u00e1maras.<\/strong>\u00a0La adici\u00f3n de Bosch Video Management System o del software Bosch Video Client convierte la serie 1200 en una soluci\u00f3n de v\u00eddeo IP de gran escalabilidad. Bosch Video Management System (VMS) gestiona enteramente todos sus sistemas de audio y v\u00eddeo digitales e IP, adem\u00e1s de todos los datos de seguridad que se transmiten a trav\u00e9s de su red IP. Bosch VMS combina perfectamente c\u00e1maras IP y codificadores, proporciona gesti\u00f3n de alarmas y eventos del sistema, control del estado del sistema y gesti\u00f3n de prioridad y usuario. Bosch Video Client se puede utilizar solo como cliente de reproducci\u00f3n o para crear una b\u00e1sica soluci\u00f3n de gesti\u00f3n de v\u00eddeo completa para hasta 64 canales.<\/p>\n<p class=\"ql-align-justify\"><strong>Funciones b\u00e1sicas<\/strong><\/p>\n<p class=\"ql-align-justify\"><strong>El funcionamiento silencioso de la serie 1200 ofrece un sistema de placa base de clase servidor de un socket y discos duros SATA II reemplazables en campo que proporcionan 4 TB de capacidad de almacenamiento bruto.\u00a0<\/strong>Todo el software del sistema est\u00e1 preinstalado y preactivado, lo que lo convierte en un dispositivo de grabaci\u00f3n listo para usar.\u00a0<strong>El DLA Serie 1200 utiliza Microsoft Windows Storage Server 2008. Windows Storage Server es una plataforma de sistema operativo probada que se ha optimizado espec\u00edficamente para aplicaciones de almacenamiento.\u00a0<\/strong>La implementaci\u00f3n de iSCSI de Microsoft es una referencia en el sector.\u00a0<strong>Ofrece la m\u00e1xima calidad y fiabilidad posibles y es una tecnolog\u00eda demostrada instalada en millones de servidores de todo el mundo.<\/strong><\/p>\n<p class=\"ql-align-justify\"><strong>Esta pr\u00f3xima generaci\u00f3n de Windows Storage Server se centra en proporcionar una plataforma segura:<\/strong><\/p>\n<ul>\n<li class=\"ql-align-justify\">Plataforma reforzada con una reducci\u00f3n de capas de alto riesgo.<\/li>\n<li class=\"ql-align-justify\">Previene la actividad an\u00f3mala en el sistema de archivos y registro.<\/li>\n<li class=\"ql-align-justify\">Plataforma redise\u00f1ada para reducir la corrupci\u00f3n y la p\u00e9rdida de integridad del sistema.<\/li>\n<li class=\"ql-align-justify\">Windows Service Hardening.<\/li>\n<li class=\"ql-align-justify\">Firewall de Windows con seguridad avanzada.<\/li>\n<li class=\"ql-align-justify\">Pila TCP\/IP mejorada.<\/li>\n<\/ul>\n<p class=\"ql-align-justify\"><strong>Windows Storage Server es un sistema operativo dedicado para almacenamiento que dispone de una superficie de exposici\u00f3n a ataques reducida significativamente con respecto a un servidor Windows normal.<\/strong>\u00a0No ejecuta ninguna aplicaci\u00f3n expuesta como correo electr\u00f3nico, navegador o reproductor multimedia y cuenta con un conjunto reducido de servicios.<\/p>\n<p class=\"ql-align-justify\"><strong>Gesti\u00f3n<\/strong><\/p>\n<p class=\"ql-align-justify\"><strong>Microsoft Windows Storage Server 2008 proporciona una interfaz de usuario sencilla e intuitiva para configurar el sistema y gestionar el dispositivo de almacenamiento unificado.<\/strong>\u00a0Los administradores y profesionales de TI apreciar\u00e1n la capacidad de gestionar la serie 1200 de Bosch utilizando la aplicaci\u00f3n Microsoft System Center Suite integrada. La capacidad de utilizar una herramienta central para configurar y gestionar operaciones reduce los requisitos de instalaci\u00f3n y formaci\u00f3n, y ayuda a mantener unos costes bajos de la gesti\u00f3n del sistema.<\/p>\n<p class=\"ql-align-justify\"><strong>Control<\/strong><\/p>\n<p class=\"ql-align-justify\"><strong>La serie 1200 proporciona compatibilidad SNMP, compatibilidad con escritorio remoto y compatibilidad con control HTTP para la aplicaci\u00f3n de gesti\u00f3n de grabaci\u00f3n VRM de Bosch y el hardware del sistema.\u00a0<\/strong>La mayor fiabilidad de hardware de alta disponibilidad, el dise\u00f1o integrado, el control y la gesti\u00f3n de todo el sistema garantizan el m\u00e1ximo tiempo de funcionamiento.<\/p>\n<p class=\"ql-align-justify\"><strong>Calidad Bosch<\/strong><\/p>\n<p class=\"ql-align-justify\"><strong>Bosch somete todos sus productos a las pruebas de calidad m\u00e1s completas y rigurosas del sector.<\/strong>\u00a0Nuestros productos de grabaci\u00f3n se someten a temperaturas, tensiones y vibraciones extremas para determinar l\u00edmites de funcionamiento reales y garantizar a\u00f1os de funcionamiento fiable. Bosch respalda firmemente cada uno de los productos que vende con una garant\u00eda completa de 3 a\u00f1os respaldada por su servicio t\u00e9cnico.<\/p>\n<p class=\"ql-align-justify\"><strong>Certificados y homologaciones<\/strong><\/p>\n<ul>\n<li class=\"ql-align-justify\">Regi\u00f3n Certificaci\u00f3n Europa CE DLA-AIOxxx.<\/li>\n<li class=\"ql-align-justify\">EE.UU. UL DLA-AIOU0 1200 Series.<\/li>\n<\/ul>\n<p class=\"ql-align-justify\"><strong>Planificaci\u00f3n<\/strong><\/p>\n<p class=\"ql-align-justify\">La serie 1200 viene preconfigurada con una configuraci\u00f3n est\u00e1ndar JBOD de 1 LUN por disco duro y ofrece las especificaciones siguientes:<\/p>\n<ul>\n<li class=\"ql-align-justify\">Capacidad bruta: 4 x 1 TB.<\/li>\n<li class=\"ql-align-justify\">Capacidad neta: 3624 GB.<\/li>\n<li class=\"ql-align-justify\">Ancho de banda: 150 Mbit\/s.<\/li>\n<li class=\"ql-align-justify\">Sesiones iSCSI: 32+\u00a0.<\/li>\n<\/ul>\n<p class=\"ql-align-justify\"><strong>Notas:<\/strong><\/p>\n<ul>\n<li class=\"ql-align-justify\"><strong>La serie 1200 es una soluci\u00f3n de grabaci\u00f3n todo en uno que no incluye ninguna gesti\u00f3n de v\u00eddeo ni ninguna aplicaci\u00f3n de visualizaci\u00f3n. La gesti\u00f3n de v\u00eddeo o el software de visualizaci\u00f3n se deben instalar en un hardware separado.<\/strong><\/li>\n<li class=\"ql-align-justify\"><strong>Bosch no se hace responsable de fallos del sistema de unidades DLA de la serie 1200 sin discos duros internos (disponibles s\u00f3lo en la regi\u00f3n Asia-Pac\u00edfico).<\/strong><\/li>\n<\/ul>\n<p class=\"ql-align-justify\"><strong>Piezas incluidas<\/strong><\/p>\n<p class=\"ql-align-justify\"><strong>Procesador<\/strong><\/p>\n<ul>\n<li class=\"ql-align-justify\">Procesador Intel\u00ae Pentium G6950 de doble n\u00facleo (cach\u00e9 3M, 2,8 GHz).<\/li>\n<li class=\"ql-align-justify\">Socket 1.<\/li>\n<li class=\"ql-align-justify\">Memoria cach\u00e9 Cach\u00e9 de Nivel 2, 1 x 3 MB 2.<\/li>\n<li class=\"ql-align-justify\">Protecci\u00f3n de memoria Memoria sin b\u00fafer ECC.<\/li>\n<li class=\"ql-align-justify\">Bus lateral frontal m\u00e1x. 1333 MHz.<\/li>\n<\/ul>\n<p class=\"ql-align-justify\"><strong>Memoria<\/strong><\/p>\n<ul>\n<li class=\"ql-align-justify\">Memoria instalada UNB DDR3-1333 ECC de 4 GB (2 x 2 GB).<\/li>\n<\/ul>\n<p class=\"ql-align-justify\"><strong>Almacenamiento<\/strong><\/p>\n<ul>\n<li class=\"ql-align-justify\">Tipo de almacenamiento 4 bandejas: SATA de 3,5 pulg..<\/li>\n<li class=\"ql-align-justify\">Discos duros instalados 4 TB, WD 1,0 TB, 7.200 RPM, 32 M, 3,5 pulg.<\/li>\n<li class=\"ql-align-justify\">Controlador de almacenamiento RAID SATA integrada.<\/li>\n<\/ul>\n<p class=\"ql-align-justify\"><strong>Nota: DLA-XVRM-032<\/strong><\/p>\n<p class=\"ql-align-justify\"><strong>Licencia de actualizaci\u00f3n AIO para 32 c\u00e1maras (licencia electr\u00f3nica).<\/strong><\/p>\n<p class=\"ql-align-justify\"><strong>N\u00famero de pedido: DLA-XVRM-032.<\/strong><\/p>\n<p class=\"ql-align-justify\"><strong>Principales\u00a0<\/strong><strong>caracter\u00edsticas<\/strong><\/p>\n<ul>\n<li class=\"ql-align-justify\">Soluci\u00f3n de grabaci\u00f3n \u00abtodo en uno\u00bb para hasta 32 canales.<\/li>\n<li class=\"ql-align-justify\">Soluci\u00f3n de almacenamiento IP preinstalada y preconfigurada con una capacidad de almacenamiento de 4 TB (4 x 1 TB).<\/li>\n<li class=\"ql-align-justify\">El sistema operativo de almacenamiento dedicado proporciona un funcionamiento fiable y seguro.<\/li>\n<li class=\"ql-align-justify\">Unidades de disco duro reemplazables in situ.<\/li>\n<li class=\"ql-align-justify\">Control remoto mediante aplicaci\u00f3n de escritorio o navegador.<\/li>\n<\/ul>\n<p class=\"ql-align-justify\"><strong>Especificaciones<\/strong><\/p>\n<p class=\"ql-align-justify\"><strong>El\u00e9ctricas<\/strong><\/p>\n<ul>\n<li class=\"ql-align-justify\">Entrada de 120 VCA Vataje de salida real desde fuente de alimentaci\u00f3n 170,52 W.<\/li>\n<li class=\"ql-align-justify\">Eficacia de alimentaci\u00f3n 85%.<\/li>\n<li class=\"ql-align-justify\">Consumo de potencia total del sistema 200,61 W BTU\/h totales 684,70.<\/li>\n<li class=\"ql-align-justify\">Factor de alimentaci\u00f3n 0,98.<\/li>\n<li class=\"ql-align-justify\">Requisito de VA de entrada CA del sistema 204,71 VA.<\/li>\n<li class=\"ql-align-justify\">Entrada de 240 VCA Vataje de salida real desde fuente de alimentaci\u00f3n 170,52 W.<\/li>\n<li class=\"ql-align-justify\">Eficacia de alimentaci\u00f3n 86% Consumo de potencia total del sistema 198,28 W BTU\/h totales 676,74.<\/li>\n<li class=\"ql-align-justify\">Factor de alimentaci\u00f3n 0,92.<\/li>\n<li class=\"ql-align-justify\">Requisito de VA de entrada CA del sistema 206,54 VA.<\/li>\n<\/ul>\n<p class=\"ql-align-justify\"><strong>Mec\u00e1nicas<\/strong><\/p>\n<ul>\n<li class=\"ql-align-justify\">Formato Torre mediana (731D-300).<\/li>\n<li class=\"ql-align-justify\">Unidad de alimentaci\u00f3n 300 W de gran eficacia.<\/li>\n<li class=\"ql-align-justify\">Puertos USB 2 USB 2.0: 2 en la parte posterior, (1 tipo A incorporado).<\/li>\n<li class=\"ql-align-justify\">Red Gigabit LAN Intel\u00ae 82573 dual.<\/li>\n<li class=\"ql-align-justify\">Dimensiones (Al. x An. x Pr.) 425 x 363 x 183 mm (16,75 x 14,25 x 7,25 pulg.).<\/li>\n<li class=\"ql-align-justify\">Peso 10,8 kg (23,8 libras).<\/li>\n<\/ul>\n<p class=\"ql-align-justify\"><strong>Medioambientales<\/strong><\/p>\n<ul>\n<li class=\"ql-align-justify\">Temperatura de funcionamiento: De +10 \u00b0C a +35 \u00b0C (de +50 \u00b0F a +95 \u00b0F).<\/li>\n<li class=\"ql-align-justify\">Temperatura en reposo: De -40 \u00b0C a +70 \u00b0C (de -40 \u00b0F a +158 \u00b0F).<\/li>\n<li class=\"ql-align-justify\">Humedad relativa de funcionamiento: Del 8 al 90% (sin condensaci\u00f3n).<\/li>\n<li class=\"ql-align-justify\">Humedad relativa sin funcionamiento: Del 5 al 95% (sin condensaci\u00f3n).<\/li>\n<\/ul>\n<p><img decoding=\"async\" class=\"overview-center-img- aligncenter\" src=\"https:\/\/tvc.mx\/media\/15716\/Logoopaginas-oficial.png\" alt=\"\" \/><\/p>\n","protected":false},"excerpt":{"rendered":"<p>DLA-AIOU0 Dispositivo de Almacenamiento de V\u00eddeo IP Serie 1200 El dispositivo de almacenamiento de v\u00eddeo IP Serie 1200 es una soluci\u00f3n de gesti\u00f3n de grabaci\u00f3n \u00abtodo en uno\u00bb, sencilla y fiable para sistemas de vigilancia en red de hasta 32 c\u00e1maras.\u00a0Con tecnolog\u00eda de software Bosch&hellip;<\/p>\n","protected":false},"featured_media":7749,"comment_status":"open","ping_status":"closed","template":"","meta":{"om_disable_all_campaigns":false,"_monsterinsights_skip_tracking":false,"_monsterinsights_sitenote_active":false,"_monsterinsights_sitenote_note":"","_monsterinsights_sitenote_category":0},"product_brand":[],"product_cat":[707],"product_tag":[613,611,612,616,615,610,614,617],"class_list":{"0":"post-7750","1":"product","2":"type-product","3":"status-publish","4":"has-post-thumbnail","6":"product_cat-servidores-y-software-de-videovigilancia-bosch-video-vigilancia","7":"product_tag-bosch","8":"product_tag-manhattan","9":"product_tag-saxxon","10":"product_tag-surveon","11":"product_tag-utepo","12":"product_tag-videovigilancia","13":"product_tag-vivotek","14":"product_tag-zteco","16":"first","17":"instock","18":"sale","19":"taxable","20":"shipping-taxable","21":"purchasable","22":"product-type-simple"},"aioseo_notices":[],"_links":{"self":[{"href":"https:\/\/tecsecmty.com\/index.php\/wp-json\/wp\/v2\/product\/7750","targetHints":{"allow":["GET"]}}],"collection":[{"href":"https:\/\/tecsecmty.com\/index.php\/wp-json\/wp\/v2\/product"}],"about":[{"href":"https:\/\/tecsecmty.com\/index.php\/wp-json\/wp\/v2\/types\/product"}],"replies":[{"embeddable":true,"href":"https:\/\/tecsecmty.com\/index.php\/wp-json\/wp\/v2\/comments?post=7750"}],"version-history":[{"count":0,"href":"https:\/\/tecsecmty.com\/index.php\/wp-json\/wp\/v2\/product\/7750\/revisions"}],"wp:featuredmedia":[{"embeddable":true,"href":"https:\/\/tecsecmty.com\/index.php\/wp-json\/wp\/v2\/media\/7749"}],"wp:attachment":[{"href":"https:\/\/tecsecmty.com\/index.php\/wp-json\/wp\/v2\/media?parent=7750"}],"wp:term":[{"taxonomy":"product_brand","embeddable":true,"href":"https:\/\/tecsecmty.com\/index.php\/wp-json\/wp\/v2\/product_brand?post=7750"},{"taxonomy":"product_cat","embeddable":true,"href":"https:\/\/tecsecmty.com\/index.php\/wp-json\/wp\/v2\/product_cat?post=7750"},{"taxonomy":"product_tag","embeddable":true,"href":"https:\/\/tecsecmty.com\/index.php\/wp-json\/wp\/v2\/product_tag?post=7750"}],"curies":[{"name":"wp","href":"https:\/\/api.w.org\/{rel}","templated":true}]}}