{"id":7752,"date":"2023-02-23T16:18:30","date_gmt":"2023-02-23T22:18:30","guid":{"rendered":"https:\/\/tecsecmty.com\/index.php\/producto\/bosch-v_dsan2e8xc12at-unidad-base-12x12tb\/"},"modified":"2023-03-22T23:21:47","modified_gmt":"2023-03-23T05:21:47","slug":"bosch-v_dsan2e8xc12at-unidad-base-12x12tb","status":"publish","type":"product","link":"https:\/\/tecsecmty.com\/index.php\/producto\/bosch-v_dsan2e8xc12at-unidad-base-12x12tb\/","title":{"rendered":"BOSCH V_DSAN2E8XC12AT-Unidad base 12x12TB"},"content":{"rendered":"<div class=\"row align-items-center padding-bottom-2x\">\n<div class=\"col-md-7 text-md-left text-center\">\n<h2>Resumen<\/h2>\n<p class=\"text-muted\">\n<p>DSA E2800 representa la pr\u00f3xima generaci\u00f3n de la serie DSA E\u2011Series, las arrays de discos de v\u00eddeo digital basadas en iSCSI de Bosch. Se trata de plataformas de vanguardia dise\u00f1adas para las aplicaciones de almacenamiento de v\u00eddeo digital m\u00e1s exigentes del sector de la seguridad que pretenden gestionar el incesante incremento de los datos digitales.<\/p>\n<p>&nbsp;<\/p>\n<\/div>\n<\/div>\n<hr class=\"padding-bottom-2x\" \/>\n<div class=\"row aling-items-center padding-bottom-2x\">\n<div class=\"col-lg-12\">\n<h5 class=\"card-title text-center\">Descripci\u00f3n del Sistema<\/h5>\n<p>DSA E2800 se basa en una unidad de controlador de 2U con 12 unidades de disco duro Enterprise NL-SAS (SCSI de conexi\u00f3n serie) internas de 3,5 pulg. y 7,2 K (SAS Nearline).<\/p>\n<p>La unidad de controlador est\u00e1 disponible en una configuraci\u00f3n de controlador individual est\u00e1ndar y en una configuraci\u00f3n de controlador doble para requisitos de alta disponibilidad.<\/p>\n<p>Este sistema de almacenamiento es una soluci\u00f3n de alto rendimiento dise\u00f1ada con flexibilidad que permite adaptarse a una amplia gama de requisitos de videovigilancia. Su rendimiento compensado est\u00e1 dise\u00f1ado para admitir un ancho de banda alto y E\/S que soporten intensas cargas de trabajo.<\/p>\n<p>Las rutas E\/S completamente redundantes de DSA E2800, sus caracter\u00edsticas de protecci\u00f3n avanzadas y su gran capacidad de diagn\u00f3stico ofrecen elevados niveles de disponibilidad, integridad y seguridad.<\/p>\n<p><img decoding=\"async\" class=\"overview-center-img-web\" src=\"https:\/\/tvc.mx\/media\/636126\/encabezado-1920x400.png\" alt=\"\" \/><\/div>\n<\/div>\n<div class=\"row align-items-center padding-bottom-2x\">\n<div class=\"col-md-5\"><img decoding=\"async\" class=\"d-block m-auto img-thumbnail\" src=\"https:\/\/tvc.mx\/media\/636146\/400x300-logo.png\" alt=\" \" \/><\/div>\n<div class=\"col-md-7 text-md-left text-center\">\n<h2>Caracter\u00edsticas<\/h2>\n<p class=\"text-muted\">\n<ul>\n<li>Soluci\u00f3n escalable de almacenamiento en red: unidad controladora con 12 discos duros internos y ampliable mediante unidades de expansi\u00f3n conectadas con interfaz SAS<\/li>\n<li>Protecci\u00f3n RAID\/DDP configurable mediante hardware (RAID\u20115, RAID\u20116 o DDP) para un rendimiento del sistema \u00f3ptimo<\/li>\n<li>Ventiladores de refrigeraci\u00f3n y fuentes de alimentaci\u00f3n redundantes intercambiables en caliente<\/li>\n<li>Dos puertos 10 Gigabit Ethernet para conseguir la conectividad iSCSI de mayor velocidad<\/li>\n<li>Dise\u00f1o completamente modular para facilitar el servicio de mantenimiento y con la protecci\u00f3n de los servicios de NetApp, incluida la asistencia a domicilio el siguiente d\u00eda laborable durante 3 a\u00f1os<\/li>\n<\/ul>\n<p>&nbsp;<\/p>\n<\/div>\n<\/div>\n<hr class=\"padding-bottom-2x\" \/>\n<div class=\"row aling-items-center padding-bottom-2x\">\n<div class=\"col-lg-12\">\n<h5 class=\"card-title text-center\">Funciones<\/h5>\n<p>DSA E2800 es la serie E2800 comercializada conjuntamente con NetApp. Se trata de una soluci\u00f3n de almacenamiento en red de escalabilidad horizontal que ofrece seguridad, la mayor escalabilidad de serie, la tranquilidad de una buena protecci\u00f3n de datos y la gesti\u00f3n simplificada de todos los datos de v\u00eddeo.<\/p>\n<p>La soluci\u00f3n DSA E2800, en configuraci\u00f3n de controlador individual o doble, permite conectar hasta siete unidades de expansi\u00f3n de 12 bah\u00edas (12 unidades de disco duro por unidad de expansi\u00f3n) a una unidad base de controlador individual o doble.<\/p>\n<p>Es un array de discos protegidos con todas las funciones de hardware RAID\/DDP que proporciona protecci\u00f3n RAID\u20115 para entornos que necesiten capacidad y protecci\u00f3n RAID\u20116\/DDP para entornos que precisen disponibilidad.<\/p>\n<p><strong>Elevada fiabilidad y disponibilidad<\/strong><\/p>\n<p>DSA E2800 mantiene sus datos seguros y disponibles con fuentes de alimentaci\u00f3n redundantes intercambiables y ventiladores, adem\u00e1s de proteger de fallo de doble disco y errores de bit individuales durante las reconstrucciones con RAID\u20116 o DDP de gran rendimiento.<\/p>\n<p>Sus componentes redundantes, la recuperaci\u00f3n ante fallos de ruta automatizada y la gesti\u00f3n en l\u00ednea mantienen la productividad de forma ininterrumpida.<\/p>\n<p>Entre otras caracter\u00edsticas de alta disponibilidad, se incluyen:<\/p>\n<ul>\n<li>Detecci\u00f3n y recuperaci\u00f3n autom\u00e1tica ante fallos de la unidad y reconstrucci\u00f3n si se usan medios de discos duros de reserva globales<\/li>\n<li>Copia de datos en cach\u00e9 con bater\u00eda auxiliar y traspaso de los datos a un dispositivo flash<\/li>\n<li><strong>SANtricity<\/strong>, que controla de forma proactiva el estado de la unidad e identifica los problemas antes de que se produzcan complicaciones<\/li>\n<\/ul>\n<p><strong>Control<\/strong><\/p>\n<p>Incluye compatibilidad total con SNMP con MIB-II y MIB personalizada de NetApp. En caso de que falle un componente, se generar\u00e1n notificaciones por correo electr\u00f3nico de protocolo SNMP. Adem\u00e1s, hay un monitor de eventos disponible para enviar notificaciones de alerta a un registro centralizado de eventos.<\/p>\n<p>Si el dispositivo est\u00e1 conectado a Internet\/Intranet, se pueden enviar mensajes de AutoSupport generados autom\u00e1ticamente, lo que ayuda a evitar problemas antes de que ocurran.<\/p>\n<p><strong>Gesti\u00f3n<\/strong><\/p>\n<p>El software de gesti\u00f3n de almacenamiento NetApp SANtricity combina la robustez con la facilidad de uso.<\/p>\n<p>Con la capacidad din\u00e1mica de la que dispone, el software SANtricity admite la ampliaci\u00f3n, la reconfiguraci\u00f3n y el mantenimiento sobre la marcha sin necesidad de interrumpir la E\/S del sistema de almacenamiento.<\/p>\n<p><strong>M\u00f3dulos transceptores<\/strong><\/p>\n<p><em><u>Sistema de controlador \u00fanico<\/u><\/em><\/p>\n<p>2 m\u00f3dulos transceptores 10GBASE-SR SFP (mini-GBIC, 850 nm) &#8211; IEEE 802.3ae -10Gb iSCSI &#8211; Compatibilidad con OM3 y OM4 -Conexi\u00f3n d\u00faplex LC<\/p>\n<p><em><u>Sistema de controlador doble<\/u><\/em><\/p>\n<p>4 m\u00f3dulos transceptores 10GBASE-SR SFP (mini-GBIC, 850 nm) &#8211; IEEE 802.3ae -10Gb iSCSI &#8211; Compatibilidad con OM3 y OM4 -Conexi\u00f3n d\u00faplex LC<\/p>\n<p><img decoding=\"async\" class=\"overview-center-img-web\" src=\"https:\/\/tvc.mx\/media\/636170\/encabezado-1920x400.png\" alt=\"\" \/><\/div>\n<\/div>\n<div class=\"row align-items-center padding-bottom-2x\">\n<div class=\"col-md-5\"><img decoding=\"async\" class=\"d-block m-auto img-thumbnail\" src=\"https:\/\/tvc.mx\/media\/636386\/400x300-reglamentaria.png\" alt=\" \" \/><\/div>\n<div class=\"col-md-7 text-md-left text-center\">\n<h2>Informaci\u00f3n reglamentaria<\/h2>\n<p class=\"text-muted\">\n<p>Informaci\u00f3n reglamentaria<\/p>\n<p>&nbsp;<\/p>\n<\/div>\n<\/div>\n<hr class=\"padding-bottom-2x\" \/>\n<div class=\"row aling-items-center padding-bottom-2x\">\n<div class=\"col-lg-12\">\n<h5 class=\"card-title text-center\">Notas de configuraci\u00f3n\/instalaci\u00f3n<\/h5>\n<p>Bosch ofrece las herramientas de software necesarias para la configuraci\u00f3n inicial del almacenamiento en un entorno de videovigilancia. Adem\u00e1s, el sistema proporciona configuraci\u00f3n basada en web y una potente interfaz de l\u00ednea de comandos (CLI) a la que se puede acceder de forma remota mediante SSH (shell seguro).<\/p>\n<p>En los sistemas de controlador doble, los puertos iSCSI con el mismo n\u00famero est\u00e1n conectados entre s\u00ed para ofrecer redundancia, y uno de los puertos act\u00faa como ruta de reserva para un puerto iSCSI del otro controlador.<\/p>\n<p><strong>Capacidad neta:<\/strong><\/p>\n<p>La capacidad neta disponible se muestra en las tablas siguientes:<\/p>\n<p><img decoding=\"async\" class=\"overview-center-img-web\" src=\"https:\/\/tvc.mx\/media\/636394\/1920x400-almacenamiento.png\" alt=\"\" \/><\/div>\n<\/div>\n<div class=\"row align-items-center padding-bottom-2x\">\n<div class=\"col-md-5 order-md-2\"><img decoding=\"async\" class=\"d-block m-auto img-thumbnail\" src=\"https:\/\/tvc.mx\/media\/636410\/400x300-rendimiento.png\" alt=\" \" \/><\/div>\n<div class=\"col-md-7 order-md-1 text-md-left text-center\">\n<h2>Datos de rendimiento<\/h2>\n<p class=\"text-muted\">\n<p>Los datos de rendimiento por unidad de controlador en una red de 10 Gbit\/s (en una red 1 Gbit\/s el l\u00edmite<\/p>\n<p>es el ancho de banda disponible de la red):<\/p>\n<p>&nbsp;<\/p>\n<\/div>\n<\/div>\n<hr class=\"padding-bottom-2x\" \/>\n<div class=\"row aling-items-center padding-bottom-2x\">\n<div class=\"col-lg-12\">\n<h5 class=\"card-title text-center\">Especificaciones clave<\/h5>\n<p><strong>Ancho de banda m\u00e1ximo de grabaci\u00f3n (Mbps):\u00a0<\/strong>1250 Mbps<\/p>\n<p><strong>M\u00e1ximo de canales de c\u00e1maras IP:\u00a0<\/strong>400<\/p>\n<p><img decoding=\"async\" class=\"overview-center-img-web\" src=\"https:\/\/tvc.mx\/media\/636414\/encabezado-1920x400.png\" alt=\"\" \/><\/div>\n<\/div>\n","protected":false},"excerpt":{"rendered":"<p>Resumen DSA E2800 representa la pr\u00f3xima generaci\u00f3n de la serie DSA E\u2011Series, las arrays de discos de v\u00eddeo digital basadas en iSCSI de Bosch. Se trata de plataformas de vanguardia dise\u00f1adas para las aplicaciones de almacenamiento de v\u00eddeo digital m\u00e1s exigentes del sector de la&hellip;<\/p>\n","protected":false},"featured_media":7751,"comment_status":"open","ping_status":"closed","template":"","meta":{"om_disable_all_campaigns":false,"_monsterinsights_skip_tracking":false,"_monsterinsights_sitenote_active":false,"_monsterinsights_sitenote_note":"","_monsterinsights_sitenote_category":0},"product_brand":[],"product_cat":[707],"product_tag":[613,611,612,616,615,610,614,617],"class_list":{"0":"post-7752","1":"product","2":"type-product","3":"status-publish","4":"has-post-thumbnail","6":"product_cat-servidores-y-software-de-videovigilancia-bosch-video-vigilancia","7":"product_tag-bosch","8":"product_tag-manhattan","9":"product_tag-saxxon","10":"product_tag-surveon","11":"product_tag-utepo","12":"product_tag-videovigilancia","13":"product_tag-vivotek","14":"product_tag-zteco","16":"first","17":"instock","18":"sale","19":"taxable","20":"shipping-taxable","21":"purchasable","22":"product-type-simple"},"aioseo_notices":[],"_links":{"self":[{"href":"https:\/\/tecsecmty.com\/index.php\/wp-json\/wp\/v2\/product\/7752","targetHints":{"allow":["GET"]}}],"collection":[{"href":"https:\/\/tecsecmty.com\/index.php\/wp-json\/wp\/v2\/product"}],"about":[{"href":"https:\/\/tecsecmty.com\/index.php\/wp-json\/wp\/v2\/types\/product"}],"replies":[{"embeddable":true,"href":"https:\/\/tecsecmty.com\/index.php\/wp-json\/wp\/v2\/comments?post=7752"}],"version-history":[{"count":0,"href":"https:\/\/tecsecmty.com\/index.php\/wp-json\/wp\/v2\/product\/7752\/revisions"}],"wp:featuredmedia":[{"embeddable":true,"href":"https:\/\/tecsecmty.com\/index.php\/wp-json\/wp\/v2\/media\/7751"}],"wp:attachment":[{"href":"https:\/\/tecsecmty.com\/index.php\/wp-json\/wp\/v2\/media?parent=7752"}],"wp:term":[{"taxonomy":"product_brand","embeddable":true,"href":"https:\/\/tecsecmty.com\/index.php\/wp-json\/wp\/v2\/product_brand?post=7752"},{"taxonomy":"product_cat","embeddable":true,"href":"https:\/\/tecsecmty.com\/index.php\/wp-json\/wp\/v2\/product_cat?post=7752"},{"taxonomy":"product_tag","embeddable":true,"href":"https:\/\/tecsecmty.com\/index.php\/wp-json\/wp\/v2\/product_tag?post=7752"}],"curies":[{"name":"wp","href":"https:\/\/api.w.org\/{rel}","templated":true}]}}