{"id":7772,"date":"2023-02-23T16:19:05","date_gmt":"2023-02-23T22:19:05","guid":{"rendered":"https:\/\/tecsecmty.com\/index.php\/producto\/bosch-v_mbvbplu90-licencia-base-plus-90\/"},"modified":"2023-03-22T23:21:50","modified_gmt":"2023-03-23T05:21:50","slug":"bosch-v_mbvbplu90-licencia-base-plus-90","status":"publish","type":"product","link":"https:\/\/tecsecmty.com\/index.php\/producto\/bosch-v_mbvbplu90-licencia-base-plus-90\/","title":{"rendered":"BOSCH V_MBVBPLU90- LICENCIA BASE PLUS 90"},"content":{"rendered":"<p>https:\/\/tvc.mx\/products\/27062<\/p>\n<h5 class=\"card-title text-center\">MBV-BPLU-90 Licencia base Plus<\/h5>\n<p class=\"ql-align-justify\"><strong>BVMS Professional es una soluci\u00f3n de seguridad de v\u00eddeo IP \u00fanica que proporciona una gesti\u00f3n totalmente integrada de v\u00eddeo digital, audio y datos sobre cualquier red IP<\/strong>. Proporciona el mejor sistema de gesti\u00f3n de v\u00eddeo para los dispositivos de videovigilancia de Bosch, ya que aprovecha las capacidades exclusivas de las c\u00e1maras y las soluciones de grabaci\u00f3n de Bosch.\u00a0<strong>Adem\u00e1s, ofrece interfaces y est\u00e1ndares para la integraci\u00f3n con otros sistemas y fabricantes.<\/strong>\u00a0El sistema est\u00e1 equipado con una recuperaci\u00f3n embebida \u00fanica. Mantiene las operaciones en funcionamiento incluso cuando los servidores de gesti\u00f3n y grabaci\u00f3n fallen.\u00a0<strong>Edge Video Content Analysis y la tecnolog\u00eda sin igual de grabaci\u00f3n que gestiona hasta 2000 c\u00e1maras con un solo servidor de grabaci\u00f3n reducen de forma radical el coste total de propiedad. El software se proporciona como licencia electr\u00f3nica por correo electr\u00f3nico.\u00a0<\/strong><\/p>\n<p class=\"ql-align-justify\"><strong>Certificaciones y aprobaciones<\/strong><\/p>\n<p class=\"ql-align-justify\"><strong>Reglamento General de Protecci\u00f3n de Datos (RGPD)<\/strong><\/p>\n<p class=\"ql-align-justify\"><strong>El Reglamento General de Protecci\u00f3n de Datos (RGPD) entr\u00f3 en vigor el 25 de mayo de 2018. Como reglamento, ser\u00e1 aplicable directamente en todos los Estados Miembros de la Uni\u00f3n Europea sin necesidad de normativas nacionales para su aplicaci\u00f3n.<\/strong>\u00a0Puesto que la informaci\u00f3n capturada, procesada y almacenada por los sistemas de vigilancia de v\u00eddeo est\u00e1 clasificada como \u00absensible\u00bb, el\u00a0<strong>RGPD afectar\u00e1 de forma apreciable a las instalaciones de vigilancia de v\u00eddeo en toda Europa.<\/strong><\/p>\n<p class=\"ql-align-justify\"><strong>BVMS incluye las funciones necesarias para garantizar que las organizaciones cumplan los requisitos del RGPD<\/strong>, lo cual se explica con m\u00e1s detalle en el documento de BVMS sobre RGPD, disponible en la p\u00e1gina web siguiente: Comunidad de Bosch Building Technologies.<\/p>\n<p class=\"ql-align-justify\">Notas de configuraci\u00f3n\/instalaci\u00f3n<\/p>\n<p class=\"ql-align-justify\">La gu\u00eda de dise\u00f1o de sistemas de BVMS se publica en la p\u00e1gina web siguiente: Comunidad de Bosch Building Technologies. En la gu\u00eda de dise\u00f1o de sistemas resume los detalles de dise\u00f1o de BVMS y sirve como gu\u00eda para planificar un sistema BVMS con almacenamiento y c\u00e1maras de Bosch.\u00a0<strong>Es posible combinar varios sistemas BVMS Plus o BVMS Prof<\/strong><strong>Se centra en BVMS combinado con VRM. BVMS Enterpriseessional en un BVMS Enterprise System.<\/strong><\/p>\n<ul>\n<li class=\"ql-align-justify\"><strong>C\u00e1maras del contexto del sistema 200.000.<\/strong><\/li>\n<li class=\"ql-align-justify\"><strong>C\u00e1maras por operador 10.000.<\/strong><\/li>\n<li class=\"ql-align-justify\"><strong>Subsistemas 10 (1000 c\u00e1maras por sistema).<\/strong><\/li>\n<li class=\"ql-align-justify\"><strong>Subsistemas 50 (200 c\u00e1maras por sistema).<\/strong><\/li>\n<\/ul>\n<p class=\"ql-align-justify\"><strong>Software Assurance<\/strong><\/p>\n<p class=\"ql-align-justify\">Adem\u00e1s de los t\u00e9rminos y condiciones de venta est\u00e1ndar de Bosch Security Systems,\u00a0<strong>Bosch Software Assurance es una opci\u00f3n excelente para mantener BVMS siempre al d\u00eda<\/strong>. Con el cambio continuo de las plataformas y la compatibilidad con la versi\u00f3n, las actualizaciones peri\u00f3dicas son fundamentales. C<strong>on Bosch Software Assurance, cuenta con la tranquilidad de tener siempre derecho a las mejoras m\u00e1s recientes del software.\u00a0<\/strong>Garantiza un soporte t\u00e9cnico completo y el acceso a reparaciones. Bosch Software Assurance est\u00e1 disponible en el cat\u00e1logo de productos.<\/p>\n<p class=\"ql-align-justify\"><strong>Nota: MBV-BPLU-90 Licencia base Plus<\/strong><\/p>\n<p class=\"ql-align-justify\"><strong>Licencia b\u00e1sica para Plus Edition. Incluye 8 expansiones de c\u00e1mara\/decodificador, 5 expansiones de estaciones de trabajo, 8 canales de grabaci\u00f3n failover, 8 canales de grabaci\u00f3n dual, 5 expansiones de teclado y ATM\/POS, funciones Allegiant y OPC.<\/strong><\/p>\n<p class=\"ql-align-justify\"><strong>N\u00famero de pedido: MBV-BPLU-90.<\/strong><\/p>\n<p class=\"ql-align-justify\"><strong>Principales caracter\u00edsticas<\/strong><\/p>\n<ul>\n<li class=\"ql-align-justify\">Resiliencia integrada: mantenga las operaciones en marcha aunque fallen varios componentes en el sistema.<\/li>\n<li class=\"ql-align-justify\">Costes totales de propiedad reducidos: gestione hasta 2000 c\u00e1maras con un solo servidor para reducir los costes de instalaci\u00f3n y funcionamiento.<\/li>\n<li class=\"ql-align-justify\">El mejor v\u00eddeo de Bosch: la mejor experiencia de usuario que combina c\u00e1maras de Bosch con BVMS.<\/li>\n<li class=\"ql-align-justify\">Integraci\u00f3n: integre c\u00e1maras, almacenamiento y otros sistemas de terceros en BVMS.<\/li>\n<li class=\"ql-align-justify\">Entornos de TI y seguridad de datos: benef\u00edciese de la compatibilidad total con las TI desde la instalaci\u00f3n hasta la gesti\u00f3n cotidiana de forma segura.<\/li>\n<\/ul>\n<p class=\"ql-align-justify\"><strong>Especificaciones t\u00e9cnicas<\/strong><\/p>\n<p class=\"ql-align-justify\">Las notas de versi\u00f3n proporcionan una descripci\u00f3n detallada de los cambios implementados en comparaci\u00f3n con la versi\u00f3n anterior de BVMS. En las especificaciones de ingenier\u00eda y arquitectura se describe en detalle lo que el sistema es capaz de hacer.<\/p>\n<p class=\"ql-align-justify\">Ambos documentos se encuentran en la siguiente p\u00e1gina web: Comunidad de Bosch Building Technologies.<\/p>\n<p class=\"ql-align-justify\"><strong>L\u00edmites del sistema<\/strong><\/p>\n<p class=\"ql-align-justify\"><strong>Nota: Los l\u00edmites del sistema se basan en las recomendaciones del hardware.<\/strong><\/p>\n<ul>\n<li class=\"ql-align-justify\">N\u00famero m\u00e1ximo de estaciones de trabajo 10.<\/li>\n<li class=\"ql-align-justify\">N\u00famero m\u00e1ximo de c\u00e1maras 256.<\/li>\n<li class=\"ql-align-justify\">N\u00famero m\u00e1ximo de sitios de visualizaci\u00f3n en directo y de reproducci\u00f3n 0.<\/li>\n<li class=\"ql-align-justify\">N\u00famero m\u00e1ximo de canales de uni\u00f3n 100.<\/li>\n<li class=\"ql-align-justify\">N\u00famero m\u00e1ximo de paneles de intrusi\u00f3n 10.<\/li>\n<li class=\"ql-align-justify\">N\u00famero m\u00e1ximo de DVR 10.<\/li>\n<li class=\"ql-align-justify\">N\u00famero m\u00e1ximo de VRM 2.<\/li>\n<li class=\"ql-align-justify\">N\u00famero m\u00e1ximo de eventos producidos (diario de registros) por segundo 500.<\/li>\n<li class=\"ql-align-justify\">N\u00famero m\u00e1ximo de eventos producidos (sin diario de registros) por segundo 2500.<\/li>\n<li class=\"ql-align-justify\">Carga m\u00e1xima de eventos por segundo (en un plazo de 60 minutos) 5000.<\/li>\n<li class=\"ql-align-justify\">N\u00famero m\u00e1ximo de eventos por segundo de las c\u00e1maras ONVIF 500.<\/li>\n<li class=\"ql-align-justify\">Tama\u00f1o del diario de registros 4 GB.<\/li>\n<\/ul>\n<p class=\"ql-align-justify\"><strong>Recomendaciones de hardware<\/strong><\/p>\n<p class=\"ql-align-justify\"><strong>C\u00e1maras<\/strong><\/p>\n<p class=\"ql-align-justify\">Todas las c\u00e1maras de Bosch se pueden utilizar con el concepto de compatibilidad de dispositivos, que se encuentra en la comunidad de seguridad de Bosch en el siguiente art\u00edculo: C\u00f3mo: BVMS &#8211; Compatibilidad de dispositivos. La lista de c\u00e1maras compatibles de ONVIF se encuentra en: http:\/\/ipp.boschsecurity.com\/bvms. Si hay una c\u00e1mara que no consta en la lista, es posible pedir una prueba rellenando el formulario de integraci\u00f3n de c\u00e1mara personalizada.<\/p>\n<p class=\"ql-align-justify\"><strong>Management Server y Mobile Video Service<\/strong><\/p>\n<p class=\"ql-align-justify\"><strong>Sistema operativo<\/strong><\/p>\n<ul>\n<li class=\"ql-align-justify\">Windows Server 2012 R2 (64 bits).<\/li>\n<li class=\"ql-align-justify\">Windows Server 2016 (64 bits).<\/li>\n<li class=\"ql-align-justify\">Windows 10 Professional (64 bits) Spring Creators update (1803).<\/li>\n<li class=\"ql-align-justify\">Windows 10 Professional (64 bits) Fall Creators update (1709).<\/li>\n<li class=\"ql-align-justify\">Windows 10 Enterprise (64 bits) LTSB 2016 (1607).<\/li>\n<li class=\"ql-align-justify\">CPU Intel Xeon E5-2620v3 (2,4 GHz, 6 n\u00facleos, 15 MB, 85 W).<\/li>\n<li class=\"ql-align-justify\">RAM 8 GB Espacio libre en disco 15 GB (m\u00e1s del 15 % del disco duro tras la instalaci\u00f3n).<\/li>\n<li class=\"ql-align-justify\">Red Una tarjeta de interfaz de red de gigabits por segundo.<\/li>\n<\/ul>\n<p><img decoding=\"async\" class=\"overview-center-img- aligncenter\" src=\"https:\/\/tvc.mx\/media\/15897\/Logoopaginas-oficial.png\" alt=\"\" \/><\/p>\n","protected":false},"excerpt":{"rendered":"<p>https:\/\/tvc.mx\/products\/27062 MBV-BPLU-90 Licencia base Plus BVMS Professional es una soluci\u00f3n de seguridad de v\u00eddeo IP \u00fanica que proporciona una gesti\u00f3n totalmente integrada de v\u00eddeo digital, audio y datos sobre cualquier red IP. Proporciona el mejor sistema de gesti\u00f3n de v\u00eddeo para los dispositivos de videovigilancia&hellip;<\/p>\n","protected":false},"featured_media":7771,"comment_status":"open","ping_status":"closed","template":"","meta":{"om_disable_all_campaigns":false,"_monsterinsights_skip_tracking":false,"_monsterinsights_sitenote_active":false,"_monsterinsights_sitenote_note":"","_monsterinsights_sitenote_category":0},"product_brand":[],"product_cat":[707],"product_tag":[613,611,612,616,615,610,614,617],"class_list":{"0":"post-7772","1":"product","2":"type-product","3":"status-publish","4":"has-post-thumbnail","6":"product_cat-servidores-y-software-de-videovigilancia-bosch-video-vigilancia","7":"product_tag-bosch","8":"product_tag-manhattan","9":"product_tag-saxxon","10":"product_tag-surveon","11":"product_tag-utepo","12":"product_tag-videovigilancia","13":"product_tag-vivotek","14":"product_tag-zteco","16":"first","17":"instock","18":"sale","19":"taxable","20":"shipping-taxable","21":"purchasable","22":"product-type-simple"},"aioseo_notices":[],"_links":{"self":[{"href":"https:\/\/tecsecmty.com\/index.php\/wp-json\/wp\/v2\/product\/7772","targetHints":{"allow":["GET"]}}],"collection":[{"href":"https:\/\/tecsecmty.com\/index.php\/wp-json\/wp\/v2\/product"}],"about":[{"href":"https:\/\/tecsecmty.com\/index.php\/wp-json\/wp\/v2\/types\/product"}],"replies":[{"embeddable":true,"href":"https:\/\/tecsecmty.com\/index.php\/wp-json\/wp\/v2\/comments?post=7772"}],"version-history":[{"count":0,"href":"https:\/\/tecsecmty.com\/index.php\/wp-json\/wp\/v2\/product\/7772\/revisions"}],"wp:featuredmedia":[{"embeddable":true,"href":"https:\/\/tecsecmty.com\/index.php\/wp-json\/wp\/v2\/media\/7771"}],"wp:attachment":[{"href":"https:\/\/tecsecmty.com\/index.php\/wp-json\/wp\/v2\/media?parent=7772"}],"wp:term":[{"taxonomy":"product_brand","embeddable":true,"href":"https:\/\/tecsecmty.com\/index.php\/wp-json\/wp\/v2\/product_brand?post=7772"},{"taxonomy":"product_cat","embeddable":true,"href":"https:\/\/tecsecmty.com\/index.php\/wp-json\/wp\/v2\/product_cat?post=7772"},{"taxonomy":"product_tag","embeddable":true,"href":"https:\/\/tecsecmty.com\/index.php\/wp-json\/wp\/v2\/product_tag?post=7772"}],"curies":[{"name":"wp","href":"https:\/\/api.w.org\/{rel}","templated":true}]}}