{"id":7774,"date":"2023-02-23T16:19:13","date_gmt":"2023-02-23T22:19:13","guid":{"rendered":"https:\/\/tecsecmty.com\/index.php\/producto\/bosch-v_mbvbpludip-licencia-plus-base-para-divar-ip-6000-y-7000-aio\/"},"modified":"2023-03-22T23:21:50","modified_gmt":"2023-03-23T05:21:50","slug":"bosch-v_mbvbpludip-licencia-plus-base-para-divar-ip-6000-y-7000-aio","status":"publish","type":"product","link":"https:\/\/tecsecmty.com\/index.php\/producto\/bosch-v_mbvbpludip-licencia-plus-base-para-divar-ip-6000-y-7000-aio\/","title":{"rendered":"BOSCH V_MBVBPLUDIP- LICENCIA PLUS BASE PARA DIVAR IP 6000 Y 7000 AIO"},"content":{"rendered":"<h5 class=\"card-title text-center\">LICENCIA PLUS BASE PARA DIVAR IP 6000 Y 7000 AIO<\/h5>\n<p>Las unidades DIVAR IP all-in-one 7000 pueden funcionar en tres modos diferentes:<\/p>\n<p>\u2022 Sistema de gesti\u00f3n y grabaci\u00f3n de v\u00eddeo completo que utiliza los componentes y servicios clave de BVMS y Video Recording Manager. Este modo permite utilizar funciones avanzadas de gesti\u00f3n de v\u00eddeo, como la gesti\u00f3n de alarmas y eventos. Incluye licencia b\u00e1sica con 8 canales de c\u00e1mara. Se puede ampliar el sistema hasta 32 canales con una licencia\u00a0<strong>MBV-BPLU-DIP<\/strong>\u00a0y hasta 256 canales con licencias de 1 canal adicionales (MBV-1CHAN-DIP). Los flujos de v\u00eddeo grabados deben configurarse de forma que no se supere el ancho de banda m\u00e1ximo del sistema (sistema b\u00e1sico BVMS\/ Video Recording Manager m\u00e1s las ampliaciones de almacenamiento iSCSI).<\/p>\n<p class=\"ql-align-justify\">\u2022 Sistema de grabaci\u00f3n de v\u00eddeo simple que utiliza los componentes y servicios clave de Video Recording Manager. En este modo, 64 canales de grabaci\u00f3n de c\u00e1mara del Video Recording Manager<\/p>\n<p><img decoding=\"async\" class=\"overview-center-img-web\" src=\"https:\/\/tvc.mx\/media\/194595\/BANNER_CCTV.png\" alt=\"\" \/><\/p>\n","protected":false},"excerpt":{"rendered":"<p>LICENCIA PLUS BASE PARA DIVAR IP 6000 Y 7000 AIO Las unidades DIVAR IP all-in-one 7000 pueden funcionar en tres modos diferentes: \u2022 Sistema de gesti\u00f3n y grabaci\u00f3n de v\u00eddeo completo que utiliza los componentes y servicios clave de BVMS y Video Recording Manager. Este&hellip;<\/p>\n","protected":false},"featured_media":7773,"comment_status":"open","ping_status":"closed","template":"","meta":{"om_disable_all_campaigns":false,"_monsterinsights_skip_tracking":false,"_monsterinsights_sitenote_active":false,"_monsterinsights_sitenote_note":"","_monsterinsights_sitenote_category":0},"product_brand":[],"product_cat":[707],"product_tag":[613,611,612,616,615,610,614,617],"class_list":{"0":"post-7774","1":"product","2":"type-product","3":"status-publish","4":"has-post-thumbnail","6":"product_cat-servidores-y-software-de-videovigilancia-bosch-video-vigilancia","7":"product_tag-bosch","8":"product_tag-manhattan","9":"product_tag-saxxon","10":"product_tag-surveon","11":"product_tag-utepo","12":"product_tag-videovigilancia","13":"product_tag-vivotek","14":"product_tag-zteco","16":"first","17":"instock","18":"sale","19":"taxable","20":"shipping-taxable","21":"purchasable","22":"product-type-simple"},"aioseo_notices":[],"_links":{"self":[{"href":"https:\/\/tecsecmty.com\/index.php\/wp-json\/wp\/v2\/product\/7774","targetHints":{"allow":["GET"]}}],"collection":[{"href":"https:\/\/tecsecmty.com\/index.php\/wp-json\/wp\/v2\/product"}],"about":[{"href":"https:\/\/tecsecmty.com\/index.php\/wp-json\/wp\/v2\/types\/product"}],"replies":[{"embeddable":true,"href":"https:\/\/tecsecmty.com\/index.php\/wp-json\/wp\/v2\/comments?post=7774"}],"version-history":[{"count":0,"href":"https:\/\/tecsecmty.com\/index.php\/wp-json\/wp\/v2\/product\/7774\/revisions"}],"wp:featuredmedia":[{"embeddable":true,"href":"https:\/\/tecsecmty.com\/index.php\/wp-json\/wp\/v2\/media\/7773"}],"wp:attachment":[{"href":"https:\/\/tecsecmty.com\/index.php\/wp-json\/wp\/v2\/media?parent=7774"}],"wp:term":[{"taxonomy":"product_brand","embeddable":true,"href":"https:\/\/tecsecmty.com\/index.php\/wp-json\/wp\/v2\/product_brand?post=7774"},{"taxonomy":"product_cat","embeddable":true,"href":"https:\/\/tecsecmty.com\/index.php\/wp-json\/wp\/v2\/product_cat?post=7774"},{"taxonomy":"product_tag","embeddable":true,"href":"https:\/\/tecsecmty.com\/index.php\/wp-json\/wp\/v2\/product_tag?post=7774"}],"curies":[{"name":"wp","href":"https:\/\/api.w.org\/{rel}","templated":true}]}}