{"id":7780,"date":"2023-02-23T16:19:23","date_gmt":"2023-02-23T22:19:23","guid":{"rendered":"https:\/\/tecsecmty.com\/index.php\/producto\/bosch-v_mbvfatmdip-licencia-para-bvms-conexion-de-cajero-automatico-pos\/"},"modified":"2023-03-22T23:21:50","modified_gmt":"2023-03-23T05:21:50","slug":"bosch-v_mbvfatmdip-licencia-para-bvms-conexion-de-cajero-automatico-pos","status":"publish","type":"product","link":"https:\/\/tecsecmty.com\/index.php\/producto\/bosch-v_mbvfatmdip-licencia-para-bvms-conexion-de-cajero-automatico-pos\/","title":{"rendered":"BOSCH V_MBVFATMDIP &#8211; Licencia para BVMS \/ Conexion de cajero automatico \/ Pos"},"content":{"rendered":"<h5 class=\"card-title text-center\">Conexi\u00f3n con CAJERO AUTOM\u00c1TICO\/PUNTO DE VENTA<\/h5>\n<p class=\"ql-align-justify\"><strong>Bosch Video Management System (BVMS)<\/strong>\u00a0es una soluci\u00f3n de seguridad de\u00a0<strong>v\u00eddeo IP<\/strong>\u00a0corporativa \u00fanica que proporciona una\u00a0<strong>gesti\u00f3n totalmente integrada de v\u00eddeo digital, audio y datos sobre cualquier red IP.<\/strong>\u00a0Proporciona el mejor\u00a0<strong>VMS\u00a0<\/strong>para los dispositivos de<strong>\u00a0CCTV de Bosch<\/strong>, aprovechando las capacidades exclusivas de las c\u00e1maras y las soluciones de grabaci\u00f3n de Bosch. Adem\u00e1s, ofrece interfaces y est\u00e1ndares para la integraci\u00f3n con otros sistemas y fabricantes.<\/p>\n<p class=\"ql-align-justify\"><strong>Mantiene las operaciones en funcionamiento incluso cuando los servidores de gesti\u00f3n y grabaci\u00f3n fallen.<\/strong>\u00a0<strong>El an\u00e1lisis inteligente de v\u00eddeo<\/strong>\u00a0y la tecnolog\u00eda sin igual de grabaci\u00f3n que\u00a0<strong>gestiona hasta 2000 c\u00e1maras con un solo servidor reducen de forma radical el coste total de propiedad.<\/strong><\/p>\n<p class=\"ql-align-justify\"><strong>Video Management System de Bosch permite dise\u00f1ar sistemas con mucha flexibilidad:<\/strong><\/p>\n<ul>\n<li class=\"ql-align-justify\"><strong>Professional:<\/strong>\u00a0un solo sistema Management Server De 1 a 2000 c\u00e1maras tal como se suministran de f\u00e1brica.<\/li>\n<li class=\"ql-align-justify\"><strong>Enterprise System:<\/strong>\u00a0Compatible con los requisitos de Management Server m\u00faltiples para metros, aeropuertos y otras grandes instalaciones industriales situadas en distintas zonas horarias. Admite la monitorizaci\u00f3n controlada entre diferentes entidades legales. Monitorizaci\u00f3n de hasta 10.000 c\u00e1maras de 10 subsistemas por grupo de usuarios, hasta 200.000 c\u00e1maras en total. Hasta 50 subsistemas por grupo de usuarios para &lt; 200 c\u00e1maras por subsistema, permitiendo a cada operador el acceso a eventos, alarmas, reproducci\u00f3n en directa o diferida desde hasta 50 ordenadores con Management Server simult\u00e1neamente.<\/li>\n<li class=\"ql-align-justify\"><strong>M\u00e1ximo 2000 c\u00e1maras ONVIF<\/strong>\u00a0por Management Server.<\/li>\n<li class=\"ql-align-justify\"><strong>Acceso a la visualizaci\u00f3n en vivo incluyendo control PTZ y v\u00eddeo grabado de hasta 9999 sitios<\/strong>\u00a0con grabadores DVR de Bosch, DIVAR IP 3000 \/ 7000 y sistemas con un solo Management Server.<\/li>\n<\/ul>\n<p class=\"ql-align-justify\"><strong>Bosch Video Management System de Bosch est\u00e1 instalado en un sistema operativo Microsoft Windows.<\/strong>\u00a0Recomendamos utilizar estaciones de trabajo y servidores de Bosch. Est\u00e1n totalmente probados y optimizados para\u00a0<strong>Bosch Video Management System.<\/strong>\u00a0Adem\u00e1s de las condiciones est\u00e1ndar de venta de Bosch Security Systems, el Acuerdo de mantenimiento de software de Bosch es una excelente opci\u00f3n para mantenerse\u00a0<strong>BVMS\u00a0<\/strong>siempre al d\u00eda. El Acuerdo de mantenimiento de software de Bosch est\u00e1 disponible en el cat\u00e1logo de productos.<\/p>\n<p class=\"ql-align-justify\"><strong>Descripci\u00f3n del sistema<\/strong><\/p>\n<p class=\"ql-align-justify\"><strong>Componentes de software<\/strong><\/p>\n<ul>\n<li class=\"ql-align-justify\">E<strong>l software Configuration Client<\/strong>\u00a0ofrece una interfaz de usuario muy f\u00e1cil de usar para la configuraci\u00f3n y la gesti\u00f3n del sistema.<\/li>\n<li class=\"ql-align-justify\"><strong>El software Config Wizard<\/strong>\u00a0ofrece una configuraci\u00f3n f\u00e1cil y r\u00e1pida para sistemas peque\u00f1os de grabaci\u00f3n con el dispositivo BVMS.<\/li>\n<li class=\"ql-align-justify\"><strong>Dispositivo BVMS: DIVAR IP 3000\/7000<\/strong>\u00a0es una soluci\u00f3n sencilla y fiable todo-en-uno para grabar, visualizar y gestionar sistemas de vigilancia en red con una licencia previa de 32 canales.<\/li>\n<li class=\"ql-align-justify\"><strong>El software Operator Client<\/strong>\u00a0ofrece una interfaz de usuario ergon\u00f3mica e intuitiva para la monitorizaci\u00f3n y el uso de los sistemas.<\/li>\n<li class=\"ql-align-justify\"><strong>Mobile Video Service<\/strong>\u00a0proporciona un servicio de transcodificaci\u00f3n. Transcodifica el flujo de v\u00eddeo en directo y grabado de una c\u00e1mara configurada en funci\u00f3n del ancho de banda de red disponible. Este servicio permite a los clientes de v\u00eddeo visualizar im\u00e1genes de alta calidad con poco ancho de banda.<\/li>\n<li class=\"ql-align-justify\"><strong>Aplicaci\u00f3n para m\u00f3vil (iPhone o iPad)<\/strong>: acceda a la reproducci\u00f3n de v\u00eddeo en directo o grabado desde un lugar remoto en vista simple o cu\u00e1druple. Alerte y comparta v\u00eddeo en directo desde una c\u00e1mara m\u00f3vil con otro personal de seguridad con tan solo un clic. Aplicaci\u00f3n disponible en la AppStore.<\/li>\n<\/ul>\n<p class=\"ql-align-justify\"><strong>Piezas incluidas<\/strong><\/p>\n<p class=\"ql-align-justify\"><strong>BVMS se suministra en forma electr\u00f3nica mediante la descarga del archivo de instalaci\u00f3n en el cat\u00e1logo de productos. El archivo de instalaci\u00f3n contiene los siguientes elementos:<\/strong><\/p>\n<ul>\n<li class=\"ql-align-justify\">Programa de instalaci\u00f3n que permite instalar todos los componentes de forma selectiva (Management Server, Video Recording Manager, Configuration Client, Operator Client, Video Streaming Gateway, Mobile Video Service, BVMS SDK, Cameo SDK) en todos los idiomas compatibles.<\/li>\n<li class=\"ql-align-justify\">Manual de configuraci\u00f3n (formato PDF).<\/li>\n<li class=\"ql-align-justify\">Manual de uso (formato PDF).<\/li>\n<li class=\"ql-align-justify\">Gu\u00eda r\u00e1pida de instalaci\u00f3n (formato PDF) en ingl\u00e9s, franc\u00e9s, alem\u00e1n, chino simplificado y espa\u00f1ol. Las licencias se suministran en forma electr\u00f3nica por correo electr\u00f3nico.<\/li>\n<\/ul>\n<p class=\"ql-align-justify\"><strong>Funciones<\/strong><\/p>\n<p class=\"ql-align-justify\"><strong>Flexibilidad integrada<\/strong><\/p>\n<ul>\n<li class=\"ql-align-justify\">Un cliente fuera de l\u00ednea garantiza el funcionamiento continuo para la transmisi\u00f3n en directo, la reproducci\u00f3n y la exportaci\u00f3n mientras Management Server est\u00e1 desconectado.<\/li>\n<\/ul>\n<p class=\"ql-align-justify\"><strong>Video Recording Manager (VRM)<\/strong><\/p>\n<p class=\"ql-align-justify\"><strong>El VRM<\/strong>\u00a0<strong>proporciona balanceo de carga y recuperaci\u00f3n en caso de desastre para el sistema de almacenamiento iSCSI y facilita la incorporaci\u00f3n de sistemas de almacenamiento iSCSI m\u00e1s adelante<\/strong>. VRM introduce el concepto de una capa de virtualizaci\u00f3n del almacenamiento. Esta capa de abstracci\u00f3n permite a VRM gestionar todas las matrices de discos individuales de todo el sistema como varios grupos \u00abvirtuales\u00bb de almacenamiento que se asignan de forma inteligente a medida que es necesario. Un grupo de almacenamiento es un contenedor para uno o m\u00e1s sistemas de almacenamiento\u00a0<strong>iSCSI\u00a0<\/strong>que comparten unas mismas propiedades de balanceo de cargas.<\/p>\n<p class=\"ql-align-justify\"><strong>Grabaci\u00f3n dual\/con recuperaci\u00f3n en caso de desastre<\/strong><\/p>\n<ul>\n<li class=\"ql-align-justify\"><strong>Un VRM<\/strong>\u00a0principal gestiona la grabaci\u00f3n normal de las c\u00e1maras del sistema. Se utiliza un\u00a0<strong>VRM\u00a0<\/strong>secundario para lograr la grabaci\u00f3n dual de las c\u00e1maras. La grabaci\u00f3n dual permite grabar datos de v\u00eddeo de una misma c\u00e1mara hacia distintas ubicaciones. Un Secundario VRM puede gestionar la grabaci\u00f3n secundaria de varios VRM principales. Se utiliza un VRM de failover para continuar la grabaci\u00f3n en caso de fallo de un ordenador con VRM principal o VRM secundario.\u00a0<strong>BVMS adem\u00e1s admite reproducci\u00f3n en vivo y grabado desde los siguientes motores de grabaci\u00f3n:<\/strong><\/li>\n<li class=\"ql-align-justify\"><strong>La serie DIVAR IP<\/strong>, almacenamiento local, grabaci\u00f3n directa iSCSI; Recording Station de Bosch (BRS), Video Streaming Gateway (VSG). Con fines de compatibilidad con productos anteriores, se admiten los motores de grabaci\u00f3n siguientes:\u00a0<strong>DVR, DiBos, VIDOS (solo en directo)<\/strong>.<\/li>\n<\/ul>\n<p class=\"ql-align-justify\"><strong>C\u00e1maras<\/strong><\/p>\n<ul>\n<li class=\"ql-align-justify\">Admite las c\u00e1maras UHD y panor\u00e1micas de Bosch, codificadores MPEG-4 y H.264, c\u00e1maras MPEG-4, H. 264 y H.265 IP y c\u00e1maras IP AutoDome en formato SD y HD<\/li>\n<li class=\"ql-align-justify\">Resoluciones de HD admitidas: 720p y 1080pm 5, 8 y 12 megap\u00edxeles.<\/li>\n<li class=\"ql-align-justify\">Intelligent Video Analytics y b\u00fasqueda cient\u00edfica.<\/li>\n<li class=\"ql-align-justify\">Detecci\u00f3n de incendios basada en v\u00eddeo.<\/li>\n<li class=\"ql-align-justify\">Automated Network Replenishment (ANR).<\/li>\n<li class=\"ql-align-justify\">Region of Interest (ROI).<\/li>\n<li class=\"ql-align-justify\">Intelligent Tracking.<\/li>\n<li class=\"ql-align-justify\">Ajustes de calidad a medida de cada tipo de c\u00e1mara. Para m\u00e1s detalle consulte las hojas de datos de las c\u00e1maras.<\/li>\n<li class=\"ql-align-justify\">Compatibilidad con c\u00e1maras de terceros mediante RTSP, JPEG o ONVIF Perfil S. La lista de c\u00e1maras de terceros compatibles est\u00e1 publicada en el sitio web del Integration Partner Program de Bosch.\u00a0<strong>http:\/\/ipp.boschsecurity.com\/bvms.<\/strong><\/li>\n<\/ul>\n<p class=\"ql-align-justify\"><strong>Nota: Conexi\u00f3n con CAJERO AUTOM\u00c1TICO\/PUNTO DE VENTA<\/strong><\/p>\n<p class=\"ql-align-justify\"><strong>Licencia de ampliaci\u00f3n para integrar dispositivos de cajero autom\u00e1tico\/punto de venta.<\/strong><\/p>\n<p class=\"ql-align-justify\"><strong>N\u00famero de pedido: MBV-FATM-70.<\/strong><\/p>\n<p class=\"ql-align-justify\"><strong>Principales Caracter\u00edsticas:<\/strong><\/p>\n<ul>\n<li class=\"ql-align-justify\">Maximice la resiliencia: mantenga las operaciones en marcha aunque fallen varios componentes en el sistema.<\/li>\n<li class=\"ql-align-justify\">Coste total de propiedad reducido: gestione hasta 2000 c\u00e1maras con un solo servidor para reducir los costes de instalaci\u00f3n y funcionamiento.<\/li>\n<li class=\"ql-align-justify\">El mejor v\u00eddeo de Bosch: compatible con las c\u00e1maras de Bosch y mejor que cualquier otro software de gesti\u00f3n de v\u00eddeo.<\/li>\n<li class=\"ql-align-justify\">Integraci\u00f3n: integra c\u00e1maras, almacenamiento y otros sistemas de terceros en BVMS.<\/li>\n<li class=\"ql-align-justify\">Entornos de TI y seguridad de datos: aproveche la compatibilidad total con las TI desde la instalaci\u00f3n hasta la configuraci\u00f3n de forma segura.<\/li>\n<\/ul>\n<p class=\"ql-align-justify\"><strong>Especificaciones del sistema<\/strong><\/p>\n<p class=\"ql-align-justify\"><strong>N\u00famero m\u00e1ximo de estaciones de trabajo que pueden visualizar la misma c\u00e1mara<\/strong><\/p>\n<ul>\n<li class=\"ql-align-justify\">Multicast: 100.<\/li>\n<li class=\"ql-align-justify\">Unicast: 5<\/li>\n<\/ul>\n<p class=\"ql-align-justify\"><strong>Idiomas de interfaz gr\u00e1fica de usuario compatibles<\/strong><\/p>\n<ul>\n<li class=\"ql-align-justify\">Ingl\u00e9s, alem\u00e1n, holand\u00e9s, italiano, portugu\u00e9s, franc\u00e9s, espa\u00f1ol, chino simplificado, chino tradicional, ruso, h\u00fangaro, japon\u00e9s, checo, dan\u00e9s, finland\u00e9s, griego, noruego, polaco, sueco, tailand\u00e9s, turco, coreano, \u00e1rabe y vietnamita.<\/li>\n<\/ul>\n<p class=\"ql-align-justify\"><strong>Tiempo de reacci\u00f3n de eventos<\/strong><\/p>\n<ul>\n<li class=\"ql-align-justify\">&lt;1 segundo, suponiendo que haya ancho de banda de red suficiente.<\/li>\n<\/ul>\n<p class=\"ql-align-justify\"><strong>Tiempo de reacci\u00f3n frente a alarma (incluye 1 panel de imagen en directo).<\/strong><\/p>\n<ul>\n<li class=\"ql-align-justify\">1 panel de M\u00e1ximo 2 segundos, suponiendo que haya ancho de banda de red suficiente.<\/li>\n<\/ul>\n<p class=\"ql-align-justify\"><strong>Management Server Especificaciones<\/strong><\/p>\n<p class=\"ql-align-justify\"><strong>N\u00famero m\u00e1ximo de eventos sostenidos.<\/strong><\/p>\n<p class=\"ql-align-justify\">Para el servidor con el m\u00e1ximo rendimiento:<\/p>\n<ul>\n<li class=\"ql-align-justify\">500 eventos\/s con libro de registro.<\/li>\n<li class=\"ql-align-justify\">1000 eventos\/s sin libro de registro.<\/li>\n<li class=\"ql-align-justify\">5000 eventos\/s en picos (en un plazo de 60 minutos) con libro de registro.<\/li>\n<li class=\"ql-align-justify\">500 eventos\/s de c\u00e1maras ONVIF.<\/li>\n<li class=\"ql-align-justify\">Libro de registro: 4 GB de tama\u00f1o para el libro de registro.<\/li>\n<\/ul>\n<p class=\"ql-align-justify\"><strong>VRM Especificaciones<\/strong><\/p>\n<ul>\n<li class=\"ql-align-justify\">Version: 3.70 Las versiones anteriores no son compatibles.<\/li>\n<li class=\"ql-align-justify\">N\u00famero m\u00e1ximo de servidores VRM por Management Server 125: (m\u00e1ximo 2000 c\u00e1maras en total).<\/li>\n<li class=\"ql-align-justify\">N\u00famero m\u00e1ximo de sesiones de reproducci\u00f3n: 64.<\/li>\n<\/ul>\n<p><img decoding=\"async\" class=\"overview-center-img-web\" src=\"https:\/\/tvc.mx\/media\/29642\/Logoopaginas-oficial-1920x400.png\" alt=\"\" \/><\/p>\n","protected":false},"excerpt":{"rendered":"<p>Conexi\u00f3n con CAJERO AUTOM\u00c1TICO\/PUNTO DE VENTA Bosch Video Management System (BVMS)\u00a0es una soluci\u00f3n de seguridad de\u00a0v\u00eddeo IP\u00a0corporativa \u00fanica que proporciona una\u00a0gesti\u00f3n totalmente integrada de v\u00eddeo digital, audio y datos sobre cualquier red IP.\u00a0Proporciona el mejor\u00a0VMS\u00a0para los dispositivos de\u00a0CCTV de Bosch, aprovechando las capacidades exclusivas de&hellip;<\/p>\n","protected":false},"featured_media":7779,"comment_status":"open","ping_status":"closed","template":"","meta":{"om_disable_all_campaigns":false,"_monsterinsights_skip_tracking":false,"_monsterinsights_sitenote_active":false,"_monsterinsights_sitenote_note":"","_monsterinsights_sitenote_category":0},"product_brand":[],"product_cat":[707],"product_tag":[613,611,612,616,615,610,614,617],"class_list":{"0":"post-7780","1":"product","2":"type-product","3":"status-publish","4":"has-post-thumbnail","6":"product_cat-servidores-y-software-de-videovigilancia-bosch-video-vigilancia","7":"product_tag-bosch","8":"product_tag-manhattan","9":"product_tag-saxxon","10":"product_tag-surveon","11":"product_tag-utepo","12":"product_tag-videovigilancia","13":"product_tag-vivotek","14":"product_tag-zteco","16":"first","17":"instock","18":"sale","19":"taxable","20":"shipping-taxable","21":"purchasable","22":"product-type-simple"},"aioseo_notices":[],"_links":{"self":[{"href":"https:\/\/tecsecmty.com\/index.php\/wp-json\/wp\/v2\/product\/7780","targetHints":{"allow":["GET"]}}],"collection":[{"href":"https:\/\/tecsecmty.com\/index.php\/wp-json\/wp\/v2\/product"}],"about":[{"href":"https:\/\/tecsecmty.com\/index.php\/wp-json\/wp\/v2\/types\/product"}],"replies":[{"embeddable":true,"href":"https:\/\/tecsecmty.com\/index.php\/wp-json\/wp\/v2\/comments?post=7780"}],"version-history":[{"count":0,"href":"https:\/\/tecsecmty.com\/index.php\/wp-json\/wp\/v2\/product\/7780\/revisions"}],"wp:featuredmedia":[{"embeddable":true,"href":"https:\/\/tecsecmty.com\/index.php\/wp-json\/wp\/v2\/media\/7779"}],"wp:attachment":[{"href":"https:\/\/tecsecmty.com\/index.php\/wp-json\/wp\/v2\/media?parent=7780"}],"wp:term":[{"taxonomy":"product_brand","embeddable":true,"href":"https:\/\/tecsecmty.com\/index.php\/wp-json\/wp\/v2\/product_brand?post=7780"},{"taxonomy":"product_cat","embeddable":true,"href":"https:\/\/tecsecmty.com\/index.php\/wp-json\/wp\/v2\/product_cat?post=7780"},{"taxonomy":"product_tag","embeddable":true,"href":"https:\/\/tecsecmty.com\/index.php\/wp-json\/wp\/v2\/product_tag?post=7780"}],"curies":[{"name":"wp","href":"https:\/\/api.w.org\/{rel}","templated":true}]}}