{"id":7782,"date":"2023-02-23T16:19:26","date_gmt":"2023-02-23T22:19:26","guid":{"rendered":"https:\/\/tecsecmty.com\/index.php\/producto\/bosch-v_mbvfeup100-actualizacion-de-bvms-10-a-enterprise\/"},"modified":"2023-03-22T23:21:50","modified_gmt":"2023-03-23T05:21:50","slug":"bosch-v_mbvfeup100-actualizacion-de-bvms-10-a-enterprise","status":"publish","type":"product","link":"https:\/\/tecsecmty.com\/index.php\/producto\/bosch-v_mbvfeup100-actualizacion-de-bvms-10-a-enterprise\/","title":{"rendered":"BOSCH V_MBVFEUP100- ACTUALIZACION DE BVMS 10 A ENTERPRISE"},"content":{"rendered":"<div class=\"row aling-items-center padding-bottom-2x\">\n<div class=\"col-lg-12\">\n<h5 class=\"card-title text-center\">Descripci\u00f3n inicial<\/h5>\n<p><strong>MBVFEUP100- ACTUALIZACION DE BVMS 10 A ENTERPRISE<\/strong><\/p>\n<p><strong class=\"ql-font-serif\">MBV-FEUP-100 Actualizaci\u00f3n Professional a Enterprise<\/strong><\/p>\n<p><span class=\"ql-font-serif\">Licencia de actualizaci\u00f3n para ampliar una licencia b\u00e1sica de Professional Edition a una licencia b\u00e1sica de Enterprise System.<\/span><\/p>\n<p><img decoding=\"async\" class=\"overview-center-img-web\" src=\"https:\/\/tvc.mx\/media\/266339\/BANNER-CCTV.png\" alt=\"\" \/><\/div>\n<\/div>\n<div class=\"row align-items-center padding-bottom-2x\">\n<div class=\"col-md-5 order-md-2\"><img decoding=\"async\" class=\"d-block m-auto img-thumbnail\" src=\"https:\/\/tvc.mx\/media\/266355\/BMVS_400X300.png\" alt=\" \" \/><\/div>\n<div class=\"col-md-7 order-md-1 text-md-left text-center\">\n<h2>Caracter\u00edsticas y Especificaciones<\/h2>\n<p class=\"text-muted\">\n<p class=\"ql-align-justify\">BVMS Professional es una soluci\u00f3n de seguridad de v\u00eddeo IP \u00fanica que proporciona una gesti\u00f3n totalmente integrada de v\u00eddeo digital, audio y datos sobre cualquier red IP. Proporciona el mejor sistema de gesti\u00f3n de v\u00eddeo para los dispositivos de videovigilancia de Bosch, ya que aprovecha las capacidades exclusivas de las c\u00e1maras y las soluciones de grabaci\u00f3n de Bosch. Adem\u00e1s, ofrece interfaces y est\u00e1ndares para la integraci\u00f3n con otros sistemas y fabricantes. El sistema est\u00e1 equipado con una recuperaci\u00f3n embebida \u00fanica. Mantiene las operaciones en funcionamiento incluso cuando los servidores de gesti\u00f3n y grabaci\u00f3n fallen. Edge Video Content Analysis y la tecnolog\u00eda sin igual de grabaci\u00f3n que gestiona hasta 2000 c\u00e1maras con un solo servidor de grabaci\u00f3n reducen de forma radical el coste total de propiedad. El software se proporciona como licencia electr\u00f3nica por correo electr\u00f3nico. Certificaciones y aprobaciones Reglamento General de Protecci\u00f3n de Datos (RGPD) El Reglamento General de Protecci\u00f3n de Datos (RGPD) entr\u00f3 en vigor el 25 de mayo de 2018. Como reglamento, ser\u00e1 aplicable directamente en todos los Estados Miembros de la Uni\u00f3n Europea sin necesidad de normativas nacionales para su aplicaci\u00f3n. Puesto que la informaci\u00f3n capturada, procesada y almacenada por los sistemas de vigilancia de v\u00eddeo est\u00e1 clasificada como \u00absensible\u00bb, el RGPD afectar\u00e1 de forma apreciable a las instalaciones de vigilancia de v\u00eddeo en toda Europa. BVMS incluye la funcionalidad necesaria para garantizar que una organizaci\u00f3n pueda cumplir el GDPR. Notas de configuraci\u00f3n\/instalaci\u00f3n La gu\u00eda de dise\u00f1o de sistemas de BVMS se publica en la p\u00e1gina web siguiente: Comunidad de Bosch Building Technologies.<\/p>\n<p class=\"ql-align-justify\">En la gu\u00eda de dise\u00f1o de sistemas resume los detalles de dise\u00f1o de BVMS y sirve como gu\u00eda para planificar un sistema BVMS con almacenamiento y c\u00e1maras de Bosch. Se centra en BVMS combinado con VRM. BVMS Enterprise Varios sistemas BVMS Lite, Plus, Professional o sistemas DIVAR IP se pueden combinar en un BVMS Enterprise System.<\/p>\n<p class=\"ql-align-justify\">Software Assurance Adem\u00e1s de los t\u00e9rminos y condiciones de venta est\u00e1ndar de Bosch Security Systems, Bosch Software Assurance es una opci\u00f3n excelente para mantener BVMS siempre al d\u00eda. Con el cambio continuo de las plataformas y la compatibilidad con la versi\u00f3n, las actualizaciones peri\u00f3dicas son fundamentales. Con Bosch Software Assurance, cuenta con la tranquilidad de tener siempre derecho a las mejoras m\u00e1s recientes del software. Garantiza un soporte t\u00e9cnico completo y el acceso a reparaciones. Bosch Software Assurance est\u00e1 disponible en el cat\u00e1logo de productos. Especificaciones t\u00e9cnicas Las notas de versi\u00f3n proporcionan una descripci\u00f3n detallada de los cambios implementados en comparaci\u00f3n con la versi\u00f3n anterior de BVMS. En las especificaciones de ingenier\u00eda y arquitectura se describe en detalle lo que el sistema es capaz de hacer.<\/p>\n<\/div>\n<\/div>\n","protected":false},"excerpt":{"rendered":"<p>Descripci\u00f3n inicial MBVFEUP100- ACTUALIZACION DE BVMS 10 A ENTERPRISE MBV-FEUP-100 Actualizaci\u00f3n Professional a Enterprise Licencia de actualizaci\u00f3n para ampliar una licencia b\u00e1sica de Professional Edition a una licencia b\u00e1sica de Enterprise System. Caracter\u00edsticas y Especificaciones BVMS Professional es una soluci\u00f3n de seguridad de v\u00eddeo IP&hellip;<\/p>\n","protected":false},"featured_media":7781,"comment_status":"open","ping_status":"closed","template":"","meta":{"om_disable_all_campaigns":false,"_monsterinsights_skip_tracking":false,"_monsterinsights_sitenote_active":false,"_monsterinsights_sitenote_note":"","_monsterinsights_sitenote_category":0},"product_brand":[],"product_cat":[707],"product_tag":[613,611,612,616,615,610,614,617],"class_list":{"0":"post-7782","1":"product","2":"type-product","3":"status-publish","4":"has-post-thumbnail","6":"product_cat-servidores-y-software-de-videovigilancia-bosch-video-vigilancia","7":"product_tag-bosch","8":"product_tag-manhattan","9":"product_tag-saxxon","10":"product_tag-surveon","11":"product_tag-utepo","12":"product_tag-videovigilancia","13":"product_tag-vivotek","14":"product_tag-zteco","16":"first","17":"instock","18":"sale","19":"taxable","20":"shipping-taxable","21":"purchasable","22":"product-type-simple"},"aioseo_notices":[],"_links":{"self":[{"href":"https:\/\/tecsecmty.com\/index.php\/wp-json\/wp\/v2\/product\/7782","targetHints":{"allow":["GET"]}}],"collection":[{"href":"https:\/\/tecsecmty.com\/index.php\/wp-json\/wp\/v2\/product"}],"about":[{"href":"https:\/\/tecsecmty.com\/index.php\/wp-json\/wp\/v2\/types\/product"}],"replies":[{"embeddable":true,"href":"https:\/\/tecsecmty.com\/index.php\/wp-json\/wp\/v2\/comments?post=7782"}],"version-history":[{"count":0,"href":"https:\/\/tecsecmty.com\/index.php\/wp-json\/wp\/v2\/product\/7782\/revisions"}],"wp:featuredmedia":[{"embeddable":true,"href":"https:\/\/tecsecmty.com\/index.php\/wp-json\/wp\/v2\/media\/7781"}],"wp:attachment":[{"href":"https:\/\/tecsecmty.com\/index.php\/wp-json\/wp\/v2\/media?parent=7782"}],"wp:term":[{"taxonomy":"product_brand","embeddable":true,"href":"https:\/\/tecsecmty.com\/index.php\/wp-json\/wp\/v2\/product_brand?post=7782"},{"taxonomy":"product_cat","embeddable":true,"href":"https:\/\/tecsecmty.com\/index.php\/wp-json\/wp\/v2\/product_cat?post=7782"},{"taxonomy":"product_tag","embeddable":true,"href":"https:\/\/tecsecmty.com\/index.php\/wp-json\/wp\/v2\/product_tag?post=7782"}],"curies":[{"name":"wp","href":"https:\/\/api.w.org\/{rel}","templated":true}]}}