{"id":7812,"date":"2023-02-23T16:20:22","date_gmt":"2023-02-23T22:20:22","guid":{"rendered":"https:\/\/tecsecmty.com\/index.php\/producto\/bosch-v_mbvxchandip-licencia-para-ampliacion-de-8-canales-en-divar-ip-7000\/"},"modified":"2023-03-22T23:21:52","modified_gmt":"2023-03-23T05:21:52","slug":"bosch-v_mbvxchandip-licencia-para-ampliacion-de-8-canales-en-divar-ip-7000","status":"publish","type":"product","link":"https:\/\/tecsecmty.com\/index.php\/producto\/bosch-v_mbvxchandip-licencia-para-ampliacion-de-8-canales-en-divar-ip-7000\/","title":{"rendered":"BOSCH V_MBVXCHANDIP &#8211; Licencia para ampliacion de 8 canales en DIVAR IP 7000"},"content":{"rendered":"<p><img fetchpriority=\"high\" decoding=\"async\" class=\"aligncenter\" src=\"http:\/\/soporte.tvc.mx\/Ingenieria\/BOSCH\/BANNER\/ALLTECH.jpg\" alt=\"\" width=\"734\" height=\"187\" \/><\/p>\n<p>&nbsp;<\/p>\n<p>La familia DIVAR IP 7000 es una soluci\u00f3n todo en uno asequible, f\u00e1cil de utilizar y fiable de grabaci\u00f3n, visualizaci\u00f3n y gesti\u00f3n para sistemas de vigilancia en red de hasta 128 canales (con 32 canales con licencia previa). Cuando se combina con la soluci\u00f3n completa Bosch Video Management System y el software Video Recording Manager de Bosch, DIVAR IP 7000 es un dispositivo de almacenamiento IP inteligente que elimina la necesidad de disponer de hardware de almacenamiento y servidor NVR (Network Video Recorder) independientes, reduciendo el coste total de propiedad en hasta un 45 %. DIVAR IP 7000 3U es una unidad con montaje en rack 3HU que combina gesti\u00f3n avanzada y gesti\u00f3n de grabaciones de vanguardia en un \u00fanico dispositivo de grabaci\u00f3n IP Plug and Play rentable dise\u00f1ado para clientes que buscan soluciones de TI.<\/p>\n<p><strong>LICENCIA PARA AMPLIACION A 8 CANALES EN DIVAR IP 7000<\/strong><\/p>\n<p><strong>Nota:\u00a0Licencia ampliaci\u00f3n c\u00e1mara\/descodif.\u00a0<\/strong>Licencia de Bosch Video Management System paraDIVAR IP. Licencia de ampliaci\u00f3n para 8 canales (c\u00e1maras\/ decodificadores).<strong>\u00a0N\u00famero de pedido MBV-XCHAN-DIP<\/strong><\/p>\n<p>&nbsp;<\/p>\n<p><img decoding=\"async\" src=\"https:\/\/soporte.tvc.mx\/Ingenieria\/BOSCH\/RBM192001\/imagenes%20e%20relleno\/d4.png\" alt=\"\" width=\"593\" height=\"345\" \/><\/p>\n","protected":false},"excerpt":{"rendered":"<p>&nbsp; La familia DIVAR IP 7000 es una soluci\u00f3n todo en uno asequible, f\u00e1cil de utilizar y fiable de grabaci\u00f3n, visualizaci\u00f3n y gesti\u00f3n para sistemas de vigilancia en red de hasta 128 canales (con 32 canales con licencia previa). Cuando se combina con la soluci\u00f3n&hellip;<\/p>\n","protected":false},"featured_media":7811,"comment_status":"open","ping_status":"closed","template":"","meta":{"om_disable_all_campaigns":false,"_monsterinsights_skip_tracking":false,"_monsterinsights_sitenote_active":false,"_monsterinsights_sitenote_note":"","_monsterinsights_sitenote_category":0},"product_brand":[],"product_cat":[707],"product_tag":[613,611,612,616,615,610,614,617],"class_list":{"0":"post-7812","1":"product","2":"type-product","3":"status-publish","4":"has-post-thumbnail","6":"product_cat-servidores-y-software-de-videovigilancia-bosch-video-vigilancia","7":"product_tag-bosch","8":"product_tag-manhattan","9":"product_tag-saxxon","10":"product_tag-surveon","11":"product_tag-utepo","12":"product_tag-videovigilancia","13":"product_tag-vivotek","14":"product_tag-zteco","16":"first","17":"instock","18":"sale","19":"taxable","20":"shipping-taxable","21":"purchasable","22":"product-type-simple"},"aioseo_notices":[],"_links":{"self":[{"href":"https:\/\/tecsecmty.com\/index.php\/wp-json\/wp\/v2\/product\/7812","targetHints":{"allow":["GET"]}}],"collection":[{"href":"https:\/\/tecsecmty.com\/index.php\/wp-json\/wp\/v2\/product"}],"about":[{"href":"https:\/\/tecsecmty.com\/index.php\/wp-json\/wp\/v2\/types\/product"}],"replies":[{"embeddable":true,"href":"https:\/\/tecsecmty.com\/index.php\/wp-json\/wp\/v2\/comments?post=7812"}],"version-history":[{"count":0,"href":"https:\/\/tecsecmty.com\/index.php\/wp-json\/wp\/v2\/product\/7812\/revisions"}],"wp:featuredmedia":[{"embeddable":true,"href":"https:\/\/tecsecmty.com\/index.php\/wp-json\/wp\/v2\/media\/7811"}],"wp:attachment":[{"href":"https:\/\/tecsecmty.com\/index.php\/wp-json\/wp\/v2\/media?parent=7812"}],"wp:term":[{"taxonomy":"product_brand","embeddable":true,"href":"https:\/\/tecsecmty.com\/index.php\/wp-json\/wp\/v2\/product_brand?post=7812"},{"taxonomy":"product_cat","embeddable":true,"href":"https:\/\/tecsecmty.com\/index.php\/wp-json\/wp\/v2\/product_cat?post=7812"},{"taxonomy":"product_tag","embeddable":true,"href":"https:\/\/tecsecmty.com\/index.php\/wp-json\/wp\/v2\/product_tag?post=7812"}],"curies":[{"name":"wp","href":"https:\/\/api.w.org\/{rel}","templated":true}]}}