{"id":7820,"date":"2023-02-23T16:20:40","date_gmt":"2023-02-23T22:20:40","guid":{"rendered":"https:\/\/tecsecmty.com\/index.php\/producto\/bosch-v_mbvxdvrdip-licencia-de-ampliacion-de-dvr-para-divar-ip-7000-y-divar-ip-3000\/"},"modified":"2023-03-22T23:21:52","modified_gmt":"2023-03-23T05:21:52","slug":"bosch-v_mbvxdvrdip-licencia-de-ampliacion-de-dvr-para-divar-ip-7000-y-divar-ip-3000","status":"publish","type":"product","link":"https:\/\/tecsecmty.com\/index.php\/producto\/bosch-v_mbvxdvrdip-licencia-de-ampliacion-de-dvr-para-divar-ip-7000-y-divar-ip-3000\/","title":{"rendered":"BOSCH V_MBVXDVRDIP &#8211; Licencia de ampliacion de DVR para DIVAR IP 7000 y DIVAR IP 3000"},"content":{"rendered":"<div class=\"row aling-items-center padding-bottom-2x\">\n<div class=\"col-lg-12\">\n<h5 class=\"card-title text-center\">Bosch Video Management System 6.5<\/h5>\n<p>M\u00e1xima resiliencia para asegurar un funcionamiento continuo.<\/p>\n<p>Hasta 2000 c\u00e1maras con un solo servidor de grabaci\u00f3n significan grandes ahorros.<\/p>\n<p>Un sistema escalable que crece con sus necesidades.<\/p>\n<p>Mejor integraci\u00f3n con hardware de video de Bosch.<\/p>\n<p>Ofrece integraci\u00f3n con c\u00e1maras de terceros seleccionadas y sistemas de almacenamiento, as\u00ed como con otra soluci\u00f3n de proveedores<\/p>\n<p><img decoding=\"async\" class=\"overview-center-img-web\" src=\"https:\/\/tvc.mx\/media\/186755\/BANNER_CCTV.png\" alt=\"\" \/><\/div>\n<\/div>\n<div class=\"row align-items-center padding-bottom-2x\">\n<div class=\"col-md-5 order-md-2\"><img decoding=\"async\" class=\"d-block m-auto img-thumbnail\" src=\"https:\/\/tvc.mx\/media\/186759\/bvms2.png\" alt=\" \" \/><\/div>\n<div class=\"col-md-7 order-md-1 text-md-left text-center\">\n<h2>Descripci\u00f3n inicial<\/h2>\n<p class=\"text-muted\">\n<p>El sistema de gesti\u00f3n de v\u00eddeo de Bosch es un soluci\u00f3n de seguridad de video IP empresarial que proporciona gesti\u00f3n perfecta de v\u00eddeo, audio y datos digitales a trav\u00e9s de cualquier red IP. Proporciona el mejor VMS para llevar con los dispositivos CCTV de Bosch, aprovechando el capacidades de las c\u00e1maras y soluciones de grabaci\u00f3n de Bosch.<\/p>\n<p>No obstante, ofrece interfaces y est\u00e1ndares para integrar otros sistemas y fabricantes.<\/p>\n<p>El sistema est\u00e1 equipado con un exclusivo<\/p>\n<p>Resiliencia.<\/p>\n<p>Mantiene las operaciones en funcionamiento incluso cuando ambos<\/p>\n<p>Los servidores de administraci\u00f3n y grabaci\u00f3n fallan.<\/p>\n<p>An\u00e1lisis de video inteligente de vanguardia y lo inigualable tecnolog\u00eda de grabaci\u00f3n que gestiona hasta 2000 c\u00e1maras (incluidas hasta 500 c\u00e1maras ONVIF) con un solo servidor reduce dr\u00e1sticamente el costo total de propiedad.<\/p>\n<p>El sistema de gesti\u00f3n de v\u00eddeo de Bosch permite una dise\u00f1o de sistema flexible:<\/p>\n<p>\u2022 Profesional: sistema de servidor de gesti\u00f3n \u00fanico<\/p>\n<p>1 a 2000 c\u00e1maras listas para usar.<\/p>\n<p>Solo este sistema es compatible con Bosch VMS-BIS<\/p>\n<p><strong>Conectividad<\/strong><\/p>\n<p>\u2022 Sistema empresarial: compatible con la gesti\u00f3n m\u00faltiple<\/p>\n<p>Requisitos del servidor para metro, aeropuerto y otros grandes instalaciones industriales en diferentes zonas horarias<\/p>\n<p>Soporta monitoreo controlado a trav\u00e9s de diferentes legales entidades. Monitoreo de hasta 10,000 c\u00e1maras en 10 subsistemas por grupo de usuarios, lo que da como resultado 200.000 c\u00e1maras en total.<\/p>\n<p>Hasta 30 subsistemas por grupo de usuarios para &lt;100 c\u00e1maras por subsistema, lo que permite a cada operador acceder a eventos, alarmas, en directo y reproducci\u00f3n desde hasta 30 equipos de Management Server simult\u00e1neamente.<\/p>\n<p>\u2022 M\u00e1ximo 500 c\u00e1maras ONVIF por administraci\u00f3n<\/p>\n<p>Servidor<\/p>\n<p>\u2022 Acceso a en vivo, incluido el control PTZ y grabado v\u00eddeo de hasta 9999 sitios con grabadoras DVR de Bosch,<\/p>\n<p>DIVAR IP 3000\/7000 y servidor de administraci\u00f3n \u00fanico ordenadores Bosch Video Management System est\u00e1 instalado en un<\/p>\n<p>Sistema operativo Microsoft Windows.<\/p>\n<p>Recomendamos utilizar estaciones de trabajo Bosch y Servidores. Est\u00e1n completamente probados y optimizados para Bosch.<\/p>\n<p>Sistema de gesti\u00f3n de video.<\/p>\n<p>Adem\u00e1s de los t\u00e9rminos est\u00e1ndar de Bosch ST y condiciones de venta, el mantenimiento de software de Bosch<\/p>\n<p>El acuerdo es una gran opci\u00f3n para mantener el VMS siempre<\/p>\n<p>El contrato de mantenimiento de software de Bosch es disponible en el cat\u00e1logo de productos.<\/p>\n<\/div>\n<\/div>\n","protected":false},"excerpt":{"rendered":"<p>Bosch Video Management System 6.5 M\u00e1xima resiliencia para asegurar un funcionamiento continuo. Hasta 2000 c\u00e1maras con un solo servidor de grabaci\u00f3n significan grandes ahorros. Un sistema escalable que crece con sus necesidades. Mejor integraci\u00f3n con hardware de video de Bosch. Ofrece integraci\u00f3n con c\u00e1maras de&hellip;<\/p>\n","protected":false},"featured_media":7819,"comment_status":"open","ping_status":"closed","template":"","meta":{"om_disable_all_campaigns":false,"_monsterinsights_skip_tracking":false,"_monsterinsights_sitenote_active":false,"_monsterinsights_sitenote_note":"","_monsterinsights_sitenote_category":0},"product_brand":[],"product_cat":[707],"product_tag":[613,611,612,616,615,610,614,617],"class_list":{"0":"post-7820","1":"product","2":"type-product","3":"status-publish","4":"has-post-thumbnail","6":"product_cat-servidores-y-software-de-videovigilancia-bosch-video-vigilancia","7":"product_tag-bosch","8":"product_tag-manhattan","9":"product_tag-saxxon","10":"product_tag-surveon","11":"product_tag-utepo","12":"product_tag-videovigilancia","13":"product_tag-vivotek","14":"product_tag-zteco","16":"first","17":"instock","18":"sale","19":"taxable","20":"shipping-taxable","21":"purchasable","22":"product-type-simple"},"aioseo_notices":[],"_links":{"self":[{"href":"https:\/\/tecsecmty.com\/index.php\/wp-json\/wp\/v2\/product\/7820","targetHints":{"allow":["GET"]}}],"collection":[{"href":"https:\/\/tecsecmty.com\/index.php\/wp-json\/wp\/v2\/product"}],"about":[{"href":"https:\/\/tecsecmty.com\/index.php\/wp-json\/wp\/v2\/types\/product"}],"replies":[{"embeddable":true,"href":"https:\/\/tecsecmty.com\/index.php\/wp-json\/wp\/v2\/comments?post=7820"}],"version-history":[{"count":0,"href":"https:\/\/tecsecmty.com\/index.php\/wp-json\/wp\/v2\/product\/7820\/revisions"}],"wp:featuredmedia":[{"embeddable":true,"href":"https:\/\/tecsecmty.com\/index.php\/wp-json\/wp\/v2\/media\/7819"}],"wp:attachment":[{"href":"https:\/\/tecsecmty.com\/index.php\/wp-json\/wp\/v2\/media?parent=7820"}],"wp:term":[{"taxonomy":"product_brand","embeddable":true,"href":"https:\/\/tecsecmty.com\/index.php\/wp-json\/wp\/v2\/product_brand?post=7820"},{"taxonomy":"product_cat","embeddable":true,"href":"https:\/\/tecsecmty.com\/index.php\/wp-json\/wp\/v2\/product_cat?post=7820"},{"taxonomy":"product_tag","embeddable":true,"href":"https:\/\/tecsecmty.com\/index.php\/wp-json\/wp\/v2\/product_tag?post=7820"}],"curies":[{"name":"wp","href":"https:\/\/api.w.org\/{rel}","templated":true}]}}