{"id":7822,"date":"2023-02-23T16:20:44","date_gmt":"2023-02-23T22:20:44","guid":{"rendered":"https:\/\/tecsecmty.com\/index.php\/producto\/bosch-v_mbvxint70-licencia-para-agregar-un-panel-de-intrusion-bosch-al-bvms\/"},"modified":"2023-03-22T23:21:52","modified_gmt":"2023-03-23T05:21:52","slug":"bosch-v_mbvxint70-licencia-para-agregar-un-panel-de-intrusion-bosch-al-bvms","status":"publish","type":"product","link":"https:\/\/tecsecmty.com\/index.php\/producto\/bosch-v_mbvxint70-licencia-para-agregar-un-panel-de-intrusion-bosch-al-bvms\/","title":{"rendered":"BOSCH V_MBVXINT70 &#8211; Licencia para agregar un panel de intrusion BOSCH al BVMS"},"content":{"rendered":"<h5 class=\"card-title text-center\">Ampliaci\u00f3n de Panel de intrusi\u00f3n<\/h5>\n<p class=\"ql-align-justify\"><strong>Bosch Video Management System\u00a0<\/strong>es una soluci\u00f3n exclusiva de seguridad de\u00a0<strong>v\u00eddeo IP<\/strong>\u00a0que permite una gesti\u00f3n perfecta de v\u00eddeo, audio y datos digitales a trav\u00e9s de cualquier red IP. Proporciona el mejor\u00a0<strong>VMS\u00a0<\/strong>para los dispositivos\u00a0<strong>CCTV\u00a0<\/strong>de Bosch, ya que aprovecha las funciones exclusivas de las c\u00e1maras y soluciones de grabaci\u00f3n Bosch. Adem\u00e1s, ofrece interfaces y est\u00e1ndares para integrar otros sistemas y fabricantes. El sistema est\u00e1 dotado de una resiliencia integrada exclusiva. Mantiene en funcionamiento las operaciones cuando fallan tanto los servidores de gesti\u00f3n como los de grabaci\u00f3n. El innovador an\u00e1lisis de v\u00eddeo inteligente y la tecnolog\u00eda de grabaci\u00f3n sin igual que\u00a0<strong>gestiona hasta 2.000 c\u00e1maras con un solo servidor<\/strong>\u00a0reducen dr\u00e1sticamente el coste total de propiedad. Bosch Video Management System permite un dise\u00f1o de sistemas muy flexible:<\/p>\n<p class=\"ql-align-justify\">\u2022 Profesional: Sistema \u00fanico Management Server De 1 a 2.000 c\u00e1maras listas para usar. Solo este sistema admite Bosch VMS-BIS Connectivity.<\/p>\n<ul>\n<li class=\"ql-align-justify\">Enterprise System: es compatible con los requisitos de varios Management Server para metros, aeropuertos y otras grandes instalaciones industriales en distintas zonas horarias. Admite la supervisi\u00f3n controlada en distintas entidades legales. Supervisi\u00f3n de hasta 10.000 c\u00e1maras distribuidas entre 10 subsistemas por grupo de usuarios, lo que da lugar a un total de 200.000 c\u00e1maras. Hasta 30 subsistemas por grupo de usuarios para &lt;100 c\u00e1maras por subsistema, lo que permite a cada operador acceder a eventos, alarmas, contenido en directo o reproducido de hasta 30 equipos Management Server simult\u00e1neamente.<\/li>\n<li class=\"ql-align-justify\">2.000 c\u00e1maras ONVIF como m\u00e1ximo por Management Server.<\/li>\n<li class=\"ql-align-justify\">Acceso a im\u00e1genes en directo, incluidos el control PTZ y el v\u00eddeo grabado de hasta 9.999 sitios con grabadores DVR de Bosch, DIVAR IP 3000 \/ 7000 y sistemas \u00fanicos de Management Server.<\/li>\n<\/ul>\n<p class=\"ql-align-justify\"><strong>El programa Bosch Video Management System<\/strong>\u00a0se instala en un sistema operativo\u00a0<strong>Microsoft Windows<\/strong>. Se recomienda usar estaciones de trabajo y servidores de Bosch, que han sido ampliamente probados y est\u00e1n optimizados para\u00a0<strong>Bosch Video Management System<\/strong>. Adem\u00e1s de las condiciones de venta normales de Bosch ST, el contrato de mantenimiento de software de Bosch es una opci\u00f3n excelente para mantener el sistema VMS siempre actualizado.<\/p>\n<p class=\"ql-align-justify\"><strong>Resumen del sistema<\/strong><\/p>\n<p class=\"ql-align-justify\"><strong>Componentes de software:<\/strong><\/p>\n<ul>\n<li class=\"ql-align-justify\">El software Management Server permite gestionar, supervisar y controlar todo el sistema. Un solo Management Server gestiona hasta 2.000 c\u00e1maras\/ codificadores.<\/li>\n<li class=\"ql-align-justify\">Enterprise Management Server proporciona acceso a m\u00faltiples Management Servers.<\/li>\n<li class=\"ql-align-justify\">Video Recording Manager (VRM) permite gestionar la grabaci\u00f3n y reproducci\u00f3n de v\u00eddeo, audio y datos. Un solo VRM gestiona hasta 2.000 c\u00e1maras\/codificadores (incluye un m\u00e1ximo de 2.000 c\u00e1maras ONVIF).<\/li>\n<li class=\"ql-align-justify\">El software Configuration Client proporciona una interfaz de usuario sencilla para configurar y gestionar el sistema.<\/li>\n<li class=\"ql-align-justify\">El software Config Wizard permite configurar de manera f\u00e1cil y r\u00e1pida un peque\u00f1o sistema de grabaci\u00f3n cuando se utiliza el dispositivo VMS de Bosch.<\/li>\n<li class=\"ql-align-justify\">Dispositivo Bosch VMS: DIVAR IP 3000\/7000 es una soluci\u00f3n todo en uno sencilla y fiable para grabar, visualizar y gestionar sistemas de vigilancia en red con 32 canales con licencia preinstalada.<\/li>\n<li class=\"ql-align-justify\">El software Operator Client proporciona una interfaz de usuario ergon\u00f3mica e intuitiva para supervisar y utilizar el sistema.<\/li>\n<li class=\"ql-align-justify\">Mobile Video Service proporciona un servicio de transcodificaci\u00f3n Transcodifica el flujo de v\u00eddeo grabado y en directo de una c\u00e1mara configurada seg\u00fan el ancho de banda disponible de la red. Este servicio permite a los clientes de v\u00eddeo ver im\u00e1genes de alta calidad con un ancho de banda bajo.<\/li>\n<li class=\"ql-align-justify\">Aplicaci\u00f3n m\u00f3vil (iPhone o iPad): Acceso en directo y reproducci\u00f3n de v\u00eddeos desde ubicaciones remotas en vista \u00fanica o cu\u00e1druple. Alerte y comparta v\u00eddeos en directo desde c\u00e1maras m\u00f3viles con el personal de seguridad, con un solo clic. Aplicaci\u00f3n disponible en AppStore.<\/li>\n<li class=\"ql-align-justify\">Web Client: Acceso en directo y reproducci\u00f3n de v\u00eddeos desde ubicaciones remotas en vista \u00fanica o cu\u00e1druple. Busque datos de texto y active la exportaci\u00f3n de v\u00eddeos en Management Server.<\/li>\n<li class=\"ql-align-justify\">Bosch Video Streaming Gateway: c\u00e1maras Bosch, c\u00e1maras ONVIF, c\u00e1maras JPEG y codificadores RTSP.<\/li>\n<\/ul>\n<p class=\"ql-align-justify\"><strong>C\u00e1maras<\/strong><\/p>\n<ul>\n<li class=\"ql-align-justify\">Compatible con c\u00e1maras panor\u00e1micas y UHD, codificadores MPEG-4 y H.264, c\u00e1maras IP MPEG-4 y H.264 y c\u00e1maras AutoDome IP con formatos SD y HD de Bosch.<\/li>\n<li class=\"ql-align-justify\">Resoluciones HD admitidas: 720p y 1080p, 5, 8 y 12 megap\u00edxeles.<\/li>\n<li class=\"ql-align-justify\">Intelligent Video Analytics y b\u00fasqueda cient\u00edfica.<\/li>\n<li class=\"ql-align-justify\">Detecci\u00f3n de incendios basada en v\u00eddeo.<\/li>\n<li class=\"ql-align-justify\">Automated Network Replenishment (ANR).<\/li>\n<li class=\"ql-align-justify\">Region of Interest (regi\u00f3n de inter\u00e9s, ROI).<\/li>\n<li class=\"ql-align-justify\">Intelligent Tracking.<\/li>\n<li class=\"ql-align-justify\">Configuraci\u00f3n de calidad ajustada a cada tipo de c\u00e1mara. Consulte las hojas de datos de las c\u00e1maras para obtener m\u00e1s informaci\u00f3n.<\/li>\n<li class=\"ql-align-justify\">Compatibilidad con c\u00e1maras de terceros a trav\u00e9s de RTSP, JPEG o perfil S de ONVIF. La lista de c\u00e1maras compatibles de terceros se publica en el sitio web de Bosch del programa de socios Bosch Integration Partner Program.<\/li>\n<\/ul>\n<p class=\"ql-align-justify\"><strong>Configuraci\u00f3n de alarmas<\/strong><\/p>\n<ul>\n<li class=\"ql-align-justify\">Activaci\u00f3n de alarmas basada en una planificaci\u00f3n.<\/li>\n<li class=\"ql-align-justify\">Las alarmas pueden activar la grabaci\u00f3n en modo de alarma para cualquier c\u00e1mara.<\/li>\n<li class=\"ql-align-justify\">Se pueden definir hasta 100 prioridades de alarma.<\/li>\n<li class=\"ql-align-justify\">Aparici\u00f3n de datos de texto pueden activar una grabaci\u00f3n por alarma.<\/li>\n<\/ul>\n<p class=\"ql-align-justify\"><strong>Nota: Panel de intrusi\u00f3n Licencia de ampliaci\u00f3n para integrar paneles de intrusi\u00f3n. N\u00famero de pedido: MBV-XINT-70.<\/strong><\/p>\n<p class=\"ql-align-justify\"><strong>Principales Caracter\u00edsticas<\/strong><\/p>\n<ul>\n<li class=\"ql-align-justify\">M\u00e1xima resiliencia para garantizar un funcionamiento continuo.<\/li>\n<li class=\"ql-align-justify\">Hasta 2.000 c\u00e1maras con un \u00fanico servidor de grabaci\u00f3n, lo que conlleva un gran ahorro.<\/li>\n<li class=\"ql-align-justify\">Inteligente cambio de flujo autom\u00e1tico para la visualizaci\u00f3n en directo.<\/li>\n<li class=\"ql-align-justify\">La mejor integraci\u00f3n con el hardware de v\u00eddeo de Bosch.<\/li>\n<li class=\"ql-align-justify\">Comunicaci\u00f3n encriptada con las c\u00e1maras.<\/li>\n<\/ul>\n<p class=\"ql-align-justify\"><strong>Especificaciones<\/strong><\/p>\n<p class=\"ql-align-justify\"><strong>Sistema<\/strong><\/p>\n<ul>\n<li class=\"ql-align-justify\">N\u00famero m\u00e1ximo de estaciones de trabajo que visualizan simult\u00e1neamente la misma c\u00e1mara Multicast: 100 Unicast: 5.<\/li>\n<li class=\"ql-align-justify\">Idiomas de la interfaz de usuario compatibles Alem\u00e1n, \u00e1rabe, coreano, checo, chino simplificado, chino tradicional, dan\u00e9s, espa\u00f1ol, fin\u00e9s, franc\u00e9s, griego, h\u00fangaro, ingl\u00e9s, italiano, japon\u00e9s, neerland\u00e9s, noruego, polaco, portugu\u00e9s, ruso, sueco, tailand\u00e9s, turco y vietnamita.<\/li>\n<li class=\"ql-align-justify\">Tiempo de reacci\u00f3n ante un evento &lt;1 segundo, suponiendo que hay suficiente ancho de banda de red.<\/li>\n<li class=\"ql-align-justify\">Tiempo de reacci\u00f3n ante una alarma (con 1 panel de imagen en directo, 1 panel de imagen de reproducci\u00f3n instant\u00e1nea y 1 panel de imagen de mapa): 2 segundos como m\u00e1ximo, suponiendo que hay suficiente ancho de banda de red.<\/li>\n<li class=\"ql-align-justify\">Requisitos de ancho de banda para LAN Un m\u00ednimo de 1 Gbps para las conexiones entre: Operator Client y Management Server Operator Client y VRM\/DiBos Management Server y NVR\/VRM\/ DiBos.<\/li>\n<li class=\"ql-align-justify\">Requisitos de ancho de banda para el acceso remoto &gt;= 300 kbps.<\/li>\n<li class=\"ql-align-justify\">Transcodificador hardware El transcodificador hardware VIP- -XTCXF-INT o VJT-XTCXF se debe configurar en VRM. Consulte la documentaci\u00f3n de VRM. La transcodificaci\u00f3n hardware solo se aplica a c\u00e1maras BVIP conectadas a VRM. Para transcodificar los flujos en directo no es necesario que la c\u00e1mara correspondiente est\u00e9 grabando.<\/li>\n<li class=\"ql-align-justify\">Puertos abiertos necesarios Consulte el cap\u00edtulo sobre los puertos utilizados en la Ayuda en l\u00ednea o en el Manual de Configuration Client.<\/li>\n<\/ul>\n<p class=\"ql-align-justify\"><strong>Management Server<\/strong><\/p>\n<ul>\n<li class=\"ql-align-justify\">N\u00famero m\u00e1ximo de eventos permitidos Para un m\u00e1ximo rendimiento del servidor: 500 eventos\/s con diario de registros 1.000 eventos\/s sin diario de registros 5.000 eventos\/s de pico m\u00e1ximo transitorio (en 60 minutes) con diario de registros 500 eventos\/s desde c\u00e1maras ONVIF.<\/li>\n<li class=\"ql-align-justify\">Diario de registros Compatible con SQL Server 2014 Express (versi\u00f3n de 64 bits).<\/li>\n<li class=\"ql-align-justify\">Tama\u00f1o del diario de registros: 4 GB N\u00famero m\u00e1ximo de planificaciones de tareas 200.<\/li>\n<li class=\"ql-align-justify\">Recuperaci\u00f3n ante desastres de Management Server (R\u00e9plica Hyper-V) Hyper-V de Microsoft Requisitos del SO: Windows Server 2012 SR2 (64 bits) Requisitos m\u00ednimos de hardware: 2 PC HP ProLiant DL380 con 16 GB de RAM y una tarjeta de interfaz de red (NIC) de 4 puertos, disco duro de 200 GB.<\/li>\n<li class=\"ql-align-justify\">Alta disponibilidad de Management Server (cl\u00faster de conmutaci\u00f3n por error Hyper-V y StarWind) Hyper-V de Microsoft; Requisito de SO: Windows Server 2012 SR2 (64 bits) con controlador de dominio para HA.<\/li>\n<\/ul>\n<p class=\"ql-align-justify\"><strong>VRM<\/strong><\/p>\n<ul>\n<li class=\"ql-align-justify\">Versi\u00f3n 3.60 Las versiones anteriores no son compatibles..<\/li>\n<li class=\"ql-align-justify\">N\u00famero m\u00e1ximo de servidores VRM por Management Server 125 (m\u00e1ximo de 2.000 c\u00e1maras en total) Velocidad de datos m\u00e1xima por iSCSI Para cualquier aspecto relacionado con las soluciones de almacenamiento iSCSI, p\u00f3ngase en contacto con Bosch Design Engineer..<\/li>\n<li class=\"ql-align-justify\">N\u00famero m\u00e1ximo de sesiones de reproducci\u00f3n 64.<\/li>\n<\/ul>\n<p class=\"ql-align-justify\"><strong>Requisitos m\u00ednimos del PC para estaciones de trabajo cliente Sistema operativo<\/strong><\/p>\n<ul>\n<li class=\"ql-align-justify\">Windows 8.1 (64 bits, no Windows 8.0) o Windows 10 Anniversary Update Se recomienda instalar Internet Explorer 11.<\/li>\n<li class=\"ql-align-justify\">CPU Intel Core i7 4770 3,4 GHz (hasta 3,9 GHz).<\/li>\n<li class=\"ql-align-justify\">RAM M\u00ednimo de 8 GB.<\/li>\n<li class=\"ql-align-justify\">Espacio libre en disco M\u00ednimo de 3 GB para sistemas de ubicaci\u00f3n \u00fanica M\u00ednimo de 5 GB para sistemas de varias ubicaciones (Enterprise) Se recomienda tener un espacio libre m\u00ednimo del 15% del disco.<\/li>\n<li class=\"ql-align-justify\">Tarjeta de red 1000Base-T.<\/li>\n<li class=\"ql-align-justify\">Resoluci\u00f3n de la pantalla Se recomienda una resoluci\u00f3n m\u00ednima por monitor de 1024 x 768 1280 x 1024 o superior.<\/li>\n<\/ul>\n<p class=\"ql-align-justify\"><strong>Tarjetas gr\u00e1ficas recomendadas:<\/strong><\/p>\n<ul>\n<li class=\"ql-align-justify\">MHW-AWGC-K2200.<\/li>\n<li class=\"ql-align-justify\">MHW-AWGC-K620.<\/li>\n<li class=\"ql-align-justify\">MHW-AWGC-K4200.<\/li>\n<li class=\"ql-align-justify\">MHW-AWGC-K5200.<\/li>\n<li class=\"ql-align-justify\">AMD FirePro W5100.<\/li>\n<\/ul>\n<p class=\"ql-align-justify\"><strong>Requisitos m\u00ednimos del PC para Management Server, Mobile Video Service y Configuration Client Sistema operativo<\/strong><\/p>\n<ul>\n<li class=\"ql-align-justify\">Windows 2012 Server R2 (64 bits) o Windows 2008 Server R2 SP1 (64 bits) necesario para m\u00e1s de 500 c\u00e1maras Windows 8.1 (64 bits) necesario para Management Server, Configuration Client y Operator Client en el mismo ordenador y un m\u00e1ximo de 500 codificadores\/c\u00e1maras IP Se recomienda instalar Internet Explorer 11.<\/li>\n<li class=\"ql-align-justify\">CPU Intel Core i7 4770 3,4 GHz (hasta 3,9 GHz).<\/li>\n<li class=\"ql-align-justify\">RAM M\u00ednimo de 8 GB.<\/li>\n<li class=\"ql-align-justify\">Espacio libre en disco M\u00ednimo 15 GB Se recomienda tener un espacio libre m\u00ednimo del 15% del disco.<\/li>\n<li class=\"ql-align-justify\">Tarjeta de red 1000Base-T.<\/li>\n<li class=\"ql-align-justify\">Resoluci\u00f3n de la pantalla 1280 x 1024.<\/li>\n<\/ul>\n<p class=\"ql-align-justify\"><strong>Requisitos m\u00ednimos del servidor de VRM Sistema operativo<\/strong><\/p>\n<ul>\n<li class=\"ql-align-justify\">Windows Server 2008 R2 (Standard Edition, 64 bits), Windows Storage Server 2008 R2 (Standard Edition, 64 bits), Windows 7 Ultimate, Professional (Service Pack 1, 32 bits, 64 bits), Windows Server 2012 R2, Windows Storage Server 2012 R2.<\/li>\n<li class=\"ql-align-justify\">CPU 1 o 2 procesadores de n\u00facleo cu\u00e1druple Intel Xeon E5606 (2,13 GHz, cach\u00e9 L3 de 8 MB) o superior.<\/li>\n<li class=\"ql-align-justify\">RAM M\u00ednimo 4 GB Espacio libre en disco 1.000 MB Se recomienda tener un espacio libre m\u00ednimo del 15% del disco..<\/li>\n<li class=\"ql-align-justify\">Tarjeta de red 1 Gbps.<\/li>\n<li class=\"ql-align-justify\">Resoluci\u00f3n de la pantalla 1.024 x 768 o superior.<\/li>\n<\/ul>\n<p class=\"ql-align-justify\"><strong>Acceso remoto<\/strong><\/p>\n<p class=\"ql-align-justify\"><strong>No se admite la reproducci\u00f3n de codificador e iSCSI directo.<\/strong><\/p>\n<ul>\n<li class=\"ql-align-justify\">VRM En directo, reproducci\u00f3n, control PTZ.<\/li>\n<li class=\"ql-align-justify\">ONVIF En directo, reproducci\u00f3n, control PTZ (todos mediante VSG).<\/li>\n<li class=\"ql-align-justify\">Almacenamiento local En directo, control PTZ Solo en directo En directo, control PTZ.<\/li>\n<li class=\"ql-align-justify\">BRS\/DiBos No es posible.<\/li>\n<li class=\"ql-align-justify\">DVR En directo, reproducci\u00f3n, control PTZ.<\/li>\n<\/ul>\n<p><img decoding=\"async\" class=\"overview-center-img- aligncenter\" src=\"https:\/\/tvc.mx\/media\/8189\/Logoopaginas-oficial.png\" alt=\"\" \/><\/p>\n","protected":false},"excerpt":{"rendered":"<p>Ampliaci\u00f3n de Panel de intrusi\u00f3n Bosch Video Management System\u00a0es una soluci\u00f3n exclusiva de seguridad de\u00a0v\u00eddeo IP\u00a0que permite una gesti\u00f3n perfecta de v\u00eddeo, audio y datos digitales a trav\u00e9s de cualquier red IP. Proporciona el mejor\u00a0VMS\u00a0para los dispositivos\u00a0CCTV\u00a0de Bosch, ya que aprovecha las funciones exclusivas de&hellip;<\/p>\n","protected":false},"featured_media":7821,"comment_status":"open","ping_status":"closed","template":"","meta":{"om_disable_all_campaigns":false,"_monsterinsights_skip_tracking":false,"_monsterinsights_sitenote_active":false,"_monsterinsights_sitenote_note":"","_monsterinsights_sitenote_category":0},"product_brand":[],"product_cat":[707],"product_tag":[613,611,612,616,615,610,614,617],"class_list":{"0":"post-7822","1":"product","2":"type-product","3":"status-publish","4":"has-post-thumbnail","6":"product_cat-servidores-y-software-de-videovigilancia-bosch-video-vigilancia","7":"product_tag-bosch","8":"product_tag-manhattan","9":"product_tag-saxxon","10":"product_tag-surveon","11":"product_tag-utepo","12":"product_tag-videovigilancia","13":"product_tag-vivotek","14":"product_tag-zteco","16":"first","17":"instock","18":"sale","19":"taxable","20":"shipping-taxable","21":"purchasable","22":"product-type-simple"},"aioseo_notices":[],"_links":{"self":[{"href":"https:\/\/tecsecmty.com\/index.php\/wp-json\/wp\/v2\/product\/7822","targetHints":{"allow":["GET"]}}],"collection":[{"href":"https:\/\/tecsecmty.com\/index.php\/wp-json\/wp\/v2\/product"}],"about":[{"href":"https:\/\/tecsecmty.com\/index.php\/wp-json\/wp\/v2\/types\/product"}],"replies":[{"embeddable":true,"href":"https:\/\/tecsecmty.com\/index.php\/wp-json\/wp\/v2\/comments?post=7822"}],"version-history":[{"count":0,"href":"https:\/\/tecsecmty.com\/index.php\/wp-json\/wp\/v2\/product\/7822\/revisions"}],"wp:featuredmedia":[{"embeddable":true,"href":"https:\/\/tecsecmty.com\/index.php\/wp-json\/wp\/v2\/media\/7821"}],"wp:attachment":[{"href":"https:\/\/tecsecmty.com\/index.php\/wp-json\/wp\/v2\/media?parent=7822"}],"wp:term":[{"taxonomy":"product_brand","embeddable":true,"href":"https:\/\/tecsecmty.com\/index.php\/wp-json\/wp\/v2\/product_brand?post=7822"},{"taxonomy":"product_cat","embeddable":true,"href":"https:\/\/tecsecmty.com\/index.php\/wp-json\/wp\/v2\/product_cat?post=7822"},{"taxonomy":"product_tag","embeddable":true,"href":"https:\/\/tecsecmty.com\/index.php\/wp-json\/wp\/v2\/product_tag?post=7822"}],"curies":[{"name":"wp","href":"https:\/\/api.w.org\/{rel}","templated":true}]}}