{"id":7824,"date":"2023-02-23T16:20:47","date_gmt":"2023-02-23T22:20:47","guid":{"rendered":"https:\/\/tecsecmty.com\/index.php\/producto\/bosch-v_mbvxintdip-licencia-para-agregar-un-panel-de-intrusion-a-divar-ip\/"},"modified":"2023-03-22T23:21:52","modified_gmt":"2023-03-23T05:21:52","slug":"bosch-v_mbvxintdip-licencia-para-agregar-un-panel-de-intrusion-a-divar-ip","status":"publish","type":"product","link":"https:\/\/tecsecmty.com\/index.php\/producto\/bosch-v_mbvxintdip-licencia-para-agregar-un-panel-de-intrusion-a-divar-ip\/","title":{"rendered":"BOSCH V_MBVXINTDIP &#8211; Licencia para agregar un panel de intrusion a DIVAR IP"},"content":{"rendered":"<h5 class=\"card-title text-center\">Licencia ampliaci\u00f3n servicio v\u00eddeo m\u00f3vil<\/h5>\n<p class=\"ql-align-justify\"><strong>La familia DIVAR IP 7000\u00a0<\/strong>es una soluci\u00f3n todo en uno asequible, f\u00e1cil de utilizar y fiable de grabaci\u00f3n, visualizaci\u00f3n y gesti\u00f3n para sistemas de vigilancia en red de hasta 128 canales (con 32 canales con licencia previa). Cuando se combina con la soluci\u00f3n completa\u00a0<strong>Bosch Video Management System<\/strong>\u00a0y el software<strong>\u00a0Video Recording Manager de Bosch, DIVAR IP 7000\u00a0<\/strong>es un dispositivo de almacenamiento IP inteligente que elimina la necesidad de disponer de hardware de almacenamiento y servidor<strong>\u00a0NVR (Network Video Recorder)\u00a0<\/strong>independientes, reduciendo el coste total de propiedad en hasta un 45 %.\u00a0<strong>DIVAR IP 7000 2U<\/strong>\u00a0es una unidad con montaje en rack 2HU que combina gesti\u00f3n avanzada y gesti\u00f3n de grabaciones de vanguardia en un \u00fanico dispositivo de grabaci\u00f3n IP Plug and Play rentable dise\u00f1ado para clientes que buscan soluciones de TI.<\/p>\n<p class=\"ql-align-justify\"><strong>Resumen del sistema<\/strong><\/p>\n<p class=\"ql-align-justify\">La familia DIVAR IP 7000 utiliza un dise\u00f1o integrado con uso eficiente de la energ\u00eda que reduce los posibles puntos de fallo y ofrece la calidad total de Bosch. El uso de discos duros de altas prestaciones en configuraci\u00f3n RAID-5 con tolerancia a fallos, interfaz de red Gigabit Ethernet de dos puertos, memoria del sistema de 8 GB y un procesador Intel Xeon Quad Core permite al dispositivo proporcionar un rendimiento de gama alta a un precio muy razonable.<\/p>\n<p class=\"ql-align-justify\"><strong>Nota: Licencia ampliaci\u00f3n servicio v\u00eddeo m\u00f3vil<\/strong><\/p>\n<p class=\"ql-align-justify\"><strong>Licencia de Bosch Video Management System paraDIVAR IP. Licencia de ampliaci\u00f3n para integrar paneles de intrusi\u00f3n.<\/strong><\/p>\n<p class=\"ql-align-justify\"><strong>N\u00famero de pedido: MBV-XINT-DIP.<\/strong><\/p>\n<p class=\"ql-align-justify\"><strong>Principales Caracter\u00edsticas<\/strong><\/p>\n<ul>\n<li class=\"ql-align-justify\">Soluci\u00f3n de gesti\u00f3n de v\u00eddeo todo en uno con protecci\u00f3n RAID-5 (configuraci\u00f3n est\u00e1ndar) para un m\u00e1ximo de 128 canales.<\/li>\n<li class=\"ql-align-justify\">Soluci\u00f3n de gesti\u00f3n de v\u00eddeo IP lista para usar con una capacidad de almacenamiento de 64 TB u Acceso inmediato a lo que se est\u00e1 buscando.<\/li>\n<li class=\"ql-align-justify\">Gesti\u00f3n avanzada de alarmas y usuarios.<\/li>\n<li class=\"ql-align-justify\">Garant\u00eda de 3 a\u00f1os que incluye asistencia al siguiente d\u00eda laborable.<\/li>\n<\/ul>\n<p><img decoding=\"async\" class=\"overview-center-img- aligncenter\" src=\"https:\/\/tvc.mx\/media\/8228\/Logoopaginas-oficial.png\" alt=\"\" \/><\/p>\n","protected":false},"excerpt":{"rendered":"<p>Licencia ampliaci\u00f3n servicio v\u00eddeo m\u00f3vil La familia DIVAR IP 7000\u00a0es una soluci\u00f3n todo en uno asequible, f\u00e1cil de utilizar y fiable de grabaci\u00f3n, visualizaci\u00f3n y gesti\u00f3n para sistemas de vigilancia en red de hasta 128 canales (con 32 canales con licencia previa). Cuando se combina&hellip;<\/p>\n","protected":false},"featured_media":7823,"comment_status":"open","ping_status":"closed","template":"","meta":{"om_disable_all_campaigns":false,"_monsterinsights_skip_tracking":false,"_monsterinsights_sitenote_active":false,"_monsterinsights_sitenote_note":"","_monsterinsights_sitenote_category":0},"product_brand":[],"product_cat":[707],"product_tag":[613,611,612,616,615,610,614,617],"class_list":{"0":"post-7824","1":"product","2":"type-product","3":"status-publish","4":"has-post-thumbnail","6":"product_cat-servidores-y-software-de-videovigilancia-bosch-video-vigilancia","7":"product_tag-bosch","8":"product_tag-manhattan","9":"product_tag-saxxon","10":"product_tag-surveon","11":"product_tag-utepo","12":"product_tag-videovigilancia","13":"product_tag-vivotek","14":"product_tag-zteco","16":"first","17":"instock","18":"sale","19":"taxable","20":"shipping-taxable","21":"purchasable","22":"product-type-simple"},"aioseo_notices":[],"_links":{"self":[{"href":"https:\/\/tecsecmty.com\/index.php\/wp-json\/wp\/v2\/product\/7824","targetHints":{"allow":["GET"]}}],"collection":[{"href":"https:\/\/tecsecmty.com\/index.php\/wp-json\/wp\/v2\/product"}],"about":[{"href":"https:\/\/tecsecmty.com\/index.php\/wp-json\/wp\/v2\/types\/product"}],"replies":[{"embeddable":true,"href":"https:\/\/tecsecmty.com\/index.php\/wp-json\/wp\/v2\/comments?post=7824"}],"version-history":[{"count":0,"href":"https:\/\/tecsecmty.com\/index.php\/wp-json\/wp\/v2\/product\/7824\/revisions"}],"wp:featuredmedia":[{"embeddable":true,"href":"https:\/\/tecsecmty.com\/index.php\/wp-json\/wp\/v2\/media\/7823"}],"wp:attachment":[{"href":"https:\/\/tecsecmty.com\/index.php\/wp-json\/wp\/v2\/media?parent=7824"}],"wp:term":[{"taxonomy":"product_brand","embeddable":true,"href":"https:\/\/tecsecmty.com\/index.php\/wp-json\/wp\/v2\/product_brand?post=7824"},{"taxonomy":"product_cat","embeddable":true,"href":"https:\/\/tecsecmty.com\/index.php\/wp-json\/wp\/v2\/product_cat?post=7824"},{"taxonomy":"product_tag","embeddable":true,"href":"https:\/\/tecsecmty.com\/index.php\/wp-json\/wp\/v2\/product_tag?post=7824"}],"curies":[{"name":"wp","href":"https:\/\/api.w.org\/{rel}","templated":true}]}}