{"id":7826,"date":"2023-02-23T16:20:49","date_gmt":"2023-02-23T22:20:49","guid":{"rendered":"https:\/\/tecsecmty.com\/index.php\/producto\/bosch-v_mbvxkbd100-licencia-expansion-de-teclado-100\/"},"modified":"2023-03-22T23:21:52","modified_gmt":"2023-03-23T05:21:52","slug":"bosch-v_mbvxkbd100-licencia-expansion-de-teclado-100","status":"publish","type":"product","link":"https:\/\/tecsecmty.com\/index.php\/producto\/bosch-v_mbvxkbd100-licencia-expansion-de-teclado-100\/","title":{"rendered":"BOSCH V_MBVXKBD100- LICENCIA EXPANSION DE TECLADO 100"},"content":{"rendered":"<div class=\"row aling-items-center padding-bottom-2x\">\n<div class=\"col-lg-12\">\n<h5 class=\"card-title text-center\">MBVXKBD100- LICENCIA EXPANSION DE TECLADO 100<\/h5>\n<p><strong class=\"ql-font-serif\">MBV-XKBD-100 Licencia ampliaci\u00f3n teclado<\/strong><\/p>\n<p><span class=\"ql-font-serif\">Licencia de ampliaci\u00f3n para 1 teclado de CCTV. Pida el n\u00famero exacto de unidades que necesite.<\/span><\/p>\n<p><img decoding=\"async\" class=\"overview-center-img-web\" src=\"https:\/\/tvc.mx\/media\/642872\/BANNER_CCTV-a-199.5.png\" alt=\"\" \/><\/div>\n<\/div>\n<div class=\"row align-items-center padding-bottom-2x\">\n<div class=\"col-md-5 order-md-2\"><img decoding=\"async\" class=\"d-block m-auto img-thumbnail\" src=\"https:\/\/tvc.mx\/media\/642882\/MBV-BPRO-100conf1-resumen.png\" alt=\" \" \/><\/div>\n<div class=\"col-md-7 order-md-1 text-md-left text-center\">\n<h2>Resumen del sistema<\/h2>\n<p class=\"text-muted\">\n<p>BVMS Professional es una soluci\u00f3n de seguridad de v\u00eddeo IP \u00fanica que proporciona una gesti\u00f3n totalmente integrada de v\u00eddeo digital, audio y datos sobre cualquier red IP. Proporciona el mejor sistema de gesti\u00f3n de v\u00eddeo para los dispositivos de videovigilancia de Bosch, ya que aprovecha las capacidades exclusivas de las c\u00e1maras y las soluciones de grabaci\u00f3n de Bosch. Adem\u00e1s, ofrece interfaces y est\u00e1ndares para la integraci\u00f3n con otros sistemas y fabricantes. El sistema est\u00e1 equipado con una recuperaci\u00f3n embebida \u00fanica. Mantiene las operaciones en funcionamiento incluso cuando los servidores de gesti\u00f3n y grabaci\u00f3n fallen. Edge Video Content Analysis y la tecnolog\u00eda sin igual de grabaci\u00f3n que gestiona hasta 2000 c\u00e1maras con un solo servidor de grabaci\u00f3n reducen de forma radical el coste total de propiedad. El software se proporciona como licencia electr\u00f3nica por correo electr\u00f3nico.<\/p>\n<p>&nbsp;<\/p>\n<\/div>\n<\/div>\n<hr class=\"padding-bottom-2x\" \/>\n<div class=\"row align-items-center padding-bottom-2x\">\n<div class=\"col-md-5\"><img decoding=\"async\" class=\"d-block m-auto img-thumbnail\" src=\"https:\/\/tvc.mx\/media\/642887\/MBV-BPRO-100conf2.png\" alt=\" \" \/><\/div>\n<div class=\"col-md-7 text-md-left text-center\">\n<h2>Caracter\u00edsticas y Especificaciones<\/h2>\n<p class=\"text-muted\">\n<p><strong>Nota: MBV-BPRO-100 Licencia base Professional<\/strong><\/p>\n<p><strong>Licencia b\u00e1sica para edici\u00f3n Professional. 8 c\u00e1maras, 5 estaciones de trabajo, 5 teclados de CCTV, 1 DVR, 1 panel de intrusi\u00f3n, 8 canales de grabaci\u00f3n de seguridad, 8 canales de grabaci\u00f3n dual y ATM\/POS, funciones Allegiant y OPC.<\/strong><\/p>\n<p><strong>N\u00famero de pedido: MBV-BPRO-100\u00a0<\/strong><\/p>\n<p><strong>Piezas incluidas<\/strong><\/p>\n<ul>\n<li>1 Licencia de software: BVMS Professional Edition<\/li>\n<\/ul>\n<h4><strong>Especificaciones<\/strong><\/h4>\n<ul>\n<li>N\u00famero m\u00e1ximo de estaciones de trabajo100<\/li>\n<li>N\u00famero m\u00e1ximo de dispositivos IP2000 (de los cuales hasta 128 decodificadores)<\/li>\n<li>N\u00famero m\u00e1ximo de sitios de visualizaci\u00f3n en directo y de reproducci\u00f3n9999<\/li>\n<li>N\u00famero m\u00e1ximo de canales de stitching100<\/li>\n<li>N\u00famero m\u00e1ximo de paneles de intrusi\u00f3n20 (512\u00a0detectores por panel) o 40 (256\u00a0detectores por panel)<\/li>\n<li>N\u00famero m\u00e1ximo de DVR50N\u00famero m\u00e1ximo de VRM128<\/li>\n<li>N\u00famero m\u00e1ximo de eventos producidos (diario de registros) por segundo1000N\u00famero m\u00e1ximo de eventos producidos (sin diario de registros) por segundo2500Carga m\u00e1xima de eventos por segundo (en un plazo de 60\u00a0minutos)5000<\/li>\n<li>N\u00famero m\u00e1ximo de eventos por segundo de c\u00e1maras ONVIF500<\/li>\n<li>Tama\u00f1o del diario de registros4\u00a0GB<\/li>\n<li>ComponenteIdiomasGu\u00eda de instalaci\u00f3n r\u00e1pidaIngl\u00e9s, franc\u00e9s, alem\u00e1n, chino simplificado y espa\u00f1olManual de configuraci\u00f3nIngl\u00e9s, alem\u00e1n, neerland\u00e9s, italiano, portugu\u00e9s, franc\u00e9s, espa\u00f1ol, chino simplificado, chino tradicional, ruso, checo, griego, polaco, sueco, turco y coreano.<\/li>\n<li>Manual de funcionamientoIngl\u00e9s, alem\u00e1n, neerland\u00e9s, italiano, portugu\u00e9s, franc\u00e9s, espa\u00f1ol, chino simplificado, chino tradicional, ruso, checo, griego, polaco, sueco, turco y coreano.SoftwareIngl\u00e9s, alem\u00e1n, neerland\u00e9s, italiano, portugu\u00e9s, franc\u00e9s, espa\u00f1ol, chino simplificado, chino tradicional, ruso, h\u00fangaro, japon\u00e9s, checo, dan\u00e9s, finland\u00e9s, griego, noruego, polaco, sueco, tailand\u00e9s, turco, coreano, \u00e1rabe y vietnamita<\/li>\n<li>Descripci\u00f3n Sistema operativoWindows Server 2012 R2 (64 bits)<\/li>\n<li>Windows Server 2016\u00a0(64\u00a0bits) Actualizaci\u00f3n (1909) de noviembre de 2019 de<\/li>\n<li>Windows 10 Professional (64\u00a0bits) Actualizaci\u00f3n de mayo de 2019 de Windows 10 Professional (64\u00a0bits) (1903)<\/li>\n<li>Versi\u00f3n 1809 de Windows 10 Enterprise (64\u00a0bits) 2019 LTSC<\/li>\n<li>Windows Server 2019\u00a0(64\u00a0bits)<\/li>\n<li>CPUIntel Xeon Silver 4110 (2,1 GHz, 8 n\u00facleos)<\/li>\n<\/ul>\n<\/div>\n<\/div>\n","protected":false},"excerpt":{"rendered":"<p>MBVXKBD100- LICENCIA EXPANSION DE TECLADO 100 MBV-XKBD-100 Licencia ampliaci\u00f3n teclado Licencia de ampliaci\u00f3n para 1 teclado de CCTV. Pida el n\u00famero exacto de unidades que necesite. Resumen del sistema BVMS Professional es una soluci\u00f3n de seguridad de v\u00eddeo IP \u00fanica que proporciona una gesti\u00f3n totalmente&hellip;<\/p>\n","protected":false},"featured_media":7825,"comment_status":"open","ping_status":"closed","template":"","meta":{"om_disable_all_campaigns":false,"_monsterinsights_skip_tracking":false,"_monsterinsights_sitenote_active":false,"_monsterinsights_sitenote_note":"","_monsterinsights_sitenote_category":0},"product_brand":[],"product_cat":[707],"product_tag":[613,611,612,616,615,610,614,617],"class_list":{"0":"post-7826","1":"product","2":"type-product","3":"status-publish","4":"has-post-thumbnail","6":"product_cat-servidores-y-software-de-videovigilancia-bosch-video-vigilancia","7":"product_tag-bosch","8":"product_tag-manhattan","9":"product_tag-saxxon","10":"product_tag-surveon","11":"product_tag-utepo","12":"product_tag-videovigilancia","13":"product_tag-vivotek","14":"product_tag-zteco","16":"first","17":"instock","18":"sale","19":"taxable","20":"shipping-taxable","21":"purchasable","22":"product-type-simple"},"aioseo_notices":[],"_links":{"self":[{"href":"https:\/\/tecsecmty.com\/index.php\/wp-json\/wp\/v2\/product\/7826","targetHints":{"allow":["GET"]}}],"collection":[{"href":"https:\/\/tecsecmty.com\/index.php\/wp-json\/wp\/v2\/product"}],"about":[{"href":"https:\/\/tecsecmty.com\/index.php\/wp-json\/wp\/v2\/types\/product"}],"replies":[{"embeddable":true,"href":"https:\/\/tecsecmty.com\/index.php\/wp-json\/wp\/v2\/comments?post=7826"}],"version-history":[{"count":0,"href":"https:\/\/tecsecmty.com\/index.php\/wp-json\/wp\/v2\/product\/7826\/revisions"}],"wp:featuredmedia":[{"embeddable":true,"href":"https:\/\/tecsecmty.com\/index.php\/wp-json\/wp\/v2\/media\/7825"}],"wp:attachment":[{"href":"https:\/\/tecsecmty.com\/index.php\/wp-json\/wp\/v2\/media?parent=7826"}],"wp:term":[{"taxonomy":"product_brand","embeddable":true,"href":"https:\/\/tecsecmty.com\/index.php\/wp-json\/wp\/v2\/product_brand?post=7826"},{"taxonomy":"product_cat","embeddable":true,"href":"https:\/\/tecsecmty.com\/index.php\/wp-json\/wp\/v2\/product_cat?post=7826"},{"taxonomy":"product_tag","embeddable":true,"href":"https:\/\/tecsecmty.com\/index.php\/wp-json\/wp\/v2\/product_tag?post=7826"}],"curies":[{"name":"wp","href":"https:\/\/api.w.org\/{rel}","templated":true}]}}