{"id":7844,"date":"2023-02-23T16:21:25","date_gmt":"2023-02-23T22:21:25","guid":{"rendered":"https:\/\/tecsecmty.com\/index.php\/producto\/bosch-v_mbvxwst75-licencia-para-estacion-de-trabajo-bvms75\/"},"modified":"2023-03-22T23:21:53","modified_gmt":"2023-03-23T05:21:53","slug":"bosch-v_mbvxwst75-licencia-para-estacion-de-trabajo-bvms75","status":"publish","type":"product","link":"https:\/\/tecsecmty.com\/index.php\/producto\/bosch-v_mbvxwst75-licencia-para-estacion-de-trabajo-bvms75\/","title":{"rendered":"BOSCH V_MBVXWST75 &#8211; Licencia para estacion de trabajo BVMS75"},"content":{"rendered":"<p class=\"ql-align-justify\"><strong>Bosch Video Management System es una soluci\u00f3n exclusiva de seguridad de v\u00eddeo IP que permite una gesti\u00f3n perfecta de v\u00eddeo, audio y datos digitales a trav\u00e9s de cualquier red IP.<\/strong>\u00a0<strong>Proporciona el mejor VMS para los dispositivos CCTV de Bosch<\/strong>, ya que aprovecha las funciones exclusivas de las c\u00e1maras y soluciones de grabaci\u00f3n Bosch. Adem\u00e1s, ofrece interfaces y est\u00e1ndares para integrar otros sistemas y fabricantes.<\/p>\n<p class=\"ql-align-justify\">El sistema est\u00e1 dotado de una resiliencia integrada exclusiva. Mantiene en funcionamiento las operaciones cuando fallan tanto los servidores de gesti\u00f3n como los de grabaci\u00f3n. El innovador an\u00e1lisis de v\u00eddeo inteligente y la tecnolog\u00eda de grabaci\u00f3n sin igual que gestiona hasta\u00a0<strong>2.000 c\u00e1maras con un solo servidor reducen dr\u00e1sticamente el coste total de propiedad.<\/strong><\/p>\n<p class=\"ql-align-justify\"><strong>Bosch Video Management System permite un dise\u00f1o de sistemas muy flexible:<\/strong><\/p>\n<ul>\n<li class=\"ql-align-justify\">Profesional: Sistema \u00fanico Management Server De 1 a 2.000 c\u00e1maras listas para usar. Solo este sistema admite Bosch VMS-BIS Connectivity.<\/li>\n<li class=\"ql-align-justify\">Enterprise System: es compatible con los requisitos de varios Management Server para metros, aeropuertos y otras grandes instalaciones industriales en distintas zonas horarias. Admite la supervisi\u00f3n controlada en distintas entidades legales. Supervisi\u00f3n de hasta 10.000 c\u00e1maras distribuidas entre 10 subsistemas por grupo de usuarios, lo que da lugar a un total de 200.000 c\u00e1maras. Hasta 30 subsistemas por grupo de usuarios para &lt;100 c\u00e1maras por subsistema, lo que permite a cada operador acceder a eventos, alarmas, contenido en directo o reproducido de hasta 30 equipos Management Server simult\u00e1neamente.<\/li>\n<li class=\"ql-align-justify\">2.000 c\u00e1maras ONVIF como m\u00e1ximo por Management Server.<\/li>\n<li class=\"ql-align-justify\">Acceso a im\u00e1genes en directo, incluidos el control PTZ y el v\u00eddeo grabado de hasta 9.999 sitios con grabadores DVR de Bosch,\u00a0<strong>DIVAR IP 3000 \/ 7000 y sistemas \u00fanicos de Management Server.<\/strong><\/li>\n<li class=\"ql-align-justify\"><strong>Funci\u00f3n de esclusa para gestionar dos puertas coordinadas<\/strong>\u00a0con dos pares de lectoras; recomendado para niveles altos de seguridad, por ejemplo, en entradas a cuartos de servidores o a departamentos de investigaci\u00f3n.<\/li>\n<\/ul>\n<p class=\"ql-align-justify\"><strong>El programa Bosch Video Management System se instala en un sistema operativo Microsoft Windows.<\/strong>\u00a0Se recomienda usar estaciones de trabajo y servidores de Bosch, que han sido ampliamente probados y est\u00e1n optimizados para Bosch Video Management System. Adem\u00e1s de las condiciones de venta normales de Bosch ST, el contrato de mantenimiento de software de Bosch es una opci\u00f3n excelente para mantener el sistema VMS siempre actualizado.<\/p>\n<p class=\"ql-align-justify\"><strong>Nota:\u00a0Ampliaci\u00f3n de estaci\u00f3n de trabajo de BVMS 7.5<\/strong><\/p>\n<p class=\"ql-align-justify\"><strong>Licencia para ampliaci\u00f3n de 1 estaci\u00f3n de trabajo (cada estaci\u00f3n de trabajo adicional requiere una licencia).<\/strong><\/p>\n<p class=\"ql-align-justify\"><strong>N\u00famero de pedido: MBV-XWST-75.<\/strong><\/p>\n<p class=\"ql-align-justify\"><strong>Principales\u00a0<\/strong><strong>Caracter\u00edsticas<\/strong><\/p>\n<ul>\n<li class=\"ql-align-justify\">Control avanzado de accesos con administraci\u00f3n directa de alarmas.<\/li>\n<li class=\"ql-align-justify\">Integraci\u00f3n e interacci\u00f3n perfectas con sistemas de video, incendio, intrusi\u00f3n y sistemas PA\/VA mediante la plataforma BIS com\u00fan.<\/li>\n<li class=\"ql-align-justify\">Configuraci\u00f3n f\u00e1cil de instalar mediante el uso de definiciones de plantillas de modelos de puertas y la importaci\u00f3n de los datos de usuario de tarjeta existentes.<\/li>\n<li class=\"ql-align-justify\">Administraci\u00f3n mejorada de la zona de estacionamiento y visitas u Integraci\u00f3n de productos de terceros mediante protocolos abiertos y SDK.<\/li>\n<\/ul>\n<p><img decoding=\"async\" class=\"overview-center-img- aligncenter\" src=\"https:\/\/tvc.mx\/media\/14897\/Logoopaginas-oficial.png\" alt=\"\" \/><\/p>\n","protected":false},"excerpt":{"rendered":"<p>Bosch Video Management System es una soluci\u00f3n exclusiva de seguridad de v\u00eddeo IP que permite una gesti\u00f3n perfecta de v\u00eddeo, audio y datos digitales a trav\u00e9s de cualquier red IP.\u00a0Proporciona el mejor VMS para los dispositivos CCTV de Bosch, ya que aprovecha las funciones exclusivas&hellip;<\/p>\n","protected":false},"featured_media":7843,"comment_status":"open","ping_status":"closed","template":"","meta":{"om_disable_all_campaigns":false,"_monsterinsights_skip_tracking":false,"_monsterinsights_sitenote_active":false,"_monsterinsights_sitenote_note":"","_monsterinsights_sitenote_category":0},"product_brand":[],"product_cat":[707],"product_tag":[613,611,612,616,615,610,614,617],"class_list":{"0":"post-7844","1":"product","2":"type-product","3":"status-publish","4":"has-post-thumbnail","6":"product_cat-servidores-y-software-de-videovigilancia-bosch-video-vigilancia","7":"product_tag-bosch","8":"product_tag-manhattan","9":"product_tag-saxxon","10":"product_tag-surveon","11":"product_tag-utepo","12":"product_tag-videovigilancia","13":"product_tag-vivotek","14":"product_tag-zteco","16":"first","17":"instock","18":"sale","19":"taxable","20":"shipping-taxable","21":"purchasable","22":"product-type-simple"},"aioseo_notices":[],"_links":{"self":[{"href":"https:\/\/tecsecmty.com\/index.php\/wp-json\/wp\/v2\/product\/7844","targetHints":{"allow":["GET"]}}],"collection":[{"href":"https:\/\/tecsecmty.com\/index.php\/wp-json\/wp\/v2\/product"}],"about":[{"href":"https:\/\/tecsecmty.com\/index.php\/wp-json\/wp\/v2\/types\/product"}],"replies":[{"embeddable":true,"href":"https:\/\/tecsecmty.com\/index.php\/wp-json\/wp\/v2\/comments?post=7844"}],"version-history":[{"count":0,"href":"https:\/\/tecsecmty.com\/index.php\/wp-json\/wp\/v2\/product\/7844\/revisions"}],"wp:featuredmedia":[{"embeddable":true,"href":"https:\/\/tecsecmty.com\/index.php\/wp-json\/wp\/v2\/media\/7843"}],"wp:attachment":[{"href":"https:\/\/tecsecmty.com\/index.php\/wp-json\/wp\/v2\/media?parent=7844"}],"wp:term":[{"taxonomy":"product_brand","embeddable":true,"href":"https:\/\/tecsecmty.com\/index.php\/wp-json\/wp\/v2\/product_brand?post=7844"},{"taxonomy":"product_cat","embeddable":true,"href":"https:\/\/tecsecmty.com\/index.php\/wp-json\/wp\/v2\/product_cat?post=7844"},{"taxonomy":"product_tag","embeddable":true,"href":"https:\/\/tecsecmty.com\/index.php\/wp-json\/wp\/v2\/product_tag?post=7844"}],"curies":[{"name":"wp","href":"https:\/\/api.w.org\/{rel}","templated":true}]}}