{"id":7848,"date":"2023-02-23T16:21:34","date_gmt":"2023-02-23T22:21:34","guid":{"rendered":"https:\/\/tecsecmty.com\/index.php\/producto\/bosch-v_mbvxwst90-licencia-de-ampliacion-de-camara-o-codificador-en-bvms-90\/"},"modified":"2023-03-22T23:21:53","modified_gmt":"2023-03-23T05:21:53","slug":"bosch-v_mbvxwst90-licencia-de-ampliacion-de-camara-o-codificador-en-bvms-90","status":"publish","type":"product","link":"https:\/\/tecsecmty.com\/index.php\/producto\/bosch-v_mbvxwst90-licencia-de-ampliacion-de-camara-o-codificador-en-bvms-90\/","title":{"rendered":"BOSCH V_MBVXWST90- LICENCIA DE AMPLIACION DE CAMARA O CODIFICADOR EN BVMS 90"},"content":{"rendered":"<h5 class=\"card-title text-center\">MBV-XWST-90 Licencia Expansi\u00f3n de estaci\u00f3n de trabajo<\/h5>\n<p class=\"ql-align-justify\"><strong>BVMS Professional es una seguridad de video IP \u00fanica soluci\u00f3n que proporciona una gesti\u00f3n perfecta de lo digital video, audio y datos en cualquier red IP.\u00a0<\/strong>Eso proporciona el mejor sistema de gesti\u00f3n de video para llevar con dispositivos de videovigilancia Bosch, aprovechando el capacidades \u00fanicas de c\u00e1maras y grabaci\u00f3n de Bosch soluciones Sin embargo, ofrece interfaces y est\u00e1ndares para integrar otros sistemas y fabricantes.<\/p>\n<p class=\"ql-align-justify\">El sistema est\u00e1 equipado con un exclusivo incrustado resistencia. Mantiene las operaciones en funcionamiento incluso cuando tanto el servidor de gesti\u00f3n como la grabaci\u00f3n los servidores fallan.<\/p>\n<p class=\"ql-align-justify\">Edge Video Content Analysis y lo inigualable tecnolog\u00eda de grabaci\u00f3n, gestionando hasta 2000 c\u00e1maras con un solo servidor de grabaci\u00f3n, reduce dr\u00e1sticamente los costos totales de propiedad.<\/p>\n<p class=\"ql-align-justify\">El software se proporciona como una licencia electr\u00f3nica por correo electr\u00f3nico.<\/p>\n<p class=\"ql-align-justify\"><strong>Certificaciones y aprobaciones<\/strong><\/p>\n<p class=\"ql-align-justify\"><strong>Reglamento general de protecci\u00f3n de datos<\/strong><\/p>\n<p class=\"ql-align-justify\">El Reglamento General de Protecci\u00f3n de Datos (GDPR) es cumplido el 25 de mayo de 2018. Como reglamento ser\u00e1 directamente aplicable a todos los estados miembros de la UE sin la necesidad de legislaci\u00f3n nacional\u00a0 de implementaci\u00f3n.<\/p>\n<p class=\"ql-align-justify\">Como informaci\u00f3n capturada, procesada y almacenada por los sistemas de video vigilancia se clasifican como \u00absensibles\u00bb el GDPR causar\u00e1 un impacto significativo en el video instalaciones de vigilancia en toda Europa.<\/p>\n<p class=\"ql-align-justify\">BVMS incluye la funcionalidad requerida para garantizar un la organizaci\u00f3n puede cumplir con el RGPD, lo que es m\u00e1s explicado en el documento BVMS &#8211; GDPR, que puede se encuentra en la siguiente p\u00e1gina web: Comunidad de Bosch Building Technologies.<\/p>\n<p class=\"ql-align-justify\"><strong>Notas de instalaci\u00f3n \/ configuraci\u00f3n<\/strong><\/p>\n<p class=\"ql-align-justify\">La gu\u00eda de dise\u00f1o del sistema BVMS se publica en el siguiente p\u00e1gina web: Comunidad de Bosch Building Technologies.<\/p>\n<p class=\"ql-align-justify\">La gu\u00eda de dise\u00f1o del sistema resume el dise\u00f1o de BVMS detalles y sirve como gu\u00eda para planificar un BVMS Sistema con c\u00e1maras Bosch y almacenamiento. Se enfoca en BVMS combinado con el VRM.<\/p>\n<p class=\"ql-align-justify\"><strong>BVMS Enterprise<\/strong><\/p>\n<p class=\"ql-align-justify\">M\u00faltiples sistemas BVMS Plus o BVMS Professional pueden combinarse en un sistema BVMS Enterprise.<\/p>\n<ul>\n<li class=\"ql-align-justify\">Cameras within system context 200.000.<\/li>\n<li class=\"ql-align-justify\">Cameras per operator 10.000.<\/li>\n<li class=\"ql-align-justify\">Sub-systems 10 (1000 cameras per system).<\/li>\n<li class=\"ql-align-justify\">Sub-systems 50 (200 cameras per system).<\/li>\n<\/ul>\n<p class=\"ql-align-justify\"><strong>Seguro de software<\/strong><\/p>\n<p class=\"ql-align-justify\">Adem\u00e1s del est\u00e1ndar de Bosch Security Systems t\u00e9rminos y condiciones de venta, el software de Bosch la garant\u00eda es una excelente opci\u00f3n para mantener BVMS siempre a la altura fecha.<\/p>\n<p class=\"ql-align-justify\">Con plataformas que cambian continuamente y compatibilidad de versiones, las actualizaciones<\/p>\n<p class=\"ql-align-justify\">peri\u00f3dicas son esenciales.<\/p>\n<p class=\"ql-align-justify\">Con Bosch Software Assurance, puede relajarse sabiendo que siempre tienes derecho al \u00faltimo software mejoras Asegura soporte t\u00e9cnico completo y acceso a las revisiones. Bosch Software Assurance es disponible en el cat\u00e1logo de productos.<\/p>\n<p class=\"ql-align-justify\"><strong>Nota: MBV-XWST-90 Licencia Expansi\u00f3n de estaci\u00f3n de trabajo<\/strong><\/p>\n<p class=\"ql-align-justify\"><strong>Licencia de expansi\u00f3n para 1 estaci\u00f3n de trabajo (cada extra estaci\u00f3n de trabajo requiere 1 licencia).<\/strong><\/p>\n<p class=\"ql-align-justify\"><strong>N\u00famero de pedido: MBV-XWST-90.<\/strong><\/p>\n<p class=\"ql-align-justify\"><strong>Principales caracter\u00edsticas<\/strong><\/p>\n<ul>\n<li class=\"ql-align-justify\">Resistencia integrada: mantenga las operaciones activas y ejecut\u00e1ndose incluso cuando fallan varios componentes del sistema.<\/li>\n<li class=\"ql-align-justify\">Costes totales de propiedad reducidos: gestione hasta 2000 c\u00e1maras con un solo servidor para reducir costos de instalaci\u00f3n y operaci\u00f3n. El mejor video de Bosch: la mejor experiencia de usuario combinando c\u00e1maras Bosch con BVMS.<\/li>\n<li class=\"ql-align-justify\">Integraci\u00f3n: integre c\u00e1maras de terceros, almacenamiento y otros sistemas en BVMS.<\/li>\n<li class=\"ql-align-justify\">Entornos de TI y seguridad de datos: aproveche al m\u00e1ximo Compatibilidad de TI desde la instalaci\u00f3n hasta el d\u00eda a d\u00eda gesti\u00f3n de forma segura.<\/li>\n<\/ul>\n<p class=\"ql-align-justify\"><strong>Especificaciones<\/strong><\/p>\n<p class=\"ql-align-justify\"><strong>Especificaciones t\u00e9cnicas<\/strong><\/p>\n<p class=\"ql-align-justify\">Las notas de la versi\u00f3n dan una descripci\u00f3n detallada de cambios que se implementan, en comparaci\u00f3n con el versi\u00f3n anterior de BVMS.<\/p>\n<p class=\"ql-align-justify\">Los arquitectos y las especificaciones de ingenier\u00eda especifican en detalle de lo que es capaz el sistema. Ambos documentos se pueden encontrar en la siguiente web p\u00e1gina: Comunidad de Bosch Building Technologies.<\/p>\n<p class=\"ql-align-justify\"><strong>L\u00edmites del sistema<\/strong><\/p>\n<ul>\n<li class=\"ql-align-justify\">N\u00famero m\u00e1ximo de estaciones de trabajo: 100.<\/li>\n<li class=\"ql-align-justify\">N\u00famero m\u00e1ximo de c\u00e1maras: 2000.<\/li>\n<li class=\"ql-align-justify\">N\u00famero m\u00e1ximo de vivo y sitios de reproducci\u00f3n: 9999.<\/li>\n<li class=\"ql-align-justify\">N\u00famero m\u00e1ximo de puntadas canales: 100.<\/li>\n<li class=\"ql-align-justify\">N\u00famero m\u00e1ximo de intrusiones paneles: 20.<\/li>\n<li class=\"ql-align-justify\">N\u00famero m\u00e1ximo de DVR: 50.<\/li>\n<li class=\"ql-align-justify\">N\u00famero m\u00e1ximo de VRM: 128.<\/li>\n<li class=\"ql-align-justify\">N\u00famero m\u00e1ximo de sostenido eventos (libro de registro) \/ seg: 1000.<\/li>\n<li class=\"ql-align-justify\">N\u00famero m\u00e1ximo de sostenido eventos (sin libro de registro) \/ seg: 2500.<\/li>\n<li class=\"ql-align-justify\">Carga m\u00e1xima de evento pico \/ seg. (dentro de 60 minutos): 5000.<\/li>\n<li class=\"ql-align-justify\">N\u00famero m\u00e1ximo de eventos \/ seg. de las c\u00e1maras ONVIF: 500.<\/li>\n<li class=\"ql-align-justify\">Tama\u00f1o del libro de registro: 4 GB.<\/li>\n<\/ul>\n<p class=\"ql-align-justify\"><strong>Idiomas<\/strong><\/p>\n<p class=\"ql-align-justify\"><strong>Idiomas componentes<\/strong><\/p>\n<ul>\n<li class=\"ql-align-justify\"><strong>Gu\u00eda de instalaci\u00f3n:\u00a0<\/strong>r\u00e1pida en ingl\u00e9s, franc\u00e9s, alem\u00e1n,Chino simplificado y espa\u00f1ol.<\/li>\n<li class=\"ql-align-justify\">Manual de configuraci\u00f3n: ingl\u00e9s, alem\u00e1n, holand\u00e9s, italiano, Portugu\u00e9s, franc\u00e9s, espa\u00f1ol, Chino simplificado, Chino tradicional , ruso, checo, griego,Polaco, sueco, turco y Coreano..<\/li>\n<li class=\"ql-align-justify\"><strong>Manual de operaci\u00f3n:<\/strong>\u00a0ingl\u00e9s, alem\u00e1n, holand\u00e9s, italiano, Portugu\u00e9s, franc\u00e9s, espa\u00f1ol, Chino simplificado, Chino tradicional, ruso, checo, griego, Polaco, sueco, turco y Coreano..<\/li>\n<li class=\"ql-align-justify\"><strong>Software:<\/strong>\u00a0ingl\u00e9s, alem\u00e1n, holand\u00e9s, italiano, Portugu\u00e9s, franc\u00e9s, espa\u00f1ol, Chino simplificado, Chino tradicional, ruso, h\u00fangaro,Japon\u00e9s, checo, dan\u00e9s, Finland\u00e9s, griego, noruego, Polaco, sueco, tailand\u00e9s, turco, Coreano, \u00e1rabe y vietnamita.<\/li>\n<\/ul>\n<p class=\"ql-align-justify\"><strong>Management Server y servicio de video m\u00f3vil<\/strong><\/p>\n<p class=\"ql-align-justify\"><strong>Descripci\u00f3n del Art\u00edculo<\/strong><\/p>\n<p class=\"ql-align-justify\"><strong>Sistema operativo\u00a0<\/strong><\/p>\n<ul>\n<li class=\"ql-align-justify\">Windows Server 2012 R2 (64-poco)<\/li>\n<li class=\"ql-align-justify\">Windows Server 2016 (64 bits)<\/li>\n<li class=\"ql-align-justify\">Windows 10 Professional (64-bit) Actualizaci\u00f3n de Spring Creators(1803)<\/li>\n<li class=\"ql-align-justify\">Windows 10 Professional (64-bit) Actualizaci\u00f3n de Fall Creators (1709)<\/li>\n<li class=\"ql-align-justify\">Windows 10 Enterprise (64 bits)<\/li>\n<li class=\"ql-align-justify\">LTSB 2016 (1607)<\/li>\n<li class=\"ql-align-justify\">CPU Intel Xeon E5-2620v3 (2.4 GHz, 6 n\u00facleos, 15 MB, 85 W)<\/li>\n<li class=\"ql-align-justify\">RAM 8GB<\/li>\n<li class=\"ql-align-justify\">Espacio libre en disco: De 15 GB (+ 15% del disco duro despu\u00e9s de la instalaci\u00f3n)<\/li>\n<li class=\"ql-align-justify\">Red: 1 interfaz de red Gigabit \/ s.<\/li>\n<\/ul>\n<p class=\"ql-align-justify\"><strong>Video Recording Manager<\/strong><\/p>\n<p class=\"ql-align-justify\"><strong>Descripci\u00f3n del Art\u00edculo<\/strong><\/p>\n<p class=\"ql-align-justify\"><strong>Sistema operativo\u00a0<\/strong><\/p>\n<ul>\n<li class=\"ql-align-justify\">Windows (almacenamiento) Server 2012R2 (64 bits)<\/li>\n<li class=\"ql-align-justify\">Windows (Almacenamiento) Server 2016 (64 bits)<\/li>\n<li class=\"ql-align-justify\">Windows 10 Professional (64-bit) Actualizaci\u00f3n de Spring Creators(1803)<\/li>\n<li class=\"ql-align-justify\">Windows 10 Professional (64-bit) Actualizaci\u00f3n de Fall Creators (1709)<\/li>\n<li class=\"ql-align-justify\">Windows 10 Enterprise (64 bits)<\/li>\n<li class=\"ql-align-justify\">LTSB 2016 (1607)<\/li>\n<li class=\"ql-align-justify\">CPU Intel Xeon E5-2620v3 (2.4 GHz,<\/li>\n<li class=\"ql-align-justify\">6 n\u00facleos, 15 MB, 85 W)<\/li>\n<li class=\"ql-align-justify\">RAM 8GB<\/li>\n<li class=\"ql-align-justify\">Espacio libre en disco de 15 GB (+ 15% del disco duro despu\u00e9s de la instalaci\u00f3n)<\/li>\n<li class=\"ql-align-justify\">Red 1 interfaz de red Gigabit \/ s.<\/li>\n<\/ul>\n<p class=\"ql-align-justify\"><strong>Operador Cliente<\/strong><\/p>\n<p class=\"ql-align-justify\"><strong>Descripci\u00f3n del Art\u00edculo<\/strong><\/p>\n<ul>\n<li class=\"ql-align-justify\">Sistema operativo Windows 10 Professional (64-bit) Actualizaci\u00f3n de Spring Creators (1803)<\/li>\n<li class=\"ql-align-justify\">Windows 10 Professional (64- bit) Actualizaci\u00f3n de Fall Creators (1709)<\/li>\n<li class=\"ql-align-justify\">Windows 10 Enterprise (64 bits) LTSB 2016 (1607)<\/li>\n<li class=\"ql-align-justify\">CPU Intel Core i7 4770 3.4 GHz (hasta 3.9 GHz)<\/li>\n<li class=\"ql-align-justify\">RAM 8GB.<\/li>\n<li class=\"ql-align-justify\">Red 1 interfaz de red Gigabit \/ s.<\/li>\n<\/ul>\n<p class=\"ql-align-justify\"><strong>Resoluci\u00f3n de pantalla<\/strong><\/p>\n<ul>\n<li class=\"ql-align-justify\">M\u00ednimo: 1280 x 1024<\/li>\n<li class=\"ql-align-justify\">M\u00e1ximo: 1920 x 1080<\/li>\n<\/ul>\n<p class=\"ql-align-justify\"><strong>Espacio libre en disco:\u00a0<\/strong><\/p>\n<ul>\n<li class=\"ql-align-justify\">M\u00ednimo 5 GB para un solo Sistemas<\/li>\n<li class=\"ql-align-justify\">M\u00ednimo 10 GB para Sistemas de empresas<\/li>\n<\/ul>\n<p class=\"ql-align-justify\"><strong>Tarjeta gr\u00e1fica<\/strong><\/p>\n<ul>\n<li class=\"ql-align-justify\">Nvidia Quadro K620<\/li>\n<li class=\"ql-align-justify\">Nvidia Quadro M2000<\/li>\n<li class=\"ql-align-justify\">Nvidia Quadro M4000<\/li>\n<li class=\"ql-align-justify\">Nvidia Quadro P2000<\/li>\n<li class=\"ql-align-justify\">Nvidia Quadro P4000<\/li>\n<li class=\"ql-align-justify\">Intel HD Graphics 530<\/li>\n<\/ul>\n<p class=\"ql-align-justify\"><strong>Red<\/strong><\/p>\n<p class=\"ql-align-justify\">Para lograr el rendimiento enumerado en la tabla a continuaci\u00f3n, en la red de 1 Gigabit \/ s es un requisito m\u00ednimo entre el Operador Cliente y el Servidor de Gesti\u00f3n.<\/p>\n<ul>\n<li class=\"ql-align-justify\"><strong>(Unicast)\u00a0<\/strong>N\u00famero m\u00e1ximo de estaciones de trabajo simult\u00e1neamente viendo la misma c\u00e1mara: 5..<\/li>\n<li class=\"ql-align-justify\"><strong>(Multidifusi\u00f3n)<\/strong>\u00a0N\u00famero m\u00e1ximo de estaciones de trabajo simult\u00e1neamente viendo la misma c\u00e1mara: 100.<\/li>\n<li class=\"ql-align-justify\">Tiempo de respuesta del evento (suponiendo rendimiento de red suficiente considerando el ancho de banda y retrasar): &lt;1 segundo.<\/li>\n<li class=\"ql-align-justify\">Tiempo de visibilidad de alarma (suponiendo rendimiento de red suficiente considerando el ancho de banda y retraso), incluyendo 1 imagen en vivo panel, 1 imagen de reproducci\u00f3n instant\u00e1nea p\u00e1gina y 1 panel de imagen de mapa: &lt;2 segundos.<\/li>\n<\/ul>\n<p><img decoding=\"async\" class=\"overview-center-img-web\" src=\"https:\/\/tvc.mx\/media\/32616\/Logoopaginas-oficial-1920x400.png\" alt=\"\" \/><\/p>\n","protected":false},"excerpt":{"rendered":"<p>MBV-XWST-90 Licencia Expansi\u00f3n de estaci\u00f3n de trabajo BVMS Professional es una seguridad de video IP \u00fanica soluci\u00f3n que proporciona una gesti\u00f3n perfecta de lo digital video, audio y datos en cualquier red IP.\u00a0Eso proporciona el mejor sistema de gesti\u00f3n de video para llevar con dispositivos&hellip;<\/p>\n","protected":false},"featured_media":7847,"comment_status":"open","ping_status":"closed","template":"","meta":{"om_disable_all_campaigns":false,"_monsterinsights_skip_tracking":false,"_monsterinsights_sitenote_active":false,"_monsterinsights_sitenote_note":"","_monsterinsights_sitenote_category":0},"product_brand":[],"product_cat":[707],"product_tag":[613,611,612,616,615,610,614,617],"class_list":{"0":"post-7848","1":"product","2":"type-product","3":"status-publish","4":"has-post-thumbnail","6":"product_cat-servidores-y-software-de-videovigilancia-bosch-video-vigilancia","7":"product_tag-bosch","8":"product_tag-manhattan","9":"product_tag-saxxon","10":"product_tag-surveon","11":"product_tag-utepo","12":"product_tag-videovigilancia","13":"product_tag-vivotek","14":"product_tag-zteco","16":"first","17":"instock","18":"sale","19":"taxable","20":"shipping-taxable","21":"purchasable","22":"product-type-simple"},"aioseo_notices":[],"_links":{"self":[{"href":"https:\/\/tecsecmty.com\/index.php\/wp-json\/wp\/v2\/product\/7848","targetHints":{"allow":["GET"]}}],"collection":[{"href":"https:\/\/tecsecmty.com\/index.php\/wp-json\/wp\/v2\/product"}],"about":[{"href":"https:\/\/tecsecmty.com\/index.php\/wp-json\/wp\/v2\/types\/product"}],"replies":[{"embeddable":true,"href":"https:\/\/tecsecmty.com\/index.php\/wp-json\/wp\/v2\/comments?post=7848"}],"version-history":[{"count":0,"href":"https:\/\/tecsecmty.com\/index.php\/wp-json\/wp\/v2\/product\/7848\/revisions"}],"wp:featuredmedia":[{"embeddable":true,"href":"https:\/\/tecsecmty.com\/index.php\/wp-json\/wp\/v2\/media\/7847"}],"wp:attachment":[{"href":"https:\/\/tecsecmty.com\/index.php\/wp-json\/wp\/v2\/media?parent=7848"}],"wp:term":[{"taxonomy":"product_brand","embeddable":true,"href":"https:\/\/tecsecmty.com\/index.php\/wp-json\/wp\/v2\/product_brand?post=7848"},{"taxonomy":"product_cat","embeddable":true,"href":"https:\/\/tecsecmty.com\/index.php\/wp-json\/wp\/v2\/product_cat?post=7848"},{"taxonomy":"product_tag","embeddable":true,"href":"https:\/\/tecsecmty.com\/index.php\/wp-json\/wp\/v2\/product_tag?post=7848"}],"curies":[{"name":"wp","href":"https:\/\/api.w.org\/{rel}","templated":true}]}}