{"id":7856,"date":"2023-02-23T16:21:42","date_gmt":"2023-02-23T22:21:42","guid":{"rendered":"https:\/\/tecsecmty.com\/index.php\/producto\/bosch-v_mbvxwstplu100-estacion-de-trabajo-para-bvms-plus\/"},"modified":"2023-03-22T23:21:53","modified_gmt":"2023-03-23T05:21:53","slug":"bosch-v_mbvxwstplu100-estacion-de-trabajo-para-bvms-plus","status":"publish","type":"product","link":"https:\/\/tecsecmty.com\/index.php\/producto\/bosch-v_mbvxwstplu100-estacion-de-trabajo-para-bvms-plus\/","title":{"rendered":"BOSCH V_MBVXWSTPLU100- ESTACION DE TRABAJO PARA BVMS PLUS"},"content":{"rendered":"<div class=\"row aling-items-center padding-bottom-2x\">\n<div class=\"col-lg-12\">\n<h5 class=\"card-title text-center\">MBVXWSTPLU100- ESTACION DE TRABAJO PARA BVMS PLUS<\/h5>\n<p><strong class=\"ql-font-serif\">MBV-XWSTPLU-100 Licencia ampliaci\u00f3n estaci\u00f3n de trabajo<\/strong><\/p>\n<p><span class=\"ql-font-serif\">Licencia de expansi\u00f3n para una estaci\u00f3n de trabajo. Pida el n\u00famero exacto de unidades que necesite. Se consume un MBV-XWSTPLU-xx cuando se utiliza una conexi\u00f3n de CameoSDK.<\/span><\/p>\n<p><strong>BVMS Plus 10.0.1<\/strong><\/p>\n<p>BVMS Plus es una soluci\u00f3n de seguridad de v\u00eddeo IP \u00fanica que proporciona una gesti\u00f3n totalmente integrada de v\u00eddeo digital, audio y datos sobre cualquier red IP. Proporciona el mejor sistema de gesti\u00f3n de v\u00eddeo para los dispositivos de videovigilancia de Bosch, ya que aprovecha las capacidades exclusivas de las c\u00e1maras y las soluciones de grabaci\u00f3n de Bosch. Adem\u00e1s, ofrece interfaces y est\u00e1ndares para la integraci\u00f3n con otros sistemas y fabricantes.<\/p>\n<p>El software se proporciona como licencia electr\u00f3nicapor correo electr\u00f3nico.<\/p>\n<p><img decoding=\"async\" class=\"overview-center-img-web\" src=\"https:\/\/tvc.mx\/media\/643252\/encabezado-1920x400.png\" alt=\"\" \/><\/p>\n<\/div>\n<\/div>\n<div class=\"row align-items-center padding-bottom-2x\">\n<div class=\"col-md-5\"><img decoding=\"async\" class=\"d-block m-auto img-thumbnail\" src=\"https:\/\/tvc.mx\/media\/643272\/400x300-logo.png\" alt=\" \" \/><\/div>\n<div class=\"col-md-7 text-md-left text-center\">\n<h2>Caracter\u00edsticas<\/h2>\n<ul>\n<li>Implementaci\u00f3n flexible: elija entre dispositivos rentables o una implementaci\u00f3n de software \u00fanicamente.<\/li>\n<li>Resiliencia integrada: mantenga el sistema en funcionamiento aunque se produzcan errores en varios componentes.<\/li>\n<li>Los mejores elementos del v\u00eddeo de Bosch: la mejor experiencia de usuario para la que se combinan c\u00e1maras de Bosch con BVMS.<\/li>\n<li>Integraci\u00f3n: se pueden integrar c\u00e1maras, almacenamiento y otros sistemas de terceros en BVMS.<\/li>\n<li>Entornos de TI y seguridad de datos: aproveche la compatibilidad total con las TI desde la instalaci\u00f3n hasta la gesti\u00f3n diaria de forma segura.<\/li>\n<\/ul>\n<p>&nbsp;<\/p>\n<\/div>\n<\/div>\n<hr class=\"padding-bottom-2x\" \/>\n<div class=\"row aling-items-center padding-bottom-2x\">\n<div class=\"col-lg-12\">\n<h5 class=\"card-title text-center\">Certificaciones y aprobaciones<\/h5>\n<p><strong>Reglamento General de Protecci\u00f3n de Datos (RGPD)<\/strong><\/p>\n<p>El Reglamento General de Protecci\u00f3n de Datos (RGPD) entr\u00f3 en vigor el 25 de mayo de 2018. Como reglamento, ser\u00e1 aplicable directamente en todos los Estados Miembros de la Uni\u00f3n Europea sin necesidad de normativas nacionales para su aplicaci\u00f3n. Puesto que la informaci\u00f3n capturada, procesada y almacenada por los sistemas de vigilancia de v\u00eddeo est\u00e1 clasificada como \u00absensible\u00bb, el RGPD afectar\u00e1 de forma apreciable a las instalaciones de vigilancia de v\u00eddeo en toda Europa.<\/p>\n<p>BVMS incluye la funcionalidad necesaria para garantizar que una organizaci\u00f3n pueda cumplir el GDPR.<\/p>\n<p><img decoding=\"async\" class=\"overview-center-img-web\" src=\"https:\/\/tvc.mx\/media\/643277\/encabezado-1920x400.png\" alt=\"\" \/><\/p>\n<\/div>\n<\/div>\n<div class=\"row align-items-center padding-bottom-2x\">\n<div class=\"col-md-5\"><img decoding=\"async\" class=\"d-block m-auto img-thumbnail\" src=\"https:\/\/tvc.mx\/media\/643302\/400x300-notas.png\" alt=\" \" \/><\/div>\n<div class=\"col-md-7 text-md-left text-center\">\n<h2>Notas de configuraci\u00f3n\/instalaci\u00f3n<\/h2>\n<p>La gu\u00eda de dise\u00f1o del sistema BVMS se publica en la p\u00e1gina web siguiente:<\/p>\n<p><u>Comunidad de Bosch Building Technologies<\/u><\/p>\n<p>La gu\u00eda de dise\u00f1o del sistema resume los datos de dise\u00f1o de BVMS y sirve de gu\u00eda para planificar un sistema BVMS con c\u00e1maras y almacenamiento de Bosch. Se centra en BVMS combinado con VRM.<\/p>\n<p><strong>BVMS Enterprise<\/strong><\/p>\n<p>Varios sistemas BVMS Lite, Plus, Professional o sistemas DIVAR IP se pueden combinar en un BVMS Enterprise System.<\/p>\n<p><strong>Software Assurance<\/strong><\/p>\n<p>Adem\u00e1s de las condiciones est\u00e1ndar de venta de Bosch Security Systems, Software Assurance de Bosch es una opci\u00f3n estupenda para mantener BVMS siempre al d\u00eda. Con el cambio continuo de las plataformas y la compatibilidad con la versi\u00f3n, las actualizaciones peri\u00f3dicas son fundamentales. Con Software Assurance de Bosch, no tendr\u00e1 preocupaciones, ya que siempre tiene derecho a implementar a las \u00faltimas mejoras de software.<\/p>\n<p>Garantiza un soporte t\u00e9cnico completo y el acceso a reparaciones. Software Assurance de Bosch est\u00e1 disponible en el cat\u00e1logo de productos en l\u00ednea.<\/p>\n<p>&nbsp;<\/p>\n<\/div>\n<\/div>\n<hr class=\"padding-bottom-2x\" \/>\n<div class=\"row aling-items-center padding-bottom-2x\">\n<div class=\"col-lg-12\">\n<h5 class=\"card-title text-center\">Especificaciones clave<\/h5>\n<p><strong>N\u00famero m\u00e1ximo de estaciones de trabajo:<\/strong>\u00a010<\/p>\n<p><strong>N\u00famero m\u00e1ximo de c\u00e1maras:\u00a0<\/strong>256<\/p>\n<p><strong>N\u00famero m\u00e1ximo de sitios de visualizaci\u00f3n en directo y de reproducci\u00f3n:\u00a0<\/strong>10<\/p>\n<p><strong>N\u00famero m\u00e1ximo de canales de stitching:<\/strong>\u00a0100<\/p>\n<p><strong>N\u00famero m\u00e1ximo de paneles de intrusi\u00f3n:<\/strong>\u00a010<\/p>\n<p><strong>N\u00famero m\u00e1ximo de DVR:\u00a0<\/strong>10<\/p>\n<p><strong>N\u00famero m\u00e1ximo de VRM:\u00a0<\/strong>2<\/p>\n<p><strong>N\u00famero m\u00e1ximo de eventos producidos (diario de registros) por segundo:<\/strong>\u00a0500<\/p>\n<p><strong>N\u00famero m\u00e1ximo de eventos producidos (sin diario de registros) por segundo:<\/strong>\u00a02500<\/p>\n<p><strong>Carga m\u00e1xima de eventos por segundo (en un plazo de 60\u00a0minutos):<\/strong>\u00a05000<\/p>\n<p><strong>N\u00famero m\u00e1ximo de eventos por segundo de las c\u00e1maras ONVIF:\u00a0<\/strong>500<\/p>\n<p><strong>Tama\u00f1o del diario de registros:<\/strong>\u00a04\u00a0GB<\/p>\n<p><strong>Sistema operativo:<\/strong><\/p>\n<p>Windows Server 2012 R2 (64 bits) Windows Server 2016\u00a0(64\u00a0bits) Actualizaci\u00f3n de noviembre de 2019 de Windows 10 Professional (64\u00a0bits) (1909) Actualizaci\u00f3n de mayo de 2019 de Windows 10 Professional (64\u00a0bits) (1903) Versi\u00f3n 1809 de Windows 10 Enterprise (64\u00a0bits) 2019 LTSC Windows Server 2019\u00a0(64\u00a0bits)<\/p>\n<p><strong>CPU:<\/strong><\/p>\n<p>Intel Xeon E3-1275 V3 (3,5\u00a0GHz, 4\u00a0n\u00facleos)<\/p>\n<p><strong class=\"ql-font-serif\">MBV-XWSTPLU-100 Licencia ampliaci\u00f3n estaci\u00f3n de trabajo<\/strong><\/p>\n<p><span class=\"ql-font-serif\">Licencia de expansi\u00f3n para una estaci\u00f3n de trabajo. Pida el n\u00famero exacto de unidades que necesite. Se consume un MBV-XWSTPLU-xx cuando se utiliza una conexi\u00f3n de CameoSDK.<\/span><\/p>\n<p><img decoding=\"async\" class=\"overview-center-img-web\" src=\"https:\/\/tvc.mx\/media\/643307\/encabezado-1920x400.png\" alt=\"\" \/><\/p>\n<\/div>\n<\/div>\n","protected":false},"excerpt":{"rendered":"<p>MBVXWSTPLU100- ESTACION DE TRABAJO PARA BVMS PLUS MBV-XWSTPLU-100 Licencia ampliaci\u00f3n estaci\u00f3n de trabajo Licencia de expansi\u00f3n para una estaci\u00f3n de trabajo. Pida el n\u00famero exacto de unidades que necesite. Se consume un MBV-XWSTPLU-xx cuando se utiliza una conexi\u00f3n de CameoSDK. BVMS Plus 10.0.1 BVMS Plus&hellip;<\/p>\n","protected":false},"featured_media":7855,"comment_status":"open","ping_status":"closed","template":"","meta":{"om_disable_all_campaigns":false,"_monsterinsights_skip_tracking":false,"_monsterinsights_sitenote_active":false,"_monsterinsights_sitenote_note":"","_monsterinsights_sitenote_category":0},"product_brand":[],"product_cat":[707],"product_tag":[613,611,612,616,615,610,614,617],"class_list":{"0":"post-7856","1":"product","2":"type-product","3":"status-publish","4":"has-post-thumbnail","6":"product_cat-servidores-y-software-de-videovigilancia-bosch-video-vigilancia","7":"product_tag-bosch","8":"product_tag-manhattan","9":"product_tag-saxxon","10":"product_tag-surveon","11":"product_tag-utepo","12":"product_tag-videovigilancia","13":"product_tag-vivotek","14":"product_tag-zteco","16":"first","17":"instock","18":"sale","19":"taxable","20":"shipping-taxable","21":"purchasable","22":"product-type-simple"},"aioseo_notices":[],"_links":{"self":[{"href":"https:\/\/tecsecmty.com\/index.php\/wp-json\/wp\/v2\/product\/7856","targetHints":{"allow":["GET"]}}],"collection":[{"href":"https:\/\/tecsecmty.com\/index.php\/wp-json\/wp\/v2\/product"}],"about":[{"href":"https:\/\/tecsecmty.com\/index.php\/wp-json\/wp\/v2\/types\/product"}],"replies":[{"embeddable":true,"href":"https:\/\/tecsecmty.com\/index.php\/wp-json\/wp\/v2\/comments?post=7856"}],"version-history":[{"count":0,"href":"https:\/\/tecsecmty.com\/index.php\/wp-json\/wp\/v2\/product\/7856\/revisions"}],"wp:featuredmedia":[{"embeddable":true,"href":"https:\/\/tecsecmty.com\/index.php\/wp-json\/wp\/v2\/media\/7855"}],"wp:attachment":[{"href":"https:\/\/tecsecmty.com\/index.php\/wp-json\/wp\/v2\/media?parent=7856"}],"wp:term":[{"taxonomy":"product_brand","embeddable":true,"href":"https:\/\/tecsecmty.com\/index.php\/wp-json\/wp\/v2\/product_brand?post=7856"},{"taxonomy":"product_cat","embeddable":true,"href":"https:\/\/tecsecmty.com\/index.php\/wp-json\/wp\/v2\/product_cat?post=7856"},{"taxonomy":"product_tag","embeddable":true,"href":"https:\/\/tecsecmty.com\/index.php\/wp-json\/wp\/v2\/product_tag?post=7856"}],"curies":[{"name":"wp","href":"https:\/\/api.w.org\/{rel}","templated":true}]}}