{"id":7858,"date":"2023-02-23T16:21:44","date_gmt":"2023-02-23T22:21:44","guid":{"rendered":"https:\/\/tecsecmty.com\/index.php\/producto\/bosch-v_mhws380ranbd5y-ampliacion-de-garantia-de-5-anos-reparacion-al-siguiente-dia-laborable-servidor\/"},"modified":"2023-03-22T23:21:54","modified_gmt":"2023-03-23T05:21:54","slug":"bosch-v_mhws380ranbd5y-ampliacion-de-garantia-de-5-anos-reparacion-al-siguiente-dia-laborable-servidor","status":"publish","type":"product","link":"https:\/\/tecsecmty.com\/index.php\/producto\/bosch-v_mhws380ranbd5y-ampliacion-de-garantia-de-5-anos-reparacion-al-siguiente-dia-laborable-servidor\/","title":{"rendered":"BOSCH V_MHWS380RANBD5Y- AMPLIACION DE GARANTIA DE 5 A\u00d1OS \/ REPARACION AL SIGUIENTE DIA LABORABLE\/ SERVIDOR"},"content":{"rendered":"<h2>Resumen<\/h2>\n<p class=\"text-muted\">\n<p>Ampliaci\u00f3n de la garant\u00eda de 5 a\u00f1os, reparaci\u00f3n al siguiente d\u00eda laborable, para el Servidor de aplicaciones est\u00e1ndar de Bosch MHW-S380RA-SC<\/p>\n","protected":false},"excerpt":{"rendered":"<p>Resumen Ampliaci\u00f3n de la garant\u00eda de 5 a\u00f1os, reparaci\u00f3n al siguiente d\u00eda laborable, para el Servidor de aplicaciones est\u00e1ndar de Bosch MHW-S380RA-SC<\/p>\n","protected":false},"featured_media":7857,"comment_status":"open","ping_status":"closed","template":"","meta":{"om_disable_all_campaigns":false,"_monsterinsights_skip_tracking":false,"_monsterinsights_sitenote_active":false,"_monsterinsights_sitenote_note":"","_monsterinsights_sitenote_category":0},"product_brand":[],"product_cat":[707],"product_tag":[613,611,612,616,615,610,614,617],"class_list":{"0":"post-7858","1":"product","2":"type-product","3":"status-publish","4":"has-post-thumbnail","6":"product_cat-servidores-y-software-de-videovigilancia-bosch-video-vigilancia","7":"product_tag-bosch","8":"product_tag-manhattan","9":"product_tag-saxxon","10":"product_tag-surveon","11":"product_tag-utepo","12":"product_tag-videovigilancia","13":"product_tag-vivotek","14":"product_tag-zteco","16":"first","17":"instock","18":"sale","19":"taxable","20":"shipping-taxable","21":"purchasable","22":"product-type-simple"},"aioseo_notices":[],"_links":{"self":[{"href":"https:\/\/tecsecmty.com\/index.php\/wp-json\/wp\/v2\/product\/7858","targetHints":{"allow":["GET"]}}],"collection":[{"href":"https:\/\/tecsecmty.com\/index.php\/wp-json\/wp\/v2\/product"}],"about":[{"href":"https:\/\/tecsecmty.com\/index.php\/wp-json\/wp\/v2\/types\/product"}],"replies":[{"embeddable":true,"href":"https:\/\/tecsecmty.com\/index.php\/wp-json\/wp\/v2\/comments?post=7858"}],"version-history":[{"count":0,"href":"https:\/\/tecsecmty.com\/index.php\/wp-json\/wp\/v2\/product\/7858\/revisions"}],"wp:featuredmedia":[{"embeddable":true,"href":"https:\/\/tecsecmty.com\/index.php\/wp-json\/wp\/v2\/media\/7857"}],"wp:attachment":[{"href":"https:\/\/tecsecmty.com\/index.php\/wp-json\/wp\/v2\/media?parent=7858"}],"wp:term":[{"taxonomy":"product_brand","embeddable":true,"href":"https:\/\/tecsecmty.com\/index.php\/wp-json\/wp\/v2\/product_brand?post=7858"},{"taxonomy":"product_cat","embeddable":true,"href":"https:\/\/tecsecmty.com\/index.php\/wp-json\/wp\/v2\/product_cat?post=7858"},{"taxonomy":"product_tag","embeddable":true,"href":"https:\/\/tecsecmty.com\/index.php\/wp-json\/wp\/v2\/product_tag?post=7858"}],"curies":[{"name":"wp","href":"https:\/\/api.w.org\/{rel}","templated":true}]}}