{"id":7860,"date":"2023-02-23T16:21:46","date_gmt":"2023-02-23T22:21:46","guid":{"rendered":"https:\/\/tecsecmty.com\/index.php\/producto\/bosch-v_mhws380rasc-serv-ideo-de-alto-rendimiento-generacion-10\/"},"modified":"2023-03-22T23:21:54","modified_gmt":"2023-03-23T05:21:54","slug":"bosch-v_mhws380rasc-serv-ideo-de-alto-rendimiento-generacion-10","status":"publish","type":"product","link":"https:\/\/tecsecmty.com\/index.php\/producto\/bosch-v_mhws380rasc-serv-ideo-de-alto-rendimiento-generacion-10\/","title":{"rendered":"BOSCH V_MHWS380RASC &#8211; SERV IDEO De alto rendimiento generacion 10"},"content":{"rendered":"<h5 class=\"card-title text-center\">MHW-S380RA-SC Servidor de aplicaciones est\u00e1ndar de Bosch<\/h5>\n<p class=\"ql-align-justify\"><strong>El modelo de servidor HPE ProLiant DL380 Gen10 (Generation 10)<\/strong>, con una flexibilidad de configuraci\u00f3n mejorada, alto rendimiento y un dise\u00f1o de gran eficiencia energ\u00e9tica, es la soluci\u00f3n perfecta para las aplicaciones de v\u00eddeo m\u00e1s exigentes.<\/p>\n<p class=\"ql-align-justify\">Descripci\u00f3n del sistema<\/p>\n<p class=\"ql-align-justify\"><strong>HPE ProLiant DL380 Gen10\u00a0<\/strong>se ha dise\u00f1ado para proporcionar fiabilidad, accesibilidad, facilidad de servicio y protecci\u00f3n de su inversi\u00f3n. Este vers\u00e1til servidor optimizado para\u00a0<strong>rack\u00a0<\/strong>equilibra la eficiencia y el rendimiento y hace que la gesti\u00f3n resulte sencilla y eficaz: una sola plataforma permite controlar una gran variedad de cargas de trabajo empresariales. Gran mejora del rendimiento proporcionada por los procesadores I<strong>ntel Xeon Silver 4110\u00a0<\/strong>y por las funciones de ahorro de energ\u00eda, como, por ejemplo, los sistemas con clasificaci\u00f3n\u00a0<strong>ENERGY STAR y<\/strong>\u00a0las fuentes de alimentaci\u00f3n de ranura flexible de HP con un 96% de eficiencia (Titanium), que reducen los costes energ\u00e9ticos.<\/p>\n<p class=\"ql-align-justify\">Principales caracter\u00edsticas y ventajas<\/p>\n<ul>\n<li class=\"ql-align-justify\">Serie Intel Xeon Silver 4110 con tecnolog\u00eda Intel SpeedStep mejorada: la tecnolog\u00eda Intel SpeedStep mejorada es una forma avanzada de obtener un alto rendimiento y responder a la vez a las necesidades de ahorro energ\u00e9tico.<\/li>\n<li class=\"ql-align-justify\">Controlador de memoria integrado, tecnolog\u00edas Turbo Boost, Intelligent Power y Trusted Execution.<\/li>\n<li class=\"ql-align-justify\">HP SmartMemory: HP SmartMemory aumenta la calidad y la fiabilidad de la memoria, ofrece caracter\u00edsticas de rendimiento y mejora la eficiencia de la alimentaci\u00f3n.<\/li>\n<li class=\"ql-align-justify\">Sistema de diagn\u00f3stico Active Health siempre activado, diagn\u00f3stico de problemas 5 veces m\u00e1s r\u00e1pido.<\/li>\n<li class=\"ql-align-justify\">Proporciona una completa protecci\u00f3n de datos con el controlador de almacenamiento integrado HPE Smart Array P408i-a.<\/li>\n<li class=\"ql-align-justify\">Configuraciones de servidor HPE ProLiant DL380 Gen10 con certificaci\u00f3n ENERGY STAR.<\/li>\n<li class=\"ql-align-justify\">Instalaci\u00f3n r\u00e1pida con las nuevas gu\u00edas deslizantes universales que no necesitan herramientas; las palancas de liberaci\u00f3n r\u00e1pida permiten un r\u00e1pido acceso al servidor.<\/li>\n<li class=\"ql-align-justify\">Supervisi\u00f3n de la integridad del sistema continua y permanente gracias a HP Active Health System, que registra todos los cambios de configuraci\u00f3n y permite acelerar el an\u00e1lisis de los problemas con el servicio de asistencia t\u00e9cnica de HP.<\/li>\n<li class=\"ql-align-justify\">El sistema de optimizaci\u00f3n de energ\u00eda automatizada mejora la capacidad del servidor de analizar y responder a los datos del grupo de sensores \u00ab3D Sea of Sensors\u00bb dentro del servidor, as\u00ed como de identificar la ubicaci\u00f3n y el inventario mediante HPE Insight Control para optimizar la carga de trabajo m\u00e1xima en todo el centro de datos.<\/li>\n<li class=\"ql-align-justify\">Control preciso de los ventiladores del servidor para dirigir la refrigeraci\u00f3n y reducir la potencia innecesaria del ventilador con la primera matriz 3D de sensores de temperatura que forma parte de la exclusiva tecnolog\u00eda Thermal Discovery de HP.<\/li>\n<\/ul>\n<p class=\"ql-align-justify\"><strong>HPE ProLiant DL380 Gen10<\/strong>\u00a0es fiel al excelente dise\u00f1o que caracteriza a la serie y proporciona un rendimiento superior con una mayor consolidaci\u00f3n con respecto a los servidores de las generaciones anteriores. Una mayor flexibilidad, un tiempo de actividad l\u00edder en el sector, funciones de gesti\u00f3n avanzadas, una serie de procesadores de \u00faltima generaci\u00f3n y la densidad\u00a0<strong>2U\u00a0<\/strong>hacen de este servidor un producto id\u00f3neo para las aplicaciones de v\u00eddeo m\u00e1s exigentes.<\/p>\n<p class=\"ql-align-justify\">El servidor se ha dise\u00f1ado para aplicaciones de v\u00eddeo de alto rendimiento que requieren una alta disponibilidad y redundancia. Gracias a sus fuentes de alimentaci\u00f3n y ventiladores de conexi\u00f3n en caliente, el sistema proporciona una alta disponibilidad, dado que se minimizan los tiempos de paradas no planificadas por fallos imprevistos del hardware, mientras que el controlador de almacenamiento proporciona la protecci\u00f3n necesaria al sistema operativo interno del\u00a0<strong>RAID-1<\/strong>. Con un procesador I<strong>ntel Xeon Silver 4110 de 8 n\u00facleos (2,1 GHz, 8 n\u00facleos, 85 W)\u00a0<\/strong>de \u00faltima generaci\u00f3n y un kit de memoria inteligente registrada\u00a0<strong>DDR4-2666 de 32 GB (2 x 16 GB),<\/strong>\u00a0proporciona el rendimiento, la escalabilidad y el soporte para aplicaciones que exigen mucha memoria en entornos de tama\u00f1os medianos o grandes. Adem\u00e1s,\u00a0<strong>HP Services<\/strong>\u00a0protege el servidor con una\u00a0<strong>garant\u00eda de 3 a\u00f1os<\/strong>.De forma opcional, se ofrece un nivel de\u00a0<strong>servicio avanzado de 3 a\u00f1os, soporte en 4 horas durante las 24 horas de los 7 d\u00edas de la semana (v\u00e9ase la nota siguiente).<\/strong>\u00a0<strong>HPE ProLiant DL380 Gen10<\/strong>\u00a0se suministra en una versi\u00f3n para montaje en<strong>\u00a0rack de 2U y 19&#8243;\u00a0<\/strong>con un sistema de gu\u00edas de instalaci\u00f3n r\u00e1pida que incluye gu\u00edas deslizantes universales. La versi\u00f3n para montaje en\u00a0<strong>rack<\/strong>\u00a0permite acceder a todos los componentes del sistema para poder realizar el mantenimiento f\u00e1cilmente en el rack.<\/p>\n<p class=\"ql-align-justify\"><strong>Notas de configuraci\u00f3n\/instalaci\u00f3n<\/strong><\/p>\n<p class=\"ql-align-justify\"><strong>El servidor de gesti\u00f3n HPE ProLiant DL380 Gen10<\/strong>\u00a0ofrece la memoria y el rendimiento necesarios para entornos medianos y grandes. Consulte las hojas de datos de las aplicaciones para obtener informaci\u00f3n m\u00e1s detallada. Selecci\u00f3n de idioma Este servidor de gesti\u00f3n se suministra en una localizaci\u00f3n est\u00e1ndar:\u00a0<strong>MHW-S380RA-SC<\/strong>\u00a0Servidor de aplicaciones est\u00e1ndar de\u00a0<strong>Bosch\u00a0<\/strong>con localizaci\u00f3n\/teclado en ingl\u00e9s americano. Puede ver otros teclados opcionales en Informaci\u00f3n para pedidos.<\/p>\n<p class=\"ql-align-justify\"><strong>Piezas incluidas<\/strong><\/p>\n<p class=\"ql-align-justify\"><strong>Componentes de DL380 Gen10 Management Server<\/strong><\/p>\n<ul>\n<li class=\"ql-align-justify\">1 Servidor HPE ProLiant DL380 Gen108SFF CTO.<\/li>\n<li class=\"ql-align-justify\">1 Kit de procesador HPE ProLiant DL380 Gen10 Intel Xeon Silver 4110 FIO (2,1 GHz\/8 n\u00facleos\/ 85 W).<\/li>\n<li class=\"ql-align-justify\">2 \u2022 Kit de memoria inteligente registrada DDR4\u20112666 CAS-19-19-19, HPE 16 GB (1 x 16 GB, rango \u00fanico x4.<\/li>\n<li class=\"ql-align-justify\">1 \u2022 Unidad HP SATA DVD-ROM JackBlack Gen9.<\/li>\n<li class=\"ql-align-justify\">2 \u2022 Disco duro HPE 300 GB SAS 12 G Enterprise 15 K SFF (2,5 pulg.).<\/li>\n<li class=\"ql-align-justify\">1 \u2022 HP Ethernet de 1 GB 4 puertos incorporada.<\/li>\n<li class=\"ql-align-justify\">1 \u2022 Adaptador de Ethernet HP de 1 GB, 4 puertos 366FLR.<\/li>\n<li class=\"ql-align-justify\">2 \u2022 Fuente de alimentaci\u00f3n CA de conexi\u00f3n en caliente HP 500 W FS.<\/li>\n<li class=\"ql-align-justify\">1 \u2022 HP RAID-1 \u2022 HP iLO 5, HP Intelligent Provisioning integrado.<\/li>\n<li class=\"ql-align-justify\">1 MS Windows Server 2012 R2 standard edition, 64 bits m\u00e1s kit de licencia y medios para Microsoft Windows Server 2016.<\/li>\n<li class=\"ql-align-justify\">1 Asistencia de hardware HP, garant\u00eda de 3 a\u00f1os.<\/li>\n<li class=\"ql-align-justify\">1 Opcional: asistencia de hardware HP ProLiant DL38x(p) de 3 a\u00f1os, soporte en 4 horas durante las 24 horas los 7 d\u00edas de la semana.<\/li>\n<\/ul>\n<p class=\"ql-align-justify\"><strong>Principales Caracter\u00edsticas<\/strong><\/p>\n<ul>\n<li class=\"ql-align-justify\">Alto rendimiento con un procesador Intel Xeon Silver 4110 de 8 n\u00facleos.<\/li>\n<li class=\"ql-align-justify\">Kit de memoria inteligente registrada DDR4-2666 de 32 GB (2 x 16 GB).<\/li>\n<li class=\"ql-align-justify\">2 adaptadores de servidor Gigabit de 4 puertos.<\/li>\n<li class=\"ql-align-justify\">Montaje en rack de 2U y 19&#8243;\u00a0.<\/li>\n<\/ul>\n<p class=\"ql-align-justify\"><strong>Especificaciones<\/strong><\/p>\n<p class=\"ql-align-justify\"><strong>El\u00e9ctricas<\/strong><\/p>\n<ul>\n<li class=\"ql-align-justify\">Requisitos de entrada (por fuente de alimentaci\u00f3n de 500 W).<\/li>\n<\/ul>\n<p class=\"ql-align-justify\">Tensi\u00f3n de l\u00ednea nominal<\/p>\n<ul>\n<li class=\"ql-align-justify\">De 100 a 120 V CA.<\/li>\n<li class=\"ql-align-justify\">De 200 a 240 V CA \u00cdndice BTU 1979 BTU\/h a 100 VCA 1911 BTU\/h a 200 VCA.<\/li>\n<li class=\"ql-align-justify\">Potencia nominal de estado estacionario 500 W a 100 VCA 500 W a 240 VCA.<\/li>\n<li class=\"ql-align-justify\">Potencia m\u00e1xima 500 W de 100 a 127 VCA 500 W de 200 a 240 VCA.<\/li>\n<\/ul>\n<p class=\"ql-align-justify\"><strong>Mec\u00e1nicas<\/strong><\/p>\n<ul>\n<li class=\"ql-align-justify\">Dimensiones (Al. x An. x Pr.): 8,73 x 44,54 x 67,94 cm (3,44 x 17,54 x 26,75 pulg.).<\/li>\n<\/ul>\n<p class=\"ql-align-justify\"><strong>Ambientales<\/strong><\/p>\n<p class=\"ql-align-justify\">Temperatura de entrada del sistema:<\/p>\n<p class=\"ql-align-justify\">En funcionamiento:<\/p>\n<ul>\n<li class=\"ql-align-justify\">De 10 \u00b0C a 35 \u00b0C (de 50 \u00b0F a 95 \u00b0F) a nivel del mar con un margen de altitud de 1,0 \u00b0C por cada 305 m (1,8 \u00b0F por cada 1000 pies) sobre el nivel del mar, hasta un m\u00e1ximo de 3050 m (10.000 pies), sin contacto directo continuado con la luz solar. Margen de cambio m\u00e1ximo: 20 \u00b0C\/h (36 \u00b0F\/h) El l\u00edmite superior y la tasa de cambio puede estar limitado por el tipo y el n\u00famero de opciones instaladas.<\/li>\n<li class=\"ql-align-justify\">El rendimiento del sistema puede verse reducido si funciona a m\u00e1s de 30\u00b0 C (86 \u00b0C) o si hay un fallo en el ventilador.<\/li>\n<\/ul>\n<p class=\"ql-align-justify\">\u00a0Cuando no est\u00e1 en funcionamiento:<\/p>\n<ul>\n<li class=\"ql-align-justify\">De -30 \u00b0C a +60 \u00b0C (de -22 \u00b0F a +140 \u00b0F) Margen de cambio m\u00e1ximo: 20 \u00b0C\/h (36 \u00b0F\/h).<\/li>\n<\/ul>\n<p class=\"ql-align-justify\">Humedad relativa<\/p>\n<ul>\n<li class=\"ql-align-justify\">En funcionamiento Humedad relativa del 8% al 90%, 28 \u00b0C (82,4 \u00b0F) de temperatura m\u00e1xima con term\u00f3metro de humedad, sin condensaci\u00f3n.<\/li>\n<li class=\"ql-align-justify\">Cuando no est\u00e1 en funcionamiento Humedad relativa del 5% al 95%, 38,7 \u00b0C (101,7 \u00b0F) de temperatura m\u00e1xima con term\u00f3metro de humedad, sin condensaci\u00f3n.<\/li>\n<\/ul>\n<p><img decoding=\"async\" class=\"overview-center-img- aligncenter\" src=\"https:\/\/tvc.mx\/media\/7688\/Logoopaginas-oficial.png\" alt=\"\" \/><\/p>\n","protected":false},"excerpt":{"rendered":"<p>MHW-S380RA-SC Servidor de aplicaciones est\u00e1ndar de Bosch El modelo de servidor HPE ProLiant DL380 Gen10 (Generation 10), con una flexibilidad de configuraci\u00f3n mejorada, alto rendimiento y un dise\u00f1o de gran eficiencia energ\u00e9tica, es la soluci\u00f3n perfecta para las aplicaciones de v\u00eddeo m\u00e1s exigentes. Descripci\u00f3n del&hellip;<\/p>\n","protected":false},"featured_media":7859,"comment_status":"open","ping_status":"closed","template":"","meta":{"om_disable_all_campaigns":false,"_monsterinsights_skip_tracking":false,"_monsterinsights_sitenote_active":false,"_monsterinsights_sitenote_note":"","_monsterinsights_sitenote_category":0},"product_brand":[],"product_cat":[707],"product_tag":[613,611,612,616,615,610,614,617],"class_list":{"0":"post-7860","1":"product","2":"type-product","3":"status-publish","4":"has-post-thumbnail","6":"product_cat-servidores-y-software-de-videovigilancia-bosch-video-vigilancia","7":"product_tag-bosch","8":"product_tag-manhattan","9":"product_tag-saxxon","10":"product_tag-surveon","11":"product_tag-utepo","12":"product_tag-videovigilancia","13":"product_tag-vivotek","14":"product_tag-zteco","16":"first","17":"instock","18":"sale","19":"taxable","20":"shipping-taxable","21":"purchasable","22":"product-type-simple"},"aioseo_notices":[],"_links":{"self":[{"href":"https:\/\/tecsecmty.com\/index.php\/wp-json\/wp\/v2\/product\/7860","targetHints":{"allow":["GET"]}}],"collection":[{"href":"https:\/\/tecsecmty.com\/index.php\/wp-json\/wp\/v2\/product"}],"about":[{"href":"https:\/\/tecsecmty.com\/index.php\/wp-json\/wp\/v2\/types\/product"}],"replies":[{"embeddable":true,"href":"https:\/\/tecsecmty.com\/index.php\/wp-json\/wp\/v2\/comments?post=7860"}],"version-history":[{"count":0,"href":"https:\/\/tecsecmty.com\/index.php\/wp-json\/wp\/v2\/product\/7860\/revisions"}],"wp:featuredmedia":[{"embeddable":true,"href":"https:\/\/tecsecmty.com\/index.php\/wp-json\/wp\/v2\/media\/7859"}],"wp:attachment":[{"href":"https:\/\/tecsecmty.com\/index.php\/wp-json\/wp\/v2\/media?parent=7860"}],"wp:term":[{"taxonomy":"product_brand","embeddable":true,"href":"https:\/\/tecsecmty.com\/index.php\/wp-json\/wp\/v2\/product_brand?post=7860"},{"taxonomy":"product_cat","embeddable":true,"href":"https:\/\/tecsecmty.com\/index.php\/wp-json\/wp\/v2\/product_cat?post=7860"},{"taxonomy":"product_tag","embeddable":true,"href":"https:\/\/tecsecmty.com\/index.php\/wp-json\/wp\/v2\/product_tag?post=7860"}],"curies":[{"name":"wp","href":"https:\/\/api.w.org\/{rel}","templated":true}]}}