{"id":7872,"date":"2023-02-23T16:22:14","date_gmt":"2023-02-23T22:22:14","guid":{"rendered":"https:\/\/tecsecmty.com\/index.php\/producto\/bosch_bisfopcpavi-opc-server-paviro-para-bis47\/"},"modified":"2023-03-22T23:22:11","modified_gmt":"2023-03-23T05:22:11","slug":"bosch_bisfopcpavi-opc-server-paviro-para-bis47","status":"publish","type":"product","link":"https:\/\/tecsecmty.com\/index.php\/producto\/bosch_bisfopcpavi-opc-server-paviro-para-bis47\/","title":{"rendered":"BOSCH_BISFOPCPAVI- OPC SERVER PAVIRO PARA BIS47"},"content":{"rendered":"<div class=\"row aling-items-center padding-bottom-2x\">\n<div class=\"col-lg-12\">\n<h5 class=\"card-title text-center\">BISFOPCPAVI- OPC SERVER PAVIRO PARA BIS47<\/h5>\n<p>BIS extension for V4.6<\/p>\n<p>La estructura modular facilita la adaptaci\u00f3n de una seguridad soluci\u00f3n a sus requisitos exactos.<\/p>\n<p>Actualizar rutas de numerosas versiones anteriores significa protecci\u00f3n a largo plazo de su inversi\u00f3n.<\/p>\n<p>Proporciona una integraci\u00f3n perfecta de Bosch o 3rd sistemas de partidos a trav\u00e9s del cumplimiento de OPC.<\/p>\n<p><img decoding=\"async\" class=\"overview-center-img-web\" src=\"https:\/\/tvc.mx\/media\/186523\/BANNER_CCTV.png\" alt=\"\" \/><\/div>\n<\/div>\n<div class=\"row align-items-center padding-bottom-2x\">\n<div class=\"col-md-5 order-md-2\"><img decoding=\"async\" class=\"d-block m-auto img-thumbnail\" src=\"https:\/\/tvc.mx\/media\/186539\/bis4.png\" alt=\" \" \/><\/div>\n<div class=\"col-md-7 order-md-1 text-md-left text-center\">\n<h2>Descripci\u00f3n inicial<\/h2>\n<p class=\"text-muted\">\n<p>Acuerdo de mantenimiento de software (SMA)<\/p>\n<p>El SMA es una forma rentable de mantenerse al tanto de mejoras t\u00e9cnicas al software.<\/p>\n<p>Cada SMA que compra le da derecho a actualizaciones gratuitas de la funci\u00f3n de software correspondiente, adem\u00e1s de correcciones urgentes y soporte t\u00e9cnico, por un per\u00edodo de un a\u00f1o desde la fecha de compra.<\/p>\n<p>Para los compradores por primera vez, se incluye un a\u00f1o de SMA autom\u00e1ticamente para cada art\u00edculo comprado.<\/p>\n<p><strong>Funciones<\/strong><\/p>\n<p>Paquete de gesti\u00f3n de alarmas<\/p>\n<p>Paquete que consta de las caracter\u00edsticas<\/p>\n<p>\u2022 Distribuci\u00f3n de mensajes<\/p>\n<p>Permite la implementaci\u00f3n de rutas de escalada que entrar en vigor, por ejemplo, si un operador o el grupo de operadores no reconoce una alarma mensaje dentro de un tiempo definido. En tal escenario BIS reenv\u00eda el mensaje autom\u00e1ticamente al siguiente<\/p>\n<p>grupo de operadores en la ruta de escalada.<\/p>\n<p>\u2022 Temporizador<\/p>\n<p>La funci\u00f3n de temporizador le permite automatizar BIS comandos de acuerdo con los horarios definidos por el usuario.<\/p>\n<p>\u2022 Alarma de operador<\/p>\n<p>Los operadores pueden utilizar esta funci\u00f3n tambi\u00e9n para crear alarmas en el sistema basadas en una fuente externa, p.ej. un aviso telef\u00f3nico o algo que tengan notado desde una c\u00e1mara de vigilancia.<\/p>\n<p>\u2022 Lanzador de aplicaciones<\/p>\n<p>Permite comandos del sistema operativo (por ejemplo, el invocaci\u00f3n de cualquier archivo .EXE) para ser almacenado dentro de BIS,<\/p>\n<p>parametrizado y ejecutado en horarios programados. A la aplicaci\u00f3n t\u00edpica de esto ser\u00eda una copia de seguridad del sistema.<\/p>\n<p>se ejecuta autom\u00e1ticamente a las 2 a. m. todas las noches.<\/p>\n<p><strong>Licencia de divisi\u00f3n adicional<\/strong><\/p>\n<p>La funci\u00f3n de divisi\u00f3n le permite dividir sitios grandes \/ edificios entre partidos aut\u00f3nomos, dando a cada uno vistas personalizadas de la divisi\u00f3n (interfaz de usuario, registro de eventos), funciones de control y acceso al sistema. Divisiones privadas son visibles solo para sus grupos de operadores designados mientras que los miembros \/ dispositivos del com\u00fan predeterminado divisiones son visibles para todos los operadores. Puedes comprar divisiones adicionales en pasos de uno o diez.<\/p>\n<\/div>\n<\/div>\n","protected":false},"excerpt":{"rendered":"<p>BISFOPCPAVI- OPC SERVER PAVIRO PARA BIS47 BIS extension for V4.6 La estructura modular facilita la adaptaci\u00f3n de una seguridad soluci\u00f3n a sus requisitos exactos. Actualizar rutas de numerosas versiones anteriores significa protecci\u00f3n a largo plazo de su inversi\u00f3n. Proporciona una integraci\u00f3n perfecta de Bosch o&hellip;<\/p>\n","protected":false},"featured_media":7871,"comment_status":"open","ping_status":"closed","template":"","meta":{"om_disable_all_campaigns":false,"_monsterinsights_skip_tracking":false,"_monsterinsights_sitenote_active":false,"_monsterinsights_sitenote_note":"","_monsterinsights_sitenote_category":0},"product_brand":[],"product_cat":[707],"product_tag":[613,611,612,616,615,610,614,617],"class_list":{"0":"post-7872","1":"product","2":"type-product","3":"status-publish","4":"has-post-thumbnail","6":"product_cat-servidores-y-software-de-videovigilancia-bosch-video-vigilancia","7":"product_tag-bosch","8":"product_tag-manhattan","9":"product_tag-saxxon","10":"product_tag-surveon","11":"product_tag-utepo","12":"product_tag-videovigilancia","13":"product_tag-vivotek","14":"product_tag-zteco","16":"first","17":"instock","18":"sale","19":"taxable","20":"shipping-taxable","21":"purchasable","22":"product-type-simple"},"aioseo_notices":[],"_links":{"self":[{"href":"https:\/\/tecsecmty.com\/index.php\/wp-json\/wp\/v2\/product\/7872","targetHints":{"allow":["GET"]}}],"collection":[{"href":"https:\/\/tecsecmty.com\/index.php\/wp-json\/wp\/v2\/product"}],"about":[{"href":"https:\/\/tecsecmty.com\/index.php\/wp-json\/wp\/v2\/types\/product"}],"replies":[{"embeddable":true,"href":"https:\/\/tecsecmty.com\/index.php\/wp-json\/wp\/v2\/comments?post=7872"}],"version-history":[{"count":0,"href":"https:\/\/tecsecmty.com\/index.php\/wp-json\/wp\/v2\/product\/7872\/revisions"}],"wp:featuredmedia":[{"embeddable":true,"href":"https:\/\/tecsecmty.com\/index.php\/wp-json\/wp\/v2\/media\/7871"}],"wp:attachment":[{"href":"https:\/\/tecsecmty.com\/index.php\/wp-json\/wp\/v2\/media?parent=7872"}],"wp:term":[{"taxonomy":"product_brand","embeddable":true,"href":"https:\/\/tecsecmty.com\/index.php\/wp-json\/wp\/v2\/product_brand?post=7872"},{"taxonomy":"product_cat","embeddable":true,"href":"https:\/\/tecsecmty.com\/index.php\/wp-json\/wp\/v2\/product_cat?post=7872"},{"taxonomy":"product_tag","embeddable":true,"href":"https:\/\/tecsecmty.com\/index.php\/wp-json\/wp\/v2\/product_tag?post=7872"}],"curies":[{"name":"wp","href":"https:\/\/api.w.org\/{rel}","templated":true}]}}