{"id":7876,"date":"2023-02-23T16:22:23","date_gmt":"2023-02-23T22:22:23","guid":{"rendered":"https:\/\/tecsecmty.com\/index.php\/producto\/bsoch-v_bisbupgb2to42-licencia-para-actualizar-bis-de-2-x-a-4-2\/"},"modified":"2023-03-22T23:22:11","modified_gmt":"2023-03-23T05:22:11","slug":"bsoch-v_bisbupgb2to42-licencia-para-actualizar-bis-de-2-x-a-4-2","status":"publish","type":"product","link":"https:\/\/tecsecmty.com\/index.php\/producto\/bsoch-v_bisbupgb2to42-licencia-para-actualizar-bis-de-2-x-a-4-2\/","title":{"rendered":"BSOCH V_BISBUPGB2TO42 &#8211; Licencia para actualizar bis de 2.x a 4.2"},"content":{"rendered":"<p class=\"ql-align-justify\"><strong>Building Integration System (BIS) BIS\u00a0<\/strong>es un sistema de administraci\u00f3n de seguridad y protecci\u00f3n flexible y escalable que se puede configurar para gestionar una gama inmensa de situaciones de uso. Contiene una amplia gama de aplicaciones y funciones que permiten tanto la integraci\u00f3n y el acoplamiento como el control y supervisi\u00f3n de todos los sistemas t\u00e9cnicos del edificio. Esta nueva versi\u00f3n se basa en los muchos a\u00f1os de experiencia de Bosch en el campo de los sistemas de administraci\u00f3n y ha sido influenciada en forma significativa por las siguientes tendencias de mercado:<\/p>\n<ul>\n<li class=\"ql-align-justify\">Complejidad creciente de los equipos t\u00e9cnicos de los edificios El aumento de complejidad de los equipos t\u00e9cnicos del interior de los edificios exige el uso de un potente sistema de administraci\u00f3n que combine las funciones m\u00e1s diversas (sistemas de alarma de incendios o intrusiones, control de accesos, sistemas de video y automatizaci\u00f3n del edificio, etc.) de la mejor forma posible. Los est\u00e1ndares abiertos permiten a BIS procesar y compartir informaci\u00f3n de forma eficaz con una variedad enorme y creciente de dispositivos de hardware y otros or\u00edgenes.<\/li>\n<li class=\"ql-align-justify\">Uso de nuevas tecnolog\u00edas y est\u00e1ndares Aunque las estrictas normas de tecnolog\u00eda de seguridad garantizan un muy alto nivel de fiabilidad en cuestiones de seguridad, dificultan el uso integrado de nuevas tecnolog\u00edas procedentes del sector de las TI. BIS consigue aprovechar las ventajas de las tecnolog\u00edas que no se basan en seguridad (como OPC, CAD, web) e integrarlas con \u00e9xito en el sector de las tecnolog\u00edas de la seguridad.<\/li>\n<li class=\"ql-align-justify\">Se necesitan soluciones completas Los administradores e integradores de instalaciones necesitan una soluci\u00f3n de administraci\u00f3n de edificios que, a pesar de todo, sean capaces de integrar todos sus subsistemas de seguridad.<\/li>\n<\/ul>\n<p class=\"ql-align-justify\"><strong>Descripci\u00f3n del sistema<\/strong><\/p>\n<p class=\"ql-align-justify\"><strong>Building Integration System<\/strong>\u00a0es un producto vers\u00e1til que consta de un paquete b\u00e1sico m\u00e1s distintos componentes opcionales (tambi\u00e9n llamados motores o \u00abEngines\u00bb en ingl\u00e9s) que se basan en una plataforma de software com\u00fan. Los motores se pueden combinar para ajustar los sistemas de administraci\u00f3n de edificios a requisitos detallados.<\/p>\n<p class=\"ql-align-justify\"><strong>Los componentes principales son:<\/strong><\/p>\n<ul>\n<li class=\"ql-align-justify\">Automation Engine.<\/li>\n<li class=\"ql-align-justify\">Access Engine.<\/li>\n<li class=\"ql-align-justify\">Video Engine.<\/li>\n<li class=\"ql-align-justify\">Security Engine.<\/li>\n<\/ul>\n<p class=\"ql-align-justify\"><strong>Funciones<\/strong><\/p>\n<p class=\"ql-align-justify\"><strong>Arquitectura del sistema<\/strong><\/p>\n<p class=\"ql-align-justify\"><strong>Los motores de BIS<\/strong>\u00a0ofrecen detecci\u00f3n de incendios e intrusiones, control de acceso, videovigilancia, megafon\u00eda y alarmas, adem\u00e1s de control de aire acondicionado y calefacci\u00f3n y otros sistemas importantes para edificios. BIS se basa en una arquitectura de varias capas y optimizada para el rendimiento, sobre todo dise\u00f1ado para su uso en entornos de LAN y WAN. Los subsistemas se conectan mediante las normas mundiales establecidas Classic OPC y OPC UA. Estos est\u00e1ndares abiertos facilitan la integraci\u00f3n de BIS en subsistemas actuales que cumplen con OPC. De forma opcional, los sistemas BIS individuales pueden cooperar proporcionando datos a otros sistemas BIS, o bien consumiendo datos de estos. El resultado es un sistema BIS abierto y multiservidor.<\/p>\n<p class=\"ql-align-justify\"><strong>Nota: Actualizaci\u00f3n de BIS 2.x a 4.2 BIS-BUPG-B2TO42<\/strong><\/p>\n<p class=\"ql-align-justify\"><strong>Licencia para una actualizaci\u00f3n de BIS 2.x a BIS 4.x.<\/strong><\/p>\n<p class=\"ql-align-justify\"><strong>N\u00famero de pedido: BIS-BUPG-B2TO42.<\/strong><\/p>\n<p class=\"ql-align-justify\"><strong>Principales Caracter\u00edsticas<\/strong><\/p>\n<ul>\n<li class=\"ql-align-justify\">Integraci\u00f3n de sistemas de Bosch y de terceros mediante interfaces abiertas y SDK.<\/li>\n<li class=\"ql-align-justify\">Toda la informaci\u00f3n relevante en una interfaz de usuario y uso intuitivo mediante mapas interactivos y planes de acci\u00f3n en HTML5.<\/li>\n<li class=\"ql-align-justify\">Control de accesos totalmente integrado.<\/li>\n<li class=\"ql-align-justify\">Registro de eventos completo y traza de auditor\u00eda para investigaciones cient\u00edficas.<\/li>\n<li class=\"ql-align-justify\">Sistema escalable que crece con sus necesidades.<\/li>\n<\/ul>\n<p><img decoding=\"async\" class=\"overview-center-img- aligncenter\" src=\"https:\/\/tvc.mx\/media\/8257\/Logoopaginas-oficial.png\" alt=\"\" \/><\/p>\n","protected":false},"excerpt":{"rendered":"<p>Building Integration System (BIS) BIS\u00a0es un sistema de administraci\u00f3n de seguridad y protecci\u00f3n flexible y escalable que se puede configurar para gestionar una gama inmensa de situaciones de uso. Contiene una amplia gama de aplicaciones y funciones que permiten tanto la integraci\u00f3n y el acoplamiento&hellip;<\/p>\n","protected":false},"featured_media":7875,"comment_status":"open","ping_status":"closed","template":"","meta":{"om_disable_all_campaigns":false,"_monsterinsights_skip_tracking":false,"_monsterinsights_sitenote_active":false,"_monsterinsights_sitenote_note":"","_monsterinsights_sitenote_category":0},"product_brand":[],"product_cat":[707],"product_tag":[613,611,612,616,615,610,614,617],"class_list":{"0":"post-7876","1":"product","2":"type-product","3":"status-publish","4":"has-post-thumbnail","6":"product_cat-servidores-y-software-de-videovigilancia-bosch-video-vigilancia","7":"product_tag-bosch","8":"product_tag-manhattan","9":"product_tag-saxxon","10":"product_tag-surveon","11":"product_tag-utepo","12":"product_tag-videovigilancia","13":"product_tag-vivotek","14":"product_tag-zteco","16":"first","17":"instock","18":"sale","19":"taxable","20":"shipping-taxable","21":"purchasable","22":"product-type-simple"},"aioseo_notices":[],"_links":{"self":[{"href":"https:\/\/tecsecmty.com\/index.php\/wp-json\/wp\/v2\/product\/7876","targetHints":{"allow":["GET"]}}],"collection":[{"href":"https:\/\/tecsecmty.com\/index.php\/wp-json\/wp\/v2\/product"}],"about":[{"href":"https:\/\/tecsecmty.com\/index.php\/wp-json\/wp\/v2\/types\/product"}],"replies":[{"embeddable":true,"href":"https:\/\/tecsecmty.com\/index.php\/wp-json\/wp\/v2\/comments?post=7876"}],"version-history":[{"count":0,"href":"https:\/\/tecsecmty.com\/index.php\/wp-json\/wp\/v2\/product\/7876\/revisions"}],"wp:featuredmedia":[{"embeddable":true,"href":"https:\/\/tecsecmty.com\/index.php\/wp-json\/wp\/v2\/media\/7875"}],"wp:attachment":[{"href":"https:\/\/tecsecmty.com\/index.php\/wp-json\/wp\/v2\/media?parent=7876"}],"wp:term":[{"taxonomy":"product_brand","embeddable":true,"href":"https:\/\/tecsecmty.com\/index.php\/wp-json\/wp\/v2\/product_brand?post=7876"},{"taxonomy":"product_cat","embeddable":true,"href":"https:\/\/tecsecmty.com\/index.php\/wp-json\/wp\/v2\/product_cat?post=7876"},{"taxonomy":"product_tag","embeddable":true,"href":"https:\/\/tecsecmty.com\/index.php\/wp-json\/wp\/v2\/product_tag?post=7876"}],"curies":[{"name":"wp","href":"https:\/\/api.w.org\/{rel}","templated":true}]}}