{"id":7884,"date":"2023-02-23T16:22:31","date_gmt":"2023-02-23T22:22:31","guid":{"rendered":"https:\/\/tecsecmty.com\/index.php\/producto\/surveon-nvr7316a2128-servidor-de-grabacion-empresarial-vms-surveon-128-ch-16-bahias-intel-xeon-e3-16g-ram\/"},"modified":"2023-03-22T23:24:26","modified_gmt":"2023-03-23T05:24:26","slug":"surveon-nvr7316a2128-servidor-de-grabacion-empresarial-vms-surveon-128-ch-16-bahias-intel-xeon-e3-16g-ram","status":"publish","type":"product","link":"https:\/\/tecsecmty.com\/index.php\/producto\/surveon-nvr7316a2128-servidor-de-grabacion-empresarial-vms-surveon-128-ch-16-bahias-intel-xeon-e3-16g-ram\/","title":{"rendered":"SURVEON NVR7316A2128 &#8211; Servidor de grabacion empresarial \/ VMS SURVEON \/ 128 Ch \/ 16 Bahias \/ INTEL XEON E3 \/ 16G RAM"},"content":{"rendered":"<p>\u00c9l modeo \u00a0<strong>NVR7316A2128<\/strong><strong>\u00a0<\/strong>es parte de la serie empresarial Surveon soporta hasta\u00a0<strong>128 canales<\/strong>\u00a0para grabaci\u00f3n de video IP. Cuenta con un maximo de\u00a0<strong>16 bah\u00edas<\/strong>\u00a0de discos duros intercambiables en caliente, ofreciendo una proteci\u00f3n de datos tan valiosos a traves de\u00a0<strong>RAID 1, 5, 6<\/strong>, el modelo\u00a0NVR7316A2128\u00a0\u00a0soporta resoluciones de grabaci\u00f3n de v\u00eddeo Full HD\u00a0<strong>(1080p)<\/strong>\u00a0en\u00a0hasta 128 canales de v\u00eddeo, para el per\u00edodo de\u00a0<strong>retenci\u00f3n de 7 a 30 d\u00edas<\/strong>. Basado en la arquitectura\u00a0<strong>cliente-servidor,<\/strong>\u00a0el modelo\u00a0NVR7316A2128\u00a0proporciona un\u00a0<strong>alto nivel de E\/S<\/strong>, gran capacidad, y la estabilidad global del sistema necesarias para proyectos escalables. el modelo\u00a0NVR7316A2128\u00a0 \u00a0a traves del\u00a0<strong>VMS<\/strong>\u00a0software mantiene\u00a0<strong>seguridad<\/strong>\u00a0de su sistema a traves de supervisi\u00f3n en tiempo real y an\u00e1lisis de v\u00eddeo, es compatible con una gesti\u00f3n centralizada y con lel\u00a0<strong>video wall<\/strong>\u00a0Surveon Control Center (<strong>SCC<\/strong>). El dise\u00f1o inal\u00e1mbrico, componentes redundantes, como ventiladores de refrigeraci\u00f3n y fuentes de alimentaci\u00f3n tambi\u00e9n garantizan una excelente fiabilidad y f\u00e1cil mantenimiento del sistema para aplicaciones de gran tama\u00f1o.<\/p>\n<p><strong>NVRS Megapixel que satsfacen la demanda del mercado IP<\/strong><\/p>\n<p>Surveon ofrece una l\u00ednea completa de los grabadores de v\u00eddeo en red en segmentos diferentes (Professional, Enterprise y Corporate) para responder a las diferentes exigencias del mercado. Todos los aparatos est\u00e1n dise\u00f1ados y fabricados en casa\u00a0con componentes de grado industrial, ofreciendo soluciones simples y escalables y plataformas ideales para\u00a0vigilancia de v\u00eddeo megap\u00edxel.<\/p>\n<table border=\"0\" cellpadding=\"5\">\n<tbody>\n<tr>\n<td><strong>Protecci\u00f3n RAID, una expansi\u00f3n completa<\/strong><\/td>\n<td><strong>VMS Empresarial, Plataforma Linux<\/strong><\/td>\n<\/tr>\n<tr>\n<td>Soporta RAID 0, 1, 5, 6, y el soporte maximo de hasta\u00a0<strong>128\u00a0canales<\/strong>\u00a0de grabaci\u00f3n de resoluci\u00f3n de hasta\u00a0<strong>5 megapixel<\/strong>\u00a0o superiores, el \u00a0NVR7316A2128\u00a0de\u00a0Surveon tiene 16 bah\u00edas para alojamiento de discos duros, es incrementable de\u00a0<strong>1 TB a 128 TB<\/strong>. El premiado subsistema de almacenamiento EonStor ofrece el \u00a0 rendimiento y la m\u00e1xima fiabilidad para garantizar que no se pierdan datos.<\/td>\n<td>Todos los modelos de NVR Surveon incluyen un software de administracion\u00a0<strong>VMS intuitivo<\/strong>,\u00a0S\u00f3lo requiere una capacitaci\u00f3n m\u00ednima para realizar el control plenamente, ofreciendo caracter\u00edsticas profesionales como advanced con configuraciones, monitorizaci\u00f3n en tiempo real, reproducci\u00f3n instant\u00e1nea, an\u00e1lisis de video, y el motor de b\u00fasqueda para facilitar la complicada gesti\u00f3n de v\u00eddeo.<\/td>\n<\/tr>\n<\/tbody>\n<\/table>\n<p>&nbsp;<\/p>\n<p>&nbsp;<\/p>\n<table style=\"height: 165px\" border=\"0\" width=\"1079\" cellpadding=\"5\">\n<tbody>\n<tr>\n<td>\u00a0<strong>Analisis de video que mejora la eficiencia<\/strong><\/td>\n<td>\u00a0<strong>Gesti\u00f3n de video matriz escalable<\/strong><\/td>\n<\/tr>\n<tr>\n<td>El an\u00e1lisis de v\u00eddeo inteligente de Surveon proporciona al usuario un total control\u00a0conocimiento sobre el\u00a0\u00a0de la estructuta, convertir los datos\u00a0masivos en informaci\u00f3n procesable . El an\u00e1lisis de v\u00eddeo en tiempo real identifica e inicia alertas para diversos eventos definidos por el usuario, ofreciendo seguimiento, detecciones, y las respuestas para una variedad de aplicaciones.<\/td>\n<td>\u00a0Admite la serie NVR Surveon, Surveon Centro de Control (CMS), una potente suite de add-on de gran escala y proyectos de misi\u00f3n cr\u00edtica. Gestiona el conjunto\u00a0centralizado de alarmas , varios clientes, un n\u00famero ilimitado de c\u00e1maras y monotores de grabadores de v\u00eddeo, para mostrarse en la pantalla matriz a los usuarios.<\/td>\n<\/tr>\n<\/tbody>\n<\/table>\n","protected":false},"excerpt":{"rendered":"<p>\u00c9l modeo \u00a0NVR7316A2128\u00a0es parte de la serie empresarial Surveon soporta hasta\u00a0128 canales\u00a0para grabaci\u00f3n de video IP. Cuenta con un maximo de\u00a016 bah\u00edas\u00a0de discos duros intercambiables en caliente, ofreciendo una proteci\u00f3n de datos tan valiosos a traves de\u00a0RAID 1, 5, 6, el modelo\u00a0NVR7316A2128\u00a0\u00a0soporta resoluciones de grabaci\u00f3n&hellip;<\/p>\n","protected":false},"featured_media":7883,"comment_status":"open","ping_status":"closed","template":"","meta":{"om_disable_all_campaigns":false,"_monsterinsights_skip_tracking":false,"_monsterinsights_sitenote_active":false,"_monsterinsights_sitenote_note":"","_monsterinsights_sitenote_category":0},"product_brand":[],"product_cat":[708],"product_tag":[613,611,612,616,615,610,614,617],"class_list":{"0":"post-7884","1":"product","2":"type-product","3":"status-publish","4":"has-post-thumbnail","6":"product_cat-servidores-y-software-de-videovigilancia-surveon","7":"product_tag-bosch","8":"product_tag-manhattan","9":"product_tag-saxxon","10":"product_tag-surveon","11":"product_tag-utepo","12":"product_tag-videovigilancia","13":"product_tag-vivotek","14":"product_tag-zteco","16":"first","17":"instock","18":"sale","19":"taxable","20":"shipping-taxable","21":"purchasable","22":"product-type-simple"},"aioseo_notices":[],"_links":{"self":[{"href":"https:\/\/tecsecmty.com\/index.php\/wp-json\/wp\/v2\/product\/7884","targetHints":{"allow":["GET"]}}],"collection":[{"href":"https:\/\/tecsecmty.com\/index.php\/wp-json\/wp\/v2\/product"}],"about":[{"href":"https:\/\/tecsecmty.com\/index.php\/wp-json\/wp\/v2\/types\/product"}],"replies":[{"embeddable":true,"href":"https:\/\/tecsecmty.com\/index.php\/wp-json\/wp\/v2\/comments?post=7884"}],"version-history":[{"count":0,"href":"https:\/\/tecsecmty.com\/index.php\/wp-json\/wp\/v2\/product\/7884\/revisions"}],"wp:featuredmedia":[{"embeddable":true,"href":"https:\/\/tecsecmty.com\/index.php\/wp-json\/wp\/v2\/media\/7883"}],"wp:attachment":[{"href":"https:\/\/tecsecmty.com\/index.php\/wp-json\/wp\/v2\/media?parent=7884"}],"wp:term":[{"taxonomy":"product_brand","embeddable":true,"href":"https:\/\/tecsecmty.com\/index.php\/wp-json\/wp\/v2\/product_brand?post=7884"},{"taxonomy":"product_cat","embeddable":true,"href":"https:\/\/tecsecmty.com\/index.php\/wp-json\/wp\/v2\/product_cat?post=7884"},{"taxonomy":"product_tag","embeddable":true,"href":"https:\/\/tecsecmty.com\/index.php\/wp-json\/wp\/v2\/product_tag?post=7884"}],"curies":[{"name":"wp","href":"https:\/\/api.w.org\/{rel}","templated":true}]}}