{"id":7886,"date":"2023-02-23T16:22:33","date_gmt":"2023-02-23T22:22:33","guid":{"rendered":"https:\/\/tecsecmty.com\/index.php\/producto\/surveon-nvr7816a2-servidor-nvr-para-videovigilancia-16-bahias-hasta-150-ch-intel-xeon-e3-so-win-7-8gb-ram-rackeable-doble-fuente-de-energia-ofertasaaa\/"},"modified":"2023-03-22T23:24:26","modified_gmt":"2023-03-23T05:24:26","slug":"surveon-nvr7816a2-servidor-nvr-para-videovigilancia-16-bahias-hasta-150-ch-intel-xeon-e3-so-win-7-8gb-ram-rackeable-doble-fuente-de-energia-ofertasaaa","status":"publish","type":"product","link":"https:\/\/tecsecmty.com\/index.php\/producto\/surveon-nvr7816a2-servidor-nvr-para-videovigilancia-16-bahias-hasta-150-ch-intel-xeon-e3-so-win-7-8gb-ram-rackeable-doble-fuente-de-energia-ofertasaaa\/","title":{"rendered":"SURVEON NVR7816A2 &#8211; Servidor NVR para videovigilancia \/ 16 Bahias \/ Hasta 150 ch \/ INTEL XEON E3 \/ So WIN 7 \/ 8GB RAM \/ RACKEABLE \/ Doble fuente de energia #OfertasAAA"},"content":{"rendered":"<p>El modelo\u00a0NVR7800 de la marca Surveon, es un equipo de la nueva serie de NVRs es una soluci\u00f3n de seguridad empresarial, que admite hasta 150 canales para la grabaci\u00f3n de c\u00e1maras de 3MP\u00a0con grabaci\u00f3n continua y 316 discos duros en su dise\u00f1o de\u00a04U con\u00a060 bah\u00edas\u00a0que permite el alojamiento de discos con alta densidad de alojamiento de expansi\u00f3n (capacidad m\u00e1xima de hasta 2,5 PB con disco duro de 8 TB). y su dise\u00f1o inal\u00e1mbrico e h\u00edbrido\u00a0garantiza una excelente fiabilidad y f\u00e1cil mantenimiento del sistema para aplicaciones medianas a grandes.<\/p>\n<p>&nbsp;<\/p>\n<ul>\n<li id=\"01\" dir=\"ltr\" title=\"line height\">Servidor de almacenamiento de dise\u00f1o h\u00edbrido para una mejor relaci\u00f3n coste-prestaciones.<\/li>\n<li id=\"01\" dir=\"ltr\" title=\"line height\">Dise\u00f1o inal\u00e1mbrico con componentes redundantes intercambiables en caliente para un mantenimiento f\u00e1cil.<\/li>\n<li id=\"01\" dir=\"ltr\" title=\"line height\">Funci\u00f3n RAID integrado para la protecci\u00f3n de datos.<\/li>\n<li id=\"01\" dir=\"ltr\" title=\"line height\">Expansi\u00f3n SAS\u00a0Integrado para\u00a0JBOD con hasta 316 discos duros.<\/li>\n<li id=\"01\" dir=\"ltr\" title=\"line height\">P\u00e1gina de configuraci\u00f3n intuitiva para una instalaci\u00f3n sin complicaciones.<\/li>\n<\/ul>\n<p><strong>Servidor de almacenamiento de dise\u00f1o h\u00edbrido<\/strong><\/p>\n<ul>\n<li>Altamente integrado, dise\u00f1o de bajo mantenimiento.<\/li>\n<li>F\u00e1cil instalaci\u00f3n sin la necesidad de agregar tarjetas o conexi\u00f3n de cableado interno.<\/li>\n<li>Simplifica la gesti\u00f3n de servidores y almacenamiento a trav\u00e9s de una sola interfaz gr\u00e1fica.<\/li>\n<\/ul>\n<p><strong>Alta fiabilidad con dise\u00f1o inal\u00e1mbrico<\/strong><\/p>\n<ul>\n<li>Sin tarjeta RAID interna o conexi\u00f3n de cable que permite una f\u00e1cil implementaci\u00f3n para\u00a0evitar desconexiones accidentales o cables sueltos.<\/li>\n<li>Dise\u00f1o modular de bajo mantenimiento<\/li>\n<\/ul>\n<p><strong>Capacidad de ampliaci\u00f3n de almacenamiento<\/strong><\/p>\n<ul>\n<li>Expansi\u00f3n\u00a0Local\u00a0JBOD\u00a0con las conexiones del puerto SAS; mayor rendimiento de lectura\/escritura y una mejor estabilidad.<\/li>\n<li>Admite hasta 316 unidades en factor 4U de alta densidad con 60-bahias de alojamiento de expansi\u00f3n (capacidad m\u00e1xima de hasta 2,5 PB con disco duro de 8 TB).<\/li>\n<li>Proporcionan la flexibilidad para ampliar f\u00e1cilmente el n\u00famero de d\u00edas de retenci\u00f3n con gran capacidad.<\/li>\n<\/ul>\n<p>&nbsp;<\/p>\n<p><strong>Excelente rendimiento<\/strong><\/p>\n<ul>\n<li>Admiten grabaci\u00f3n de hasta 150 canales con\u00a0c\u00e1maras\u00a0de\u00a03MP basado en la prueba de rendimiento para la grabaci\u00f3n continua por hito.<\/li>\n<li>El sistema se traduce en un alto nivel de rendimiento de grabaci\u00f3n de 3984Mbps en total, asegurando las grabaciones de c\u00e1maras y monitoreo de manera fiable.<\/li>\n<\/ul>\n<p><strong>Principales Caracter\u00edsticas:<\/strong><strong>\u00a0<\/strong><\/p>\n<p>16 bah\u00edas para alojamiento de discos duros del propio NVR. sin contar unidades de expansi\u00f3n.<\/p>\n<p>Hasta\u00a0<strong>150 canales IP.<\/strong><\/p>\n<p>3 Megap\u00edxel de resoluci\u00f3n para grabaci\u00f3n continua de video de c\u00e1maras IP.<\/p>\n<p>Admite hasta\u00a0<strong>316 discos<\/strong>\u00a0duros m\u00e1xima capacidad de hasta (2.5PB).<\/p>\n<p>8TB capacidad m\u00e1xima por disco duro.<\/p>\n<p>Dise\u00f1o modular de controladora RAID de bajo mantenimiento.<\/p>\n<p>Dise\u00f1o Factor 4U con 60 bah\u00edas de alojamiento.<\/p>\n<p>&nbsp;<\/p>\n<p><strong>Nota:\u00a0Las unidades de expansi\u00f3n y discos duros se venden por separado.<\/strong><\/p>\n","protected":false},"excerpt":{"rendered":"<p>El modelo\u00a0NVR7800 de la marca Surveon, es un equipo de la nueva serie de NVRs es una soluci\u00f3n de seguridad empresarial, que admite hasta 150 canales para la grabaci\u00f3n de c\u00e1maras de 3MP\u00a0con grabaci\u00f3n continua y 316 discos duros en su dise\u00f1o de\u00a04U con\u00a060 bah\u00edas\u00a0que&hellip;<\/p>\n","protected":false},"featured_media":7885,"comment_status":"open","ping_status":"closed","template":"","meta":{"om_disable_all_campaigns":false,"_monsterinsights_skip_tracking":false,"_monsterinsights_sitenote_active":false,"_monsterinsights_sitenote_note":"","_monsterinsights_sitenote_category":0},"product_brand":[],"product_cat":[708],"product_tag":[613,611,612,616,615,610,614,617],"class_list":{"0":"post-7886","1":"product","2":"type-product","3":"status-publish","4":"has-post-thumbnail","6":"product_cat-servidores-y-software-de-videovigilancia-surveon","7":"product_tag-bosch","8":"product_tag-manhattan","9":"product_tag-saxxon","10":"product_tag-surveon","11":"product_tag-utepo","12":"product_tag-videovigilancia","13":"product_tag-vivotek","14":"product_tag-zteco","16":"first","17":"instock","18":"sale","19":"taxable","20":"shipping-taxable","21":"purchasable","22":"product-type-simple"},"aioseo_notices":[],"_links":{"self":[{"href":"https:\/\/tecsecmty.com\/index.php\/wp-json\/wp\/v2\/product\/7886","targetHints":{"allow":["GET"]}}],"collection":[{"href":"https:\/\/tecsecmty.com\/index.php\/wp-json\/wp\/v2\/product"}],"about":[{"href":"https:\/\/tecsecmty.com\/index.php\/wp-json\/wp\/v2\/types\/product"}],"replies":[{"embeddable":true,"href":"https:\/\/tecsecmty.com\/index.php\/wp-json\/wp\/v2\/comments?post=7886"}],"version-history":[{"count":0,"href":"https:\/\/tecsecmty.com\/index.php\/wp-json\/wp\/v2\/product\/7886\/revisions"}],"wp:featuredmedia":[{"embeddable":true,"href":"https:\/\/tecsecmty.com\/index.php\/wp-json\/wp\/v2\/media\/7885"}],"wp:attachment":[{"href":"https:\/\/tecsecmty.com\/index.php\/wp-json\/wp\/v2\/media?parent=7886"}],"wp:term":[{"taxonomy":"product_brand","embeddable":true,"href":"https:\/\/tecsecmty.com\/index.php\/wp-json\/wp\/v2\/product_brand?post=7886"},{"taxonomy":"product_cat","embeddable":true,"href":"https:\/\/tecsecmty.com\/index.php\/wp-json\/wp\/v2\/product_cat?post=7886"},{"taxonomy":"product_tag","embeddable":true,"href":"https:\/\/tecsecmty.com\/index.php\/wp-json\/wp\/v2\/product_tag?post=7886"}],"curies":[{"name":"wp","href":"https:\/\/api.w.org\/{rel}","templated":true}]}}