{"id":7900,"date":"2023-02-23T16:22:46","date_gmt":"2023-02-23T22:22:46","guid":{"rendered":"https:\/\/tecsecmty.com\/index.php\/producto\/vivotek-vast-licencia-de-1-canal-para-administrar-1-camara-aplica-para-vast-vast-2-y-ns9521-camaras-vivotek-y-o-onvif\/"},"modified":"2023-03-22T23:24:48","modified_gmt":"2023-03-23T05:24:48","slug":"vivotek-vast-licencia-de-1-canal-para-administrar-1-camara-aplica-para-vast-vast-2-y-ns9521-camaras-vivotek-y-o-onvif","status":"publish","type":"product","link":"https:\/\/tecsecmty.com\/index.php\/producto\/vivotek-vast-licencia-de-1-canal-para-administrar-1-camara-aplica-para-vast-vast-2-y-ns9521-camaras-vivotek-y-o-onvif\/","title":{"rendered":"VIVOTEK VAST &#8211; Licencia de 1 canal para administrar 1 c\u00e1mara, Aplica para VAST, VAST 2 y NS9521, C\u00e1maras VIVOTEK y\/o ONVIF"},"content":{"rendered":"<div class=\"row aling-items-center padding-bottom-2x\">\n<div class=\"col-lg-12\">\n<h5 class=\"card-title text-center\">Descripci\u00f3n General<\/h5>\n<p>La licencia de software se verifica identificando caracter\u00edsticas \u00fanicas de la PC del usuario. Su archivo contiene datos sobre la configuraci\u00f3n b\u00e1sica (placa base, procesador de la CPU, tarjeta gr\u00e1fica, RAM y tarjeta de red) de todos los servidores para garantizar la eficiencia.<\/p>\n<p>*Si \u00e9l usuario cambia cualquiera de estos tres componentes b\u00e1sicos de hardware, la licencia de software dejar\u00e1 de ser v\u00e1lida.<\/p>\n<p>**Nota: Las licencias son digitales, no vienen con un dongle de hardware.<\/p>\n<p><img decoding=\"async\" class=\"overview-center-img-web\" src=\"https:\/\/tvc.mx\/media\/46059\/VASTlicense.png\" alt=\"\" \/><\/div>\n<\/div>\n<div class=\"row aling-items-center padding-bottom-2x\">\n<div class=\"col-lg-12\">\n<h5 class=\"card-title text-center\">Escenario de c\u00e1maras<\/h5>\n<p>Escenario:<\/p>\n<p>El usuario agrega 50 c\u00e1maras a un solo servidor.<\/p>\n<p>\u00bfCu\u00e1ntas licencias necesitas comprar?<\/p>\n<p>F\u00f3rmula:<\/p>\n<p>\u2022 Licencia de c\u00e1mara = Canal total de c\u00e1maras menos 32 canales libres.<\/p>\n<p>\u2022 N\u00famero total de c\u00e1maras: 50<\/p>\n<p>\u2022 Canal libre para la c\u00e1mara VIVOTEK: 32<\/p>\n<p>\u2022 El usuario necesita comprar 18 licencias de c\u00e1mara para este escenario. (50-32)<\/p>\n<p><img decoding=\"async\" class=\"overview-center-img-web\" src=\"https:\/\/tvc.mx\/media\/46062\/Vastlicense2.png\" alt=\"\" \/><\/div>\n<\/div>\n","protected":false},"excerpt":{"rendered":"<p>Descripci\u00f3n General La licencia de software se verifica identificando caracter\u00edsticas \u00fanicas de la PC del usuario. Su archivo contiene datos sobre la configuraci\u00f3n b\u00e1sica (placa base, procesador de la CPU, tarjeta gr\u00e1fica, RAM y tarjeta de red) de todos los servidores para garantizar la eficiencia.&hellip;<\/p>\n","protected":false},"featured_media":7899,"comment_status":"open","ping_status":"closed","template":"","meta":{"om_disable_all_campaigns":false,"_monsterinsights_skip_tracking":false,"_monsterinsights_sitenote_active":false,"_monsterinsights_sitenote_note":"","_monsterinsights_sitenote_category":0},"product_brand":[],"product_cat":[709],"product_tag":[613,611,612,616,615,610,614,617],"class_list":{"0":"post-7900","1":"product","2":"type-product","3":"status-publish","4":"has-post-thumbnail","6":"product_cat-servidores-y-software-de-videovigilancia-vivotek-video-vigilancia","7":"product_tag-bosch","8":"product_tag-manhattan","9":"product_tag-saxxon","10":"product_tag-surveon","11":"product_tag-utepo","12":"product_tag-videovigilancia","13":"product_tag-vivotek","14":"product_tag-zteco","16":"first","17":"instock","18":"sale","19":"taxable","20":"shipping-taxable","21":"purchasable","22":"product-type-simple"},"aioseo_notices":[],"_links":{"self":[{"href":"https:\/\/tecsecmty.com\/index.php\/wp-json\/wp\/v2\/product\/7900","targetHints":{"allow":["GET"]}}],"collection":[{"href":"https:\/\/tecsecmty.com\/index.php\/wp-json\/wp\/v2\/product"}],"about":[{"href":"https:\/\/tecsecmty.com\/index.php\/wp-json\/wp\/v2\/types\/product"}],"replies":[{"embeddable":true,"href":"https:\/\/tecsecmty.com\/index.php\/wp-json\/wp\/v2\/comments?post=7900"}],"version-history":[{"count":0,"href":"https:\/\/tecsecmty.com\/index.php\/wp-json\/wp\/v2\/product\/7900\/revisions"}],"wp:featuredmedia":[{"embeddable":true,"href":"https:\/\/tecsecmty.com\/index.php\/wp-json\/wp\/v2\/media\/7899"}],"wp:attachment":[{"href":"https:\/\/tecsecmty.com\/index.php\/wp-json\/wp\/v2\/media?parent=7900"}],"wp:term":[{"taxonomy":"product_brand","embeddable":true,"href":"https:\/\/tecsecmty.com\/index.php\/wp-json\/wp\/v2\/product_brand?post=7900"},{"taxonomy":"product_cat","embeddable":true,"href":"https:\/\/tecsecmty.com\/index.php\/wp-json\/wp\/v2\/product_cat?post=7900"},{"taxonomy":"product_tag","embeddable":true,"href":"https:\/\/tecsecmty.com\/index.php\/wp-json\/wp\/v2\/product_tag?post=7900"}],"curies":[{"name":"wp","href":"https:\/\/api.w.org\/{rel}","templated":true}]}}