{"id":7902,"date":"2023-02-23T16:22:50","date_gmt":"2023-02-23T22:22:50","guid":{"rendered":"https:\/\/tecsecmty.com\/index.php\/producto\/manhattan-164856-caja-de-conexiones-para-escritorio-de-apertura-giratoria-2-puertos-rj45-1-puerto-hdmi-con-conexion-de-paso-2-contactos-electricos-2-puertos-usb-a-con-led-y-1-salida-de-hasta-2-1\/"},"modified":"2023-12-12T22:33:35","modified_gmt":"2023-12-13T04:33:35","slug":"manhattan-164856-caja-de-conexiones-para-escritorio-de-apertura-giratoria-2-puertos-rj45-1-puerto-hdmi-con-conexion-de-paso-2-contactos-electricos-2-puertos-usb-a-con-led-y-1-salida-de-hasta-2-1","status":"publish","type":"product","link":"https:\/\/tecsecmty.com\/index.php\/producto\/manhattan-164856-caja-de-conexiones-para-escritorio-de-apertura-giratoria-2-puertos-rj45-1-puerto-hdmi-con-conexion-de-paso-2-contactos-electricos-2-puertos-usb-a-con-led-y-1-salida-de-hasta-2-1\/","title":{"rendered":"MANHATTAN 164856 &#8211; Caja de Conexiones para Escritorio de Apertura Giratoria\/ 2 Puertos RJ45\/ 1 Puerto HDMI con Conexi\u00f3n de Paso\/ 2 Contactos El\u00e9ctricos\/ 2 puertos USB-A con LED y 1 salida de hasta 2.1A \/ 5 VDC\/ 1 Puerto VGA\/"},"content":{"rendered":"<div class=\"row aling-items-center padding-bottom-2x\">\n<div class=\"col-lg-12\">\n<h5 class=\"card-title text-center\">Caracter\u00edsticas Principales<\/h5>\n<p><strong>Conectividad desde el escritorio con variedad de puertos de\u00a0salida<\/strong><\/p>\n<p>La caja de conexiones de Manhattan es una soluci\u00f3n de conectividad\u00a0que puede instalarse f\u00e1cilmente en el recorte del recept\u00e1culo de un escritorio de oficina, una mesa de sala de conferencias, un banco de trabajo u otra superficie. Su panel giratorio le permite cargar dispositivos y conectar pantallas cuando sea necesario, adem\u00e1s de mantener el tomacorriente cerrado para obtener un aspecto limpio y discreto. Cuando est\u00e1 abierto, ofrece dos tomas de corriente alterna para conectar computadoras port\u00e1tiles, impresoras, monitores, proyectores y m\u00e1s,\u00a0dos puertos USB-A para\u00a0cargar dispositivos m\u00f3viles como tel\u00e9fonos o tabletas. Las salidas\u00a0HDMI,\u00a0VGA\u00a0ofrecen una conexi\u00f3n de pantalla mucho m\u00e1s c\u00f3moda y extendida para los usuarios que se encuentren en el escritorio y deseen conectar su equipo a una pantalla o proyector y las salidas de red permiten conectar equipos a velocidades de hasta 1Gb de velocidad. La salida de energ\u00eda ya instalada,\u00a0evita que tengas que agacharte debajo del escritorio para encontrar una barra de corriente.<\/p>\n<ul>\n<li>Estaci\u00f3n de carga empotrable con dos tomas de corriente y dos puertos de carga USB-A<\/li>\n<li>Dos puertos de carga USB-A con LED y una salida de hasta 2.1 A \/ 5 V DC (m\u00e1x.)<\/li>\n<li>Conexi\u00f3n de paso HDMI con puerto HDMI y cable HDMI de 1.5 m &#8211; soporta resoluciones de hasta 1080p@60Hz<\/li>\n<li>Conexi\u00f3n de paso VGA con puerto VGA y cable VGA de 1.5 m &#8211; soporta resoluciones de hasta 1080p@60Hz<\/li>\n<li>Conexi\u00f3n de paso Gigabit Ethernet con dos puertos RJ45 y dos cables de red de 1.5 m<\/li>\n<li>P\u00e1nel de carga\/conectividad de apertura giratoria que se puede ocultar cuando no est\u00e1 en uso<\/li>\n<li>Ideal para su instalaci\u00f3n en un escritorio de oficina, mesa de sala de conferencias, banco de trabajo u otra superficie<\/li>\n<li>Protecci\u00f3n contra sobrecarga, sobrecorriente y sobrecalentamiento<\/li>\n<li>Administraci\u00f3n de cables incorporada para una apariencia sin desorden<\/li>\n<li>Material de aleaci\u00f3n de aluminio durable y de alta calidad<\/li>\n<\/ul>\n<p><img decoding=\"async\" class=\"overview-center-img-web\" src=\"https:\/\/tvc.mx\/media\/269679\/Caja-De-Conexion-Para-Mesa-Manhattan-164856-2.png\" alt=\"\" \/><\/div>\n<\/div>\n<div class=\"row aling-items-center padding-bottom-2x\">\n<div class=\"col-lg-12\">\n<h5 class=\"card-title text-center\">Caracter\u00edsticas Principales<\/h5>\n<p><strong>Est\u00e1ndares y certificaciones:<\/strong><\/p>\n<ul>\n<li>FCC (Comisi\u00f3n Federal de Comunicaciones)<\/li>\n<\/ul>\n<p><strong>Conexiones:<\/strong><\/p>\n<ul>\n<li>Dos tomas de corriente alterna (NEMA 5-5)<\/li>\n<li>Dos puertos de carga USB-A (2.1 A \/ 5 V DC m\u00e1x.)<\/li>\n<li>Dos puertos Ethernet RJ45 (10\/100\/1000 Mbps)<\/li>\n<li>Un puerto HDMI (resoluciones hasta 1080p@60Hz)<\/li>\n<li>Un puerto VGA (resoluciones hasta 1080p@60Hz)<\/li>\n<\/ul>\n<p><strong>Caracter\u00edsticas de entrada<\/strong><\/p>\n<ul>\n<li>Voltaje nominal de CA: 100 &#8211; 240 V<\/li>\n<li>Rango de frecuencia: 50 &#8211; 60 Hz<\/li>\n<\/ul>\n<p><strong>Caracter\u00edsticas f\u00edsicas<\/strong><\/p>\n<ul>\n<li>Dimensiones de la carcasa: 308 x 110 x 104 mm (12,13 x 4,33 x 4,09 pulg.)<\/li>\n<li>Dimensiones del recorte para la instalaci\u00f3n: 275 x 103 mm (10.83 x 4.06 in.)<\/li>\n<li>Longitud del cable de alimentaci\u00f3n: 1.5 m<\/li>\n<li>Longitud del cable de HDMI: 1.5 m<\/li>\n<li>Longitud del cable VGA: 1.5 m<\/li>\n<li>Longitud del cable de red: 1.5 m cada uno<\/li>\n<li>Peso: 1 kg (2.2 lbs.)<\/li>\n<\/ul>\n<p><strong>Ambiente de operaci\u00f3n<\/strong><\/p>\n<ul>\n<li>Temperatura de operaci\u00f3n: 0 &#8211; 50\u00b0C (32 &#8211; 122\u00b0F)<\/li>\n<li>Temperatura de almacenamiento: -10 &#8211; 70\u00b0C (14 &#8211; 158\u00b0F)<\/li>\n<li>Humedad (sin condensaci\u00f3n): 5 &#8211; 90% RH<\/li>\n<\/ul>\n<p><strong>Contenido del paquete:<\/strong><\/p>\n<ul>\n<li>Caja de conexi\u00f3n para mesa<\/li>\n<li>Dos tornillos de montaje<\/li>\n<li>Instrucciones<\/li>\n<\/ul>\n<p><strong>Especificaciones F\u00edsicas<\/strong><\/p>\n<ul>\n<li>Peso: 1 kg<\/li>\n<li>Dimensiones: 308 (L) x 110 (W) x 104 (H) [mm]<\/li>\n<li>Embalaje: Empaque en caja de cart\u00f3n<\/li>\n<\/ul>\n<\/div>\n<\/div>\n","protected":false},"excerpt":{"rendered":"<p>Caracter\u00edsticas Principales Conectividad desde el escritorio con variedad de puertos de\u00a0salida La caja de conexiones de Manhattan es una soluci\u00f3n de conectividad\u00a0que puede instalarse f\u00e1cilmente en el recorte del recept\u00e1culo de un escritorio de oficina, una mesa de sala de conferencias, un banco de trabajo&hellip;<\/p>\n","protected":false},"featured_media":7901,"comment_status":"open","ping_status":"closed","template":"","meta":{"om_disable_all_campaigns":false,"_monsterinsights_skip_tracking":false,"_monsterinsights_sitenote_active":false,"_monsterinsights_sitenote_note":"","_monsterinsights_sitenote_category":0},"product_brand":[],"product_cat":[711],"product_tag":[613,611,612,616,615,610,614,617],"class_list":{"0":"post-7902","1":"product","2":"type-product","3":"status-publish","4":"has-post-thumbnail","6":"product_cat-accesorios-hdmi","7":"product_tag-bosch","8":"product_tag-manhattan","9":"product_tag-saxxon","10":"product_tag-surveon","11":"product_tag-utepo","12":"product_tag-videovigilancia","13":"product_tag-vivotek","14":"product_tag-zteco","16":"first","17":"instock","18":"sale","19":"taxable","20":"shipping-taxable","21":"purchasable","22":"product-type-simple"},"aioseo_notices":[],"_links":{"self":[{"href":"https:\/\/tecsecmty.com\/index.php\/wp-json\/wp\/v2\/product\/7902","targetHints":{"allow":["GET"]}}],"collection":[{"href":"https:\/\/tecsecmty.com\/index.php\/wp-json\/wp\/v2\/product"}],"about":[{"href":"https:\/\/tecsecmty.com\/index.php\/wp-json\/wp\/v2\/types\/product"}],"replies":[{"embeddable":true,"href":"https:\/\/tecsecmty.com\/index.php\/wp-json\/wp\/v2\/comments?post=7902"}],"version-history":[{"count":0,"href":"https:\/\/tecsecmty.com\/index.php\/wp-json\/wp\/v2\/product\/7902\/revisions"}],"wp:featuredmedia":[{"embeddable":true,"href":"https:\/\/tecsecmty.com\/index.php\/wp-json\/wp\/v2\/media\/7901"}],"wp:attachment":[{"href":"https:\/\/tecsecmty.com\/index.php\/wp-json\/wp\/v2\/media?parent=7902"}],"wp:term":[{"taxonomy":"product_brand","embeddable":true,"href":"https:\/\/tecsecmty.com\/index.php\/wp-json\/wp\/v2\/product_brand?post=7902"},{"taxonomy":"product_cat","embeddable":true,"href":"https:\/\/tecsecmty.com\/index.php\/wp-json\/wp\/v2\/product_cat?post=7902"},{"taxonomy":"product_tag","embeddable":true,"href":"https:\/\/tecsecmty.com\/index.php\/wp-json\/wp\/v2\/product_tag?post=7902"}],"curies":[{"name":"wp","href":"https:\/\/api.w.org\/{rel}","templated":true}]}}