{"id":7908,"date":"2023-02-23T16:22:55","date_gmt":"2023-02-23T22:22:55","guid":{"rendered":"https:\/\/tecsecmty.com\/index.php\/producto\/manhattan-207560-video-splitter-hdmi-4k30hz-1-in8-out\/"},"modified":"2023-03-22T23:23:39","modified_gmt":"2023-03-23T05:23:39","slug":"manhattan-207560-video-splitter-hdmi-4k30hz-1-in8-out","status":"publish","type":"product","link":"https:\/\/tecsecmty.com\/index.php\/producto\/manhattan-207560-video-splitter-hdmi-4k30hz-1-in8-out\/","title":{"rendered":"MANHATTAN 207560 &#8211; Video Splitter \/ HDMI \/ 4k@30Hz \/ 1 in:8 out"},"content":{"rendered":"<div class=\"row aling-items-center padding-bottom-2x\">\n<div class=\"col-lg-12\">\n<h5 class=\"card-title text-center\">Informaci\u00f3n General<\/h5>\n<p>Distribuye f\u00e1cilmente una se\u00f1al de Ultra Alta Definici\u00f3n a m\u00faltiples pantallas. El Splitter HDMI de 8 puertos con un amplificador integrado, transmite una se\u00f1al 4K HDMI desde una fuente UHD hasta a 8 pantallas UHD. La mejor calidad de imagen posible y una sencilla instalaci\u00f3n. Completa compatibilidad con HDMI y HDCP 1.4, asegura que brindar\u00e1 nada menos que un rendimiento y confiabilidad de alta calidad. Brinda una resoluci\u00f3n cinem\u00e1tica 4K y soporta video 3D y Color Profundo, as\u00ed como LPCM, sonido DTS y Dolby TrueHD. Conecta r\u00e1pidamente cables HDMI (No incluidos) y la fuente de energ\u00eda &#8211; no requiere complicadas configuraciones de software o hardware).<\/p>\n<ul>\n<li>Duplica una se\u00f1al digital de audio y video de ultraalta definici\u00f3n (UHD) para hasta ocho pantallas HDMI UHD<\/li>\n<li>Resoluci\u00f3n 4K@30Hz, Video full 3D y Color Intenso<\/li>\n<li>Soporta un ancho de banda de amplificador de video de hasta 340 MHz, 3.4 Gbps por canal (10.2 Gbps total) para pantallas 4Kx2K<\/li>\n<li>Soporta Color Intenso (Deep Color) de 48 bits (12 bits por canal) y xvYCC (Color x.v)<\/li>\n<li>Soporta Sonido comprimido DTS-HD Master, sonido envolvente 7.1, Dolby TrueHD y sonido LPCM de 8 canales sin compresi\u00f3n<\/li>\n<li>Switch EDID ajustable que minimiza el HDCP y otros problemas de pantalla; permite configuraci\u00f3n de pantallas o fuente para lograr la mejor imagen<\/li>\n<li>Compatible con HDCP<\/li>\n<li>Se pueden conectar en cascada m\u00faltiple Splitter (hasta 5) para soportar hasta 36 pantallas<\/li>\n<li>Trabaja con consolas de videojuegos Playstation y XBox, reproductores Blu-ray, decodificadores, receptores satelitales y m\u00e1s<\/li>\n<li>Plug and Play<\/li>\n<li>Contactos en chapa de oro para conexiones libres de corrosi\u00f3n<\/li>\n<\/ul>\n<p><img decoding=\"async\" class=\"overview-center-img-web\" src=\"https:\/\/tvc.mx\/media\/268187\/Video-Splitter-HDMI-4K-Matriz-Manhattan-207560-2.png\" alt=\"\" \/><\/div>\n<\/div>\n<div class=\"row aling-items-center padding-bottom-2x\">\n<div class=\"col-lg-12\">\n<h5 class=\"card-title text-center\">Caracter\u00edsticas Principales<\/h5>\n<p><strong>Est\u00e1ndares y certificaciones<\/strong><\/p>\n<ul>\n<li>HDCP 1.4<\/li>\n<li>DVI 1.0<\/li>\n<li>CTS 1.4a<\/li>\n<li>CE<\/li>\n<li>FCC<\/li>\n<li>RoHS2<\/li>\n<\/ul>\n<p><strong>Conexiones<\/strong><\/p>\n<ul>\n<li>Una entrada HDMI hembra<\/li>\n<li>Ocho salidas HDMI hembra<\/li>\n<li>Una entrada de alimentaci\u00f3n de 5 VAC<\/li>\n<li>Una entrada hembra mini USB, solo para uso del fabricante<\/li>\n<\/ul>\n<p><strong>Entrada y salida de se\u00f1al<\/strong><\/p>\n<ul>\n<li>Entrada de se\u00f1al de video: 0.5 \u2013 1.0 V p-p<\/li>\n<li>Entrada de se\u00f1al DDC: 5 V p-p (TTL)<\/li>\n<li>Rango m\u00e1ximo de enlace sencillo: 10.2 Gbps y resoluci\u00f3n de 4096&#215;2160 \/ 30 Hz<\/li>\n<li>Salida de video:HDMI 1.4, HDCP 1.4<\/li>\n<li>Frecuencia: 2.97 Gbps<\/li>\n<\/ul>\n<p><strong>Resoluciones de video que soporta:<\/strong><\/p>\n<ul>\n<li>DTV\/HDTV: 480i\/480p\/576i\/576p\/720p\/1080i\/1080p\/4K@30Hz<\/li>\n<\/ul>\n<p><strong>Dise\u00f1o<\/strong><\/p>\n<ul>\n<li>Indicadores LED: Alimentaci\u00f3n y conexi\u00f3n de puertos<\/li>\n<li>Dimensiones: 54 x 142 x 21 mm (2.1 x 5.6 x 0.8 in.)<\/li>\n<li>Peso: 0.3 kg (10.6 oz.)<\/li>\n<li>Chasis: Met\u00e1lico<\/li>\n<\/ul>\n<p><strong>Ambiente de operaci\u00f3n<\/strong><\/p>\n<ul>\n<li>Temperatura de operaci\u00f3n: 0 ~ 40\u00b0C (32 ~ 104\u00b0F)<\/li>\n<li>Temperatura de almacenamiento: -20 ~ 60\u00b0C (-4 ~ 140\u00b0F)<\/li>\n<li>Humedad (sin condensar): 0 ~ 96%<\/li>\n<\/ul>\n<p><strong>Contenido del paquete<\/strong><\/p>\n<ul>\n<li>Splitter HDMI 4K de 8 puertos<\/li>\n<li>Adaptador de corriente<\/li>\n<li>Gu\u00eda de instrucciones r\u00e1pidas<\/li>\n<\/ul>\n<p><strong>Especificaciones F\u00edsicas<\/strong><\/p>\n<ul>\n<li>Peso: 0.84 kg<\/li>\n<li>Dimensiones: 54 (L) x 142 (W) x 21 (H) [mm]<\/li>\n<li>Embalaje: Empaque en caja para retail<\/li>\n<\/ul>\n<\/div>\n<\/div>\n","protected":false},"excerpt":{"rendered":"<p>Informaci\u00f3n General Distribuye f\u00e1cilmente una se\u00f1al de Ultra Alta Definici\u00f3n a m\u00faltiples pantallas. El Splitter HDMI de 8 puertos con un amplificador integrado, transmite una se\u00f1al 4K HDMI desde una fuente UHD hasta a 8 pantallas UHD. La mejor calidad de imagen posible y una&hellip;<\/p>\n","protected":false},"featured_media":7907,"comment_status":"open","ping_status":"closed","template":"","meta":{"om_disable_all_campaigns":false,"_monsterinsights_skip_tracking":false,"_monsterinsights_sitenote_active":false,"_monsterinsights_sitenote_note":"","_monsterinsights_sitenote_category":0},"product_brand":[],"product_cat":[712],"product_tag":[613,611,612,616,615,610,614,617],"class_list":{"0":"post-7908","1":"product","2":"type-product","3":"status-publish","4":"has-post-thumbnail","6":"product_cat-divisores-splitters","7":"product_tag-bosch","8":"product_tag-manhattan","9":"product_tag-saxxon","10":"product_tag-surveon","11":"product_tag-utepo","12":"product_tag-videovigilancia","13":"product_tag-vivotek","14":"product_tag-zteco","16":"first","17":"instock","18":"sale","19":"taxable","20":"shipping-taxable","21":"purchasable","22":"product-type-simple"},"aioseo_notices":[],"_links":{"self":[{"href":"https:\/\/tecsecmty.com\/index.php\/wp-json\/wp\/v2\/product\/7908","targetHints":{"allow":["GET"]}}],"collection":[{"href":"https:\/\/tecsecmty.com\/index.php\/wp-json\/wp\/v2\/product"}],"about":[{"href":"https:\/\/tecsecmty.com\/index.php\/wp-json\/wp\/v2\/types\/product"}],"replies":[{"embeddable":true,"href":"https:\/\/tecsecmty.com\/index.php\/wp-json\/wp\/v2\/comments?post=7908"}],"version-history":[{"count":0,"href":"https:\/\/tecsecmty.com\/index.php\/wp-json\/wp\/v2\/product\/7908\/revisions"}],"wp:featuredmedia":[{"embeddable":true,"href":"https:\/\/tecsecmty.com\/index.php\/wp-json\/wp\/v2\/media\/7907"}],"wp:attachment":[{"href":"https:\/\/tecsecmty.com\/index.php\/wp-json\/wp\/v2\/media?parent=7908"}],"wp:term":[{"taxonomy":"product_brand","embeddable":true,"href":"https:\/\/tecsecmty.com\/index.php\/wp-json\/wp\/v2\/product_brand?post=7908"},{"taxonomy":"product_cat","embeddable":true,"href":"https:\/\/tecsecmty.com\/index.php\/wp-json\/wp\/v2\/product_cat?post=7908"},{"taxonomy":"product_tag","embeddable":true,"href":"https:\/\/tecsecmty.com\/index.php\/wp-json\/wp\/v2\/product_tag?post=7908"}],"curies":[{"name":"wp","href":"https:\/\/api.w.org\/{rel}","templated":true}]}}