{"id":7910,"date":"2023-02-23T16:22:57","date_gmt":"2023-02-23T22:22:57","guid":{"rendered":"https:\/\/tecsecmty.com\/index.php\/producto\/manhattan-207652-splitter-divisor-de-video-hdmi-fullhd-1-entrada-y-2-salidas-distancia-de-entrada-15-metros-distancia-de-salidas-15-metros-soporta-conexion-en-cascada-soporta-sonido-lpcm-so\/"},"modified":"2023-03-22T23:23:39","modified_gmt":"2023-03-23T05:23:39","slug":"manhattan-207652-splitter-divisor-de-video-hdmi-fullhd-1-entrada-y-2-salidas-distancia-de-entrada-15-metros-distancia-de-salidas-15-metros-soporta-conexion-en-cascada-soporta-sonido-lpcm-so","status":"publish","type":"product","link":"https:\/\/tecsecmty.com\/index.php\/producto\/manhattan-207652-splitter-divisor-de-video-hdmi-fullhd-1-entrada-y-2-salidas-distancia-de-entrada-15-metros-distancia-de-salidas-15-metros-soporta-conexion-en-cascada-soporta-sonido-lpcm-so\/","title":{"rendered":"MANHATTAN 207652 &#8211; Splitter \/ Divisor de Video HDMI\/ FullHD\/ 1 Entrada y 2 Salidas\/ Distancia de Entrada 15 Metros\/ Distancia de Salidas 15 Metros\/ Soporta Conexi\u00f3n en Cascada\/ Soporta sonido LPCM, Sonido Master DTS-HD y Dolby TrueHD\/"},"content":{"rendered":"<div class=\"row aling-items-center padding-bottom-2x\">\n<div class=\"col-lg-12\">\n<h5 class=\"card-title text-center\">Informaci\u00f3n General<\/h5>\n<p>Distribuya una se\u00f1al individual HDMI a m\u00faltiples pantallas. El repartidor 1080p 2-Port HDMI transmite la se\u00f1al de consolas de videojuegos, reproductores Blu-ray y receptores sat\u00e9lites, grabadores digitales, decodificadores de televisi\u00f3n (set-top boxes) u otras fuentes HDMI a dos pantallas HDMI. Una soluci\u00f3n flexible para muchas aplicaciones de audio\/v\u00eddeo. Ideal para aplicaciones para ferias, aulas, videoconferencias y para comercios peque\u00f1os, cuenta con un intensificador (booster) para una se\u00f1al a\u00fan m\u00e1s fuerte. Adem\u00e1s, es la soluci\u00f3n ideal para repartir y distribuir una se\u00f1al individual a diferentes pantallas HDMI cuando el equipo base est\u00e9 guardado en un cuarto seguro u oficina. Los usuarios pueden organizar en cascada unidades m\u00faltiples en hasta tres niveles, con salidas HDMI de audio\/v\u00eddeo a pantallas adicionales en las aplicaciones ampliamente distribuidas. La mejor calidad y f\u00e1cil instalaci\u00f3n. La compatibilidad absoluta con HDMI, HDCP 1.0, 1.1 y 1.2, as\u00ed como con DVI 1.0, garantiza un rendimiento de alta calidad y fiabilidad. Conecte r\u00e1pidamente todos los cables HDMI (no incluidos) y el cable el\u00e9ctrico USB y esta buen\u00edsima soluci\u00f3n HDMI estar\u00e1 lista para usar:<\/p>\n<ul>\n<li>Sin configuraciones complicadas del software o del hardware.<\/li>\n<li>Proyecta\u00a0video desde una fuente HDMI en dos pantallas HD<\/li>\n<li>Brinda una se\u00f1al n\u00edtida y clara desde un reproductor Blu-Ray, decodificar, receptor satelital<\/li>\n<li>Se puede conectar en cascada hasta tres niveles para expandir la distribuci\u00f3n de la se\u00f1al a m\u00e1s pantallas<\/li>\n<li>Compatible con HDCP<\/li>\n<li>Soporta sonido LPCM, DTS@, Sonido Master DTS-HD y Dolby TrueHD<\/li>\n<li>Soporta una resoluci\u00f3n 1080p, as\u00ed como video HD 3D y color intenso<\/li>\n<li>Soporta ancho de banda de amplificador de video de hasta 2.25 Gbps<\/li>\n<li>Plug and Play: no requiere configuraci\u00f3n especial, alimentaci\u00f3n o control<\/li>\n<li>Contactos en chapa de oro para conexiones libres de corrosi\u00f3n<\/li>\n<li>Tres a\u00f1os de garant\u00eda<\/li>\n<\/ul>\n<p><img decoding=\"async\" class=\"overview-center-img-web\" src=\"https:\/\/tvc.mx\/media\/267831\/Video-Splitter-HDMI-1080p-Out-Alimentado-Por-USB-Manhattan-207652-2.png\" alt=\"\" \/><\/div>\n<\/div>\n<div class=\"row aling-items-center padding-bottom-2x\">\n<div class=\"col-lg-12\">\n<h5 class=\"card-title text-center\">Caracter\u00edsticas Principales<\/h5>\n<p><strong>Est\u00e1ndares y certificaciones<\/strong><\/p>\n<ul>\n<li>HDCP 1.0 \/ 1.1 \/ 1.2<\/li>\n<li>DVI 1.0<\/li>\n<li>CE<\/li>\n<li>FCC<\/li>\n<li>RoHS2<\/li>\n<\/ul>\n<p><strong>General<\/strong><\/p>\n<ul>\n<li>Distancia de la fuente de origen al splitter: hasta 15 m<\/li>\n<li>Distancia del splitter al monitor: hasta 15 m<\/li>\n<li>Consumo el\u00e9ctrico: 5 W; USB cable, 0.7 m<\/li>\n<\/ul>\n<p><strong>Conexiones<\/strong><\/p>\n<ul>\n<li>Un conector HDMI hembra, de 19 pines (entrada)<\/li>\n<li>Dos conectores HDMI hembra, de 19 pines (salida)<\/li>\n<li>Un conector USB tipo mini B hembra, 5 pines (entrada)<\/li>\n<\/ul>\n<p><strong>Entrada y salida de se\u00f1al<\/strong><\/p>\n<ul>\n<li>Entrada de se\u00f1al de video: 0.5 \u2013 1.0 V p-p<\/li>\n<li>Entrada de se\u00f1al DDC: 5 V p-p (TTL)<\/li>\n<li>Rango de enlace individual m\u00e1ximo: 2.25 Gb\/s, 1920&#215;1200, 1080p<\/li>\n<li>Salida de v\u00eddeo: HDMI 1.3b, HDCP 1.0 \/ 1.1 \/ 1.2, DVI 1.0<\/li>\n<li>Frecuencia: 2.25 Gbps \/ 225 MHz<\/li>\n<\/ul>\n<p><strong>Resoluciones de video<\/strong><\/p>\n<ul>\n<li>DTV\/HDTV: 480i\/480p\/576i\/576p\/720p\/1080i\/1080p<\/li>\n<\/ul>\n<p><strong>Caracter\u00edsticas f\u00edsicas:<\/strong><\/p>\n<ul>\n<li>Indicadores LED: Alimentaci\u00f3n y conexi\u00f3n de puertos<\/li>\n<li>Apagador<\/li>\n<li>Dimensiones: 60 x 54 x 20 mm<\/li>\n<li>Peso: 0.04 g<\/li>\n<li>Chasis: pl\u00e1stico<\/li>\n<li>Ambiente de operaci\u00f3n<\/li>\n<li>Temperatura de operaci\u00f3n: 0 \u2013 70\u00b0C<\/li>\n<li>Temperatura de almacenamiento: -10 \u2013 80\u00b0C<\/li>\n<li>Humedad de operaci\u00f3n (no condensada): 10 \u2013 85 %<\/li>\n<li>Humedad de almacenamiento (no condensada): 5 \u2013 90%<\/li>\n<\/ul>\n<p><strong>Contenido del empaque<\/strong><\/p>\n<ul>\n<li>1080p Repartidor HDMI de 2 puertos<\/li>\n<li>Cable USB de alimentaci\u00f3n<\/li>\n<li>Gu\u00eda de instrucciones r\u00e1pidas<\/li>\n<\/ul>\n<p><strong>Especificaciones F\u00edsicas<\/strong><\/p>\n<ul>\n<li>Peso: 0.06 kg<\/li>\n<li>Dimensiones: 60 (L) x 54 (W) x 20 (H) [mm]<\/li>\n<li>Embalaje: Empaque en caja para retail<\/li>\n<\/ul>\n<\/div>\n<\/div>\n","protected":false},"excerpt":{"rendered":"<p>Informaci\u00f3n General Distribuya una se\u00f1al individual HDMI a m\u00faltiples pantallas. El repartidor 1080p 2-Port HDMI transmite la se\u00f1al de consolas de videojuegos, reproductores Blu-ray y receptores sat\u00e9lites, grabadores digitales, decodificadores de televisi\u00f3n (set-top boxes) u otras fuentes HDMI a dos pantallas HDMI. Una soluci\u00f3n flexible&hellip;<\/p>\n","protected":false},"featured_media":7909,"comment_status":"open","ping_status":"closed","template":"","meta":{"om_disable_all_campaigns":false,"_monsterinsights_skip_tracking":false,"_monsterinsights_sitenote_active":false,"_monsterinsights_sitenote_note":"","_monsterinsights_sitenote_category":0},"product_brand":[],"product_cat":[712],"product_tag":[613,611,612,616,615,610,614,617],"class_list":{"0":"post-7910","1":"product","2":"type-product","3":"status-publish","4":"has-post-thumbnail","6":"product_cat-divisores-splitters","7":"product_tag-bosch","8":"product_tag-manhattan","9":"product_tag-saxxon","10":"product_tag-surveon","11":"product_tag-utepo","12":"product_tag-videovigilancia","13":"product_tag-vivotek","14":"product_tag-zteco","16":"first","17":"instock","18":"sale","19":"taxable","20":"shipping-taxable","21":"purchasable","22":"product-type-simple"},"aioseo_notices":[],"_links":{"self":[{"href":"https:\/\/tecsecmty.com\/index.php\/wp-json\/wp\/v2\/product\/7910","targetHints":{"allow":["GET"]}}],"collection":[{"href":"https:\/\/tecsecmty.com\/index.php\/wp-json\/wp\/v2\/product"}],"about":[{"href":"https:\/\/tecsecmty.com\/index.php\/wp-json\/wp\/v2\/types\/product"}],"replies":[{"embeddable":true,"href":"https:\/\/tecsecmty.com\/index.php\/wp-json\/wp\/v2\/comments?post=7910"}],"version-history":[{"count":0,"href":"https:\/\/tecsecmty.com\/index.php\/wp-json\/wp\/v2\/product\/7910\/revisions"}],"wp:featuredmedia":[{"embeddable":true,"href":"https:\/\/tecsecmty.com\/index.php\/wp-json\/wp\/v2\/media\/7909"}],"wp:attachment":[{"href":"https:\/\/tecsecmty.com\/index.php\/wp-json\/wp\/v2\/media?parent=7910"}],"wp:term":[{"taxonomy":"product_brand","embeddable":true,"href":"https:\/\/tecsecmty.com\/index.php\/wp-json\/wp\/v2\/product_brand?post=7910"},{"taxonomy":"product_cat","embeddable":true,"href":"https:\/\/tecsecmty.com\/index.php\/wp-json\/wp\/v2\/product_cat?post=7910"},{"taxonomy":"product_tag","embeddable":true,"href":"https:\/\/tecsecmty.com\/index.php\/wp-json\/wp\/v2\/product_tag?post=7910"}],"curies":[{"name":"wp","href":"https:\/\/api.w.org\/{rel}","templated":true}]}}