{"id":7912,"date":"2023-02-23T16:22:58","date_gmt":"2023-02-23T22:22:58","guid":{"rendered":"https:\/\/tecsecmty.com\/index.php\/producto\/manhattan-207904-video-splitter-hdmi-1080p-4-in-4-out-matriz\/"},"modified":"2023-03-15T13:54:20","modified_gmt":"2023-03-15T19:54:20","slug":"manhattan-207904-video-splitter-hdmi-1080p-4-in-4-out-matriz","status":"publish","type":"product","link":"https:\/\/tecsecmty.com\/index.php\/producto\/manhattan-207904-video-splitter-hdmi-1080p-4-in-4-out-matriz\/","title":{"rendered":"MANHATTAN 207904 &#8211; Video Splitter \/ HDMI 1080p \/ 4 in : 4 out (Matriz)"},"content":{"rendered":"<div class=\"row aling-items-center padding-bottom-2x\">\n<div class=\"col-lg-12\">\n<h5 class=\"card-title text-center\">Informaci\u00f3n General<\/h5>\n<p>Conexi\u00f3n sencilla de cuatro fuentes HDMI a cuatro pantallas. El Matrix HDMI 1080p 4&#215;4 de Manhattan ofrece la opci\u00f3n de conectar hasta cuatro fuentes de video HDMI lo que incluye consolas de juegos, reproductores Blu-ray, receptores satelitales, grabadoras digitales, decodificadores y otros dispositivos. A una, dos, tres o cuatro pantallas de alta definici\u00f3n, alta definici\u00f3n (1080p, HD) o alta definici\u00f3n 3D, as\u00ed como proyectores Deep Color HD. Soluci\u00f3n flexible para muchas aplicaciones HD erfecto para una variedad de aplicaciones dom\u00e9sticas o comerciales, cuenta con interruptores de selecci\u00f3n manual y un pr\u00e1ctico control remoto IR (infrarrojos), para que pueda seleccionar o cambiar r\u00e1pidamente entre las fuentes y pantallas HDMI. Es compatible con HDMI y HDCP 1.4 y ofrece una imagen incre\u00edblemente limpia, n\u00edtida y v\u00edvida con una resoluci\u00f3n de hasta 1080 p en una o dos pantallas, gracias a un amplificador de video integrado de banda ancha. Adem\u00e1s, es compatible con video 3D de calidad HD, as\u00ed como con audio LPCM, DTS y Dolby TrueHD.<\/p>\n<ul>\n<li>Comparte\u00a0hasta 4 fuentes HDMI entre 4 pantallas<\/li>\n<li>Compatible con resoluci\u00f3n de 1080p, as\u00ed como video HD 3D y Deep Color (color profundo) (36 bits\/p\u00edxel)<\/li>\n<li>Amplificador integrado de ancho de banda de video<\/li>\n<li>Control remoto que ofrece una f\u00e1cil selecci\u00f3n de pantalla\/fuente<\/li>\n<li>Admite cambio de fuente pulsando botones en matrix, con control remoto o a trav\u00e9s de PC con RS232\/puerto serie (se necesitan los drivers de instalaci\u00f3n del CD incluido)<\/li>\n<li>Soporta LPCM, DTS Digital, Audio Master DTS-HD y sonido Dolby True HD<\/li>\n<li>Compatible con video 3D y Deep Color (Color profundo), hasta 48 bits por p\u00edxel<\/li>\n<li>Compatible con consolas de videojuegos Playstation y Xbox, reproductores Blu-ray, decodificadores de televisi\u00f3n (set-top boxes) y receptores satelitales, entre otros<\/li>\n<li>Adaptador con instalaci\u00f3n plug and play (conectar y usar); sin la necesidad de una configuraci\u00f3n adicional o mandos de control<\/li>\n<li>Carcasa de metal duradera que incluye opciones antideslizantes, para ubicaci\u00f3n en escritorio (con pie de goma) o montaje en la pared (con soportes de montaje laterales)<\/li>\n<li>Instalaci\u00f3n Plug-and-play (conectar y usar)<\/li>\n<li>Cumple por completo con HDCP<\/li>\n<li>Contactos en chapa de oro para conexiones libres de corrosi\u00f3n<\/li>\n<\/ul>\n<p><img decoding=\"async\" class=\"overview-center-img-web\" src=\"https:\/\/tvc.mx\/media\/268047\/Video-Splitter-HDMI-1080p-4-4-Matriz-Manhattan-207904-2.png\" alt=\"\" \/><\/div>\n<\/div>\n<div class=\"row aling-items-center padding-bottom-2x\">\n<div class=\"col-lg-12\">\n<h5 class=\"card-title text-center\">Caracter\u00edsticas Principales<\/h5>\n<p><strong>Est\u00e1ndares y certificaciones<\/strong><\/p>\n<ul>\n<li>HDMI 1.3<\/li>\n<li>HDCP 1.4a (Protecci\u00f3n de contenido digital de alto ancho de banda)<\/li>\n<li>CE (Conformidad Europea)<\/li>\n<li>FCC (Comisi\u00f3n Federal de Comunicaciones)<\/li>\n<li>RoHS2<\/li>\n<\/ul>\n<p><strong>General<\/strong><\/p>\n<ul>\n<li>Rango de fuente a matriz: hasta 15 m (49 pies)<\/li>\n<li>Rango de matriz a pantalla: hasta 15 m (49 pies)<\/li>\n<li>Alimentaci\u00f3n: 12 VDC @ 2 A; Adaptador de alimentaci\u00f3n de CA (corriente alterna), 0.9 m<\/li>\n<\/ul>\n<p><strong>Conexiones<\/strong><\/p>\n<ul>\n<li>Cuatro conectores hembra HDMI, 19 pines (salida)<\/li>\n<li>Cuatro conectores hembra HDMI, 19 pines (entrada)<\/li>\n<li>Una serial\/RS232\/COM\/DB9\/D-Sub, 9-pin (entrada)<\/li>\n<li>Un conector hembra de alimentaci\u00f3n de 12 V CC, di\u00e1metro exterior de 5.5 mm \/ di\u00e1metro interior 2.1 mm (entrada)<\/li>\n<\/ul>\n<p><strong>Se\u00f1al de entrada\/salida<\/strong><\/p>\n<ul>\n<li>Se\u00f1al de video de entrada: 400 &#8211; 600 mV<\/li>\n<li>Se\u00f1al de entrada DDC: 5 V p-p (TTL)<\/li>\n<li>Rango m\u00e1ximo de enlace \u00fanico: resoluci\u00f3n de 2.25 Gbps y 1080p<\/li>\n<li>Salida de video: HDMI 1.3, HDCP 1.4a<\/li>\n<li>Frecuencia: 2.25 Gbps \/ 225 MHz<\/li>\n<\/ul>\n<p><strong>Resoluciones de video<\/strong><\/p>\n<ul>\n<li>DTV \/ HDTV: 480i \/ 480p \/ 576i \/ 576p \/ 720p \/ 1080i \/ 1080p<\/li>\n<\/ul>\n<p><strong>Caracter\u00edsticas f\u00edsicas<\/strong><\/p>\n<ul>\n<li>Indicadores LED: conexi\u00f3n de alimentaci\u00f3n y puerto<\/li>\n<li>Adaptador de corriente: 12 VDC \/ 2 A; 0.9 m<\/li>\n<li>Dimensiones: 408 x 170 x 22.5 mm<\/li>\n<li>Peso: 2.1 kg<\/li>\n<li>Carcasa: metal<\/li>\n<\/ul>\n<p><strong>Entorno de funcionamiento<\/strong><\/p>\n<ul>\n<li>Temperatura de funcionamiento: 0 &#8211; 40\u00b0C<\/li>\n<li>Temperatura de almacenamiento: -20 &#8211; 60\u00b0C<\/li>\n<li>Humedad (sin condensaci\u00f3n): 0 &#8211; 96%<\/li>\n<\/ul>\n<p><strong>Contenidos del producto<\/strong><\/p>\n<ul>\n<li>Matrix HDMI 1080p 4&#215;4<\/li>\n<li>Control remoto<\/li>\n<li>Adaptador de corriente<\/li>\n<li>Gu\u00eda r\u00e1pida de instrucciones<\/li>\n<li>CD (discos compactos)<\/li>\n<\/ul>\n<p><strong>Especificaciones F\u00edsicas<\/strong><\/p>\n<ul>\n<li>Peso: 2.1 kg<\/li>\n<li>Dimensiones: 408 (L) x 170 (W) x 22.5 (H) [mm]<\/li>\n<li>Embalaje: Empaque en caja para retail<\/li>\n<\/ul>\n<\/div>\n<\/div>\n","protected":false},"excerpt":{"rendered":"<p>Informaci\u00f3n General Conexi\u00f3n sencilla de cuatro fuentes HDMI a cuatro pantallas. El Matrix HDMI 1080p 4&#215;4 de Manhattan ofrece la opci\u00f3n de conectar hasta cuatro fuentes de video HDMI lo que incluye consolas de juegos, reproductores Blu-ray, receptores satelitales, grabadoras digitales, decodificadores y otros dispositivos.&hellip;<\/p>\n","protected":false},"featured_media":7911,"comment_status":"open","ping_status":"closed","template":"","meta":{"om_disable_all_campaigns":false,"_monsterinsights_skip_tracking":false,"_monsterinsights_sitenote_active":false,"_monsterinsights_sitenote_note":"","_monsterinsights_sitenote_category":0},"product_brand":[],"product_cat":[712],"product_tag":[613,611,612,616,615,610,614,617],"class_list":{"0":"post-7912","1":"product","2":"type-product","3":"status-publish","4":"has-post-thumbnail","6":"product_cat-divisores-splitters","7":"product_tag-bosch","8":"product_tag-manhattan","9":"product_tag-saxxon","10":"product_tag-surveon","11":"product_tag-utepo","12":"product_tag-videovigilancia","13":"product_tag-vivotek","14":"product_tag-zteco","16":"first","17":"instock","18":"sale","19":"taxable","20":"shipping-taxable","21":"purchasable","22":"product-type-simple"},"aioseo_notices":[],"_links":{"self":[{"href":"https:\/\/tecsecmty.com\/index.php\/wp-json\/wp\/v2\/product\/7912","targetHints":{"allow":["GET"]}}],"collection":[{"href":"https:\/\/tecsecmty.com\/index.php\/wp-json\/wp\/v2\/product"}],"about":[{"href":"https:\/\/tecsecmty.com\/index.php\/wp-json\/wp\/v2\/types\/product"}],"replies":[{"embeddable":true,"href":"https:\/\/tecsecmty.com\/index.php\/wp-json\/wp\/v2\/comments?post=7912"}],"version-history":[{"count":0,"href":"https:\/\/tecsecmty.com\/index.php\/wp-json\/wp\/v2\/product\/7912\/revisions"}],"wp:featuredmedia":[{"embeddable":true,"href":"https:\/\/tecsecmty.com\/index.php\/wp-json\/wp\/v2\/media\/7911"}],"wp:attachment":[{"href":"https:\/\/tecsecmty.com\/index.php\/wp-json\/wp\/v2\/media?parent=7912"}],"wp:term":[{"taxonomy":"product_brand","embeddable":true,"href":"https:\/\/tecsecmty.com\/index.php\/wp-json\/wp\/v2\/product_brand?post=7912"},{"taxonomy":"product_cat","embeddable":true,"href":"https:\/\/tecsecmty.com\/index.php\/wp-json\/wp\/v2\/product_cat?post=7912"},{"taxonomy":"product_tag","embeddable":true,"href":"https:\/\/tecsecmty.com\/index.php\/wp-json\/wp\/v2\/product_tag?post=7912"}],"curies":[{"name":"wp","href":"https:\/\/api.w.org\/{rel}","templated":true}]}}