{"id":7916,"date":"2023-02-23T16:23:02","date_gmt":"2023-02-23T22:23:02","guid":{"rendered":"https:\/\/tecsecmty.com\/index.php\/producto\/saxxon-lkv314hdr-v2-0-divisor-hdmi-4k-de-1-entrada-y-4-salidas-resolucion-4k-x-2k-ultra-hd-1080p-full-hd-soporta-hdr-y-ajuste-de-resolucion-edid-salidas-de-video-combinadas-en-4k-y-1080p-distan\/"},"modified":"2023-03-22T23:23:54","modified_gmt":"2023-03-23T05:23:54","slug":"saxxon-lkv314hdr-v2-0-divisor-hdmi-4k-de-1-entrada-y-4-salidas-resolucion-4k-x-2k-ultra-hd-1080p-full-hd-soporta-hdr-y-ajuste-de-resolucion-edid-salidas-de-video-combinadas-en-4k-y-1080p-distan","status":"publish","type":"product","link":"https:\/\/tecsecmty.com\/index.php\/producto\/saxxon-lkv314hdr-v2-0-divisor-hdmi-4k-de-1-entrada-y-4-salidas-resolucion-4k-x-2k-ultra-hd-1080p-full-hd-soporta-hdr-y-ajuste-de-resolucion-edid-salidas-de-video-combinadas-en-4k-y-1080p-distan\/","title":{"rendered":"SAXXON LKV314HDR-V2.0 &#8211; Divisor HDMI 4K de 1 Entrada y 4 salidas\/ Resoluci\u00f3n 4K x 2K Ultra HD\/ 1080P Full HD\/ Soporta HDR y Ajuste de resoluci\u00f3n EDID\/ Salidas de video combinadas en 4K y 1080P\/ Distancia de hasta 10 Metros en Entrada y Salidas\/"},"content":{"rendered":"<div class=\"row align-items-center padding-bottom-2x\">\n<div class=\"col-md-7 order-md-1 text-md-left text-center\">\n<h2>Informaci\u00f3n General<\/h2>\n<p class=\"text-muted\">\n<p class=\"ql-align-justify\">El divisor HDMI 1&#215;4 distribuye 1 fuente HDMI a 4 pantallas HDMI simult\u00e1neamente. Puede ser utilizado para formatos STB, DVD, as\u00ed como reproductores de medios, Laptop, D-VHS y otros dispositivos HD-Player. Es compatible con HDMI 3D y 4K x 2K.<\/p>\n<p>&nbsp;<\/p>\n<\/div>\n<\/div>\n<hr class=\"padding-bottom-2x\" \/>\n<div class=\"row align-items-center padding-bottom-2x\">\n<div class=\"col-md-5 order-md-2\"><img decoding=\"async\" class=\"d-block m-auto img-thumbnail\" src=\"https:\/\/tvc.mx\/media\/561291\/Saxxon-HDMI-LKV314HDR-V2.0-Extensor-Video-Overview2.png\" alt=\" \" \/><\/div>\n<div class=\"col-md-7 order-md-1 text-md-left text-center\">\n<h2>Sincronizaci\u00f3n de pantalla doble<\/h2>\n<p class=\"text-muted\">\n<p class=\"ql-align-justify\">El divisor HDMI admite la entrada de se\u00f1al HDMI en una fuente y la reproduce hasta en 4 monitores o proyectores de forma simult\u00e1nea, lo cual brinda una mayor experiencia visual con una ultraalta definici\u00f3n.<\/p>\n<p>&nbsp;<\/p>\n<\/div>\n<\/div>\n<hr class=\"padding-bottom-2x\" \/>\n<div class=\"row align-items-center padding-bottom-2x\">\n<div class=\"col-md-5\"><img decoding=\"async\" class=\"d-block m-auto img-thumbnail\" src=\"https:\/\/tvc.mx\/media\/561311\/Saxxon-HDMI-LKV314HDR-V2.0-Extensor-Video-Overview3.png\" alt=\" \" \/><\/div>\n<div class=\"col-md-7 text-md-left text-center\">\n<h2>Calidad de Imagen UHD 4K 60Hz HDR<\/h2>\n<p class=\"text-muted\">\n<p class=\"ql-align-justify\">Admite resoluci\u00f3n de hasta 4K Ultra HD, lo cual permite la reproducci\u00f3n de im\u00e1genes m\u00e1s v\u00edvidas y con colores m\u00e1s definidos.<\/p>\n<p class=\"ql-align-justify\">As\u00ed como la funci\u00f3n HDR (High Dynamic Range por sus siglas en ingl\u00e9s) la cual permite contar con un mayor contraste con los colores oscuros, as\u00ed como con los colores brillantes y gracias a esta funci\u00f3n genera que sea una imagen m\u00e1s v\u00edvida, con mayor intensidad y sobre todo un mayor contraste que se encuentra con una mayor presencia de colores.<\/p>\n<p>&nbsp;<\/p>\n<\/div>\n<\/div>\n<hr class=\"padding-bottom-2x\" \/>\n<div class=\"row align-items-center padding-bottom-2x\">\n<div class=\"col-md-5\"><img decoding=\"async\" class=\"d-block m-auto img-thumbnail\" src=\"https:\/\/tvc.mx\/media\/561319\/Saxxon-HDMI-LKV314HDR-V2.0-Extensor-Video-Overview4.png\" alt=\" \" \/><\/div>\n<div class=\"col-md-7 text-md-left text-center\">\n<h2>Administraci\u00f3n inteligente EDID<\/h2>\n<p class=\"text-muted\">\n<p class=\"ql-align-justify\">De acuerdo a la informaci\u00f3n EDID que muestre la pantalla, autom\u00e1ticamente hace coincidir la resoluci\u00f3n de la pantalla para que se emita la mejor y de igual forma puede convivir de forma simult\u00e1nea con resoluciones 4K as\u00ed como 1080P.<\/p>\n<\/div>\n<\/div>\n","protected":false},"excerpt":{"rendered":"<p>Informaci\u00f3n General El divisor HDMI 1&#215;4 distribuye 1 fuente HDMI a 4 pantallas HDMI simult\u00e1neamente. Puede ser utilizado para formatos STB, DVD, as\u00ed como reproductores de medios, Laptop, D-VHS y otros dispositivos HD-Player. Es compatible con HDMI 3D y 4K x 2K. &nbsp; Sincronizaci\u00f3n de&hellip;<\/p>\n","protected":false},"featured_media":7915,"comment_status":"open","ping_status":"closed","template":"","meta":{"om_disable_all_campaigns":false,"_monsterinsights_skip_tracking":false,"_monsterinsights_sitenote_active":false,"_monsterinsights_sitenote_note":"","_monsterinsights_sitenote_category":0},"product_brand":[],"product_cat":[714],"product_tag":[613,611,612,616,615,610,614,617],"class_list":{"0":"post-7916","1":"product","2":"type-product","3":"status-publish","4":"has-post-thumbnail","6":"product_cat-divisores-splitters-video-hdmi-saxxon-video-vigilancia","7":"product_tag-bosch","8":"product_tag-manhattan","9":"product_tag-saxxon","10":"product_tag-surveon","11":"product_tag-utepo","12":"product_tag-videovigilancia","13":"product_tag-vivotek","14":"product_tag-zteco","16":"first","17":"instock","18":"sale","19":"taxable","20":"shipping-taxable","21":"purchasable","22":"product-type-simple"},"aioseo_notices":[],"_links":{"self":[{"href":"https:\/\/tecsecmty.com\/index.php\/wp-json\/wp\/v2\/product\/7916","targetHints":{"allow":["GET"]}}],"collection":[{"href":"https:\/\/tecsecmty.com\/index.php\/wp-json\/wp\/v2\/product"}],"about":[{"href":"https:\/\/tecsecmty.com\/index.php\/wp-json\/wp\/v2\/types\/product"}],"replies":[{"embeddable":true,"href":"https:\/\/tecsecmty.com\/index.php\/wp-json\/wp\/v2\/comments?post=7916"}],"version-history":[{"count":0,"href":"https:\/\/tecsecmty.com\/index.php\/wp-json\/wp\/v2\/product\/7916\/revisions"}],"wp:featuredmedia":[{"embeddable":true,"href":"https:\/\/tecsecmty.com\/index.php\/wp-json\/wp\/v2\/media\/7915"}],"wp:attachment":[{"href":"https:\/\/tecsecmty.com\/index.php\/wp-json\/wp\/v2\/media?parent=7916"}],"wp:term":[{"taxonomy":"product_brand","embeddable":true,"href":"https:\/\/tecsecmty.com\/index.php\/wp-json\/wp\/v2\/product_brand?post=7916"},{"taxonomy":"product_cat","embeddable":true,"href":"https:\/\/tecsecmty.com\/index.php\/wp-json\/wp\/v2\/product_cat?post=7916"},{"taxonomy":"product_tag","embeddable":true,"href":"https:\/\/tecsecmty.com\/index.php\/wp-json\/wp\/v2\/product_tag?post=7916"}],"curies":[{"name":"wp","href":"https:\/\/api.w.org\/{rel}","templated":true}]}}